{"id":1487,"date":"2022-11-30T20:45:56","date_gmt":"2022-11-30T12:45:56","guid":{"rendered":"https:\/\/eco-drinkware.com\/?post_type=product&#038;p=1487"},"modified":"2022-12-01T09:44:55","modified_gmt":"2022-12-01T01:44:55","slug":"650ml-22oz-bpa-frei-cola-form-borosilikatglas-wasser-flasche","status":"publish","type":"product","link":"https:\/\/eco-drinkware.com\/de\/product\/650ml-22oz-bpa-frei-cola-form-borosilikatglas-wasser-flasche\/","title":{"rendered":"650ml \/22OZ BPA FREE Cola Form Borosilikatglas Wasserflasche"},"content":{"rendered":"<h2 class=\"wp-block-heading\">Produktmerkmale:<\/h2>\n\n\n\n<p><strong>Material<\/strong>Geh\u00e4use aus hochgl\u00e4nzendem, hochtransparentem Borosilikatglas, Deckel aus neuem PP-Kunststoff, rostfreiem Stahl und Silikon<\/p>\n\n\n\n<p>Mit einfachem Tragegriff Neoprenh\u00fclle, Kunde kann diese H\u00fclle entfernen, wenn es nicht m\u00f6gen.<\/p>\n\n\n\n<p><strong>Farbe<\/strong>Glasflasche: Glasflasche normalerweise in klarer Farbe. Eco Drinkware kann bunte Flasche durch Spritzen Malerei, UV-Galvanik F\u00e4higkeit zu tun.<\/p>\n\n\n\n<p><strong>Muster:&nbsp;<\/strong>individuelle Muster k\u00f6nnen aufgedruckt werden, und zwar mit verschiedenen Drucktechniken: Siebdruck, Thermotransferdruck, Wassertransferdruck, Sublimationstransfer, usw.<\/p>\n\n\n\n<p><strong>Logo:&nbsp;<\/strong>Einfaches Bearbeiten von kundenspezifischen Logos. Logo-Optionen umfassen: Abziehbild-Logo, Seidendruck, W\u00e4rme\u00fcbertragung, Sublimation, etc.<\/p>\n\n\n\n<p>Sp\u00fclmaschinenfest und mikrowellengeeignet.<\/p>\n\n\n\n<p><strong>Verpackungsschachtel:&nbsp;<\/strong>wei\u00dfe Schachtel, individuell bedruckte Schachtel, zylindrische Schachtel, Luftpolstertasche, Geschenkschachtel, jedes kundenspezifische Designpaket ist willkommen, usw.<\/p>\n\n\n\n<p><strong>Versandart<\/strong>: FOB, CIF, DDU, DDP per Bahn oder Schiff an Kunden in aller Welt.<\/p>\n\n\n\n<p>Einfach zu machen kundenspezifische Form Flasche, bitte f\u00fchlen Sie sich frei, um Ihre Idee zu teilen.<\/p>\n\n\n\n<figure class=\"wp-block-image size-full\"><img loading=\"lazy\" decoding=\"async\" width=\"1000\" height=\"1000\" src=\"https:\/\/eco-drinkware.com\/wp-content\/uploads\/2022\/11\/GA0001-ECO-DRINKWARE-Glass-Water-Bottle-5.webp\" alt=\"\" class=\"wp-image-1494\" srcset=\"https:\/\/eco-drinkware.com\/wp-content\/uploads\/2022\/11\/GA0001-ECO-DRINKWARE-Glass-Water-Bottle-5.webp 1000w, https:\/\/eco-drinkware.com\/wp-content\/uploads\/2022\/11\/GA0001-ECO-DRINKWARE-Glass-Water-Bottle-5-300x300.webp 300w, https:\/\/eco-drinkware.com\/wp-content\/uploads\/2022\/11\/GA0001-ECO-DRINKWARE-Glass-Water-Bottle-5-150x150.webp 150w, https:\/\/eco-drinkware.com\/wp-content\/uploads\/2022\/11\/GA0001-ECO-DRINKWARE-Glass-Water-Bottle-5-768x768.webp 768w, https:\/\/eco-drinkware.com\/wp-content\/uploads\/2022\/11\/GA0001-ECO-DRINKWARE-Glass-Water-Bottle-5-600x600.webp 600w, https:\/\/eco-drinkware.com\/wp-content\/uploads\/2022\/11\/GA0001-ECO-DRINKWARE-Glass-Water-Bottle-5-100x100.webp 100w\" sizes=\"auto, (max-width: 1000px) 100vw, 1000px\" \/><\/figure>\n\n\n\n<h2 class=\"wp-block-heading\">Produktspezifikationen:<\/h2>\n\n\n\n<figure class=\"wp-block-table\"><table><tbody><tr><td>Kapazit\u00e4t<\/td><td>650ml\/18OZ<\/td><\/tr><tr><td>MOQ<\/td><td>100 St\u00fcck f\u00fcr individuellen Logodruck<\/td><\/tr><tr><td>Durchmesser<\/td><td>Durchmesser: 70 mm (2,76 Zoll)&nbsp;&nbsp;&nbsp;&nbsp;&nbsp;&nbsp;&nbsp;&nbsp;&nbsp;&nbsp;&nbsp;&nbsp;&nbsp;&nbsp;&nbsp;&nbsp;&nbsp;&nbsp;&nbsp;&nbsp;&nbsp;<\/td><\/tr><tr><td>H\u00f6he<\/td><td>260 mm (10,24 Zoll)<\/td><\/tr><tr><td>Farbe<\/td><td>Klar, kundenspezifische Farbe<\/td><\/tr><tr><td>Logo<\/td><td>Abziehbild-Logo, Seidendruck, W\u00e4rme\u00fcbertragung, Sublimation, usw.<\/td><\/tr><tr><td>Paket<\/td><td>wei\u00dfe Schachtel, individuell bedruckte Schachtel, Zylinderschachtel, Luftpolstertasche, Geschenkschachtel<\/td><\/tr><tr><td>Probezeit<\/td><td>3 Tage f\u00fcr Standardmuster, 7 Tage f\u00fcr individuelle Logomuster<\/td><\/tr><tr><td>Produktionszeit<\/td><td>10-35 Tage je nach Menge und Anforderungen<\/td><\/tr><tr><td>\u00dcber die Bezahlung<\/td><td>\u00dcberweisung, Paypal, Western Union<\/td><\/tr><tr><td>Herkunftsland<\/td><td>Hergestellt in China<\/td><\/tr><\/tbody><\/table><\/figure>","protected":false},"excerpt":{"rendered":"<p>BPA-freie Borosilikatglasflasche in Colaform, mit Neoprenh\u00fclle, leicht zu transportieren, Colaform, die sehr speziell aussieht. Benutzerdefinierte Muster und Design sind willkommen. .<\/p>\n<ul>\n<li>BPA-frei, FDA- und LFGB-gepr\u00fcft<\/li>\n<li>Auslaufsicher<\/li>\n<li>Wiederverwendbar<\/li>\n<li>Gefriersicher<\/li>\n<\/ul>\n<p>Fassungsverm\u00f6gen: 650ml\/22OZ<\/p>\n<p>Hoch helles und hoch transparentes Material, das -20\u2103 bis 500\u2103 pl\u00f6tzliche Temperaturunterschiede aushalten kann.<\/p>\n<p>Passend f\u00fcr alle Halter, Autohalter, Rucksackhalter und Fahrradhalter.<\/p>","protected":false},"featured_media":1490,"template":"","meta":{"_acf_changed":false,"_seopress_robots_primary_cat":"","_seopress_titles_title":"","_seopress_titles_desc":"","_seopress_robots_index":"","_uag_custom_page_level_css":""},"product_brand":[],"product_cat":[22,35],"product_tag":[59,58,60],"class_list":{"0":"post-1487","1":"product","2":"type-product","3":"status-publish","4":"has-post-thumbnail","6":"product_cat-glass-water-bottle","7":"product_cat-single-wall-gass-bottle","8":"product_tag-bpa-free","9":"product_tag-glass-water-bottle","10":"product_tag-water-bottle","12":"first","13":"instock","14":"featured","15":"shipping-taxable","16":"product-type-simple"},"acf":[],"uagb_featured_image_src":{"full":["https:\/\/eco-drinkware.com\/wp-content\/uploads\/2022\/11\/GA0001-ECO-DRINKWARE-Glass-Water-Bottle-1.webp",600,600,false],"thumbnail":["https:\/\/eco-drinkware.com\/wp-content\/uploads\/2022\/11\/GA0001-ECO-DRINKWARE-Glass-Water-Bottle-1-150x150.webp",150,150,true],"medium":["https:\/\/eco-drinkware.com\/wp-content\/uploads\/2022\/11\/GA0001-ECO-DRINKWARE-Glass-Water-Bottle-1-300x300.webp",300,300,true],"medium_large":["https:\/\/eco-drinkware.com\/wp-content\/uploads\/2022\/11\/GA0001-ECO-DRINKWARE-Glass-Water-Bottle-1.webp",600,600,false],"large":["https:\/\/eco-drinkware.com\/wp-content\/uploads\/2022\/11\/GA0001-ECO-DRINKWARE-Glass-Water-Bottle-1.webp",600,600,false],"1536x1536":["https:\/\/eco-drinkware.com\/wp-content\/uploads\/2022\/11\/GA0001-ECO-DRINKWARE-Glass-Water-Bottle-1.webp",600,600,false],"2048x2048":["https:\/\/eco-drinkware.com\/wp-content\/uploads\/2022\/11\/GA0001-ECO-DRINKWARE-Glass-Water-Bottle-1.webp",600,600,false],"trp-custom-language-flag":["https:\/\/eco-drinkware.com\/wp-content\/uploads\/2022\/11\/GA0001-ECO-DRINKWARE-Glass-Water-Bottle-1.webp",12,12,false],"woocommerce_thumbnail":["https:\/\/eco-drinkware.com\/wp-content\/uploads\/2022\/11\/GA0001-ECO-DRINKWARE-Glass-Water-Bottle-1-300x300.webp",300,300,true],"woocommerce_single":["https:\/\/eco-drinkware.com\/wp-content\/uploads\/2022\/11\/GA0001-ECO-DRINKWARE-Glass-Water-Bottle-1.webp",600,600,false],"woocommerce_gallery_thumbnail":["https:\/\/eco-drinkware.com\/wp-content\/uploads\/2022\/11\/GA0001-ECO-DRINKWARE-Glass-Water-Bottle-1-100x100.webp",100,100,true]},"uagb_author_info":{"display_name":"Amy","author_link":"https:\/\/eco-drinkware.com\/de\/author\/"},"uagb_comment_info":0,"uagb_excerpt":"BPA free borosilicate glass bottlein cola shape, comes with neoprene sleeve .Easy to take away .Cola shaped bottle which looks very special . Custom pattern and design are welcome . BPA Free, okay to pass FDA and LFGB testing Leak proof Reusable Freezer Safe Capacity: 650ml\/22OZ High bright and high transparent material .Okay to stand&hellip;","_links":{"self":[{"href":"https:\/\/eco-drinkware.com\/de\/wp-json\/wp\/v2\/product\/1487","targetHints":{"allow":["GET"]}}],"collection":[{"href":"https:\/\/eco-drinkware.com\/de\/wp-json\/wp\/v2\/product"}],"about":[{"href":"https:\/\/eco-drinkware.com\/de\/wp-json\/wp\/v2\/types\/product"}],"wp:featuredmedia":[{"embeddable":true,"href":"https:\/\/eco-drinkware.com\/de\/wp-json\/wp\/v2\/media\/1490"}],"wp:attachment":[{"href":"https:\/\/eco-drinkware.com\/de\/wp-json\/wp\/v2\/media?parent=1487"}],"wp:term":[{"taxonomy":"product_brand","embeddable":true,"href":"https:\/\/eco-drinkware.com\/de\/wp-json\/wp\/v2\/product_brand?post=1487"},{"taxonomy":"product_cat","embeddable":true,"href":"https:\/\/eco-drinkware.com\/de\/wp-json\/wp\/v2\/product_cat?post=1487"},{"taxonomy":"product_tag","embeddable":true,"href":"https:\/\/eco-drinkware.com\/de\/wp-json\/wp\/v2\/product_tag?post=1487"}],"curies":[{"name":"wp","href":"https:\/\/api.w.org\/{rel}","templated":true}]}}