{"id":1500,"date":"2022-12-01T09:54:35","date_gmt":"2022-12-01T01:54:35","guid":{"rendered":"https:\/\/eco-drinkware.com\/?post_type=product&#038;p=1500"},"modified":"2022-12-01T10:22:12","modified_gmt":"2022-12-01T02:22:12","slug":"edelstahl-bambus-reisebecher-mit-griff-und-spritzwassergeschutzten-deckel-langlebig-camping-kaffeebecher-11-oz","status":"publish","type":"product","link":"https:\/\/eco-drinkware.com\/de\/product\/edelstahl-bambus-reisebecher-mit-griff-und-spritzwassergeschutzten-deckel-langlebig-camping-kaffeebecher-11-oz\/","title":{"rendered":"Edelstahl-Bambus-Reisebecher mit Griff und spritzwassergesch\u00fctztem Deckel, langlebiger Camping-Kaffeebecher - 11 Oz"},"content":{"rendered":"<h2 class=\"wp-block-heading\">Produktspezifikationen<\/h2>\n\n\n\n<figure class=\"wp-block-table is-style-stripes\"><table><tbody><tr><td>Kapazit\u00e4t<\/td><td>280ml\/11OZ<\/td><\/tr><tr><td>MOQ<\/td><td>100 St\u00fcck f\u00fcr individuellen Logodruck<\/td><\/tr><tr><td>Durchmesser<\/td><td>Durchmesser: 76 mm (3 Zoll)&nbsp;&nbsp;&nbsp;&nbsp;&nbsp;&nbsp;&nbsp;&nbsp;&nbsp;&nbsp;&nbsp;&nbsp;&nbsp;&nbsp;&nbsp;&nbsp; &nbsp;&nbsp;&nbsp;&nbsp;&nbsp;<\/td><\/tr><tr><td>H\u00f6he<\/td><td>110 mm (4,33 Zoll)<\/td><\/tr><tr><td>Farbe<\/td><td>Natur Bambus Farbe<\/td><\/tr><tr><td>Logo<\/td><td>Seidendruck, W\u00e4rme\u00fcbertragung, Laser usw.<\/td><\/tr><tr><td>Paket<\/td><td>wei\u00dfe Schachtel, individuell bedruckte Schachtel, Zylinderschachtel, Luftpolstertasche, Geschenkschachtel<\/td><\/tr><tr><td>Probezeit<\/td><td>3 Tage f\u00fcr Standardmuster, 7 Tage f\u00fcr individuelle Logomuster<\/td><\/tr><tr><td>Produktionszeit<\/td><td>10-35 Tage je nach Menge und Anforderungen<\/td><\/tr><tr><td>\u00dcber die Bezahlung<\/td><td>\u00dcberweisung, Paypal, Western Union<\/td><\/tr><tr><td>Herkunftsland<\/td><td>Hergestellt in China<\/td><\/tr><tr><td>Ursprungszeugnis<\/td><td>Ja, wir k\u00f6nnen anbieten<\/td><\/tr><tr><td>Individuelles neues Design<\/td><td>Ja, wir k\u00f6nnen daran arbeiten.<\/td><\/tr><tr><td>Becher gestanzt<\/td><td>Verf\u00fcgbar<\/td><\/tr><tr><td>Paketvorlage<\/td><td>Verf\u00fcgbar<\/td><\/tr><\/tbody><\/table><\/figure>\n\n\n\n<h2 class=\"wp-block-heading\">Produktmerkmale<\/h2>\n\n\n\n<p><strong>Material <\/strong>Deckel: neue pp Kunststoff und Silikon, Becher K\u00f6rper: 304 Edelstahl und Natur Bambus<\/p>\n\n\n\n<p><strong>Farbe <\/strong>: Natur Bambus Farbe, mit Bambus Haut. Sehr umweltfreundlichen Lebensstil.<\/p>\n\n\n\n<p><strong>Muster<\/strong>: kundenspezifische Muster k\u00f6nnen gedruckt werden und k\u00f6nnen durch verschiedene Drucktechniken gemacht werden: Siebdruck, Thermotransferdruck<\/p>\n\n\n\n<p><strong>Logo<\/strong>: Kundenspezifische Logos lassen sich leicht bearbeiten. Aber Laser-Logo sieht am besten auf Bambus. Weil diese F\u00e4higkeit brennen die Oberfl\u00e4che, sieht hochwertig. .<br>Sp\u00fclmaschinenfest .<\/p>\n\n\n\n<p><strong>Verpackungsbox<\/strong>Wei\u00dfe Schachtel, individuell bedruckte Schachtel, Zylinderschachtel, Luftpolstertasche, Geschenkschachtel, jedes kundenspezifische Designpaket ist willkommen, etc.<\/p>\n\n\n\n<p>Einfach zu machen kundenspezifische Form Flasche, bitte f\u00fchlen Sie sich frei, um Ihre Idee zu teilen.<\/p>\n\n\n\n<p>[Handgefertigt aus biologisch angebautem Bambus - Dieser sch\u00f6ne, nat\u00fcrliche und umweltfreundliche Becher kombiniert zwei immergr\u00fcne Materialien zu einem robusten und au\u00dfergew\u00f6hnlichen Becher, der perfekt f\u00fcr Kaffee- oder Teetrinker ist. Dies ist die Art von Tasse, die immer Komplimente und bemerkt, wo immer Sie gehen.<br>[Spritzwassergesch\u00fctzter Deckel - nehmen Sie Ihr Getr\u00e4nk sicher mit auf die Reise] - Mit einem stabilen Griff, der das Halten erleichtert, ist dieser Becher perfekt, wenn Sie Ihr Hei\u00dfgetr\u00e4nk mit auf die Reise nehmen. Der Deckel sorgt daf\u00fcr, dass das Getr\u00e4nk nicht herausspritzt und sorgt f\u00fcr ein angenehmes Trinkerlebnis.<br>[ Langlebig, aber leicht ] - Unser umweltfreundlicher Becher ist oft die erste Wahl f\u00fcr Camping- und Wanderausfl\u00fcge. Die starke Bauweise und die mittlere Gr\u00f6\u00dfe macht es eine gro\u00dfe Reise Begleiter dieser Kaffeepause mit Aussicht. Mit 100% Lebensmittel Grad 18\/8 Edelstahl und sauberen Bambus, macht dies f\u00fcr eine gro\u00dfe Kaffeetasse Wahl.<br>[ Schenken Sie das Geschenk, anders zu sein ] - Geben Sie Ihren Liebsten das Gef\u00fchl, jeden Tag etwas Besonderes zu sein. Bringen Sie ihnen Freude und ein St\u00fcck handgefertigtes Holz in ihre t\u00e4gliche Lieblings-Reise-Kaffeebecher.<br>Eco Drinkwaredo OEM &amp;ODM. Mit Top-Profi-Ingenieure mit mehr als 10 Jahre Wasserflasche Herstellung Industrie Erfahrung, einfach, um Ihre Idee in tats\u00e4chliche Produkte zu machen. herzlich willkommen, mit uns f\u00fcr Ihre Idee zu teilen. .<\/p>\n\n\n\n<p>Wir tun Qualit\u00e4tskontrolle auf Linie, um sicherzustellen, dass die Produktion gut und kein Fehler geht. Wenn es Fehler gibt, k\u00f6nnen wir sie rechtzeitig korrigieren, um Kosten zu sparen. Qualit\u00e4t ist unsere Kultur, wir vertrauen darauf, dass Qualit\u00e4t mehr f\u00fcr Kunden und Hersteller bringt.<br>Einfach zu machen custmized Form Flasche, bitte f\u00fchlen Sie sich frei, Ihre Idee zu teilen.<br>Versandart: FOB, CIF, DDU, DDP per Bahn oder Schiff an Kunden weltweit.<br>Spezialisiert auf die Herstellung und den Export aller Arten von Trinkgeschirr wie Wasserflaschen, Gro\u00dfhandelsbecher, Lebensmittelbeh\u00e4lter, Hunden\u00e4pfe, Salatsch\u00fcsseln, Dosenk\u00fchler. Eco Drinkware verf\u00fcgt \u00fcber automatisierte und hocheffiziente Produktionslinien. Wir setzen auf Industrie 4.0 und bleiben in der Branche wettbewerbsf\u00e4hig. Die automatisierte Produktion macht unsere Produkte kosteng\u00fcnstiger und wettbewerbsf\u00e4higer im Preis.<\/p>\n\n\n\n<p><\/p>","protected":false},"excerpt":{"rendered":"<p>BPA frei 11OZ personalisierte kundenspezifische Logo Edelstahl Bambus Reisebecher mit Griff und spritzwassergesch\u00fctzten Deckel. Langlebige Camping Kaffeebecher<\/p>\n<ul>\n<li>BPA-frei, FDA- und LFGB-gepr\u00fcft<\/li>\n<li>Auslaufsichere Konstruktion<\/li>\n<li>18\/8 Edelstahl und 100% Nat\u00fcrlicher handgefertigter Bambus<\/li>\n<li>Fassungsverm\u00f6gen:280ml\/11OZ<\/li>\n<li>Ideal f\u00fcr die Zubereitung von Tee oder Kaffee<\/li>\n<li>Kann ins Gefrierfach gelegt werden.<\/li>\n<li>Passend f\u00fcr alle Halter, Autohalter, Rucksackhalter und Fahrradhalter.<\/li>\n<\/ul>","protected":false},"featured_media":1503,"template":"","meta":{"_acf_changed":false,"_seopress_robots_primary_cat":"","_seopress_titles_title":"","_seopress_titles_desc":"Beautiful, natural and eco friendly, this mug combines two evergreen materials to create a sturdy and outstanding mug perfect for a coffee or tea drinker. This is the kind of mug that always gets complimented and noticed wherever you go.","_seopress_robots_index":"","_uag_custom_page_level_css":""},"product_brand":[],"product_cat":[34,21],"product_tag":[],"class_list":{"0":"post-1500","1":"product","2":"type-product","3":"status-publish","4":"has-post-thumbnail","6":"product_cat-bamboo-tumbler","7":"product_cat-bamboo-water-bottle","9":"first","10":"instock","11":"featured","12":"shipping-taxable","13":"product-type-simple"},"acf":[],"uagb_featured_image_src":{"full":["https:\/\/eco-drinkware.com\/wp-content\/uploads\/2022\/12\/Stainless-Steel-Bamboo-Travel-Mug-2.webp",1000,1000,false],"thumbnail":["https:\/\/eco-drinkware.com\/wp-content\/uploads\/2022\/12\/Stainless-Steel-Bamboo-Travel-Mug-2-150x150.webp",150,150,true],"medium":["https:\/\/eco-drinkware.com\/wp-content\/uploads\/2022\/12\/Stainless-Steel-Bamboo-Travel-Mug-2-300x300.webp",300,300,true],"medium_large":["https:\/\/eco-drinkware.com\/wp-content\/uploads\/2022\/12\/Stainless-Steel-Bamboo-Travel-Mug-2-768x768.webp",768,768,true],"large":["https:\/\/eco-drinkware.com\/wp-content\/uploads\/2022\/12\/Stainless-Steel-Bamboo-Travel-Mug-2.webp",1000,1000,false],"1536x1536":["https:\/\/eco-drinkware.com\/wp-content\/uploads\/2022\/12\/Stainless-Steel-Bamboo-Travel-Mug-2.webp",1000,1000,false],"2048x2048":["https:\/\/eco-drinkware.com\/wp-content\/uploads\/2022\/12\/Stainless-Steel-Bamboo-Travel-Mug-2.webp",1000,1000,false],"trp-custom-language-flag":["https:\/\/eco-drinkware.com\/wp-content\/uploads\/2022\/12\/Stainless-Steel-Bamboo-Travel-Mug-2.webp",12,12,false],"woocommerce_thumbnail":["https:\/\/eco-drinkware.com\/wp-content\/uploads\/2022\/12\/Stainless-Steel-Bamboo-Travel-Mug-2-300x300.webp",300,300,true],"woocommerce_single":["https:\/\/eco-drinkware.com\/wp-content\/uploads\/2022\/12\/Stainless-Steel-Bamboo-Travel-Mug-2-600x600.webp",600,600,true],"woocommerce_gallery_thumbnail":["https:\/\/eco-drinkware.com\/wp-content\/uploads\/2022\/12\/Stainless-Steel-Bamboo-Travel-Mug-2-100x100.webp",100,100,true]},"uagb_author_info":{"display_name":"Amy","author_link":"https:\/\/eco-drinkware.com\/de\/author\/"},"uagb_comment_info":0,"uagb_excerpt":"BPA free 11OZ personalized custom logo Stainless Steel Bamboo Travel Mug with Handle and Splash Proof Lid. Durable Camping Coffee Mug BPA Free, okay to pass FDA and LFGB testing Leak proof design 18\/8 Stainless Steel and 100% Natural Handcrafted Bamboo Capacity:280ml\/11OZ Great fot tea or coffee making Okay to put in freezer. Suit for&hellip;","_links":{"self":[{"href":"https:\/\/eco-drinkware.com\/de\/wp-json\/wp\/v2\/product\/1500","targetHints":{"allow":["GET"]}}],"collection":[{"href":"https:\/\/eco-drinkware.com\/de\/wp-json\/wp\/v2\/product"}],"about":[{"href":"https:\/\/eco-drinkware.com\/de\/wp-json\/wp\/v2\/types\/product"}],"wp:featuredmedia":[{"embeddable":true,"href":"https:\/\/eco-drinkware.com\/de\/wp-json\/wp\/v2\/media\/1503"}],"wp:attachment":[{"href":"https:\/\/eco-drinkware.com\/de\/wp-json\/wp\/v2\/media?parent=1500"}],"wp:term":[{"taxonomy":"product_brand","embeddable":true,"href":"https:\/\/eco-drinkware.com\/de\/wp-json\/wp\/v2\/product_brand?post=1500"},{"taxonomy":"product_cat","embeddable":true,"href":"https:\/\/eco-drinkware.com\/de\/wp-json\/wp\/v2\/product_cat?post=1500"},{"taxonomy":"product_tag","embeddable":true,"href":"https:\/\/eco-drinkware.com\/de\/wp-json\/wp\/v2\/product_tag?post=1500"}],"curies":[{"name":"wp","href":"https:\/\/api.w.org\/{rel}","templated":true}]}}