{"id":1521,"date":"2022-12-01T10:28:31","date_gmt":"2022-12-01T02:28:31","guid":{"rendered":"https:\/\/eco-drinkware.com\/?post_type=product&#038;p=1521"},"modified":"2022-12-01T11:18:50","modified_gmt":"2022-12-01T03:18:50","slug":"450ml-16oz-doppelwandiger-isolierter-bambusbecher-mit-auslaufsicherem-schieberdeckel","status":"publish","type":"product","link":"https:\/\/eco-drinkware.com\/de\/product\/450ml-16oz-doppelwandiger-isolierter-bambusbecher-mit-auslaufsicherem-schieberdeckel\/","title":{"rendered":"450ml 16OZ Doppelwandiger isolierter Bambusbecher mit auslaufsicherem Deckel"},"content":{"rendered":"<h2 class=\"wp-block-heading\">Produktspezifikationen<\/h2>\n\n\n\n<figure class=\"wp-block-table is-style-stripes\"><table><tbody><tr><td>Artikel-Nummer<\/td><td>GB8025<\/td><\/tr><tr><td>Kapazit\u00e4t<\/td><td>500ml\/16OZ<\/td><\/tr><tr><td>MOQ<\/td><td>100 St\u00fcck f\u00fcr individuellen Logodruck, 50 St\u00fcck f\u00fcr Laserlogo<\/td><\/tr><tr><td>Durchmesser<\/td><td>Durchmesser: 75 mm (2,95 Zoll)&nbsp;&nbsp;&nbsp;&nbsp;&nbsp;&nbsp;&nbsp;&nbsp;&nbsp;&nbsp;&nbsp;&nbsp;&nbsp;&nbsp;&nbsp;&nbsp;&nbsp;&nbsp;&nbsp;&nbsp;&nbsp;<\/td><\/tr><tr><td>H\u00f6he<\/td><td>185 mm (7,28 Zoll)<\/td><\/tr><tr><td>Farbe<\/td><td>Natur Bambus Farbe, Edelstahl Teil: rosa, silber, schwarz, blau<\/td><\/tr><tr><td>Logo<\/td><td>Seidendruck, W\u00e4rme\u00fcbertragung, Laser usw.<\/td><\/tr><tr><td>Paket<\/td><td>wei\u00dfe Schachtel, individuell bedruckte Schachtel, Zylinderschachtel, Luftpolstertasche, Geschenkschachtel<\/td><\/tr><tr><td>Probezeit<\/td><td>3 Tage f\u00fcr Standardmuster, 7 Tage f\u00fcr individuelle Logomuster<\/td><\/tr><tr><td>Produktionszeit<\/td><td>10-35 Tage je nach Menge und Anforderungen<\/td><\/tr><tr><td>\u00dcber die Bezahlung<\/td><td>\u00dcberweisung, Paypal, Western Union<\/td><\/tr><tr><td>Herkunftsland<\/td><td>Hergestellt in China<\/td><\/tr><tr><td>Ursprungszeugnis<\/td><td>Ja, wir k\u00f6nnen anbieten<\/td><\/tr><tr><td>Individuelles neues Design<\/td><td>Ja, wir k\u00f6nnen daran arbeiten.<\/td><\/tr><tr><td>Becher gestanzt<\/td><td>Verf\u00fcgbar<\/td><\/tr><\/tbody><\/table><\/figure>\n\n\n\n<h2 class=\"wp-block-heading\">Produktmerkmale<\/h2>\n\n\n\n<p><strong>Material<\/strong>Deckel: neue pp Kunststoff und Silikon, Becher K\u00f6rper: 304 Edelstahl und Natur Bambus<\/p>\n\n\n\n<p><strong>Farbe<\/strong>: Natur Bambus Farbe, mit Bambus Haut. Sehr umweltfreundlich Lebensstil. Edelstahl Teil kann jede Farbe sein.<\/p>\n\n\n\n<p>[Handgefertigt aus biologisch angebautem Bambus - Dieser sch\u00f6ne, nat\u00fcrliche und umweltfreundliche Becher kombiniert zwei immergr\u00fcne Materialien zu einem robusten und au\u00dfergew\u00f6hnlichen Becher, der perfekt f\u00fcr Kaffee- oder Teetrinker ist. Dies ist die Art von Tasse, die immer Komplimente und bemerkt, wo immer Sie gehen.<br><strong>Muster<\/strong>: kundenspezifische Muster k\u00f6nnen gedruckt werden und k\u00f6nnen durch verschiedene Drucktechniken gemacht werden: Siebdruck, Thermotransferdruck<br><strong>Schwei\u00dffrei<\/strong>: Diese wiederverwendbare Flasche schwitzt nicht, wenn sie mit eiskaltem Wasser gef\u00fcllt ist, und verbrennt nicht die H\u00e4nde, wenn sie mit hei\u00dfem Wasser gef\u00fcllt ist.<br><strong>Gr\u00f6\u00dfe<\/strong>: 75*185mm , <strong>Kapazit\u00e4t<\/strong>: 450ml\/16OZ. Leicht in der Hand zu halten. Perfekte Gr\u00f6\u00dfe zum Trinken.<br><strong>Logo<\/strong>: Kundenspezifische Logos lassen sich leicht bearbeiten. Aber Laser-Logo sieht am besten auf Bambus. Weil diese F\u00e4higkeit brennen die Oberfl\u00e4che, sieht hochwertig. .<br>Sp\u00fclmaschinenfest, keine Mikrowelle<br><strong>Verpackungsbox<\/strong>Wei\u00dfe Schachtel, individuell bedruckte Schachtel, Zylinderschachtel, Luftpolstertasche, Geschenkschachtel, jedes kundenspezifische Designpaket ist willkommen, etc.<br>Einfach zu machen kundenspezifische Form Flasche, bitte f\u00fchlen Sie sich frei, um Ihre Idee zu teilen.<\/p>\n\n\n\n<p>[ Schenken Sie das Geschenk, anders zu sein ] - Geben Sie Ihren Liebsten das Gef\u00fchl, jeden Tag etwas Besonderes zu sein. Bringen Sie ihnen Freude und ein St\u00fcck handgefertigtes Holz in ihre t\u00e4gliche Lieblings-Reise-Kaffeebecher.<br>Eco Drinkware tun OEM &amp;ODM. Mit Top-Profi-Ingenieure mit mehr als 10 Jahre Wasserflasche Herstellung Industrie Erfahrung, einfach, um Ihre Idee in tats\u00e4chliche Produkte zu machen. herzlich willkommen, mit uns f\u00fcr Ihre Idee zu teilen. .<br>Wir tun Qualit\u00e4tskontrolle auf Linie, um sicherzustellen, dass die Produktion gut und kein Fehler geht. Wenn es Fehler gibt, k\u00f6nnen wir sie rechtzeitig korrigieren, um Kosten zu sparen. Qualit\u00e4t ist unsere Kultur, wir vertrauen darauf, dass Qualit\u00e4t mehr f\u00fcr Kunden und Hersteller bringt.<br>Einfach zu machen custmized Form Flasche, bitte f\u00fchlen Sie sich frei, Ihre Idee zu teilen.<br>Versandart: FOB, CIF, DDU, DDP per Bahn oder Schiff an Kunden weltweit.<br>Spezialisiert auf die Herstellung und den Export aller Arten von Trinkgeschirr wie Wasserflaschen, Gro\u00dfhandelsbecher, Lebensmittelbeh\u00e4lter, Hunden\u00e4pfe, Salatsch\u00fcsseln, Dosenk\u00fchler. Eco Drinkware verf\u00fcgt \u00fcber automatisierte und hocheffiziente Produktionslinien. Wir setzen auf Industrie 4.0 und bleiben in der Branche wettbewerbsf\u00e4hig. Die automatisierte Produktion macht unsere Produkte kosteng\u00fcnstiger und wettbewerbsf\u00e4higer im Preis.<br>Professionelles Verkaufspersonal spricht flie\u00dfend Englisch, Ihre Anfrage wird innerhalb von 24 Stunden beantwortet.<\/p>","protected":false},"excerpt":{"rendered":"<p>BPA-frei, FDA- und LFGB-gepr\u00fcft, alle Materialien sind umweltfreundlich und lebensmittelecht.<br \/>Einzigartiges Bambusdesign, umweltfreundlicher Lebensstil.Unsere 450ml Becher mit hohem Fassungsverm\u00f6gen sind aus Bambus und Edelstahl gefertigt, was ihnen einen einzigartigen und stilvollen Look verleiht. Weil es echter Bambus ist, sind keine zwei genau die gleichen, und jeder, den Sie kaufen, ist einzigartig f\u00fcr Sie!<\/p>\n<ul>\n<li>Dieser Bambusbecher ist halb Edelstahl und halb Natur Bambus.sch\u00f6ne Kombination von Edelstahl und Bambus.so kann der Edelstahl-Teil mit verschiedenen Farben, wie rosa, rot, blau, silber.Pantone Farbe ist auch willkommen. .<\/li>\n<li>Die doppelwandige, isolierte Thermoskanne h\u00e4lt das Wasser 24 Stunden lang hei\u00df und 12 Stunden lang kalt, so dass der Kaffee immer kalt bleibt, wenn Sie kalten Kaffee hineinstellen. .<br \/>Edelstahlstroh und Strohb\u00fcrste k\u00f6nnen aufeinander abgestimmt und in der Box verpackt werden. Lassen Sie uns einfach wissen, wenn Sie es brauchen. .<\/li>\n<li>Einfach zu reinigen: Der Deckel l\u00e4sst sich zur einfachen Reinigung abschrauben. Nur Handw\u00e4sche<\/li>\n<li>Drehen Sie den Deckel, um Wasser zu entnehmen, oder schrauben Sie den Deckel ab, um das Wasser direkt zu trinken. .<\/li>\n<li>Fassungsverm\u00f6gen:450ml\/16OZ<\/li>\n<li>Ideal f\u00fcr die Zubereitung von Tee oder Kaffee <\/li>\n<li>Rostfrei und auslaufsicher<\/li>\n<li>Kann in den Gefrierschrank gelegt werden. Sp\u00fclmaschinenfest.<\/li>\n<li>Passend f\u00fcr alle Halter, Autohalter, Rucksackhalter und Fahrradhalter.<\/li>\n<\/ul>","protected":false},"featured_media":1527,"template":"","meta":{"_acf_changed":false,"_seopress_robots_primary_cat":"none","_seopress_titles_title":"","_seopress_titles_desc":"Profession OEM and ODM bamboo mug supplier and designer from China. More than 10 years production experience . Custom logo on mug and package . Food safe certificate available.","_seopress_robots_index":"","_uag_custom_page_level_css":""},"product_brand":[],"product_cat":[34,21],"product_tag":[],"class_list":{"0":"post-1521","1":"product","2":"type-product","3":"status-publish","4":"has-post-thumbnail","6":"product_cat-bamboo-tumbler","7":"product_cat-bamboo-water-bottle","9":"first","10":"instock","11":"featured","12":"shipping-taxable","13":"product-type-simple"},"acf":[],"uagb_featured_image_src":{"full":["https:\/\/eco-drinkware.com\/wp-content\/uploads\/2022\/12\/16OZ-double-wall-insulated-bamboo-tumbler-3.webp",1000,1000,false],"thumbnail":["https:\/\/eco-drinkware.com\/wp-content\/uploads\/2022\/12\/16OZ-double-wall-insulated-bamboo-tumbler-3-150x150.webp",150,150,true],"medium":["https:\/\/eco-drinkware.com\/wp-content\/uploads\/2022\/12\/16OZ-double-wall-insulated-bamboo-tumbler-3-300x300.webp",300,300,true],"medium_large":["https:\/\/eco-drinkware.com\/wp-content\/uploads\/2022\/12\/16OZ-double-wall-insulated-bamboo-tumbler-3-768x768.webp",768,768,true],"large":["https:\/\/eco-drinkware.com\/wp-content\/uploads\/2022\/12\/16OZ-double-wall-insulated-bamboo-tumbler-3.webp",1000,1000,false],"1536x1536":["https:\/\/eco-drinkware.com\/wp-content\/uploads\/2022\/12\/16OZ-double-wall-insulated-bamboo-tumbler-3.webp",1000,1000,false],"2048x2048":["https:\/\/eco-drinkware.com\/wp-content\/uploads\/2022\/12\/16OZ-double-wall-insulated-bamboo-tumbler-3.webp",1000,1000,false],"trp-custom-language-flag":["https:\/\/eco-drinkware.com\/wp-content\/uploads\/2022\/12\/16OZ-double-wall-insulated-bamboo-tumbler-3.webp",12,12,false],"woocommerce_thumbnail":["https:\/\/eco-drinkware.com\/wp-content\/uploads\/2022\/12\/16OZ-double-wall-insulated-bamboo-tumbler-3-300x300.webp",300,300,true],"woocommerce_single":["https:\/\/eco-drinkware.com\/wp-content\/uploads\/2022\/12\/16OZ-double-wall-insulated-bamboo-tumbler-3-600x600.webp",600,600,true],"woocommerce_gallery_thumbnail":["https:\/\/eco-drinkware.com\/wp-content\/uploads\/2022\/12\/16OZ-double-wall-insulated-bamboo-tumbler-3-100x100.webp",100,100,true]},"uagb_author_info":{"display_name":"Amy","author_link":"https:\/\/eco-drinkware.com\/de\/author\/"},"uagb_comment_info":0,"uagb_excerpt":"BPA Free, okay to pass FDA and LFGB testing.All materials are eco friendly and food safe.Unique nature bamboo design ,eco friendly life style.Our high capacity 450ml mugs are made of bamboo and stainless steel, giving them a unique and stylish look. Because it's real bamboo, no two are exactly the same, and each one you&hellip;","_links":{"self":[{"href":"https:\/\/eco-drinkware.com\/de\/wp-json\/wp\/v2\/product\/1521","targetHints":{"allow":["GET"]}}],"collection":[{"href":"https:\/\/eco-drinkware.com\/de\/wp-json\/wp\/v2\/product"}],"about":[{"href":"https:\/\/eco-drinkware.com\/de\/wp-json\/wp\/v2\/types\/product"}],"wp:featuredmedia":[{"embeddable":true,"href":"https:\/\/eco-drinkware.com\/de\/wp-json\/wp\/v2\/media\/1527"}],"wp:attachment":[{"href":"https:\/\/eco-drinkware.com\/de\/wp-json\/wp\/v2\/media?parent=1521"}],"wp:term":[{"taxonomy":"product_brand","embeddable":true,"href":"https:\/\/eco-drinkware.com\/de\/wp-json\/wp\/v2\/product_brand?post=1521"},{"taxonomy":"product_cat","embeddable":true,"href":"https:\/\/eco-drinkware.com\/de\/wp-json\/wp\/v2\/product_cat?post=1521"},{"taxonomy":"product_tag","embeddable":true,"href":"https:\/\/eco-drinkware.com\/de\/wp-json\/wp\/v2\/product_tag?post=1521"}],"curies":[{"name":"wp","href":"https:\/\/api.w.org\/{rel}","templated":true}]}}