{"id":1528,"date":"2022-12-01T10:41:15","date_gmt":"2022-12-01T02:41:15","guid":{"rendered":"https:\/\/eco-drinkware.com\/?post_type=product&#038;p=1528"},"modified":"2022-12-01T11:18:46","modified_gmt":"2022-12-01T03:18:46","slug":"500ml-380ml-330ml-dreifach-isolierte-premium-bambus-thermoskanne-mit-tee-ei-sieb","status":"publish","type":"product","link":"https:\/\/eco-drinkware.com\/de\/product\/500ml-380ml-330ml-dreifach-isolierte-premium-bambus-thermoskanne-mit-tee-ei-sieb\/","title":{"rendered":"500ml 380ml 330ml Dreifach isolierte Premium-Bambus-Thermoskanne mit Tee-Ei und Sieb"},"content":{"rendered":"<h2 class=\"wp-block-heading\">Produkt-Spezifikation<\/h2>\n\n\n\n<figure class=\"wp-block-table is-style-stripes\"><table><tbody><tr><td>Artikel-Nummer<\/td><td>GB8060<\/td><\/tr><tr><td>Kapazit\u00e4t<\/td><td>330ml\/12OZ 380ml\/14OZ 500ml\/17OZ<\/td><\/tr><tr><td>MOQ<\/td><td>100 St\u00fcck f\u00fcr individuellen Logodruck, 50 St\u00fcck f\u00fcr Laserlogo<\/td><\/tr><tr><td>330ml Gr\u00f6\u00dfe<\/td><td>Durchmesser: 66 mm (2,6 Zoll), H\u00f6he 200 mm (7,87 Zoll)&nbsp;&nbsp;&nbsp;&nbsp;&nbsp;&nbsp;&nbsp;&nbsp;&nbsp;&nbsp;&nbsp;&nbsp;&nbsp;&nbsp;&nbsp;<\/td><\/tr><tr><td>380ml Gr\u00f6\u00dfe<\/td><td>Durchmesser: 70 mm (2,76 Zoll), H\u00f6he 200 mm (7,87 Zoll)<\/td><\/tr><tr><td>500ml Gr\u00f6\u00dfe<\/td><td>Durchmesser: 70 mm (2,76 Zoll), H\u00f6he 230 mm (9,06 Zoll)<\/td><\/tr><tr><td>Farbe<\/td><td>Natur Bambus Farbe<\/td><\/tr><tr><td>Logo<\/td><td>Seidendruck, W\u00e4rme\u00fcbertragung, Laser usw.<\/td><\/tr><tr><td>Paket<\/td><td>wei\u00dfe Schachtel, individuell bedruckte Schachtel, Zylinderschachtel, Luftpolstertasche, Geschenkschachtel<\/td><\/tr><tr><td>Probezeit<\/td><td>3 Tage f\u00fcr Standardmuster, 7 Tage f\u00fcr individuelle Logomuster<\/td><\/tr><tr><td>Produktionszeit<\/td><td>10-35 Tage je nach Menge und Anforderungen<\/td><\/tr><\/tbody><\/table><\/figure>\n\n\n\n<h2 class=\"wp-block-heading\">Produktmerkmale<\/h2>\n\n\n\n<p><strong>Material<\/strong>Deckel: neue pp Kunststoff und Silikon, Becher K\u00f6rper: 304 Edelstahl und Natur Bambus<br><strong>Farbe<\/strong>: Natur Bambus Farbe, mit Bambus Haut. Sehr umweltfreundlich Lebensstil. Edelstahl Teil kann jede Farbe sein.<br>Ungiftige Materialien - die Teeflasche aus Bambus ist eine kluge, umweltfreundliche Wahl, da sie dazu beitr\u00e4gt, die Umweltbelastung durch Plastikm\u00fcll zu verringern. Sparen Sie Hunderte von Plastikbechern und -flaschen, indem Sie diesen Teebecher t\u00e4glich verwenden! Dieser Teebecher ist ungiftig und enth\u00e4lt kein sch\u00e4dliches Plastik, keine chemischen Ger\u00fcche und keine Giftstoffe, die mit Ihren Getr\u00e4nken in Ber\u00fchrung kommen. Jeder Reisebecher wird nach den h\u00f6chsten Standards getestet und ist sowohl BPA- als auch bleifrei zertifiziert.<\/p>\n\n\n\n<p>[Handgefertigt aus biologisch angebautem Bambus - Dieser sch\u00f6ne, nat\u00fcrliche und umweltfreundliche Becher kombiniert zwei immergr\u00fcne Materialien zu einem robusten und au\u00dfergew\u00f6hnlichen Becher, der perfekt f\u00fcr Kaffee- oder Teetrinker ist. Dies ist die Art von Tasse, die immer Komplimente und bemerkt, wo immer Sie gehen.<\/p>\n\n\n\n<p><strong>Muster<\/strong>: kundenspezifische Muster k\u00f6nnen gedruckt werden und k\u00f6nnen durch verschiedene Drucktechniken gemacht werden: Siebdruck, Thermotransferdruck<br><strong>Schwei\u00dffrei<\/strong>: Diese wiederverwendbare Flasche schwitzt nicht, wenn sie mit eiskaltem Wasser gef\u00fcllt ist, und verbrennt nicht die H\u00e4nde, wenn sie mit hei\u00dfem Wasser gef\u00fcllt ist.<br><strong>Gr\u00f6\u00dfe<\/strong>: 330ml\/ 66<em>200mm ,380ml\/70<\/em>200mm, 500ml\/70*230 mm, leicht in der Hand zu halten. Perfekte Gr\u00f6\u00dfe zum Trinken.<br><strong>Logo<\/strong>: Kundenspezifische Logos lassen sich leicht bearbeiten. Aber Laser-Logo sieht am besten auf Bambus. Weil diese F\u00e4higkeit brennen die Oberfl\u00e4che, sieht hochwertig. .<br>Sp\u00fclmaschinenfest, keine Mikrowelle<br><strong>Verpackungsbox<\/strong>Wei\u00dfe Schachtel, individuell bedruckte Schachtel, Zylinderschachtel, Luftpolstertasche, Geschenkschachtel, jedes kundenspezifische Designpaket ist willkommen, etc.<br>Einfach zu machen kundenspezifische Form Flasche, bitte f\u00fchlen Sie sich frei, um Ihre Idee zu teilen.<\/p>\n\n\n\n<p>[ Schenken Sie das Geschenk, anders zu sein ] - Geben Sie Ihren Liebsten das Gef\u00fchl, jeden Tag etwas Besonderes zu sein. Bringen Sie ihnen Freude und ein St\u00fcck handgefertigtes Holz in ihre t\u00e4gliche Lieblings-Reise-Kaffeebecher.<br>Eco Drinkware tun OEM &amp;ODM. Mit Top-Profi-Ingenieure mit mehr als 10 Jahre Wasserflasche Herstellung Industrie Erfahrung, einfach, um Ihre Idee in tats\u00e4chliche Produkte zu machen. herzlich willkommen, mit uns f\u00fcr Ihre Idee zu teilen. .<br>Wir tun Qualit\u00e4tskontrolle auf Linie, um sicherzustellen, dass die Produktion gut und kein Fehler geht. Wenn es Fehler gibt, k\u00f6nnen wir sie rechtzeitig korrigieren, um Kosten zu sparen. Qualit\u00e4t ist unsere Kultur, wir vertrauen darauf, dass Qualit\u00e4t mehr f\u00fcr Kunden und Hersteller bringt.<br>Einfach zu machen custmized Form Flasche, bitte f\u00fchlen Sie sich frei, Ihre Idee zu teilen.<\/p>\n\n\n\n<p><strong>Versandart<\/strong>: FOB, CIF, DDU, DDP per Bahn oder Schiff an Kunden in aller Welt.<br>Spezialisiert auf die Herstellung und den Export aller Arten von Trinkgeschirr wie Wasserflaschen, Gro\u00dfhandelsbecher, Lebensmittelbeh\u00e4lter, Hunden\u00e4pfe, Salatsch\u00fcsseln, Dosenk\u00fchler. Eco Drinkware verf\u00fcgt \u00fcber automatisierte und hocheffiziente Produktionslinien. Wir setzen auf Industrie 4.0 und bleiben in der Branche wettbewerbsf\u00e4hig. Die automatisierte Produktion macht unsere Produkte kosteng\u00fcnstiger und wettbewerbsf\u00e4higer im Preis.<\/p>\n\n\n\n<p>Professionelles Verkaufspersonal spricht flie\u00dfend Englisch, Ihre Anfrage wird innerhalb von 24 Stunden beantwortet.<\/p>","protected":false},"excerpt":{"rendered":"<ul>\n<li>BPA-frei, FDA- und LFGB-gepr\u00fcft, alle Materialien sind umweltfreundlich und lebensmittelecht.<\/li>\n<li>Einzigartiges Bambusdesign, umweltfreundlicher Lebensstil, hergestellt aus Bambus und Edelstahl, was ihnen einen einzigartigen und stilvollen Look verleiht. Weil es echter Bambus ist, sind keine zwei genau das gleiche, und jeder, den Sie kaufen, ist einzigartig f\u00fcr Sie!<\/li>\n<li>Kleine Infusor und Korb Infusor optional , gehen Sie einfach mit dem einen Sie bevorzugen. . <\/li>\n<li>Die doppelwandige, isolierte Thermoskanne h\u00e4lt das Wasser 24 Stunden lang hei\u00df und 12 Stunden lang kalt, so dass der Kaffee immer kalt bleibt, wenn Sie kalten Kaffee hineinstellen. .<br \/>Edelstahlstroh und Strohb\u00fcrste k\u00f6nnen aufeinander abgestimmt und in der Box verpackt werden. Lassen Sie uns einfach wissen, wenn Sie es brauchen. .<\/li>\n<li>Einfach zu reinigen: Der Deckel l\u00e4sst sich zur einfachen Reinigung abschrauben. Nur Handw\u00e4sche<\/li>\n<li>Drehen Sie den Deckel, um Wasser zu entnehmen, oder schrauben Sie den Deckel ab, um das Wasser direkt zu trinken. .<\/li>\n<li>Fassungsverm\u00f6gen:330ml\/12OZ 380ml\/14OZ 500ml\/17OZ<\/li>\n<li>Ideal f\u00fcr die Zubereitung von Tee oder Kaffee <\/li>\n<li>Rostfrei und auslaufsicher<\/li>\n<li>Kann in den Gefrierschrank gelegt werden. Sp\u00fclmaschinenfest.<\/li>\n<li>Passend f\u00fcr alle Halter, Autohalter, Rucksackhalter und Fahrradhalter.<\/li>\n<\/ul>","protected":false},"featured_media":1534,"template":"","meta":{"_acf_changed":false,"_seopress_robots_primary_cat":"none","_seopress_titles_title":"","_seopress_titles_desc":"Eco friendly bamboo flask from China, made of nature bamboo .Multi capacity available.Custom logo and package welcome . DDP shipping to final customer.More than 10 years expert experience.","_seopress_robots_index":"","_uag_custom_page_level_css":""},"product_brand":[],"product_cat":[34,21],"product_tag":[],"class_list":{"0":"post-1528","1":"product","2":"type-product","3":"status-publish","4":"has-post-thumbnail","6":"product_cat-bamboo-tumbler","7":"product_cat-bamboo-water-bottle","9":"first","10":"instock","11":"featured","12":"shipping-taxable","13":"product-type-simple"},"acf":[],"uagb_featured_image_src":{"full":["https:\/\/eco-drinkware.com\/wp-content\/uploads\/2022\/12\/Bamboo-Thermos-with-Tea-Infuser-Strainer-1.webp",800,800,false],"thumbnail":["https:\/\/eco-drinkware.com\/wp-content\/uploads\/2022\/12\/Bamboo-Thermos-with-Tea-Infuser-Strainer-1-150x150.webp",150,150,true],"medium":["https:\/\/eco-drinkware.com\/wp-content\/uploads\/2022\/12\/Bamboo-Thermos-with-Tea-Infuser-Strainer-1-300x300.webp",300,300,true],"medium_large":["https:\/\/eco-drinkware.com\/wp-content\/uploads\/2022\/12\/Bamboo-Thermos-with-Tea-Infuser-Strainer-1-768x768.webp",768,768,true],"large":["https:\/\/eco-drinkware.com\/wp-content\/uploads\/2022\/12\/Bamboo-Thermos-with-Tea-Infuser-Strainer-1.webp",800,800,false],"1536x1536":["https:\/\/eco-drinkware.com\/wp-content\/uploads\/2022\/12\/Bamboo-Thermos-with-Tea-Infuser-Strainer-1.webp",800,800,false],"2048x2048":["https:\/\/eco-drinkware.com\/wp-content\/uploads\/2022\/12\/Bamboo-Thermos-with-Tea-Infuser-Strainer-1.webp",800,800,false],"trp-custom-language-flag":["https:\/\/eco-drinkware.com\/wp-content\/uploads\/2022\/12\/Bamboo-Thermos-with-Tea-Infuser-Strainer-1.webp",12,12,false],"woocommerce_thumbnail":["https:\/\/eco-drinkware.com\/wp-content\/uploads\/2022\/12\/Bamboo-Thermos-with-Tea-Infuser-Strainer-1-300x300.webp",300,300,true],"woocommerce_single":["https:\/\/eco-drinkware.com\/wp-content\/uploads\/2022\/12\/Bamboo-Thermos-with-Tea-Infuser-Strainer-1-600x600.webp",600,600,true],"woocommerce_gallery_thumbnail":["https:\/\/eco-drinkware.com\/wp-content\/uploads\/2022\/12\/Bamboo-Thermos-with-Tea-Infuser-Strainer-1-100x100.webp",100,100,true]},"uagb_author_info":{"display_name":"Amy","author_link":"https:\/\/eco-drinkware.com\/de\/author\/"},"uagb_comment_info":0,"uagb_excerpt":"BPA Free, okay to pass FDA and LFGB testing.All materials are eco friendly and food safe. Unique nature bamboo design ,eco friendly life style.Made of bamboo and stainless steel, giving them a unique and stylish look. Because it's real bamboo, no two are exactly the same, and each one you buy is UNIQUE to YOU!&hellip;","_links":{"self":[{"href":"https:\/\/eco-drinkware.com\/de\/wp-json\/wp\/v2\/product\/1528","targetHints":{"allow":["GET"]}}],"collection":[{"href":"https:\/\/eco-drinkware.com\/de\/wp-json\/wp\/v2\/product"}],"about":[{"href":"https:\/\/eco-drinkware.com\/de\/wp-json\/wp\/v2\/types\/product"}],"wp:featuredmedia":[{"embeddable":true,"href":"https:\/\/eco-drinkware.com\/de\/wp-json\/wp\/v2\/media\/1534"}],"wp:attachment":[{"href":"https:\/\/eco-drinkware.com\/de\/wp-json\/wp\/v2\/media?parent=1528"}],"wp:term":[{"taxonomy":"product_brand","embeddable":true,"href":"https:\/\/eco-drinkware.com\/de\/wp-json\/wp\/v2\/product_brand?post=1528"},{"taxonomy":"product_cat","embeddable":true,"href":"https:\/\/eco-drinkware.com\/de\/wp-json\/wp\/v2\/product_cat?post=1528"},{"taxonomy":"product_tag","embeddable":true,"href":"https:\/\/eco-drinkware.com\/de\/wp-json\/wp\/v2\/product_tag?post=1528"}],"curies":[{"name":"wp","href":"https:\/\/api.w.org\/{rel}","templated":true}]}}