{"id":1658,"date":"2023-02-19T23:44:25","date_gmt":"2023-02-19T15:44:25","guid":{"rendered":"https:\/\/eco-drinkware.com\/?post_type=product&#038;p=1658"},"modified":"2023-07-04T15:46:25","modified_gmt":"2023-07-04T07:46:25","slug":"groshandel-benutzerdefinierte-stanley-der-quencher-flowstate-abenteuer-40oz-edelstahl-becher","status":"publish","type":"product","link":"https:\/\/eco-drinkware.com\/de\/product\/groshandel-benutzerdefinierte-stanley-der-quencher-flowstate-abenteuer-40oz-edelstahl-becher\/","title":{"rendered":"Gro\u00dfhandel Custom GV074 Stanley THE QUENCHER FLOWSTATE Adventure 40oz Edelstahl Becher mit Griff"},"content":{"rendered":"<p><\/p>\n\n\n\n<div class=\"wp-block-cover\"><span aria-hidden=\"true\" class=\"wp-block-cover__background has-black-background-color has-background-dim-60 has-background-dim\"><\/span><img loading=\"lazy\" decoding=\"async\" width=\"1000\" height=\"1000\" class=\"wp-block-cover__image-background wp-image-1640\" alt=\"\" src=\"https:\/\/eco-drinkware.com\/wp-content\/uploads\/2023\/02\/Stanley-QUENCHER-FLOWSTATE-Adventure-40-oz-Tumbler-with-handle-4.jpg\" style=\"object-position:51% 56%\" data-object-fit=\"cover\" data-object-position=\"51% 56%\" srcset=\"https:\/\/eco-drinkware.com\/wp-content\/uploads\/2023\/02\/Stanley-QUENCHER-FLOWSTATE-Adventure-40-oz-Tumbler-with-handle-4.jpg 1000w, https:\/\/eco-drinkware.com\/wp-content\/uploads\/2023\/02\/Stanley-QUENCHER-FLOWSTATE-Adventure-40-oz-Tumbler-with-handle-4-300x300.jpg 300w, https:\/\/eco-drinkware.com\/wp-content\/uploads\/2023\/02\/Stanley-QUENCHER-FLOWSTATE-Adventure-40-oz-Tumbler-with-handle-4-150x150.jpg 150w, https:\/\/eco-drinkware.com\/wp-content\/uploads\/2023\/02\/Stanley-QUENCHER-FLOWSTATE-Adventure-40-oz-Tumbler-with-handle-4-768x768.jpg 768w, https:\/\/eco-drinkware.com\/wp-content\/uploads\/2023\/02\/Stanley-QUENCHER-FLOWSTATE-Adventure-40-oz-Tumbler-with-handle-4-600x600.jpg 600w, https:\/\/eco-drinkware.com\/wp-content\/uploads\/2023\/02\/Stanley-QUENCHER-FLOWSTATE-Adventure-40-oz-Tumbler-with-handle-4-100x100.jpg 100w\" sizes=\"auto, (max-width: 1000px) 100vw, 1000px\" \/><div class=\"wp-block-cover__inner-container is-layout-flow wp-block-cover-is-layout-flow\">\n<h2 class=\"has-text-align-center has-white-color has-text-color has-x-large-font-size wp-block-heading\">FARBEN<\/h2>\n\n\n\n<p class=\"has-text-align-center has-white-color has-text-color has-large-font-size\">Alle PMS-Farben sind machbar.<\/p>\n\n\n\n<p class=\"has-text-align-center has-white-color has-text-color\">Wir k\u00f6nnen jede Farbe f\u00fcr Kunden tun. PMS Farbe ist willkommen. <br>Sowohl der K\u00f6rper als auch der Deckel k\u00f6nnen PMS-Farben verwenden<\/p>\n<\/div><\/div>\n\n\n\n<p><\/p>\n\n\n\n<p><\/p>\n\n\n\n<div class=\"wp-block-media-text alignwide is-stacked-on-mobile\"><figure class=\"wp-block-media-text__media\"><img loading=\"lazy\" decoding=\"async\" width=\"1000\" height=\"1000\" src=\"https:\/\/eco-drinkware.com\/wp-content\/uploads\/2023\/02\/Stanley-QUENCHER-FLOWSTATE-Adventure-40-oz-Tumbler-with-handle-3.jpg\" alt=\"\" class=\"wp-image-1643 size-full\" srcset=\"https:\/\/eco-drinkware.com\/wp-content\/uploads\/2023\/02\/Stanley-QUENCHER-FLOWSTATE-Adventure-40-oz-Tumbler-with-handle-3.jpg 1000w, https:\/\/eco-drinkware.com\/wp-content\/uploads\/2023\/02\/Stanley-QUENCHER-FLOWSTATE-Adventure-40-oz-Tumbler-with-handle-3-300x300.jpg 300w, https:\/\/eco-drinkware.com\/wp-content\/uploads\/2023\/02\/Stanley-QUENCHER-FLOWSTATE-Adventure-40-oz-Tumbler-with-handle-3-150x150.jpg 150w, https:\/\/eco-drinkware.com\/wp-content\/uploads\/2023\/02\/Stanley-QUENCHER-FLOWSTATE-Adventure-40-oz-Tumbler-with-handle-3-768x768.jpg 768w, https:\/\/eco-drinkware.com\/wp-content\/uploads\/2023\/02\/Stanley-QUENCHER-FLOWSTATE-Adventure-40-oz-Tumbler-with-handle-3-600x600.jpg 600w, https:\/\/eco-drinkware.com\/wp-content\/uploads\/2023\/02\/Stanley-QUENCHER-FLOWSTATE-Adventure-40-oz-Tumbler-with-handle-3-100x100.jpg 100w\" sizes=\"auto, (max-width: 1000px) 100vw, 1000px\" \/><\/figure><div class=\"wp-block-media-text__content\">\n<h2 class=\"wp-block-heading\">100% BPA-frei und sicheres Material<\/h2>\n\n\n\n<p><strong>Becher<\/strong>: 18\/8 Edelstahl, wir nennen es auch 304 Edelstahl. <\/p>\n\n\n\n<p><strong>Deckel<\/strong>: pp, Silikon . <\/p>\n\n\n\n<p><strong>Stroh<\/strong>: PP . <\/p>\n\n\n\n<p>Alle Materialien sind ungiftig. <\/p>\n\n\n\n<p>Der Trend geht dahin, haltbare Wasserflaschen anstelle von Einweg-Plastikflaschen zu verwenden, damit die Welt sauberer und sch\u00f6ner wird.<\/p>\n<\/div><\/div>\n\n\n\n<div class=\"wp-block-columns is-layout-flex wp-container-core-columns-is-layout-9d6595d7 wp-block-columns-is-layout-flex\">\n<div class=\"wp-block-column is-vertically-aligned-center is-layout-flow wp-block-column-is-layout-flow\">\n<figure class=\"wp-block-image size-full\"><img loading=\"lazy\" decoding=\"async\" width=\"1000\" height=\"1000\" src=\"https:\/\/eco-drinkware.com\/wp-content\/uploads\/2022\/12\/16OZ-double-wall-insulated-bamboo-tumbler-1.webp\" alt=\"\" class=\"wp-image-1525\" srcset=\"https:\/\/eco-drinkware.com\/wp-content\/uploads\/2022\/12\/16OZ-double-wall-insulated-bamboo-tumbler-1.webp 1000w, https:\/\/eco-drinkware.com\/wp-content\/uploads\/2022\/12\/16OZ-double-wall-insulated-bamboo-tumbler-1-300x300.webp 300w, https:\/\/eco-drinkware.com\/wp-content\/uploads\/2022\/12\/16OZ-double-wall-insulated-bamboo-tumbler-1-150x150.webp 150w, https:\/\/eco-drinkware.com\/wp-content\/uploads\/2022\/12\/16OZ-double-wall-insulated-bamboo-tumbler-1-768x768.webp 768w, https:\/\/eco-drinkware.com\/wp-content\/uploads\/2022\/12\/16OZ-double-wall-insulated-bamboo-tumbler-1-600x600.webp 600w, https:\/\/eco-drinkware.com\/wp-content\/uploads\/2022\/12\/16OZ-double-wall-insulated-bamboo-tumbler-1-100x100.webp 100w\" sizes=\"auto, (max-width: 1000px) 100vw, 1000px\" \/><\/figure>\n\n\n\n<h2 class=\"has-text-align-center wp-block-heading\">LOGO<\/h2>\n\n\n\n<p class=\"has-text-align-center\">Einfaches Bearbeiten des eigenen Logos. <br>Logo-Optionen: <br>- Aufkleber Logo ,<br>- Seidendruck ,<br>- W\u00e4rme\u00fcbertragung , <br>- Sublimation, etc. <\/p>\n\n\n\n<p class=\"has-text-align-center\">Wir laden Sie ein, Ihr Logo zu teilen. <br>Unser Team schickt ein Muster zur\u00fcck<\/p>\n<\/div>\n\n\n\n<div class=\"wp-block-column is-vertically-aligned-center is-layout-flow wp-block-column-is-layout-flow\">\n<figure class=\"wp-block-image size-full\"><img loading=\"lazy\" decoding=\"async\" width=\"750\" height=\"762\" src=\"https:\/\/eco-drinkware.com\/wp-content\/uploads\/2022\/11\/82_0.webp\" alt=\"\" class=\"wp-image-1002\" srcset=\"https:\/\/eco-drinkware.com\/wp-content\/uploads\/2022\/11\/82_0.webp 750w, https:\/\/eco-drinkware.com\/wp-content\/uploads\/2022\/11\/82_0-295x300.webp 295w, https:\/\/eco-drinkware.com\/wp-content\/uploads\/2022\/11\/82_0-148x150.webp 148w, https:\/\/eco-drinkware.com\/wp-content\/uploads\/2022\/11\/82_0-600x610.webp 600w\" sizes=\"auto, (max-width: 750px) 100vw, 750px\" \/><\/figure>\n\n\n\n<h2 class=\"has-text-align-center wp-block-heading\">Muster<\/h2>\n\n\n\n<p class=\"has-text-align-center\">individuelle Muster k\u00f6nnen aufgedruckt werden und k\u00f6nnen durch verschiedene Drucktechniken hergestellt werden: <br>- Siebdruck, <br>- Thermotransferdruck, <br>- Wassertransferdruck, <br>- Sublimationstransfer, etc.<\/p>\n<\/div>\n<\/div>\n\n\n\n<div class=\"wp-block-columns is-layout-flex wp-container-core-columns-is-layout-9d6595d7 wp-block-columns-is-layout-flex\">\n<div class=\"wp-block-column is-vertically-aligned-center is-layout-flow wp-block-column-is-layout-flow\">\n<figure class=\"wp-block-image size-full\"><img loading=\"lazy\" decoding=\"async\" width=\"750\" height=\"551\" src=\"https:\/\/eco-drinkware.com\/wp-content\/uploads\/2022\/11\/4-1.webp\" alt=\"\" class=\"wp-image-1480\" srcset=\"https:\/\/eco-drinkware.com\/wp-content\/uploads\/2022\/11\/4-1.webp 750w, https:\/\/eco-drinkware.com\/wp-content\/uploads\/2022\/11\/4-1-300x220.webp 300w, https:\/\/eco-drinkware.com\/wp-content\/uploads\/2022\/11\/4-1-150x110.webp 150w, https:\/\/eco-drinkware.com\/wp-content\/uploads\/2022\/11\/4-1-600x441.webp 600w\" sizes=\"auto, (max-width: 750px) 100vw, 750px\" \/><\/figure>\n\n\n\n<h2 class=\"has-text-align-center wp-block-heading\">Verpackung<\/h2>\n\n\n\n<p class=\"has-text-align-center\">wei\u00dfe Schachtel, individuell bedruckte Schachtel, zylindrische Schachtel, Luftpolstertasche, Geschenkschachtel, jedes kundenspezifische Designpaket ist willkommen, usw.<\/p>\n<\/div>\n\n\n\n<div class=\"wp-block-column is-vertically-aligned-top is-layout-flow wp-block-column-is-layout-flow\">\n<figure class=\"wp-block-image size-full\"><img loading=\"lazy\" decoding=\"async\" width=\"581\" height=\"210\" src=\"https:\/\/eco-drinkware.com\/wp-content\/uploads\/2023\/02\/image-1.png\" alt=\"\" class=\"wp-image-1669\" srcset=\"https:\/\/eco-drinkware.com\/wp-content\/uploads\/2023\/02\/image-1.png 581w, https:\/\/eco-drinkware.com\/wp-content\/uploads\/2023\/02\/image-1-300x108.png 300w, https:\/\/eco-drinkware.com\/wp-content\/uploads\/2023\/02\/image-1-150x54.png 150w\" sizes=\"auto, (max-width: 581px) 100vw, 581px\" \/><\/figure>\n\n\n\n<figure class=\"wp-block-image size-full\"><img loading=\"lazy\" decoding=\"async\" width=\"581\" height=\"210\" src=\"https:\/\/eco-drinkware.com\/wp-content\/uploads\/2023\/02\/image.png\" alt=\"\" class=\"wp-image-1668\" srcset=\"https:\/\/eco-drinkware.com\/wp-content\/uploads\/2023\/02\/image.png 581w, https:\/\/eco-drinkware.com\/wp-content\/uploads\/2023\/02\/image-300x108.png 300w, https:\/\/eco-drinkware.com\/wp-content\/uploads\/2023\/02\/image-150x54.png 150w\" sizes=\"auto, (max-width: 581px) 100vw, 581px\" \/><\/figure>\n\n\n\n<h2 class=\"has-text-align-center wp-block-heading\">Beschichtung<\/h2>\n\n\n\n<p class=\"has-text-align-center\">keine Beschichtung (geb\u00fcrsteter Edelstahl), Spritzlackierung, Pulverbeschichtung, Verkupferung, etc.<\/p>\n<\/div>\n<\/div>","protected":false},"excerpt":{"rendered":"<p>LFGB und FDA genehmigt hei\u00dfer Verkauf stanley 40OZ Edelstahl Becher mit Griff an der Seite, BPA frei umweltfreundliche 18\/8 Edelstahl Material. Kratzfestigkeit. Gut f\u00fcr unsere Gesundheit. <br \/><strong>Gro\u00dfe Mund\u00f6ffnung<\/strong>: Praktisch zum Einlegen von Eisw\u00fcrfeln und Trinken H\u00e4lt das Wasser 12 Stunden lang hei\u00df und 24 Stunden lang kalt<\/p>\n<p><strong>Rostfrei und auslaufsicher<\/strong> <br \/><strong>Kapazit\u00e4t<\/strong>:40OZ\/1200ml <br \/>Langlebige Pulverbeschichtung mit lasergraviertem oder bedrucktem Logo. <br \/>Gro\u00dfer Griff an der Seite f\u00fcr einfaches Tragen. <br \/>Mit passendem Strohhalm zum einfachen Trinken <br \/><strong>Schwei\u00dffrei:<\/strong>\u00a0Diese Wasserflasche aus Edelstahl schwitzt nicht, wenn sie mit eiskaltem Wasser gef\u00fcllt ist, und verbrennt Ihre H\u00e4nde nicht, wenn sie mit hei\u00dfem Wasser gef\u00fcllt ist. <strong>Langlebig und stark:\u00a0<\/strong>Diese isolierte Edelstahl-Wasserflasche ist aus doppelwandigem Edelstahl gefertigt, der stark und langlebig ist. <br \/>sp\u00fclmaschinenfest, geeignet f\u00fcr alle Halter, Autohalter, Rucksackhalter und Fahrradhalter.<\/p>","protected":false},"featured_media":1643,"template":"","meta":{"_acf_changed":false,"_seopress_robots_primary_cat":"none","_seopress_titles_title":"","_seopress_titles_desc":"","_seopress_robots_index":"","_uag_custom_page_level_css":""},"product_brand":[],"product_cat":[40,19,24],"product_tag":[],"class_list":{"0":"post-1658","1":"product","2":"type-product","3":"status-publish","4":"has-post-thumbnail","6":"product_cat-stainless-steel-tumbler","7":"product_cat-stainless-steel-water-bottle","8":"product_cat-tumblers-mugs","10":"first","11":"instock","12":"shipping-taxable","13":"product-type-simple"},"acf":[],"uagb_featured_image_src":{"full":["https:\/\/eco-drinkware.com\/wp-content\/uploads\/2023\/02\/Stanley-QUENCHER-FLOWSTATE-Adventure-40-oz-Tumbler-with-handle-3.jpg",1000,1000,false],"thumbnail":["https:\/\/eco-drinkware.com\/wp-content\/uploads\/2023\/02\/Stanley-QUENCHER-FLOWSTATE-Adventure-40-oz-Tumbler-with-handle-3-150x150.jpg",150,150,true],"medium":["https:\/\/eco-drinkware.com\/wp-content\/uploads\/2023\/02\/Stanley-QUENCHER-FLOWSTATE-Adventure-40-oz-Tumbler-with-handle-3-300x300.jpg",300,300,true],"medium_large":["https:\/\/eco-drinkware.com\/wp-content\/uploads\/2023\/02\/Stanley-QUENCHER-FLOWSTATE-Adventure-40-oz-Tumbler-with-handle-3-768x768.jpg",768,768,true],"large":["https:\/\/eco-drinkware.com\/wp-content\/uploads\/2023\/02\/Stanley-QUENCHER-FLOWSTATE-Adventure-40-oz-Tumbler-with-handle-3.jpg",1000,1000,false],"1536x1536":["https:\/\/eco-drinkware.com\/wp-content\/uploads\/2023\/02\/Stanley-QUENCHER-FLOWSTATE-Adventure-40-oz-Tumbler-with-handle-3.jpg",1000,1000,false],"2048x2048":["https:\/\/eco-drinkware.com\/wp-content\/uploads\/2023\/02\/Stanley-QUENCHER-FLOWSTATE-Adventure-40-oz-Tumbler-with-handle-3.jpg",1000,1000,false],"trp-custom-language-flag":["https:\/\/eco-drinkware.com\/wp-content\/uploads\/2023\/02\/Stanley-QUENCHER-FLOWSTATE-Adventure-40-oz-Tumbler-with-handle-3.jpg",12,12,false],"woocommerce_thumbnail":["https:\/\/eco-drinkware.com\/wp-content\/uploads\/2023\/02\/Stanley-QUENCHER-FLOWSTATE-Adventure-40-oz-Tumbler-with-handle-3-300x300.jpg",300,300,true],"woocommerce_single":["https:\/\/eco-drinkware.com\/wp-content\/uploads\/2023\/02\/Stanley-QUENCHER-FLOWSTATE-Adventure-40-oz-Tumbler-with-handle-3-600x600.jpg",600,600,true],"woocommerce_gallery_thumbnail":["https:\/\/eco-drinkware.com\/wp-content\/uploads\/2023\/02\/Stanley-QUENCHER-FLOWSTATE-Adventure-40-oz-Tumbler-with-handle-3-100x100.jpg",100,100,true]},"uagb_author_info":{"display_name":"Amy","author_link":"https:\/\/eco-drinkware.com\/de\/author\/"},"uagb_comment_info":0,"uagb_excerpt":"LFGB and FDA approved hot selling stanley 40OZ stainless steel tumbler with handle at side, BPA Free eco friendly 18\/8 stainless steel material. scratching resistance. Good for our healthy. Big mouth opening: Convenient for putting ice cubes and drinking Keeps water hot for 12 hours and cold for 24 hours Rust-proof and spill proof Capacity:40OZ\/1200ml&hellip;","_links":{"self":[{"href":"https:\/\/eco-drinkware.com\/de\/wp-json\/wp\/v2\/product\/1658","targetHints":{"allow":["GET"]}}],"collection":[{"href":"https:\/\/eco-drinkware.com\/de\/wp-json\/wp\/v2\/product"}],"about":[{"href":"https:\/\/eco-drinkware.com\/de\/wp-json\/wp\/v2\/types\/product"}],"wp:featuredmedia":[{"embeddable":true,"href":"https:\/\/eco-drinkware.com\/de\/wp-json\/wp\/v2\/media\/1643"}],"wp:attachment":[{"href":"https:\/\/eco-drinkware.com\/de\/wp-json\/wp\/v2\/media?parent=1658"}],"wp:term":[{"taxonomy":"product_brand","embeddable":true,"href":"https:\/\/eco-drinkware.com\/de\/wp-json\/wp\/v2\/product_brand?post=1658"},{"taxonomy":"product_cat","embeddable":true,"href":"https:\/\/eco-drinkware.com\/de\/wp-json\/wp\/v2\/product_cat?post=1658"},{"taxonomy":"product_tag","embeddable":true,"href":"https:\/\/eco-drinkware.com\/de\/wp-json\/wp\/v2\/product_tag?post=1658"}],"curies":[{"name":"wp","href":"https:\/\/api.w.org\/{rel}","templated":true}]}}