{"id":1916,"date":"2023-06-04T22:09:47","date_gmt":"2023-06-04T14:09:47","guid":{"rendered":"https:\/\/eco-drinkware.com\/?post_type=product&#038;p=1916"},"modified":"2023-07-04T15:46:02","modified_gmt":"2023-07-04T07:46:02","slug":"12oz-klean-kanteen-doppelwandiger-kaffeebecher-aus-edelstahl","status":"publish","type":"product","link":"https:\/\/eco-drinkware.com\/de\/product\/12oz-klean-kanteen-doppelwandiger-kaffeebecher-aus-edelstahl\/","title":{"rendered":"12OZ klean kanteen doppelwandiger Kaffeebecher aus Edelstahl"},"content":{"rendered":"<h2 class=\"wp-block-heading\">Produktmerkmale:<\/h2>\n\n\n\n<p>\u25cf Material: 18\/8 Edelstahl, wir nennen es auch 304 Edelstahl. Deckel:pp, Silikon .<br>100% BPA-frei und gesundheitlich unbedenklich. Alle Materialien sind ungiftig. Es ist der Trend, dauerhafte Wasserflasche statt Einweg-Plastikflasche zu verwenden. So wird die Welt mehr sauber und sch\u00f6n sein.<br>\u25cf Der Deckel ist auslaufsicher. Kein Auslaufen.<br>\u25cf Dieser Edelstahlbecher ist doppelwandig isoliert mit Kupfer beschichtet, wiederverwendbare Wasserflasche. Es ist doppelwandig isolierte Konstruktion, h\u00e4lt Wasser hei\u00df f\u00fcr 12 Stunden und kalt \u00fcber 24 hours.Use diese wiederverwendbare Wasserflasche und f\u00fchlen sich hydratisiert den ganzen Tag lang. Nehmen Sie mit unserem 350ml Becher, f\u00fchlen sich k\u00fchl den ganzen Tag.<br>\u25cf Mit rutschfester Unterlage zum Schutz des Bechers, auf der Sie Ihr eigenes Logo oder Zitat anbringen k\u00f6nnen.<br>\u25cf Einfaches Design und klassische Form, perfekt f\u00fcr das einfache moderne Leben.<br>\u25cfColor: Wir k\u00f6nnen jede m\u00f6gliche Farbe f\u00fcr Kunden tun. PMS Farbe ist willkommen. Sowohl der K\u00f6rper als auch der Deckel k\u00f6nnen PMS-Farbe tun.<br>Diese kugelf\u00f6rmige Thermoskanne ist gut f\u00fcr Erwachsene geeignet und l\u00e4sst sich leicht zum Campen, Spazierengehen, Laufen usw. mitnehmen - perfekt f\u00fcr Wasser, Saft und Kaffee.<br>\u25cfBeschichtung: keine Beschichtung (geb\u00fcrsteter Edelstahl), Spritzlackierung, Pulverbeschichtung, Verkupferung, etc.<br>\u25cfMuster: benutzerdefinierte Muster k\u00f6nnen gedruckt werden und kann durch verschiedene Drucktechniken durchgef\u00fchrt werden: Siebdruck, W\u00e4rme\u00fcbertragung Druck, Wasser-Transfer-Druck, Sublimation Transfer, etc.<br>\u25cfLogo: Leicht zu arbeiten auf benutzerdefinierte Logo. Logo-Optionen umfassen: Abziehbild-Logo, Seidendruck, W\u00e4rme\u00fcbertragung, Sublimation, etc. Willkommen, um Ihr Logo zu teilen. Unser Team wird Mock up zur\u00fcck zu senden.<br>\u25cfPackaging Box: wei\u00dfe Box, benutzerdefinierte bedruckte Box, Zylinder-Box, Blase Tasche, Geschenk-Box, jede kundenspezifische Design-Paket ist willkommen, etc<br>\u25cfSp\u00fclmaschinenfester Edelstahlbecher, der in der Waschmaschine gewaschen werden kann.<br>Eine doppelwandige isolierte Colaflasche ist ein Beh\u00e4lter, der dazu dient, kohlens\u00e4urehaltige Getr\u00e4nke wie Limonade oder Cola unterwegs auf einer konstanten Temperatur zu halten. Die Flasche besteht in der Regel aus einer doppelwandigen Konstruktion mit einem vakuumversiegelten Raum zwischen der Innen- und der Au\u00dfenwand, der f\u00fcr hervorragende Isoliereigenschaften sorgt.<br>Der vakuumversiegelte Raum zwischen den W\u00e4nden wirkt wie eine Barriere, die verhindert, dass W\u00e4rme in die Flasche eindringt oder entweicht. Dadurch bleiben hei\u00dfe Getr\u00e4nke wie Kaffee, Tee oder Suppe mehrere Stunden lang hei\u00df, w\u00e4hrend kalte Getr\u00e4nke wie Wasser, Saft oder Limonade \u00fcber einen l\u00e4ngeren Zeitraum hinweg kalt bleiben.<br>Isolierte Flaschen sind eine ausgezeichnete Wahl f\u00fcr Menschen, die ihre Getr\u00e4nke unterwegs auf einer konstanten Temperatur halten wollen, egal ob sie wandern, campen, reisen oder einfach nur zur Arbeit pendeln.<br>Spezialisiert auf die Herstellung und den Export aller Arten von Trinkgeschirr wie Wasserflaschen, Gro\u00dfhandelsbecher, Lebensmittelbeh\u00e4lter, Hunden\u00e4pfe, Salatsch\u00fcsseln, Dosenk\u00fchler. Eco Drinkware verf\u00fcgt \u00fcber automatisierte und hocheffiziente Produktionslinien. Wir setzen auf Industrie 4.0 und bleiben in der Branche wettbewerbsf\u00e4hig. Die automatisierte Produktion macht unsere Produkte kosteng\u00fcnstiger und wettbewerbsf\u00e4higer im Preis.<br>\u25cfEco Drinkware tun OEM &amp;ODM. Mit Top-Profi-Ingenieure mit mehr als 10 Jahre Wasserflasche Herstellung Industrie Erfahrung, einfach, um Ihre Idee in tats\u00e4chliche Produkte zu machen. herzlich willkommen, mit uns f\u00fcr Ihre Idee zu teilen.<br>\u25cf Wir tun Qualit\u00e4tskontrolle auf Linie, um die Produktion sicherzustellen geht gut und kein Fehler. Wenn es Fehler gibt, k\u00f6nnen wir es auf Zeit korrigieren, um Kosten zu sparen. Qualit\u00e4t ist unsere Kultur, wir vertrauen darauf, dass Qualit\u00e4t mehr f\u00fcr Kunden und Hersteller bringt. Wenn Sie sich f\u00fcr Eco Drinkware entscheiden, werden Sie mehr Kunden und einen gr\u00f6\u00dferen Markt bekommen. Weil unser Team gl\u00fccklich ist, uns selbst und unsere Produkte zu verbessern, um in unserer Branche hervorragend zu sein.<br>\u25cfVersandmethode: FOB, CIF, DDU, DDP per Bahn oder Schiff an Kunden weltweit.<\/p>\n\n\n\n<figure class=\"wp-block-image size-full\"><img loading=\"lazy\" decoding=\"async\" width=\"790\" height=\"790\" src=\"https:\/\/eco-drinkware.com\/wp-content\/uploads\/2023\/06\/gv025-4.jpg\" alt=\"12oz klean kanteen doppelwandiger kaffeebecher aus edelstahl\" class=\"wp-image-1919\" srcset=\"https:\/\/eco-drinkware.com\/wp-content\/uploads\/2023\/06\/gv025-4.jpg 790w, https:\/\/eco-drinkware.com\/wp-content\/uploads\/2023\/06\/gv025-4-300x300.jpg 300w, https:\/\/eco-drinkware.com\/wp-content\/uploads\/2023\/06\/gv025-4-150x150.jpg 150w, https:\/\/eco-drinkware.com\/wp-content\/uploads\/2023\/06\/gv025-4-768x768.jpg 768w, https:\/\/eco-drinkware.com\/wp-content\/uploads\/2023\/06\/gv025-4-600x600.jpg 600w, https:\/\/eco-drinkware.com\/wp-content\/uploads\/2023\/06\/gv025-4-100x100.jpg 100w\" sizes=\"auto, (max-width: 790px) 100vw, 790px\" \/><\/figure>\n\n\n\n<h2 class=\"wp-block-heading\">Produktspezifikationen:<\/h2>\n\n\n\n<p><\/p>\n\n\n\n<div class=\"wp-block-columns is-layout-flex wp-container-core-columns-is-layout-9d6595d7 wp-block-columns-is-layout-flex\">\n<div class=\"wp-block-column is-layout-flow wp-block-column-is-layout-flow\"><\/div>\n\n\n\n<div class=\"wp-block-column is-layout-flow wp-block-column-is-layout-flow\"><\/div>\n<\/div>\n\n\n\n<div class=\"wp-block-columns is-layout-flex wp-container-core-columns-is-layout-9d6595d7 wp-block-columns-is-layout-flex\">\n<div class=\"wp-block-column is-layout-flow wp-block-column-is-layout-flow\" style=\"flex-basis:100%\">\n<p><\/p>\n\n\n\n<figure class=\"wp-block-table is-style-stripes\"><table><tbody><tr><td>CItem-Nummer<\/td><td>GV025<\/td><\/tr><tr><td>Kapazit\u00e4t<\/td><td>\u00a012OZ \/350ml<\/td><\/tr><tr><td>Isoliert<\/td><td>Ja&nbsp;&nbsp;&nbsp;&nbsp;&nbsp;&nbsp;&nbsp;&nbsp;&nbsp;&nbsp;&nbsp;&nbsp;&nbsp;<\/td><\/tr><tr><td>Position des Logos<\/td><td>Becherk\u00f6rper, rutschfestes Polster am Boden<\/td><\/tr><tr><td>Farbe<\/td><td>Rot, Silber, Gr\u00fcn, Blau, Wei\u00df, Schwarz, Ros\u00e9gold, kundenspezifische Farbe, PMS-Farbe<\/td><\/tr><tr><td>Material<\/td><td>Innen aus Edelstahl 304 und au\u00dfen aus Edelstahl 201<\/td><\/tr><tr><td>Merkmal<\/td><td>Doppelwandige Vakuumflasche, gro\u00dfes Fassungsverm\u00f6gen, kundenspezifisches Design <\/td><\/tr><tr><td>MOQ<\/td><td>100 St\u00fcck<\/td><\/tr><tr><td>Logo<\/td><td>Laser, Seidendruck, W\u00e4rme\u00fcbertragung, Wasser\u00fcbertragung, Gas\u00fcbertragung, 3D-Druck, Sublimation, etc.<\/td><\/tr><tr><td>Paket<\/td><td>wei\u00dfe Schachtel, individuell bedruckte Schachtel, Zylinderschachtel, Luftpolstertasche, Geschenkschachtel<\/td><\/tr><tr><td>Probezeit<\/td><td>3 Tage f\u00fcr Standardmuster, 7 Tage f\u00fcr individuelle Logomuster<\/td><\/tr><tr><td>Produktionszeit<\/td><td>10-35 Tage je nach Menge und Anforderungen<\/td><\/tr><tr><td>\u00dcber die Bezahlung<\/td><td>\u00dcberweisung, Paypal, Western Union, Handelsversicherung<\/td><\/tr><tr><td>Herkunftsland<\/td><td>Hergestellt in China<\/td><\/tr><tr><td>Herkunft der Bescheinigung<\/td><td>Ja, wir k\u00f6nnen anbieten<\/td><\/tr><tr><td>Neue Form Flasche<\/td><td>Ja, wir haben ein neues Formenentwicklungsteam<\/td><\/tr><tr><td>Bedingungen<\/td><td>EXW,FOB,CIF, DDU, DDP<\/td><\/tr><\/tbody><\/table><\/figure>\n<\/div>\n<\/div>","protected":false},"excerpt":{"rendered":"<p>LFGB und FDA genehmigt benutzerdefinierte Label 12OZ Kaffeebecher f\u00fcr Gro\u00dfhandel, benutzerdefinierte Farbe, Logo, Muster und Paket sind willkommen. Erfahrene Wasserflasche Hersteller in China.unterst\u00fctzen \u00dcbersee Versand und Service<\/p>\n<ul>\n<li>BPA frei umweltfreundlich 18\/8 Edelstahl Material. Kratzfestigkeit. Gut f\u00fcr unsere Gesundheit.<\/li>\n<li>Breite \u00d6ffnung f\u00fcr einfaches Trinken. Man kann auch Eis hineinlegen.<\/li>\n<li>Doppelwandig isolierte Konstruktion<\/li>\n<li>Klappdeckel ist perfekt f\u00fcr einh\u00e4ndiges Trinken<\/li>\n<li>Mit rutschfester Unterlage zum Schutz des Bechers<\/li>\n<li>Rostfrei und auslaufsicher<\/li>\n<li>Fassungsverm\u00f6gen: 12OZ\/350ml<\/li>\n<li>Individuelle Farben und Designs sind willkommen.<\/li>\n<li>Unterst\u00fctzung benutzerdefinierter Pakete<\/li>\n<li>Schwei\u00dffrei: Diese Edelstahl-Wasserflasche schwitzt nicht, wenn sie mit eiskaltem Wasser gef\u00fcllt ist, und verbrennt Ihre H\u00e4nde nicht, wenn sie mit hei\u00dfem Wasser gef\u00fcllt ist.<\/li>\n<li>Langlebig und stark: Diese isolierte Edelstahl-Wasserflasche ist aus doppelwandigem Edelstahl gefertigt, der stark und langlebig ist.<\/li>\n<li>Verschiedene Farben sind verf\u00fcgbarSp\u00fclmaschinenfest, Passend f\u00fcr alle Halter, Autohalter, Rucksackhalter und Fahrradhalter.<\/li>\n<\/ul>","protected":false},"featured_media":1917,"template":"","meta":{"_acf_changed":false,"_seopress_robots_primary_cat":"none","_seopress_titles_title":"","_seopress_titles_desc":"","_seopress_robots_index":"","_uag_custom_page_level_css":""},"product_brand":[],"product_cat":[32,41,40,38,54,20],"product_tag":[76,78,71,70,75,77,69],"class_list":{"0":"post-1916","1":"product","2":"type-product","3":"status-publish","4":"has-post-thumbnail","6":"product_cat-insulated-water-bottle","7":"product_cat-stainless-steel-mug","8":"product_cat-stainless-steel-tumbler","9":"product_cat-sublimation-tumbler","10":"product_cat-tea-bottle-coffee-tumblers","11":"product_cat-vacuum-flask","12":"product_tag-12-oz-coffee-mug","13":"product_tag-350ml-mug-for-ptomotion","14":"product_tag-bpa-free-vacuum-flask","15":"product_tag-double-wall-insulated-flask","16":"product_tag-klean-cantten-mug","17":"product_tag-personalized-insulated-mug","18":"product_tag-stainless-steel-flask","20":"first","21":"instock","22":"shipping-taxable","23":"product-type-simple"},"acf":[],"uagb_featured_image_src":{"full":["https:\/\/eco-drinkware.com\/wp-content\/uploads\/2023\/06\/gv025-1.jpg",750,750,false],"thumbnail":["https:\/\/eco-drinkware.com\/wp-content\/uploads\/2023\/06\/gv025-1-150x150.jpg",150,150,true],"medium":["https:\/\/eco-drinkware.com\/wp-content\/uploads\/2023\/06\/gv025-1-300x300.jpg",300,300,true],"medium_large":["https:\/\/eco-drinkware.com\/wp-content\/uploads\/2023\/06\/gv025-1.jpg",750,750,false],"large":["https:\/\/eco-drinkware.com\/wp-content\/uploads\/2023\/06\/gv025-1.jpg",750,750,false],"1536x1536":["https:\/\/eco-drinkware.com\/wp-content\/uploads\/2023\/06\/gv025-1.jpg",750,750,false],"2048x2048":["https:\/\/eco-drinkware.com\/wp-content\/uploads\/2023\/06\/gv025-1.jpg",750,750,false],"trp-custom-language-flag":["https:\/\/eco-drinkware.com\/wp-content\/uploads\/2023\/06\/gv025-1.jpg",12,12,false],"woocommerce_thumbnail":["https:\/\/eco-drinkware.com\/wp-content\/uploads\/2023\/06\/gv025-1-300x300.jpg",300,300,true],"woocommerce_single":["https:\/\/eco-drinkware.com\/wp-content\/uploads\/2023\/06\/gv025-1-600x600.jpg",600,600,true],"woocommerce_gallery_thumbnail":["https:\/\/eco-drinkware.com\/wp-content\/uploads\/2023\/06\/gv025-1-100x100.jpg",100,100,true]},"uagb_author_info":{"display_name":"Amy","author_link":"https:\/\/eco-drinkware.com\/de\/author\/"},"uagb_comment_info":0,"uagb_excerpt":"LFGB and FDA approved custom label 12OZ coffee mug for wholesale,custom color ,logo,pattern and package are welcome. Experienced water bottle manufacturer in China.Support oversea shipping and service BPA Free eco friendly 18\/8 stainless steel material. scratching resistance. Good for our healthy. Wide mouth for easy drinking. Okay to put ice inside. Double wall insulated design&hellip;","_links":{"self":[{"href":"https:\/\/eco-drinkware.com\/de\/wp-json\/wp\/v2\/product\/1916","targetHints":{"allow":["GET"]}}],"collection":[{"href":"https:\/\/eco-drinkware.com\/de\/wp-json\/wp\/v2\/product"}],"about":[{"href":"https:\/\/eco-drinkware.com\/de\/wp-json\/wp\/v2\/types\/product"}],"wp:featuredmedia":[{"embeddable":true,"href":"https:\/\/eco-drinkware.com\/de\/wp-json\/wp\/v2\/media\/1917"}],"wp:attachment":[{"href":"https:\/\/eco-drinkware.com\/de\/wp-json\/wp\/v2\/media?parent=1916"}],"wp:term":[{"taxonomy":"product_brand","embeddable":true,"href":"https:\/\/eco-drinkware.com\/de\/wp-json\/wp\/v2\/product_brand?post=1916"},{"taxonomy":"product_cat","embeddable":true,"href":"https:\/\/eco-drinkware.com\/de\/wp-json\/wp\/v2\/product_cat?post=1916"},{"taxonomy":"product_tag","embeddable":true,"href":"https:\/\/eco-drinkware.com\/de\/wp-json\/wp\/v2\/product_tag?post=1916"}],"curies":[{"name":"wp","href":"https:\/\/api.w.org\/{rel}","templated":true}]}}