{"id":2521,"date":"2024-09-29T16:23:29","date_gmt":"2024-09-29T08:23:29","guid":{"rendered":"https:\/\/eco-drinkware.com\/?post_type=product&#038;p=2521"},"modified":"2025-08-20T16:49:57","modified_gmt":"2025-08-20T08:49:57","slug":"individuell-gestaltete-600ml-teeflasche-aus-borosilikatglas-mit-teesieb-und-silikonmanschette-und-handgriffdeckel","status":"publish","type":"product","link":"https:\/\/eco-drinkware.com\/de\/product\/individuell-gestaltete-600ml-teeflasche-aus-borosilikatglas-mit-teesieb-und-silikonmanschette-und-handgriffdeckel\/","title":{"rendered":"Ma\u00dfgeschneiderte 600ml Teeflasche aus Borosilikatglas mit Teesieb und Silikonh\u00fclle und Handgriffdeckel"},"content":{"rendered":"<h2 class=\"wp-block-heading\">Kundenspezifische Glasflasche mit Teesieb f\u00fcr die Teezubereitung - das perfekte neue Produkt f\u00fcr die Teemarke.<\/h2>\n\n\n\n<p>\u25cf Material :18\/8 Edelstahl, wir nennen es auch 304 Edelstahl, Hochborosilikatglas .Deckel:pp, Silikon .<br>100% BPA-frei und gesundheitlich unbedenklich. Alle Materialien sind ungiftig. Es ist der Trend, dauerhafte Wasserflasche statt Einweg-Plastikflasche zu verwenden. So wird die Welt mehr sauber und sch\u00f6n sein.<br>\u25cf Der Deckel ist auslaufsicher. Kein Auslaufen. Mit gro\u00dfem Griff zum einfachen Tragen. Ihre Flasche zum Mitnehmen.<br>\u25cf Handgriff Deckel ist perfekt zum Mitnehmen. Es ist gut f\u00fcr Fitnessstudio, Wandern und so weiter.<br>\u25cf Einfaches Design und klassische Form, perfekt f\u00fcr einfache moderne life.Very gute Tee-Flasche f\u00fcr Marken-Promotions oder Gro\u00dfhandel.<\/p>\n\n\n\n<p>\u25cf Mit auf der Kappe aufgesetztem Teesieb. Perfekt f\u00fcr die Teezubereitung. Einfach Tee in den Aufgie\u00dfer geben. Schrauben Sie es auf den Deckel und legen Sie es in die Flasche. Ein paar Minuten sp\u00e4ter, genie\u00dfen Sie einfach Ihr Team.<br>\u25cfColor: Wir k\u00f6nnen jede m\u00f6gliche Farbe f\u00fcr Kunden tun. PMS Farbe ist willkommen. Sowohl der K\u00f6rper und Deckel kann PMS Farbe tun. Eco Drinkware Team kann Mock-up mit benutzerdefinierten Design bieten.<br>\u25cf Diese gerade Form Teeflasche ist gut f\u00fcr Erwachsene. Leicht zu nehmen es f\u00fcr Camping, Spaziergang, Laufen und so weiter.<br>\u25cfBeschichtung: keine Beschichtung (Klarglasfarbe), Spritzlackierung, Verkupferung, etc.<br>\u25cfMuster: benutzerdefinierte Muster k\u00f6nnen gedruckt werden und kann durch verschiedene Drucktechniken durchgef\u00fchrt werden: Siebdruck, W\u00e4rme\u00fcbertragung Druck, Wasser-Transfer-Druck, Sublimation Transfer, etc.<br>\u25cfLogo: Leicht zu arbeiten auf benutzerdefinierte Logo. Logo-Optionen umfassen: Abziehbild-Logo, Seidendruck, W\u00e4rme\u00fcbertragung, Sublimation, etc. Willkommen, um Ihr Logo zu teilen. Unser Team wird Mock up zur\u00fcck zu senden.<br>\u25cfPackaging Box: wei\u00dfe Box, benutzerdefinierte bedruckte Box, Zylinder-Box, Blase Tasche, Geschenk-Box, jede kundenspezifische Design-Paket ist willkommen, etc<br>\u25cfSp\u00fclmaschinenfeste Teeflasche aus Glas, kann in der Waschmaschine gewaschen werden.<br>\u25cf Diese Infusionsflasche aus Borosilikatglas ist eine ausgezeichnete Wahl f\u00fcr Menschen, die ihre Getr\u00e4nke unterwegs auf einer konstanten Temperatur halten wollen, egal ob sie wandern, campen, reisen oder einfach nur zur Arbeit pendeln.<br>Spezialisiert auf die Herstellung und den Export aller Arten von Trinkgeschirr wie Wasserflaschen, Glasflaschen, Glasbecher, Gro\u00dfhandelsbecher, Lebensmittelbeh\u00e4lter, Hunden\u00e4pfe, Salatsch\u00fcsseln, Dosenk\u00fchler, Glasflaschen, Bambusflaschen. Eco Drinkware verf\u00fcgt \u00fcber automatisierte und hocheffiziente Produktionslinien. Wir setzen auf Industrie 4.0 und bleiben in der Branche wettbewerbsf\u00e4hig. Die automatisierte Produktion macht unsere Produkte kosteng\u00fcnstiger und wettbewerbsf\u00e4higer im Preis.<br>\u25cfEco Drinkware tun OEM &amp;ODM. Mit Top-Profi-Ingenieure mit mehr als 10 Jahre Wasserflasche Herstellung Industrie Erfahrung, einfach, um Ihre Idee in tats\u00e4chliche Produkte zu machen. herzlich willkommen, mit uns f\u00fcr Ihre Idee zu teilen.<br>\u25cf Wir tun Qualit\u00e4tskontrolle auf Linie, um die Produktion sicherzustellen geht gut und kein Fehler. Wenn es Fehler gibt, k\u00f6nnen wir es auf Zeit korrigieren, um Kosten zu sparen. Qualit\u00e4t ist unsere Kultur. wir vertrauen darauf, dass Qualit\u00e4t mehr f\u00fcr Kunden und Hersteller bringt. Wenn Sie sich f\u00fcr Eco Drinkware entscheiden, werden Sie mehr Kunden und einen gr\u00f6\u00dferen Markt bekommen. Weil unser Team gl\u00fccklich ist, uns selbst und unsere Produkte zu verbessern, um in unserer Branche hervorragend zu sein.<br>\u25cfVersandmethode: FOB, CIF, DDU, DDP per Bahn oder Schiff an Kunden weltweit.<\/p>\n\n\n\n<figure class=\"wp-block-image size-full\"><img loading=\"lazy\" decoding=\"async\" width=\"700\" height=\"700\" src=\"https:\/\/eco-drinkware.com\/wp-content\/uploads\/2024\/09\/custom-glass-tea-bottle-600ml-1.jpg\" alt=\"Individuell gestaltete 600ml Teeflasche aus Borosilikatglas mit Teesieb und Silikonmanschette und Handgriffdeckel\" class=\"wp-image-2527\" srcset=\"https:\/\/eco-drinkware.com\/wp-content\/uploads\/2024\/09\/custom-glass-tea-bottle-600ml-1.jpg 700w, https:\/\/eco-drinkware.com\/wp-content\/uploads\/2024\/09\/custom-glass-tea-bottle-600ml-1-300x300.jpg 300w, https:\/\/eco-drinkware.com\/wp-content\/uploads\/2024\/09\/custom-glass-tea-bottle-600ml-1-150x150.jpg 150w, https:\/\/eco-drinkware.com\/wp-content\/uploads\/2024\/09\/custom-glass-tea-bottle-600ml-1-600x600.jpg 600w, https:\/\/eco-drinkware.com\/wp-content\/uploads\/2024\/09\/custom-glass-tea-bottle-600ml-1-100x100.jpg 100w\" sizes=\"auto, (max-width: 700px) 100vw, 700px\" \/><\/figure>\n\n\n\n<p>Beschreibung des Produkts<\/p>\n\n\n\n<figure class=\"wp-block-table\"><table class=\"has-fixed-layout\"><tbody><tr><td>Kapazit\u00e4t<\/td><td>600ml\/20OZ<\/td><\/tr><tr><td>MOQ<\/td><td>100 St\u00fcck f\u00fcr individuellen Logodruck<\/td><\/tr><tr><td>Durchmesser<\/td><td>Durchmesser: 70 mm (2,76 Zoll)&nbsp;&nbsp;&nbsp;&nbsp;&nbsp;&nbsp;&nbsp;&nbsp;&nbsp;&nbsp;&nbsp;&nbsp;&nbsp;&nbsp;&nbsp;&nbsp;&nbsp;&nbsp;&nbsp;&nbsp;&nbsp;<\/td><\/tr><tr><td>H\u00f6he<\/td><td>275 mm (10,83 Zoll)<\/td><\/tr><tr><td>Farbe<\/td><td>Klar, kundenspezifische Farbe<\/td><\/tr><tr><td>Logo<\/td><td>Abziehbild-Logo, Seidendruck, W\u00e4rme\u00fcbertragung, Sublimation, usw.<\/td><\/tr><tr><td>Paket<\/td><td>wei\u00dfe Schachtel, individuell bedruckte Schachtel, Zylinderschachtel, Luftpolstertasche, Geschenkschachtel<\/td><\/tr><tr><td>Probezeit<\/td><td>3 Tage f\u00fcr Standardmuster, 7 Tage f\u00fcr individuelle Logomuster<\/td><\/tr><tr><td>Produktionszeit<\/td><td>10-35 Tage je nach Menge und Anforderungen<\/td><\/tr><tr><td>\u00dcber die Bezahlung<\/td><td>\u00dcberweisung, Paypal, Western Union<\/td><\/tr><tr><td>Herkunftsland<\/td><td>Hergestellt in China<\/td><\/tr><\/tbody><\/table><\/figure>","protected":false},"excerpt":{"rendered":"<p><!-- wp:heading --><\/p>\n<p><!-- \/wp:heading --><\/p>\n<p><!-- wp:paragraph --><\/p>\n<p>Qualit\u00e4t benutzerdefinierte Glas Teeflasche mit wettbewerbsf\u00e4higen Preis, elegent Design mit infuser.Perfect f\u00fcr Tee Marke Gro\u00dfhandel<br \/><strong>\u25cf Werkstoff<\/strong>Geh\u00e4use aus hochgl\u00e4nzendem, hochtransparentem Borosilikatglas, Silikon, Deckel: neuer PP-Kunststoff, Edelstahl und Silikon<br \/><strong>\u25cf <\/strong>Mit einfachem Tragegriff Silikonh\u00fclle. Diese H\u00fclle ber\u00fchrt softt und kann die Glas-Teeflasche gut sch\u00fctzen<br \/><strong>\u25cf Farbe<\/strong>Glasflasche: Glasflasche normalerweise in klarer Farbe. Eco Drinkware kann bunte Flasche durch Spritzen Malerei, UV-Galvanik F\u00e4higkeit zu tun.<br \/><strong>\u25cf Sonderfunktion:<\/strong>mit feinmaschigem Edelstahlsieb im Inneren der Flasche, auch Infusor genannt. Der Kunde kann Tee f\u00fcr die Teezubereitung, Kaffeezubereitung oder Fr\u00fcchteteezubereitung hineinlegen. Sehr bequem zu genie\u00dfen Tee Leben.<br \/><strong>\u25cf Muster: <\/strong>individuelle Muster k\u00f6nnen aufgedruckt werden, und zwar mit verschiedenen Drucktechniken: Siebdruck, Thermotransferdruck, Wassertransferdruck, Sublimationstransfer, usw.<br \/><strong>\u25cf Logo: <\/strong>Einfaches Bearbeiten von kundenspezifischen Logos. Logo-Optionen sind: Abziehbild Logo, Seidendruck, W\u00e4rme\u00fcbertragung, Sublimation, etc. Es ist gut f\u00fcr Marke builing, Werbung und Geschenkdruck.<br \/>\u25cf Sp\u00fclmaschinenfest und mikrowellengeeignet.<br \/><strong>\u25cf Verpackungskiste: <\/strong>wei\u00dfe Schachtel, benutzerdefinierte bedruckte Box, Zylinder-Box, Blase Tasche, Geschenk-Box, jede kundenspezifische Design-Paket ist willkommen, etc.\u00a0<\/p>\n<p><!-- \/wp:paragraph --><\/p>","protected":false},"featured_media":2523,"template":"","meta":{"_acf_changed":false,"_seopress_robots_primary_cat":"none","_seopress_titles_title":"Customized 600ml borosilicate glass tea bottle with infuser and silicone sleeve and hanle lid","_seopress_titles_desc":"Perfect for tea brand wholesale. Support custom design and package. Food safe materials. Diswasher safe. Whatsapp:0086 13567428830.","_seopress_robots_index":"","_uag_custom_page_level_css":""},"product_brand":[],"product_cat":[22,35],"product_tag":[59,100,101,99,98,97,58,102],"class_list":{"0":"post-2521","1":"product","2":"type-product","3":"status-publish","4":"has-post-thumbnail","6":"product_cat-glass-water-bottle","7":"product_cat-single-wall-gass-bottle","8":"product_tag-bpa-free","9":"product_tag-custom-glass-bottle","10":"product_tag-glass-bottle-with-silicone-sleeve","11":"product_tag-glass-bottle-with-strainer","12":"product_tag-glass-infuser-bottle","13":"product_tag-glass-tea-bottle","14":"product_tag-glass-water-bottle","15":"product_tag-handle-lid-glass-tea-bottle","17":"first","18":"instock","19":"shipping-taxable","20":"product-type-simple"},"acf":[],"uagb_featured_image_src":{"full":["https:\/\/eco-drinkware.com\/wp-content\/uploads\/2024\/09\/custom-glass-tea-bottle-color.jpg",700,700,false],"thumbnail":["https:\/\/eco-drinkware.com\/wp-content\/uploads\/2024\/09\/custom-glass-tea-bottle-color-150x150.jpg",150,150,true],"medium":["https:\/\/eco-drinkware.com\/wp-content\/uploads\/2024\/09\/custom-glass-tea-bottle-color-300x300.jpg",300,300,true],"medium_large":["https:\/\/eco-drinkware.com\/wp-content\/uploads\/2024\/09\/custom-glass-tea-bottle-color.jpg",700,700,false],"large":["https:\/\/eco-drinkware.com\/wp-content\/uploads\/2024\/09\/custom-glass-tea-bottle-color.jpg",700,700,false],"1536x1536":["https:\/\/eco-drinkware.com\/wp-content\/uploads\/2024\/09\/custom-glass-tea-bottle-color.jpg",700,700,false],"2048x2048":["https:\/\/eco-drinkware.com\/wp-content\/uploads\/2024\/09\/custom-glass-tea-bottle-color.jpg",700,700,false],"trp-custom-language-flag":["https:\/\/eco-drinkware.com\/wp-content\/uploads\/2024\/09\/custom-glass-tea-bottle-color.jpg",12,12,false],"woocommerce_thumbnail":["https:\/\/eco-drinkware.com\/wp-content\/uploads\/2024\/09\/custom-glass-tea-bottle-color-300x300.jpg",300,300,true],"woocommerce_single":["https:\/\/eco-drinkware.com\/wp-content\/uploads\/2024\/09\/custom-glass-tea-bottle-color-600x600.jpg",600,600,true],"woocommerce_gallery_thumbnail":["https:\/\/eco-drinkware.com\/wp-content\/uploads\/2024\/09\/custom-glass-tea-bottle-color-100x100.jpg",100,100,true]},"uagb_author_info":{"display_name":"Amy","author_link":"https:\/\/eco-drinkware.com\/de\/author\/"},"uagb_comment_info":0,"uagb_excerpt":"Quality custom glass tea bottle with competitive price, elegent design with infuser.Perfect for tea brand wholesale\u25cf Material: high bright high clear borosilicate glass body ,silicone, lid :new pp plastic ,stainless steel and silicone\u25cf With easy carry handle silicone sleeve. This sleeve touched softt and can protect the glass tea bottle well\u25cf Color: glass bottle normally&hellip;","_links":{"self":[{"href":"https:\/\/eco-drinkware.com\/de\/wp-json\/wp\/v2\/product\/2521","targetHints":{"allow":["GET"]}}],"collection":[{"href":"https:\/\/eco-drinkware.com\/de\/wp-json\/wp\/v2\/product"}],"about":[{"href":"https:\/\/eco-drinkware.com\/de\/wp-json\/wp\/v2\/types\/product"}],"wp:featuredmedia":[{"embeddable":true,"href":"https:\/\/eco-drinkware.com\/de\/wp-json\/wp\/v2\/media\/2523"}],"wp:attachment":[{"href":"https:\/\/eco-drinkware.com\/de\/wp-json\/wp\/v2\/media?parent=2521"}],"wp:term":[{"taxonomy":"product_brand","embeddable":true,"href":"https:\/\/eco-drinkware.com\/de\/wp-json\/wp\/v2\/product_brand?post=2521"},{"taxonomy":"product_cat","embeddable":true,"href":"https:\/\/eco-drinkware.com\/de\/wp-json\/wp\/v2\/product_cat?post=2521"},{"taxonomy":"product_tag","embeddable":true,"href":"https:\/\/eco-drinkware.com\/de\/wp-json\/wp\/v2\/product_tag?post=2521"}],"curies":[{"name":"wp","href":"https:\/\/api.w.org\/{rel}","templated":true}]}}