{"id":2584,"date":"2024-10-31T15:22:16","date_gmt":"2024-10-31T07:22:16","guid":{"rendered":"https:\/\/eco-drinkware.com\/?post_type=product&#038;p=2584"},"modified":"2025-08-20T15:15:12","modified_gmt":"2025-08-20T07:15:12","slug":"gt010-bottom-dripper-kunststoff-handlich-brauen-lose-blatt-perfekt-tee-steeper-teemaschine","status":"publish","type":"product","link":"https:\/\/eco-drinkware.com\/de\/product\/gt010-bottom-dripper-kunststoff-handlich-brauen-lose-blatt-perfekt-tee-steeper-teemaschine\/","title":{"rendered":"GT010 bottom Dripper Kunststoff Handy Brew Loose Leaf Perfect Tea Steeper Teebereiter Bottom Dispensing"},"content":{"rendered":"<h2 class=\"wp-block-heading\">Produktmerkmale:<\/h2>\n\n\n\n<p>\u25cf Material: PC-Kunststoff, Sieb aus rostfreiem Stahl 304<br>100% BPA-frei und gesundheitlich unbedenklich. Alle Materialien sind ungiftig. <br>\u25cf Wie benutzt man diesen Teezubereiter? Perfekte Teekocher, um Tee zu machen. Geben Sie Tee und Wasser in den Teebereiter. Warten Sie ein paar Minuten. Wenn Sie denken, der Tee ist gut. Stellen Sie den Teezubereiter einfach \u00fcber den Teebecher. Der Tee wird vom Boden des Teebereiters in die Teetasse abgegeben. Nehmen Sie den Teebereiter ab und genie\u00dfen Sie Ihren Tee. <br>\u25cf mit gro\u00dfem Griff, einfach, den Teebereiter \u00fcberall hin mitzunehmen. Sehr bequem, unsere Hand und Finger zu halten.<br>\u25cf Einfaches Design und klassische Form, perfekt f\u00fcr einfache moderne life.Very gute Teekocher f\u00fcr Marken-Promotions oder Gro\u00dfhandel.<\/p>\n\n\n\n<p>\u25cf Mit Infusions\u00f6ffnung an der Unterseite. Perfekt f\u00fcr die Teezubereitung. Es ist sehr kleines Loch Mesh, um den Tee infundieren.lassen Sie einfach das Teewasser im Inneren der Tasse. <br>\u25cfColor: Wir k\u00f6nnen jede m\u00f6gliche Farbe f\u00fcr Kunden tun. PMS Farbe ist willkommen. Sowohl der K\u00f6rper und Deckel kann PMS Farbe tun. Eco Drinkware Team kann mock up mit benutzerdefinierten Design bieten. Stock Farbe: transparent, schwarz, braun.<br>\u25cfMuster: benutzerdefinierte Muster kann gedruckt werden und kann durch verschiedene Drucktechniken durchgef\u00fchrt werden: Siebdruck, W\u00e4rme\u00fcbertragung druckenetc.<br>\u25cfLogo: Leicht zu arbeiten auf benutzerdefinierte Logo. Logo-Optionen umfassen: Seidendruck, W\u00e4rme\u00fcbertragung, Sublimation, etc. Willkommen, Ihr Logo zu teilen. Unser Team wird Mock up zur\u00fcck zu senden.<br>\u25cfPackaging Box: wei\u00dfe Box, benutzerdefinierte bedruckte Box, Zylinder-Box, Blase Tasche, Geschenk-Box, jede kundenspezifische Design-Paket ist willkommen, etc<br>\u25cfSp\u00fclmaschinenfest, kann in der Waschmaschine gewaschen werden.<br>Eine doppelwandige isolierte Teeflasche ist ein Beh\u00e4lter, der dazu dient, kohlens\u00e4urehaltige Getr\u00e4nke wie Limonade oder Cola unterwegs auf einer konstanten Temperatur zu halten. Die Flasche besteht in der Regel aus einer doppelwandigen Konstruktion mit einem vakuumversiegelten Zwischenraum zwischen der Innen- und der Au\u00dfenwand, der f\u00fcr hervorragende Isoliereigenschaften sorgt.<br>\u25cfDieser Teezubereiter ist sehr sch\u00f6nes Design f\u00fcr Tee machen, genie\u00dfen Sie den Tee Leben. Es ist sehr gut, in Tee-Shop zu verkaufen. Gutes Zubeh\u00f6r f\u00fcr Tee Marke. Drucken Sie Ihre Marke auf sie und bieten mehr M\u00f6glichkeiten f\u00fcr den Endkunden.<br>Spezialisiert auf die Herstellung und den Export aller Arten von Trinkgeschirr wie Wasserflaschen, Gro\u00dfhandelsbecher, Lebensmittelbeh\u00e4lter, Hunden\u00e4pfe, Salatsch\u00fcsseln, Dosenk\u00fchler, Glasflaschen und Bambusflaschen. Eco Drinkware verf\u00fcgt \u00fcber automatisierte und hocheffiziente Produktionslinien. Wir setzen auf Industrie 4.0 und bleiben in der Branche wettbewerbsf\u00e4hig. Die automatisierte Produktion macht unsere Produkte kosteng\u00fcnstiger und wettbewerbsf\u00e4higer im Preis.<br>\u25cfEco Drinkware tun OEM &amp;ODM. Mit Top-Profi-Ingenieure mit mehr als 10 Jahre Wasserflasche Herstellung Industrie Erfahrung, einfach, um Ihre Idee in tats\u00e4chliche Produkte zu machen. herzlich willkommen, mit uns f\u00fcr Ihre Idee zu teilen.<br>\u25cf Wir tun Qualit\u00e4tskontrolle auf Linie, um die Produktion sicherzustellen geht gut und kein Fehler. Wenn es Fehler gibt, k\u00f6nnen wir es auf Zeit korrigieren, um Kosten zu sparen. Qualit\u00e4t ist unsere Kultur. wir vertrauen darauf, dass Qualit\u00e4t mehr f\u00fcr Kunden und Hersteller bringt. Wenn Sie sich f\u00fcr Eco Drinkware entscheiden, werden Sie mehr Kunden und einen gr\u00f6\u00dferen Markt bekommen. Weil unser Team gl\u00fccklich ist, uns selbst und unsere Produkte zu verbessern, um in unserer Branche hervorragend zu sein.<br>\u25cfVersandmethode: FOB, CIF, DDU, DDP per Bahn oder Schiff an Kunden weltweit.<\/p>\n\n\n\n<div class=\"wp-block-uagb-image uagb-block-ebf0aa1f wp-block-uagb-image--layout-default wp-block-uagb-image--effect-static wp-block-uagb-image--align-none\"><figure class=\"wp-block-uagb-image__figure\"><img decoding=\"async\" srcset=\"https:\/\/eco-drinkware.com\/wp-content\/uploads\/2024\/10\/bottom-dripper-tea-steeper-2.jpg ,https:\/\/eco-drinkware.com\/wp-content\/uploads\/2024\/10\/bottom-dripper-tea-steeper-2.jpg 780w, https:\/\/eco-drinkware.com\/wp-content\/uploads\/2024\/10\/bottom-dripper-tea-steeper-2.jpg 360w\" sizes=\"auto, (max-width: 480px) 150px\" src=\"https:\/\/eco-drinkware.com\/wp-content\/uploads\/2024\/10\/bottom-dripper-tea-steeper-2.jpg\" alt=\"gt010 bottom dripper kunststoff handlich brauen lose blatt perfekt tee steeper teemaschine\" class=\"uag-image-2585\" width=\"1000\" height=\"1000\" title=\"gt010 bottom dripper kunststoff handlich brauen lose blatt perfekt tee steeper teemaschine\" loading=\"lazy\" role=\"img\"\/><\/figure><\/div>\n\n\n\n<figure class=\"wp-block-table\"><table class=\"has-fixed-layout\"><tbody><tr><td>CItem-Nummer<\/td><td>GT010<\/td><\/tr><tr><td>Kapazit\u00e4t<\/td><td>20OZ \/600ml<\/td><\/tr><tr><td>Isoliert<\/td><td>keine&nbsp;&nbsp;&nbsp;&nbsp;&nbsp;&nbsp;&nbsp;&nbsp;&nbsp;&nbsp;&nbsp;&nbsp;<\/td><\/tr><tr><td>Position des Logos<\/td><td>Flaschenk\u00f6rper<\/td><\/tr><tr><td>Farbe<\/td><td>transparent, schwarz, braun, kundenspezifische Farbe, PMS-Farbe<\/td><\/tr><tr><td>Material<\/td><td>Kunststoff, Edelstahl 304 <\/td><\/tr><tr><td>Merkmal<\/td><td>Mit unterem Tropfer f\u00fcr die Teeabgabe<\/td><\/tr><tr><td>MOQ<\/td><td>100 St\u00fcck<\/td><\/tr><tr><td>Logo<\/td><td>Seidendruck, W\u00e4rme\u00fcbertragung, etc.<\/td><\/tr><tr><td>Paket<\/td><td>wei\u00dfe Schachtel, individuell bedruckte Schachtel, Zylinderschachtel, Luftpolstertasche, Geschenkschachtel<\/td><\/tr><tr><td>Probezeit<\/td><td>3 Tage f\u00fcr Standardmuster, 7 Tage f\u00fcr individuelle Logomuster<\/td><\/tr><tr><td>Produktionszeit<\/td><td>10-35 Tage je nach Menge und Anforderungen<\/td><\/tr><tr><td>\u00dcber die Bezahlung<\/td><td>\u00dcberweisung, Paypal, Western Union, Handelsversicherung<\/td><\/tr><tr><td>Herkunftsland<\/td><td>Hergestellt in China<\/td><\/tr><tr><td>Herkunft der Bescheinigung<\/td><td>Ja, wir k\u00f6nnen anbieten<\/td><\/tr><tr><td>Neue Form Flasche<\/td><td>Ja, wir haben ein neues Formenentwicklungsteam<\/td><\/tr><tr><td>Bedingungen<\/td><td>EXW,FOB,CIF, DDU, DDP<\/td><\/tr><\/tbody><\/table><\/figure>\n\n\n\n<p><\/p>","protected":false},"excerpt":{"rendered":"<p>Qualit\u00e4t Boden Tropfer Teemaschine f\u00fcr Tee Steeper Tee Marke Gro\u00dfhandel<\/p>\n<ul>\n<li>BPA frei lebensmittelechtes umweltfreundliches Material. kratzfest. Gut f\u00fcr unsere Gesundheit.<\/li>\n<li>Breite \u00d6ffnung zum Ausgie\u00dfen von Wasser. Okay, um Eisr\u00f6hre innen zu setzen. Auch gut f\u00fcr Eistee.<\/li>\n<li>Gro\u00dfer Griff an der Seite, leicht zu transportieren.<\/li>\n<li>Mit Infusor an der Unterseite, um Wasser in die Teetasse durch Gewichtsdruck freizugeben. Selbstst\u00e4ndige Teeherstellung, wenn auf die Teetasse gestellt.\u00a0<\/li>\n<li>Rostfrei und auslaufsicher.<\/li>\n<li>Erh\u00e4ltlich in der Gr\u00f6\u00dfe 600 ml, ideal f\u00fcr die Teezubereitung.<\/li>\n<li>Individuelle Farben und Designs sind willkommen.<\/li>\n<li>Unterst\u00fctzung benutzerdefinierter Pakete<\/li>\n<li>Verschiedene Farben sind verf\u00fcgbar, Unterst\u00fctzung f\u00fcr kundenspezifische Farbarbeit<\/li>\n<li>sp\u00fclmaschinenfest, kann in der Waschmaschine gewaschen werden<\/li>\n<\/ul>","protected":false},"featured_media":2585,"template":"","meta":{"_acf_changed":true,"_seopress_robots_primary_cat":"none","_seopress_titles_title":"Bottom Dripper Plastic Handy Brew Loose Leaf Perfect Tea Steeper tea maker Bottom Dispensing","_seopress_titles_desc":"Food safe and BPA free material, custom color and design is welcome. Profession manufacturer in China. DDP worldwide delivery. Whatsapp:0086 13567428830","_seopress_robots_index":"","_uag_custom_page_level_css":""},"product_brand":[],"product_cat":[54],"product_tag":[],"class_list":{"0":"post-2584","1":"product","2":"type-product","3":"status-publish","4":"has-post-thumbnail","6":"product_cat-tea-bottle-coffee-tumblers","8":"first","9":"instock","10":"shipping-taxable","11":"product-type-simple"},"acf":[],"uagb_featured_image_src":{"full":["https:\/\/eco-drinkware.com\/wp-content\/uploads\/2024\/10\/bottom-dripper-tea-steeper-2.jpg",1315,1500,false],"thumbnail":["https:\/\/eco-drinkware.com\/wp-content\/uploads\/2024\/10\/bottom-dripper-tea-steeper-2-132x150.jpg",132,150,true],"medium":["https:\/\/eco-drinkware.com\/wp-content\/uploads\/2024\/10\/bottom-dripper-tea-steeper-2-263x300.jpg",263,300,true],"medium_large":["https:\/\/eco-drinkware.com\/wp-content\/uploads\/2024\/10\/bottom-dripper-tea-steeper-2-768x876.jpg",768,876,true],"large":["https:\/\/eco-drinkware.com\/wp-content\/uploads\/2024\/10\/bottom-dripper-tea-steeper-2.jpg",1315,1500,false],"1536x1536":["https:\/\/eco-drinkware.com\/wp-content\/uploads\/2024\/10\/bottom-dripper-tea-steeper-2.jpg",1315,1500,false],"2048x2048":["https:\/\/eco-drinkware.com\/wp-content\/uploads\/2024\/10\/bottom-dripper-tea-steeper-2.jpg",1315,1500,false],"trp-custom-language-flag":["https:\/\/eco-drinkware.com\/wp-content\/uploads\/2024\/10\/bottom-dripper-tea-steeper-2.jpg",11,12,false],"woocommerce_thumbnail":["https:\/\/eco-drinkware.com\/wp-content\/uploads\/2024\/10\/bottom-dripper-tea-steeper-2-300x300.jpg",300,300,true],"woocommerce_single":["https:\/\/eco-drinkware.com\/wp-content\/uploads\/2024\/10\/bottom-dripper-tea-steeper-2-600x684.jpg",600,684,true],"woocommerce_gallery_thumbnail":["https:\/\/eco-drinkware.com\/wp-content\/uploads\/2024\/10\/bottom-dripper-tea-steeper-2-100x100.jpg",100,100,true]},"uagb_author_info":{"display_name":"Amy","author_link":"https:\/\/eco-drinkware.com\/de\/author\/"},"uagb_comment_info":0,"uagb_excerpt":"Quality bottom dripper tea maker for tea steeper tea brand wholesale BPA Free food safe ecofriendly l material. scratching resistance. Good for our healthy. Wide mouth for water pouring. Okay to put ice tube inside. Also good for ice tea. Big handle at side, easy to take away. With infuser at bottom to release water&hellip;","_links":{"self":[{"href":"https:\/\/eco-drinkware.com\/de\/wp-json\/wp\/v2\/product\/2584","targetHints":{"allow":["GET"]}}],"collection":[{"href":"https:\/\/eco-drinkware.com\/de\/wp-json\/wp\/v2\/product"}],"about":[{"href":"https:\/\/eco-drinkware.com\/de\/wp-json\/wp\/v2\/types\/product"}],"wp:featuredmedia":[{"embeddable":true,"href":"https:\/\/eco-drinkware.com\/de\/wp-json\/wp\/v2\/media\/2585"}],"wp:attachment":[{"href":"https:\/\/eco-drinkware.com\/de\/wp-json\/wp\/v2\/media?parent=2584"}],"wp:term":[{"taxonomy":"product_brand","embeddable":true,"href":"https:\/\/eco-drinkware.com\/de\/wp-json\/wp\/v2\/product_brand?post=2584"},{"taxonomy":"product_cat","embeddable":true,"href":"https:\/\/eco-drinkware.com\/de\/wp-json\/wp\/v2\/product_cat?post=2584"},{"taxonomy":"product_tag","embeddable":true,"href":"https:\/\/eco-drinkware.com\/de\/wp-json\/wp\/v2\/product_tag?post=2584"}],"curies":[{"name":"wp","href":"https:\/\/api.w.org\/{rel}","templated":true}]}}