{"id":2735,"date":"2024-12-24T16:15:23","date_gmt":"2024-12-24T08:15:23","guid":{"rendered":"https:\/\/eco-drinkware.com\/?post_type=product&#038;p=2735"},"modified":"2025-08-20T14:34:24","modified_gmt":"2025-08-20T06:34:24","slug":"gt011-teebruhgerat-handy-brew-tee-glas-tee-dripper","status":"publish","type":"product","link":"https:\/\/eco-drinkware.com\/de\/product\/gt011-teebruhgerat-handy-brew-tee-glas-tee-dripper\/","title":{"rendered":"GT011 Teebr\u00fchger\u00e4t Handy Brew Tea Glass Tea dripper Teekocher Bottom Dispensing Teapot-13oz klar"},"content":{"rendered":"<h2 class=\"wp-block-heading\">Produktmerkmale:<\/h2>\n\n\n\n<p>\u25cf Material: Hochborosilikatglas, Sieb aus Edelstahl 304<br>100% BPA-frei und gesundheitlich unbedenklich. Alle Materialien sind ungiftig und lebensmittelecht. <br>\u25cf Wie benutzt man diesen Teezubereiter? Perfekte Teekocher, um Tee zu machen. Geben Sie Tee und Wasser in den Teebereiter. Warten Sie ein paar Minuten. Wenn Sie denken, der Tee ist gut. Stellen Sie den Teezubereiter einfach \u00fcber den Teebecher. Der Tee wird vom Boden des Teebereiters in die Teetasse abgegeben. Nehmen Sie den Teebereiter ab und genie\u00dfen Sie Ihren Tee. <br>\u25cf mit gro\u00dfem Griff, einfach, den Teebereiter \u00fcberall hin mitzunehmen. Sehr bequem, unsere Hand und Finger zu halten.<br>\u25cf Einfaches Design und klassische Form, perfekt f\u00fcr das einfache moderne Leben. Sehr gut Bottom Dispensing Teekanne f\u00fcr Marken-Promotions oder Gro\u00dfhandel.<\/p>\n\n\n\n<p>\u25cf Mit aufgesetztem Teesieb am Boden. Perfekt f\u00fcr die Teezubereitung. Es ist sehr winziges Loch Mesh, um den Tee infundieren.lassen Sie einfach das Teewasser in der Tasse. Ein Teil des Interesses an dieser Teekanne besteht darin, dass sie \u00fcber ein automatisches Abschaltsystem verf\u00fcgt, das es Teetrinkern (und Kaffeetrinkern) erm\u00f6glicht, ihren frisch gebr\u00fchten Tee oder Kaffee ganz einfach und ohne viel Aufhebens zu genie\u00dfen.  Sie ist ideal f\u00fcr losen Blatttee, kann aber genauso gut f\u00fcr gemahlene Kaffeebohnen verwendet werden.  Er ist sehr einfach zu bedienen und h\u00e4lt alles sehr sauber und ordentlich.<br>\u25cfFarbe: Normale Farbe ist klare Farbe. Handle kann Farbe angepasst werden. Eco Drinkware Team kann Mock-up mit benutzerdefinierten Design bieten. Lager Farbe: transparent<br>\u25cfMuster: benutzerdefinierte Muster k\u00f6nnen gedruckt werden und k\u00f6nnen durch verschiedene Drucktechniken durchgef\u00fchrt werden: Siebdruck und Abziehbild usw.<br>\u25cfLogo: Leicht zu arbeiten auf benutzerdefinierte Logo. Logo-Optionen umfassen: Seidendruck, W\u00e4rme\u00fcbertragung, Sublimation, etc. Willkommen, Ihr Logo zu teilen. Unser Team wird Mock up zur\u00fcck zu senden.<br>\u25cfPackaging Box: wei\u00dfe Box, benutzerdefinierte bedruckte Box, Zylinder-Box, Blase Tasche, Geschenk-Box, jede kundenspezifische Design-Paket ist willkommen, etc<br>\u25cfSp\u00fclmaschinenfest, kann in der Sp\u00fclmaschine gereinigt werden.<br>\u25cfDieser Teezubereiter ist sehr sch\u00f6nes Design f\u00fcr Tee machen, genie\u00dfen Sie den Tee Leben. Es ist sehr gut, in Tee-Shop zu verkaufen. Gutes Zubeh\u00f6r f\u00fcr Tee Marke. Drucken Sie Ihre Marke auf sie und bieten mehr M\u00f6glichkeiten f\u00fcr Kunden.<br>Spezialisiert auf die Herstellung und den Export aller Arten von Trinkgeschirr wie Teeflaschen, Gro\u00dfhandelsbecher, Lebensmittelbeh\u00e4lter, Hunden\u00e4pfe, Salatsch\u00fcsseln, Dosenk\u00fchler, Glasflaschen und Bambusflaschen. Eco Drinkware verf\u00fcgt \u00fcber automatisierte und hocheffiziente Produktionslinien. Wir setzen auf Industrie 4.0 und bleiben in der Branche wettbewerbsf\u00e4hig. Die automatisierte Produktion macht unsere Produkte kosteng\u00fcnstiger und wettbewerbsf\u00e4higer im Preis.<br>\u25cfEco Drinkware tun OEM &amp;ODM. Mit Top-Profi-Ingenieure mit mehr als 10 Jahre Wasserflasche Herstellung Industrie Erfahrung, einfach, um Ihre Idee in tats\u00e4chliche Produkte zu machen. herzlich willkommen, mit uns f\u00fcr Ihre Idee zu teilen.<br>\u25cf Wir tun Qualit\u00e4tskontrolle auf Linie, um die Produktion sicherzustellen geht gut und kein Fehler. Wenn es Fehler gibt, k\u00f6nnen wir es auf Zeit korrigieren, um Kosten zu sparen. Qualit\u00e4t ist unsere Kultur. wir vertrauen darauf, dass Qualit\u00e4t mehr f\u00fcr Kunden und Hersteller bringt. Wenn Sie sich f\u00fcr Eco Drinkware entscheiden, werden Sie mehr Kunden und einen gr\u00f6\u00dferen Markt bekommen. Weil unser Team gl\u00fccklich ist, uns selbst und unsere Produkte zu verbessern, um in unserer Branche hervorragend zu sein.<br>\u25cfVersandmethode: FOB, CIF, DDU, DDP per Bahn oder Schiff an Kunden weltweit.<\/p>\n\n\n\n<figure class=\"wp-block-image size-full\"><img loading=\"lazy\" decoding=\"async\" width=\"1000\" height=\"1000\" src=\"https:\/\/eco-drinkware.com\/wp-content\/uploads\/2024\/12\/tea-maker-gift-box-pic-5.jpg\" alt=\"gt011 teebr\u00fchger\u00e4t handy brew tee glas tee dripper\" class=\"wp-image-2736\" srcset=\"https:\/\/eco-drinkware.com\/wp-content\/uploads\/2024\/12\/tea-maker-gift-box-pic-5.jpg 1000w, https:\/\/eco-drinkware.com\/wp-content\/uploads\/2024\/12\/tea-maker-gift-box-pic-5-300x300.jpg 300w, https:\/\/eco-drinkware.com\/wp-content\/uploads\/2024\/12\/tea-maker-gift-box-pic-5-150x150.jpg 150w, https:\/\/eco-drinkware.com\/wp-content\/uploads\/2024\/12\/tea-maker-gift-box-pic-5-768x768.jpg 768w, https:\/\/eco-drinkware.com\/wp-content\/uploads\/2024\/12\/tea-maker-gift-box-pic-5-600x600.jpg 600w, https:\/\/eco-drinkware.com\/wp-content\/uploads\/2024\/12\/tea-maker-gift-box-pic-5-100x100.jpg 100w\" sizes=\"auto, (max-width: 1000px) 100vw, 1000px\" \/><\/figure>\n\n\n\n<figure class=\"wp-block-table\"><table class=\"has-fixed-layout\"><tbody><tr><td>CItem-Nummer<\/td><td>GT011<\/td><\/tr><tr><td>Kapazit\u00e4t<\/td><td>13OZ \/400ml<\/td><\/tr><tr><td>Isoliert<\/td><td>keine&nbsp;&nbsp;&nbsp;&nbsp;&nbsp;&nbsp;&nbsp;&nbsp;&nbsp;&nbsp;&nbsp;&nbsp;<\/td><\/tr><tr><td>Position des Logos<\/td><td>Flaschenk\u00f6rper<\/td><\/tr><tr><td>Farbe<\/td><td>transparent<\/td><\/tr><tr><td>Material<\/td><td>Hochborosilikatglas, Edelstahl 304<\/td><\/tr><tr><td>Merkmal<\/td><td>Mit unterem Tropfer f\u00fcr die Teeabgabe<\/td><\/tr><tr><td>MOQ<\/td><td>100 St\u00fcck<\/td><\/tr><tr><td>Logo<\/td><td>Aufkleber, etc.<\/td><\/tr><tr><td>Paket<\/td><td>wei\u00dfe Schachtel, individuell bedruckte Schachtel, Zylinderschachtel, Luftpolstertasche, Geschenkschachtel<\/td><\/tr><tr><td>Probezeit<\/td><td>3 Tage f\u00fcr Standardmuster, 7 Tage f\u00fcr individuelle Logomuster<\/td><\/tr><tr><td>Produktionszeit<\/td><td>10-35 Tage je nach Menge und Anforderungen<\/td><\/tr><tr><td>\u00dcber die Bezahlung<\/td><td>\u00dcberweisung, Paypal, Western Union, Handelsversicherung<\/td><\/tr><tr><td>Herkunftsland<\/td><td>Hergestellt in China<\/td><\/tr><tr><td>Herkunft der Bescheinigung<\/td><td>Ja, wir k\u00f6nnen anbieten<\/td><\/tr><tr><td>Neue Form Flasche<\/td><td>Ja, wir haben ein neues Formenentwicklungsteam<\/td><\/tr><tr><td>Bedingungen<\/td><td>EXW,FOB,CIF, DDU, DDP<\/td><\/tr><\/tbody><\/table><\/figure>\n\n\n\n<p><\/p>","protected":false},"excerpt":{"rendered":"<p>Qualit\u00e4t Handy Brew Tee und Kaffee Maker Bottom Dispensing Teekanne Gro\u00dfhandel<\/p>\n<ul>\n<li>BPA frei lebensmittelechtes umweltfreundliches Material. kratzfest. Gut f\u00fcr unsere Gesundheit.<\/li>\n<li>Breite \u00d6ffnung zum Ausgie\u00dfen von Wasser. Okay, um Eisr\u00f6hre innen zu setzen. Auch gut f\u00fcr Eistee.<\/li>\n<li>Gro\u00dfer Griff an der Seite, leicht zu transportieren.<\/li>\n<li>Mit Infusor an der Unterseite, um Wasser in die Teetasse durch Gewichtsdruck freizugeben, automatische Teeherstellung beim Aufsetzen auf die Teetasse.\u00a0<\/li>\n<li>Rostfrei und auslaufsicher.<\/li>\n<li>Erh\u00e4ltlich in der Gr\u00f6\u00dfe 400 ml, ideal f\u00fcr die Teezubereitung.<\/li>\n<li>Individuelle Farben und Designs sind willkommen.<\/li>\n<li>Unterst\u00fctzung benutzerdefinierter Pakete<\/li>\n<li>Benutzerdefiniertes Logo und Marke ist druckbar<\/li>\n<li>sp\u00fclmaschinenfest, kann in der Waschmaschine gewaschen werden<\/li>\n<\/ul>","protected":false},"featured_media":2736,"template":"","meta":{"_acf_changed":true,"_seopress_robots_primary_cat":"none","_seopress_titles_title":"Food safe Glass Tea dripper tea maker Bottom Dispensing Teapot","_seopress_titles_desc":"BPA free and food safe materials. Custom deisgn and package supported.Reliable drinkware supplier in China, global shipping. Whatsapp: 0086 13567428830","_seopress_robots_index":"","_uag_custom_page_level_css":""},"product_brand":[],"product_cat":[43,25,22,35,54],"product_tag":[],"class_list":{"0":"post-2735","1":"product","2":"type-product","3":"status-publish","4":"has-post-thumbnail","6":"product_cat-glass-mugs","7":"product_cat-glass-tumbler-mugs","8":"product_cat-glass-water-bottle","9":"product_cat-single-wall-gass-bottle","10":"product_cat-tea-bottle-coffee-tumblers","12":"first","13":"instock","14":"shipping-taxable","15":"product-type-simple"},"acf":[],"uagb_featured_image_src":{"full":["https:\/\/eco-drinkware.com\/wp-content\/uploads\/2024\/12\/tea-maker-gift-box-pic-5.jpg",1000,1000,false],"thumbnail":["https:\/\/eco-drinkware.com\/wp-content\/uploads\/2024\/12\/tea-maker-gift-box-pic-5-150x150.jpg",150,150,true],"medium":["https:\/\/eco-drinkware.com\/wp-content\/uploads\/2024\/12\/tea-maker-gift-box-pic-5-300x300.jpg",300,300,true],"medium_large":["https:\/\/eco-drinkware.com\/wp-content\/uploads\/2024\/12\/tea-maker-gift-box-pic-5-768x768.jpg",768,768,true],"large":["https:\/\/eco-drinkware.com\/wp-content\/uploads\/2024\/12\/tea-maker-gift-box-pic-5.jpg",1000,1000,false],"1536x1536":["https:\/\/eco-drinkware.com\/wp-content\/uploads\/2024\/12\/tea-maker-gift-box-pic-5.jpg",1000,1000,false],"2048x2048":["https:\/\/eco-drinkware.com\/wp-content\/uploads\/2024\/12\/tea-maker-gift-box-pic-5.jpg",1000,1000,false],"trp-custom-language-flag":["https:\/\/eco-drinkware.com\/wp-content\/uploads\/2024\/12\/tea-maker-gift-box-pic-5.jpg",12,12,false],"woocommerce_thumbnail":["https:\/\/eco-drinkware.com\/wp-content\/uploads\/2024\/12\/tea-maker-gift-box-pic-5-300x300.jpg",300,300,true],"woocommerce_single":["https:\/\/eco-drinkware.com\/wp-content\/uploads\/2024\/12\/tea-maker-gift-box-pic-5-600x600.jpg",600,600,true],"woocommerce_gallery_thumbnail":["https:\/\/eco-drinkware.com\/wp-content\/uploads\/2024\/12\/tea-maker-gift-box-pic-5-100x100.jpg",100,100,true]},"uagb_author_info":{"display_name":"Amy","author_link":"https:\/\/eco-drinkware.com\/de\/author\/"},"uagb_comment_info":0,"uagb_excerpt":"Quality Handy Brew Tea and Coffee Maker Bottom Dispensing Teapot Wholesale BPA Free food safe ecofriendly\u00a0 materials. scratching resistance. Good for our healthy. Wide mouth for water pouring. Okay to put ice tube inside. Also good for ice tea. Big handle at side, easy to take away. With infuser at bottom to release water to&hellip;","_links":{"self":[{"href":"https:\/\/eco-drinkware.com\/de\/wp-json\/wp\/v2\/product\/2735","targetHints":{"allow":["GET"]}}],"collection":[{"href":"https:\/\/eco-drinkware.com\/de\/wp-json\/wp\/v2\/product"}],"about":[{"href":"https:\/\/eco-drinkware.com\/de\/wp-json\/wp\/v2\/types\/product"}],"wp:featuredmedia":[{"embeddable":true,"href":"https:\/\/eco-drinkware.com\/de\/wp-json\/wp\/v2\/media\/2736"}],"wp:attachment":[{"href":"https:\/\/eco-drinkware.com\/de\/wp-json\/wp\/v2\/media?parent=2735"}],"wp:term":[{"taxonomy":"product_brand","embeddable":true,"href":"https:\/\/eco-drinkware.com\/de\/wp-json\/wp\/v2\/product_brand?post=2735"},{"taxonomy":"product_cat","embeddable":true,"href":"https:\/\/eco-drinkware.com\/de\/wp-json\/wp\/v2\/product_cat?post=2735"},{"taxonomy":"product_tag","embeddable":true,"href":"https:\/\/eco-drinkware.com\/de\/wp-json\/wp\/v2\/product_tag?post=2735"}],"curies":[{"name":"wp","href":"https:\/\/api.w.org\/{rel}","templated":true}]}}