{"id":2899,"date":"2025-03-21T16:11:59","date_gmt":"2025-03-21T08:11:59","guid":{"rendered":"https:\/\/eco-drinkware.com\/?post_type=product&#038;p=2899"},"modified":"2025-03-21T16:45:22","modified_gmt":"2025-03-21T08:45:22","slug":"gv084-frankgreen-34oz-benutzerdefinierte-edelstahl-becher-personalisiertes-design-langlebig-isoliert-trinkgeschirr","status":"publish","type":"product","link":"https:\/\/eco-drinkware.com\/de\/product\/gv084-frankgreen-34oz-benutzerdefinierte-edelstahl-becher-personalisiertes-design-langlebig-isoliert-trinkgeschirr\/","title":{"rendered":"GV084 frankgreen 34oz benutzerdefinierte Edelstahl Becher - Personalisierte Design, langlebig &amp; isoliert Trinkgeschirr"},"content":{"rendered":"<h2 class=\"wp-block-heading\"><strong>34oz Custom Stainless Steel Tumbler - Gro\u00dfbestellung m\u00f6glich<\/strong><\/h2>\n\n\n\n<p><strong>Individuell gestaltbares Premium-Trinkgeschirr f\u00fcr jeden Bedarf<\/strong><br>Wir stellen vor\u00a0<strong>34oz Custom Edelstahl Becher<\/strong>ist die perfekte L\u00f6sung f\u00fcr Unternehmen, Veranstaltungen oder Werbegeschenke. Dieser mit Blick auf Haltbarkeit und Personalisierung entworfene Becher ist ideal f\u00fcr Gro\u00dfbestellungen und bietet au\u00dfergew\u00f6hnliche Qualit\u00e4t und Funktionalit\u00e4t zu wettbewerbsf\u00e4higen Fabrikpreisen.<\/p>\n\n\n\n<p><strong>Wesentliche Merkmale:<\/strong><\/p>\n\n\n\n<p>\ud83d\udca7\u00a0<strong>Gro\u00dfe 34oz Kapazit\u00e4t<\/strong>\u00a0- Er eignet sich perfekt, um Getr\u00e4nke den ganzen Tag \u00fcber hei\u00df oder kalt zu halten, und ist damit eine praktische Wahl f\u00fcr B\u00fcros, Veranstaltungen oder den Einzelhandel.<\/p>\n\n\n\n<p>\ud83c\udf21\ufe0f\u00a0<strong>Doppelwandige Vakuum-Isolierung<\/strong>\u00a0- Sorgt daf\u00fcr, dass Getr\u00e4nke bis zu 12 Stunden lang hei\u00df oder bis zu 24 Stunden lang kalt bleiben und bietet eine hervorragende Temperaturerhaltung.<\/p>\n\n\n\n<p>\ud83c\udf43&nbsp;<strong>Umweltfreundlich und langlebig:<\/strong>&nbsp;Dieser Becher aus hochwertigem, BPA-freiem Edelstahl ist f\u00fcr eine lange Lebensdauer ausgelegt. Verzichten Sie auf Einwegbecher und reduzieren Sie Abfall mit einer wiederverwendbaren, umweltbewussten Wahl.<\/p>\n\n\n\n<p>\ud83c\udfa8\u00a0<strong>Vollst\u00e4ndig anpassbar<\/strong>\u00a0- F\u00fcgen Sie Ihr Logo, Ihr Branding oder Ihr einzigartiges Design hinzu, um einen personalisierten Becher zu kreieren, der sich von anderen abhebt. Unser Werk unterst\u00fctzt kundenspezifischen Druck, Gravur oder Laser\u00e4tzung, um Ihre speziellen Anforderungen zu erf\u00fcllen<\/p>\n\n\n\n<p><strong>Premium-Edelstahlkonstruktion<\/strong>\u00a0- Hergestellt aus hochwertigem, lebensmittelechtem Edelstahl, der rostfrei und BPA-frei ist und sich durch seine Langlebigkeit auszeichnet.<\/p>\n\n\n\n<p><strong>Warum Sie es lieben werden:<\/strong><\/p>\n\n\n\n<h3 class=\"wp-block-heading\"><strong>Warum sollten Sie unseren Becher f\u00fcr Gro\u00dfbestellungen w\u00e4hlen?<\/strong><\/h3>\n\n\n\n<p>\u2728&nbsp;<strong>Anpassungsoptionen<\/strong>&nbsp;- Als zuverl\u00e4ssiger Lieferant bieten wir eine breite Palette von Anpassungsm\u00f6glichkeiten, einschlie\u00dflich der Platzierung des Logos, der Farbauswahl und der Verpackung.<br>\u2728&nbsp;<strong>Direkte Preisgestaltung ab Werk<\/strong>&nbsp;- Profitieren Sie von wettbewerbsf\u00e4higen Preisen f\u00fcr Gro\u00dfauftr\u00e4ge, die Kosteneffizienz ohne Qualit\u00e4tseinbu\u00dfen gew\u00e4hrleisten.<br>\u2728&nbsp;<strong>Langlebig &amp; Zuverl\u00e4ssig<\/strong>&nbsp;- Unsere Becher halten dem t\u00e4glichen Gebrauch stand und eignen sich perfekt f\u00fcr Firmengeschenke, Werbeveranstaltungen oder den Einzelhandel.<br>\u2728&nbsp;<strong>Schneller Turnaround<\/strong>&nbsp;- Unser Werk ist so ausgestattet, dass es Gro\u00dfauftr\u00e4ge mit effizienter Produktion und p\u00fcnktlicher Lieferung abwickeln kann.<br>\u2728&nbsp;<strong>Umweltfreundlich &amp; wiederverwendbar<\/strong>&nbsp;- F\u00f6rdern Sie die Nachhaltigkeit mit einem wiederverwendbaren Trinkbecher, der Abfall reduziert und mit umweltbewussten Werten \u00fcbereinstimmt.<\/p>\n\n\n\n<hr class=\"wp-block-separator has-alpha-channel-opacity\" \/>\n\n\n\n<h3 class=\"wp-block-heading\"><strong>Perfekt f\u00fcr:<\/strong><\/h3>\n\n\n\n<ul class=\"wp-block-list\">\n<li><strong>Firmengeschenke<\/strong>\u00a0- Beeindrucken Sie Ihre Kunden oder belohnen Sie Ihre Mitarbeiter mit einem hochwertigen, gebrandeten Becher.<\/li>\n\n\n\n<li><strong>Werbeveranstaltungen<\/strong>\u00a0- Steigern Sie die Sichtbarkeit Ihrer Marke mit einem praktischen und stilvollen Werbegeschenk.<\/li>\n\n\n\n<li><strong>Einzelhandelsverk\u00e4ufe<\/strong>\u00a0- Decken Sie sich mit individuell gestaltbaren Bechern ein, die ein breites Publikum ansprechen.<\/li>\n\n\n\n<li><strong>Benefizveranstaltungen &amp; Werbegeschenke<\/strong>\u00a0- Bieten Sie ein funktionelles und einpr\u00e4gsames Produkt an, das die Unterst\u00fctzer lieben werden.<\/li>\n<\/ul>\n\n\n\n<hr class=\"wp-block-separator has-alpha-channel-opacity\" \/>\n\n\n\n<p><strong>Heute bestellen!<\/strong><br>Als f\u00fchrender Anbieter von kundenspezifischem Trinkgeschirr haben wir uns darauf spezialisiert, Unternehmen bei der Herstellung personalisierter Produkte zu unterst\u00fctzen, die einen bleibenden Eindruck hinterlassen. Egal, ob Sie 100 oder 10.000 St\u00fcck ben\u00f6tigen, unser Werk ist bereit, Ihre Anforderungen mit erstklassiger Qualit\u00e4t und au\u00dfergew\u00f6hnlichem Service zu erf\u00fcllen.<\/p>\n\n\n\n<p><strong>Wenden Sie sich jetzt an uns, um ein individuelles Angebot zu erhalten, und werten Sie Ihr Branding mit unserem 34oz Custom Stainless Steel Tumbler auf!<\/strong><\/p>\n\n\n\n<div class=\"wp-block-uagb-image uagb-block-ebf0aa1f wp-block-uagb-image--layout-default wp-block-uagb-image--effect-static wp-block-uagb-image--align-none\"><figure class=\"wp-block-uagb-image__figure\"><img decoding=\"async\" src=\"https:\/\/eco-drinkware.com\/wp-content\/uploads\/2025\/03\/custom-water-tumbler.jpg\" alt=\"gv084 frankgreen 34oz benutzerdefinierte Edelstahl Becher personalisiertes Design, langlebig &amp; isoliert Trinkgeschirr\" class=\"uag-image-2901\" width=\"1000\" height=\"1000\" title=\"gv084 frankgreen 34oz benutzerdefinierte Edelstahl Becher personalisiertes Design, langlebig &amp; isoliert Trinkgeschirr\" loading=\"lazy\" role=\"img\" \/><\/figure><\/div>\n\n\n\n<figure class=\"wp-block-table\"><table class=\"has-fixed-layout\"><tbody><tr><td>Artikel-Nummer<\/td><td>GV084<\/td><\/tr><tr><td>Kapazit\u00e4t<\/td><td>34oz\/1000ml<\/td><\/tr><tr><td>Isoliert<\/td><td>Ja&nbsp;&nbsp;&nbsp;&nbsp;&nbsp;&nbsp;&nbsp;&nbsp;&nbsp;&nbsp;&nbsp;&nbsp;&nbsp;<\/td><\/tr><tr><td>Position des Logos<\/td><td>Flaschenk\u00f6rper <\/td><\/tr><tr><td>Farbe<\/td><td>Rot, Silber, Gr\u00fcn, Blau, Wei\u00df, Schwarz, Ros\u00e9gold, kundenspezifische Farbe, PMS-Farbe<\/td><\/tr><tr><td>Material<\/td><td>304 Edelstahl innen und au\u00dfen, neuer PP-Kunststoffdeckel, Silikondichtungsring<\/td><\/tr><tr><td>Merkmal<\/td><td>Doppelwandige Vakuumflasche, gro\u00dfes Fassungsverm\u00f6gen, kundenspezifisches Design<\/td><\/tr><tr><td>MOQ<\/td><td>100 St\u00fcck<\/td><\/tr><tr><td>Logo<\/td><td>Laser, Seidendruck, W\u00e4rme\u00fcbertragung, Wasser\u00fcbertragung, Gas\u00fcbertragung, 3D-Druck, Sublimation, etc.<\/td><\/tr><tr><td>Paket<\/td><td>wei\u00dfe Schachtel, individuell bedruckte Schachtel, Zylinderschachtel, Luftpolstertasche, Geschenkschachtel<\/td><\/tr><tr><td>Probezeit<\/td><td>3 Tage f\u00fcr Standardmuster, 7 Tage f\u00fcr individuelle Logomuster<\/td><\/tr><tr><td>Produktionszeit<\/td><td>10-35 Tage je nach Menge und Anforderungen<\/td><\/tr><tr><td>\u00dcber die Bezahlung<\/td><td>\u00dcberweisung, Paypal, Western Union, Handelsversicherung<\/td><\/tr><tr><td>Herkunftsland<\/td><td>Hergestellt in China<\/td><\/tr><tr><td>Herkunft der Bescheinigung<\/td><td>Ja, wir k\u00f6nnen anbieten<\/td><\/tr><tr><td>Neue Form Flasche<\/td><td>Ja, wir haben ein neues Formenentwicklungsteam<\/td><\/tr><tr><td>Bedingungen<\/td><td>EXW,FOB,CIF, DDU, DDP<\/td><\/tr><\/tbody><\/table><\/figure>\n\n\n\n<p><\/p>","protected":false},"excerpt":{"rendered":"<p>Hochwertiger, langlebiger Becher aus rostfreiem Stahl\u00a0<\/p>\n<ul>\n<li>\n<p>\u00a0<strong>34oz gro\u00dfes Fassungsverm\u00f6gen<\/strong>\u00a0- Perfekt f\u00fcr die ganzt\u00e4gige Fl\u00fcssigkeitszufuhr.<\/p>\n<\/li>\n<li>\n<p>\u00a0<strong>Anpassbares Design<\/strong> - F\u00fcgen Sie Ihr Logo, Ihren Text oder Ihre Grafik f\u00fcr eine individuelle Gestaltung hinzu.<\/p>\n<\/li>\n<li>\n<p>\u00a0<strong>Doppelwandige Vakuum-Isolierung<\/strong>\u00a0- H\u00e4lt Getr\u00e4nke 12 Stunden lang hei\u00df und 24 Stunden lang kalt.<\/p>\n<\/li>\n<li>\n<p><strong>Langlebiger Edelstahl<\/strong> - Rostfrei, BPA-frei und langlebig - lebensmittelechte Materialien<\/p>\n<\/li>\n<li>\n<p>\u00a0<strong>Schwei\u00dffest &amp; auslaufsicher<\/strong>\u00a0- Kondenswasserfreie Au\u00dfenseite und sicherer Deckel f\u00fcr eine problemlose Verwendung.<\/p>\n<\/li>\n<li>\n<p><strong>Vielseitig und tragbar<\/strong>\u00a0- Ideal f\u00fcr zu Hause, im B\u00fcro, auf Reisen oder bei Outdoor-Abenteuern.<\/p>\n<p>Verbessern Sie Ihr Trinkgeschirr mit einem Becher, der so einzigartig ist wie Sie selbst!<\/p>\n<\/li>\n<\/ul>","protected":false},"featured_media":2900,"template":"","meta":{"_acf_changed":true,"_seopress_robots_primary_cat":"none","_seopress_titles_title":"Frankgreen 34oz Custom insulated Stainless Steel Tumbler","_seopress_titles_desc":"Food safe and BPA free materials, custom color and design is welcome. Profession drinkware manufacturer in China. Door to door delivery worldwide.","_seopress_robots_index":"","_uag_custom_page_level_css":""},"product_brand":[],"product_cat":[32,40,19,24,20],"product_tag":[71,70,77,69,86],"class_list":{"0":"post-2899","1":"product","2":"type-product","3":"status-publish","4":"has-post-thumbnail","6":"product_cat-insulated-water-bottle","7":"product_cat-stainless-steel-tumbler","8":"product_cat-stainless-steel-water-bottle","9":"product_cat-tumblers-mugs","10":"product_cat-vacuum-flask","11":"product_tag-bpa-free-vacuum-flask","12":"product_tag-double-wall-insulated-flask","13":"product_tag-personalized-insulated-mug","14":"product_tag-stainless-steel-flask","15":"product_tag-stainless-steel-insulated-cups-with-lid-and-straw","17":"first","18":"instock","19":"shipping-taxable","20":"product-type-simple"},"acf":[],"uagb_featured_image_src":{"full":["https:\/\/eco-drinkware.com\/wp-content\/uploads\/2025\/03\/customize-stainless-steel-tumbler.jpg",1200,1200,false],"thumbnail":["https:\/\/eco-drinkware.com\/wp-content\/uploads\/2025\/03\/customize-stainless-steel-tumbler-150x150.jpg",150,150,true],"medium":["https:\/\/eco-drinkware.com\/wp-content\/uploads\/2025\/03\/customize-stainless-steel-tumbler-300x300.jpg",300,300,true],"medium_large":["https:\/\/eco-drinkware.com\/wp-content\/uploads\/2025\/03\/customize-stainless-steel-tumbler-768x768.jpg",768,768,true],"large":["https:\/\/eco-drinkware.com\/wp-content\/uploads\/2025\/03\/customize-stainless-steel-tumbler.jpg",1200,1200,false],"1536x1536":["https:\/\/eco-drinkware.com\/wp-content\/uploads\/2025\/03\/customize-stainless-steel-tumbler.jpg",1200,1200,false],"2048x2048":["https:\/\/eco-drinkware.com\/wp-content\/uploads\/2025\/03\/customize-stainless-steel-tumbler.jpg",1200,1200,false],"trp-custom-language-flag":["https:\/\/eco-drinkware.com\/wp-content\/uploads\/2025\/03\/customize-stainless-steel-tumbler.jpg",12,12,false],"woocommerce_thumbnail":["https:\/\/eco-drinkware.com\/wp-content\/uploads\/2025\/03\/customize-stainless-steel-tumbler-300x300.jpg",300,300,true],"woocommerce_single":["https:\/\/eco-drinkware.com\/wp-content\/uploads\/2025\/03\/customize-stainless-steel-tumbler-600x600.jpg",600,600,true],"woocommerce_gallery_thumbnail":["https:\/\/eco-drinkware.com\/wp-content\/uploads\/2025\/03\/customize-stainless-steel-tumbler-100x100.jpg",100,100,true]},"uagb_author_info":{"display_name":"Amy","author_link":"https:\/\/eco-drinkware.com\/de\/author\/"},"uagb_comment_info":0,"uagb_excerpt":"Quality custom durable stainless steel tumbler\u00a0 \u00a034oz Large Capacity\u00a0\u2013 Perfect for all-day hydration. \u00a0Customizable Design \u2013 Add your logo, text, or artwork for a customization. \u00a0Double-Wall Vacuum Insulation\u00a0\u2013 Keeps drinks hot for 12 hours and cold for 24 hours. Durable Stainless Steel \u2013 Rust-resistant, BPA-free, and built to last.Food safe materials \u00a0Sweat-Proof &amp; Leak-Proof\u00a0\u2013 Condensation-free&hellip;","_links":{"self":[{"href":"https:\/\/eco-drinkware.com\/de\/wp-json\/wp\/v2\/product\/2899","targetHints":{"allow":["GET"]}}],"collection":[{"href":"https:\/\/eco-drinkware.com\/de\/wp-json\/wp\/v2\/product"}],"about":[{"href":"https:\/\/eco-drinkware.com\/de\/wp-json\/wp\/v2\/types\/product"}],"wp:featuredmedia":[{"embeddable":true,"href":"https:\/\/eco-drinkware.com\/de\/wp-json\/wp\/v2\/media\/2900"}],"wp:attachment":[{"href":"https:\/\/eco-drinkware.com\/de\/wp-json\/wp\/v2\/media?parent=2899"}],"wp:term":[{"taxonomy":"product_brand","embeddable":true,"href":"https:\/\/eco-drinkware.com\/de\/wp-json\/wp\/v2\/product_brand?post=2899"},{"taxonomy":"product_cat","embeddable":true,"href":"https:\/\/eco-drinkware.com\/de\/wp-json\/wp\/v2\/product_cat?post=2899"},{"taxonomy":"product_tag","embeddable":true,"href":"https:\/\/eco-drinkware.com\/de\/wp-json\/wp\/v2\/product_tag?post=2899"}],"curies":[{"name":"wp","href":"https:\/\/api.w.org\/{rel}","templated":true}]}}