{"id":2963,"date":"2025-04-22T16:06:51","date_gmt":"2025-04-22T08:06:51","guid":{"rendered":"https:\/\/eco-drinkware.com\/?post_type=product&#038;p=2963"},"modified":"2025-04-24T11:37:42","modified_gmt":"2025-04-24T03:37:42","slug":"stanley-14oz-edelstahl-wein-glas-isoliert-langlebig-bruchsicher-becher-fur-rot-weis-wein-perfekt-fur-reisen-camping-outdoor-einsatz","status":"publish","type":"product","link":"https:\/\/eco-drinkware.com\/de\/product\/stanley-14oz-edelstahl-wein-glas-isoliert-langlebig-bruchsicher-becher-fur-rot-weis-wein-perfekt-fur-reisen-camping-outdoor-einsatz\/","title":{"rendered":"Stanley 14oz Edelstahl Weinglas - isoliert, langlebig &amp; bruchsicher Becher f\u00fcr Rot\/Wei\u00dfwein - perfekt f\u00fcr Reisen, Camping &amp; Outdoor-Einsatz"},"content":{"rendered":"<h2 class=\"wp-block-heading\"><strong>Beschreibung des Produkts:<\/strong><\/h2>\n\n\n\n<p><strong>Erh\u00f6hen Sie Ihr Trinkerlebnis<\/strong>&nbsp;- F\u00fcr Weinliebhaber, die Wert auf Langlebigkeit legen, ohne auf Stil zu verzichten, wurde unser&nbsp;<strong>14oz Edelstahl Weinglas<\/strong>&nbsp;verbindet Eleganz mit solider Funktionalit\u00e4t. Perfekt f\u00fcr&nbsp;<strong>Restaurants, Hotels, Veranstaltungsorganisatoren und Gro\u00dfabnehmer<\/strong>Dieser hochwertige Trinkbecher ist so konzipiert, dass er dem t\u00e4glichen Gebrauch standh\u00e4lt und die Getr\u00e4nke auf der idealen Temperatur h\u00e4lt.<\/p>\n\n\n\n<p><strong>Wesentliche Merkmale:<\/strong><\/p>\n\n\n\n<p>\u2714&nbsp;<strong>Hochwertiger 18\/8-Edelstahl<\/strong>&nbsp;- Hergestellt aus&nbsp;<strong>lebensmittelecht, rostbest\u00e4ndig<\/strong>&nbsp;Edelstahl f\u00fcr lang anhaltende Leistung.<\/p>\n\n\n\n<p>\u2714&nbsp;<strong>Doppelwandige Vakuum-Isolierung<\/strong>&nbsp;- H\u00e4lt den Wein&nbsp;<strong>stundenlang gek\u00fchlt<\/strong>&nbsp;(oder warm f\u00fcr Gl\u00fchwein) ohne Kondensation.<\/p>\n\n\n\n<p>\u2714&nbsp;<strong>Bruchsicher &amp; unzerbrechlich<\/strong>&nbsp;- Ideal f\u00fcr&nbsp;<strong>Veranstaltungen im Freien, Camping, Bootsfahrten und kommerzielle Nutzung<\/strong>-keine Glasscherben mehr!<\/p>\n\n\n\n<p>\u2714&nbsp;<strong>14oz (414ml) Perfektes Fassungsverm\u00f6gen<\/strong>&nbsp;- Bietet Platz f\u00fcr eine volle Portion Rot-, Wei\u00df- oder Ros\u00e9wein und hat gleichzeitig ein schlankes, stielloses Design.<\/p>\n\n\n\n<p>\u2714&nbsp;<strong>Ungiftig &amp; BPA-frei<\/strong>&nbsp;- Sicher f\u00fcr Hei\u00df- und Kaltgetr\u00e4nke, Meeting&nbsp;<strong>weltweite Standards f\u00fcr Lebensmittelsicherheit<\/strong>.<\/p>\n\n\n\n<p><\/p>\n\n\n\n<p>\u2714&nbsp;<strong>Leicht zu reinigen und sp\u00fclmaschinenfest<\/strong>&nbsp;- Zeitersparnis f\u00fcr&nbsp;<strong>Bars, Catering-Dienste und Gro\u00dfverbraucher<\/strong>.<\/p>\n\n\n\n<p><strong>Warum Sie es lieben werden:<\/strong><\/p>\n\n\n\n<h3 class=\"wp-block-heading\"><strong><strong>Warum sollten Sie unser Weinglas aus Edelstahl w\u00e4hlen?<\/strong><\/strong><\/h3>\n\n\n\n<p>\u2705&nbsp;<strong>Individuelles Branding &amp; Mengenrabatte<\/strong>&nbsp;- Als ein f\u00fchrendes&nbsp;<strong>Hersteller und Lieferant<\/strong>bieten wir&nbsp;<strong>OEM\/ODM-Dienstleistungen<\/strong>&nbsp;f\u00fcr Unternehmen, die&nbsp;<strong>Anpassen<\/strong>&nbsp;Diese Becher k\u00f6nnen mit Logos oder Verpackungen versehen werden. Perfekt f\u00fcr&nbsp;<strong>Firmengeschenke, Hochzeiten und Werbeveranstaltungen<\/strong>.<br>\u2705&nbsp;<strong>Direkte Preisgestaltung ab Werk<\/strong>&nbsp;- \u00dcberspringen Sie den Zwischenh\u00e4ndler! Wir liefern&nbsp;<strong>Gro\u00dfhandel und Gro\u00dfauftr\u00e4ge<\/strong>&nbsp;zu wettbewerbsf\u00e4higen Preisen, was sie ideal macht f\u00fcr&nbsp;<strong>Restaurantketten, Resorts und Einzelh\u00e4ndler<\/strong>.<br>\u2705&nbsp;<strong>Langlebig und kosteneffektiv<\/strong>&nbsp;- Im Gegensatz zu zerbrechlichen Glaswaren sind unsere Weinbecher aus Edelstahl&nbsp;<strong>die Wiederbeschaffungskosten zu senken<\/strong>und machen sie zu einer klugen Investition f\u00fcr&nbsp;<strong>stark frequentierte Veranstaltungsorte<\/strong>.<br>\u2728&nbsp;<strong>Schneller Turnaround<\/strong>&nbsp;- Unser Werk ist so ausgestattet, dass es Gro\u00dfauftr\u00e4ge mit effizienter Produktion und p\u00fcnktlicher Lieferung abwickeln kann.<br>\u2728&nbsp;<strong>Umweltfreundlich &amp; wiederverwendbar<\/strong>&nbsp;- F\u00f6rdern Sie die Nachhaltigkeit mit einem wiederverwendbaren Trinkbecher, der Abfall reduziert und mit umweltbewussten Werten \u00fcbereinstimmt.<\/p>\n\n\n\n<hr class=\"wp-block-separator has-alpha-channel-opacity\"\/>\n\n\n\n<h3 class=\"wp-block-heading\"><strong>Perfekt f\u00fcr:<\/strong><\/h3>\n\n\n\n<ul class=\"wp-block-list\">\n<li><strong>Hotels &amp; Resorts<\/strong>&nbsp;- Verbessern Sie Ihr G\u00e4steerlebnis mit unzerbrechlichem Trinkgeschirr<\/li>\n\n\n\n<li><strong>Bars und Restaurants<\/strong>&nbsp;- Reduzieren Sie Bruch- und Wartungskosten.<\/li>\n\n\n\n<li><strong>Einzelhandelsverk\u00e4ufe<\/strong>&nbsp;- Decken Sie sich mit individuell gestaltbaren Bechern ein, die ein breites Publikum ansprechen.<\/li>\n\n\n\n<li><strong>Benefizveranstaltungen &amp; Werbegeschenke<\/strong>&nbsp;- Bieten Sie ein funktionelles und einpr\u00e4gsames Produkt an, das die Unterst\u00fctzer lieben werden.<\/li>\n\n\n\n<li><strong>Firmenveranstaltungen und Hochzeiten<\/strong>&nbsp;- Individuell bedruckt f\u00fcr Branding oder Souvenirs.<\/li>\n\n\n\n<li><strong>Outdoor-Enthusiasten<\/strong>&nbsp;- Ideal f\u00fcr Camping, Picknicks und Reisen.<\/li>\n<\/ul>\n\n\n\n<hr class=\"wp-block-separator has-alpha-channel-opacity\"\/>\n\n\n\n<p><strong><strong>Vorteile beim Gro\u00dfeinkauf:<\/strong><\/strong><br>\ud83d\udd39&nbsp;<strong>MOQ (Mindestbestellmenge) Flexibilit\u00e4t<\/strong>&nbsp;- Kleine oder gro\u00dfe Chargen verf\u00fcgbar.<br>\ud83d\udd39&nbsp;<strong>Schneller globaler Versand<\/strong>&nbsp;- Zuverl\u00e4ssig&nbsp;<strong>Anbieter<\/strong>&nbsp;mit Lagerh\u00e4usern in den wichtigsten Regionen.<br>\ud83d\udd39&nbsp;<strong>Kundenspezifische Verpackung<\/strong>&nbsp;- Markenkartons, Geschenksets oder umweltfreundliche Optionen.<\/p>\n\n\n\n<p><strong>Steigen Sie noch heute auf ein intelligentes, nachhaltiges Weinglas um!<\/strong>&nbsp;Ideal f\u00fcr&nbsp;<strong>Vertriebsunternehmen, Einzelh\u00e4ndler und Gro\u00dfabnehmer<\/strong>&nbsp;sucht&nbsp;<strong>hochwertige, individuell gestaltbare Trinkgeschirrl\u00f6sungen<\/strong>.<\/p>\n\n\n\n<p><strong>Kontaktieren Sie uns f\u00fcr Gro\u00dfhandelspreise und OEM-M\u00f6glichkeiten!<\/strong><\/p>\n\n\n\n<div class=\"wp-block-uagb-image uagb-block-ebf0aa1f wp-block-uagb-image--layout-default wp-block-uagb-image--effect-static wp-block-uagb-image--align-none\"><figure class=\"wp-block-uagb-image__figure\"><img decoding=\"async\" srcset=\"https:\/\/eco-drinkware.com\/wp-content\/uploads\/2025\/04\/gv089-stainless-steel-wine-glass.jpg ,https:\/\/eco-drinkware.com\/wp-content\/uploads\/2025\/04\/gv089-stainless-steel-wine-glass.jpg 780w, https:\/\/eco-drinkware.com\/wp-content\/uploads\/2025\/04\/gv089-stainless-steel-wine-glass.jpg 360w\" sizes=\"auto, (max-width: 480px) 150px\" src=\"https:\/\/eco-drinkware.com\/wp-content\/uploads\/2025\/04\/gv089-stainless-steel-wine-glass.jpg\" alt=\"stanley 14oz edelstahl-weinglas - isoliert, langlebig &amp; bruchsicherer becher f\u00fcr rot\/weisswein - perfekt f\u00fcr reise, camping &amp; outdoor-einsatz\" class=\"uag-image-2968\" width=\"1000\" height=\"1000\" title=\"stanley 14oz edelstahl-weinglas - isoliert, langlebig &amp; bruchsicherer becher f\u00fcr rot\/weisswein - perfekt f\u00fcr reise, camping &amp; outdoor-einsatz\" loading=\"lazy\" role=\"img\"\/><\/figure><\/div>\n\n\n\n<figure class=\"wp-block-table\"><table class=\"has-fixed-layout\"><tbody><tr><td>Artikel-Nummer<\/td><td>GV089<\/td><\/tr><tr><td>Kapazit\u00e4t<\/td><td>14oz\/414ml<\/td><\/tr><tr><td>Isoliert<\/td><td>Ja&nbsp;&nbsp;&nbsp;&nbsp;&nbsp;&nbsp;&nbsp;&nbsp;&nbsp;&nbsp;&nbsp;&nbsp;&nbsp;<\/td><\/tr><tr><td>Position des Logos<\/td><td>Flaschenk\u00f6rper <\/td><\/tr><tr><td>Farbe<\/td><td>Rot, Silber, Gr\u00fcn, Blau, Wei\u00df, Schwarz, Ros\u00e9gold, kundenspezifische Farbe, PMS-Farbe<\/td><\/tr><tr><td>Material<\/td><td>304 Edelstahl innen und au\u00dfen, neuer PP-Kunststoffdeckel, Silikondichtungsring<\/td><\/tr><tr><td>Merkmal<\/td><td>Doppelwandige Vakuumflasche, gro\u00dfes Fassungsverm\u00f6gen, kundenspezifisches Design<\/td><\/tr><tr><td>MOQ<\/td><td>100 St\u00fcck<\/td><\/tr><tr><td>Logo<\/td><td>Laser, Seidendruck, W\u00e4rme\u00fcbertragung, Wasser\u00fcbertragung, Gas\u00fcbertragung, 3D-Druck, Sublimation, etc.<\/td><\/tr><tr><td>Paket<\/td><td>wei\u00dfe Schachtel, individuell bedruckte Schachtel, Zylinderschachtel, Luftpolstertasche, Geschenkschachtel<\/td><\/tr><tr><td>Probezeit<\/td><td>3 Tage f\u00fcr Standardmuster, 7 Tage f\u00fcr individuelle Logomuster<\/td><\/tr><tr><td>Produktionszeit<\/td><td>10-35 Tage je nach Menge und Anforderungen<\/td><\/tr><tr><td>\u00dcber die Bezahlung<\/td><td>\u00dcberweisung, Paypal, Western Union, Handelsversicherung<\/td><\/tr><tr><td>Herkunftsland<\/td><td>Hergestellt in China<\/td><\/tr><tr><td>Herkunft der Bescheinigung<\/td><td>Ja, wir k\u00f6nnen anbieten<\/td><\/tr><tr><td>Neue Form Flasche<\/td><td>Ja, wir haben ein neues Formenentwicklungsteam<\/td><\/tr><tr><td>Bedingungen<\/td><td>EXW,FOB,CIF, DDU, DDP<\/td><\/tr><\/tbody><\/table><\/figure>\n\n\n\n<p><\/p>","protected":false},"excerpt":{"rendered":"<p class=\"ds-markdown-paragraph\"><strong>Stanley 14oz Edelstahl Weinglas - Langlebig, isoliert &amp; stilvoll<\/strong><\/p>\n<p class=\"ds-markdown-paragraph\">\u2705\u00a0<strong>Hochwertiger 18\/8-Edelstahl<\/strong>\u00a0- Rostfrei, unzerbrechlich und f\u00fcr ein ganzes Leben gebaut - Sie m\u00fcssen sich keine Sorgen mehr um zerbrochenes Glas machen.<\/p>\n<p>\u2705 <strong>Fassungsverm\u00f6gen: 14 Unzen, Gr\u00f6\u00dfe: 110*200mm\u00a0<\/strong><\/p>\n<p class=\"ds-markdown-paragraph\">\u2705\u00a0<strong>Doppelwandige Vakuum-Isolierung<\/strong>\u00a0- H\u00e4lt den Wein k\u00fchl f\u00fcr\u00a0<strong>9+ Stunden<\/strong>\u00a0(oder warm f\u00fcr\u00a0<strong>3+ Stunden<\/strong>\u00a0mit hei\u00dfen Getr\u00e4nken).<\/p>\n<p class=\"ds-markdown-paragraph\">\u2705\u00a0<strong>Elegantes, stielloses Design<\/strong>\u00a0- Die glatte, spiegelnde Oberfl\u00e4che und die sich verj\u00fcngende Form erinnern an traditionelle Weingl\u00e4ser - stilvoll f\u00fcr drinnen und drau\u00dfen.<\/p>\n<p class=\"ds-markdown-paragraph\">\u2705\u00a0<strong>Auslaufsicher &amp; tragbar<\/strong>\u00a0- Der leichte und dennoch stabile Sockel passt in die meisten Getr\u00e4nkehalter und eignet sich perfekt f\u00fcr Reisen, zum Campen oder zum Trinken am Pool.<\/p>\n<p class=\"ds-markdown-paragraph\">\u2705\u00a0<strong>BPA-frei &amp; geruchsresistent<\/strong>\u00a0- Im Gegensatz zu Kunststoffen oder minderwertigen Metallen bleiben Geschmacksstoffe und Flecken nicht haften.<\/p>\n<p class=\"ds-markdown-paragraph\">\u2705\u00a0<strong>Sp\u00fclmaschinenfest<\/strong>\u00a0- Leicht zu reinigen f\u00fcr problemlose Wartung.<\/p>\n<p class=\"ds-markdown-paragraph\"><strong>Ideal f\u00fcr:<\/strong>\u00a0Als Geschenk, zum Wandern, f\u00fcr Gartenpartys oder f\u00fcr den t\u00e4glichen Gebrauch.\u00a0<strong>Farben:<\/strong> Rostfrei, Schwarz, Rose Gold. Blau<\/p>","protected":false},"featured_media":2969,"template":"","meta":{"_acf_changed":true,"_seopress_robots_primary_cat":"none","_seopress_titles_title":"14oz Stainless Steel Wine Glass \u2013 Premium Insulated, Shatterproof Tumbler for Wine Enthusiasts \u2013 Bulk Orders Available","_seopress_titles_desc":"14oz Stainless Steel Wine Glass \u2013 Premium Insulated, Shatterproof Tumbler for Wine Enthusiasts \u2013 Bulk Orders Available","_seopress_robots_index":"","_uag_custom_page_level_css":""},"product_brand":[],"product_cat":[32,40,19,24,20],"product_tag":[105,106,70,108,110,77,86,104,109,107],"class_list":{"0":"post-2963","1":"product","2":"type-product","3":"status-publish","4":"has-post-thumbnail","6":"product_cat-insulated-water-bottle","7":"product_cat-stainless-steel-tumbler","8":"product_cat-stainless-steel-water-bottle","9":"product_cat-tumblers-mugs","10":"product_cat-vacuum-flask","11":"product_tag-bulk-wine-tumblers","12":"product_tag-custom-branded-drinkware","13":"product_tag-double-wall-insulated-flask","14":"product_tag-factory-direct-wine-glasses","15":"product_tag-oem-stainless-steel-manufacturer","16":"product_tag-personalized-insulated-mug","17":"product_tag-stainless-steel-insulated-cups-with-lid-and-straw","18":"product_tag-stainless-steel-wine-glass","19":"product_tag-unbreakable-wine-tumbler-supplier","20":"product_tag-wholesale-stainless-steel-cups","22":"first","23":"instock","24":"shipping-taxable","25":"product-type-simple"},"acf":[],"uagb_featured_image_src":{"full":["https:\/\/eco-drinkware.com\/wp-content\/uploads\/2025\/04\/gv089-wine-glass.jpg",720,720,false],"thumbnail":["https:\/\/eco-drinkware.com\/wp-content\/uploads\/2025\/04\/gv089-wine-glass-150x150.jpg",150,150,true],"medium":["https:\/\/eco-drinkware.com\/wp-content\/uploads\/2025\/04\/gv089-wine-glass-300x300.jpg",300,300,true],"medium_large":["https:\/\/eco-drinkware.com\/wp-content\/uploads\/2025\/04\/gv089-wine-glass.jpg",720,720,false],"large":["https:\/\/eco-drinkware.com\/wp-content\/uploads\/2025\/04\/gv089-wine-glass.jpg",720,720,false],"1536x1536":["https:\/\/eco-drinkware.com\/wp-content\/uploads\/2025\/04\/gv089-wine-glass.jpg",720,720,false],"2048x2048":["https:\/\/eco-drinkware.com\/wp-content\/uploads\/2025\/04\/gv089-wine-glass.jpg",720,720,false],"trp-custom-language-flag":["https:\/\/eco-drinkware.com\/wp-content\/uploads\/2025\/04\/gv089-wine-glass.jpg",12,12,false],"woocommerce_thumbnail":["https:\/\/eco-drinkware.com\/wp-content\/uploads\/2025\/04\/gv089-wine-glass-300x300.jpg",300,300,true],"woocommerce_single":["https:\/\/eco-drinkware.com\/wp-content\/uploads\/2025\/04\/gv089-wine-glass-600x600.jpg",600,600,true],"woocommerce_gallery_thumbnail":["https:\/\/eco-drinkware.com\/wp-content\/uploads\/2025\/04\/gv089-wine-glass-100x100.jpg",100,100,true]},"uagb_author_info":{"display_name":"Amy","author_link":"https:\/\/eco-drinkware.com\/de\/author\/"},"uagb_comment_info":0,"uagb_excerpt":"Stanley 14oz Stainless Steel Wine Glass \u2013 Durable, Insulated &amp; Stylish \u2705\u00a0Premium 18\/8 Stainless Steel\u00a0\u2013 Rust-proof, unbreakable, and built to last a lifetime\u2014no more worrying about shattered glass. \u2705 Capaicty:14oz , size: 110*200mm\u00a0 \u2705\u00a0Double-Wall Vacuum Insulation\u00a0\u2013 Keeps wine chilled for\u00a09+ hours\u00a0(or warm for\u00a03+ hours\u00a0with hot beverages). \u2705\u00a0Elegant, Stemless Design\u00a0\u2013 Sleek mirror finish and tapered shape&hellip;","_links":{"self":[{"href":"https:\/\/eco-drinkware.com\/de\/wp-json\/wp\/v2\/product\/2963","targetHints":{"allow":["GET"]}}],"collection":[{"href":"https:\/\/eco-drinkware.com\/de\/wp-json\/wp\/v2\/product"}],"about":[{"href":"https:\/\/eco-drinkware.com\/de\/wp-json\/wp\/v2\/types\/product"}],"wp:featuredmedia":[{"embeddable":true,"href":"https:\/\/eco-drinkware.com\/de\/wp-json\/wp\/v2\/media\/2969"}],"wp:attachment":[{"href":"https:\/\/eco-drinkware.com\/de\/wp-json\/wp\/v2\/media?parent=2963"}],"wp:term":[{"taxonomy":"product_brand","embeddable":true,"href":"https:\/\/eco-drinkware.com\/de\/wp-json\/wp\/v2\/product_brand?post=2963"},{"taxonomy":"product_cat","embeddable":true,"href":"https:\/\/eco-drinkware.com\/de\/wp-json\/wp\/v2\/product_cat?post=2963"},{"taxonomy":"product_tag","embeddable":true,"href":"https:\/\/eco-drinkware.com\/de\/wp-json\/wp\/v2\/product_tag?post=2963"}],"curies":[{"name":"wp","href":"https:\/\/api.w.org\/{rel}","templated":true}]}}