{"id":2964,"date":"2025-04-22T16:13:38","date_gmt":"2025-04-22T08:13:38","guid":{"rendered":"https:\/\/eco-drinkware.com\/?post_type=product&#038;p=2964"},"modified":"2025-06-13T12:18:36","modified_gmt":"2025-06-13T04:18:36","slug":"gv085-doppelwandiger-edelstahl-isolierbecher-mit-griff","status":"publish","type":"product","link":"https:\/\/eco-drinkware.com\/de\/product\/gv085-doppelwandiger-edelstahl-isolierbecher-mit-griff\/","title":{"rendered":"GV085 doppelwandiger Isolierbecher aus Edelstahl mit Griff"},"content":{"rendered":"<h2 class=\"wp-block-heading\"><strong>7oz 12oz 16oz 17oz Custom Edelstahl Becher - Gro\u00dfbestellung Optionen verf\u00fcgbar<\/strong><\/h2>\n\n\n\n<p><strong>Premium-Kaffeebecher aus Edelstahl f\u00fcr jeden Bedarf<\/strong><br>Wir stellen vor&nbsp;<strong><strong>7 Unzen 12 Unzen 16 Unzen 17 Unzen<\/strong><\/strong> <strong>Kundenspezifischer Edelstahl <\/strong>Becher, die perfekte L\u00f6sung f\u00fcr Unternehmen, Veranstaltungen oder Werbegeschenke. Dieser mit Blick auf Haltbarkeit und Personalisierung entworfene Becher ist ideal f\u00fcr Gro\u00dfbestellungen und bietet au\u00dfergew\u00f6hnliche Qualit\u00e4t und Funktionalit\u00e4t zu wettbewerbsf\u00e4higen Fabrikpreisen.<\/p>\n\n\n\n<p><strong>Wesentliche Merkmale:<\/strong><\/p>\n\n\n\n<p>\ud83d\udca7 Verschiedene Gr\u00f6\u00dfenoptionen - <strong>7 Unzen 12 Unzen 16 Unzen 17 Unzen<\/strong> Gr\u00f6\u00dfe erh\u00e4ltlich, was ihn zu einer praktischen Wahl f\u00fcr B\u00fcros, Veranstaltungen oder den Einzelhandel macht. Perfekt f\u00fcr Camping, gut zu halten Saft, Wasser, Bier, Wein und andere Getr\u00e4nke.<\/p>\n\n\n\n<p>\ud83c\udf21\ufe0f&nbsp;<strong>Doppelwandig <\/strong>Isolierte Konstruktion - Sorgt daf\u00fcr, dass Getr\u00e4nke bis zu 6 Stunden lang hei\u00df oder bis zu 10 Stunden lang kalt bleiben und bietet eine hervorragende Temperaturerhaltung.<\/p>\n\n\n\n<p>\ud83c\udf43&nbsp;<strong>Umweltfreundlich und langlebig:<\/strong>&nbsp;Dieser Becher aus hochwertigem, BPA-freiem 304-Edelstahl ist langlebig. Werfen Sie Einwegbecher weg und reduzieren Sie Abfall mit einer wiederverwendbaren, umweltbewussten Wahl. Reusebale Becher anstelle der Einweg-Plastikbecher oder Pappbecher.<\/p>\n\n\n\n<p>\ud83c\udfa8&nbsp;<strong>Vollst\u00e4ndig anpassbar<\/strong>&nbsp;- F\u00fcgen Sie Ihre Farbe, Ihr Logo, Ihr Branding oder Ihr einzigartiges Design hinzu, um eine personalisierte Tasse zu kreieren, die sich von anderen abhebt. Unser Werk unterst\u00fctzt kundenspezifischen Druck, Gravur oder Laser\u00e4tzung, um Ihre speziellen Anforderungen zu erf\u00fcllen.<\/p>\n\n\n\n<p><strong>Premium-Edelstahlkonstruktion<\/strong>&nbsp;- Hergestellt aus hochwertigem, lebensmittelechtem Edelstahl, der rostfrei und BPA-frei ist, und langlebige Edelstahlbecher gebaut. Es ist auch plastikfrei Design.<\/p>\n\n\n\n<p><strong>Warum Sie es lieben werden:<\/strong><\/p>\n\n\n\n<h3 class=\"wp-block-heading\"><strong>Warum sollten Sie unseren Becher f\u00fcr Gro\u00dfbestellungen w\u00e4hlen?<\/strong><\/h3>\n\n\n\n<p>\u2728&nbsp;<strong>Anpassungsoptionen<\/strong>&nbsp;- Als zuverl\u00e4ssiger Lieferant bieten wir eine breite Palette von Anpassungsm\u00f6glichkeiten, einschlie\u00dflich der Platzierung des Logos, der Farbauswahl und der Verpackung. Schicken Sie uns einfach Ihre Idee, wir werden sie in tats\u00e4chliches Produkt machen.<br>\u2728&nbsp;<strong>Direkte Preisgestaltung ab Werk<\/strong>&nbsp;- Profitieren Sie von wettbewerbsf\u00e4higen Preisen f\u00fcr Gro\u00dfauftr\u00e4ge, die Kosteneffizienz ohne Qualit\u00e4tseinbu\u00dfen gew\u00e4hrleisten.<br>\u2728&nbsp;<strong>Langlebig &amp; Zuverl\u00e4ssig<\/strong>&nbsp;- Unsere Becher halten dem t\u00e4glichen Gebrauch stand und eignen sich perfekt f\u00fcr Firmengeschenke, Werbeveranstaltungen oder den Einzelhandel.<br>\u2728&nbsp;<strong>Schneller Turnaround<\/strong>&nbsp;- Unser Werk ist so ausgestattet, dass es Gro\u00dfauftr\u00e4ge mit effizienter Produktion und p\u00fcnktlicher Lieferung abwickeln kann.<br>\u2728&nbsp;<strong>Umweltfreundlich &amp; wiederverwendbar<\/strong>&nbsp;- F\u00f6rdern Sie die Nachhaltigkeit mit einem wiederverwendbaren Becher, der Abfall reduziert und umweltbewussten Werten entspricht.                                                                                                                    \u2728 Weltweite Lieferung - Wir bieten weltweite Lieferung an Ihr Lager. Es ist sehr bequem, mit Eco Drinkware zu arbeiten: Sie m\u00fcssen nur auf Ihre Bestellung im B\u00fcro warten.                                                              <\/p>\n\n\n\n<hr class=\"wp-block-separator has-alpha-channel-opacity\"\/>\n\n\n\n<h3 class=\"wp-block-heading\"><strong>Perfekt f\u00fcr:<\/strong><\/h3>\n\n\n\n<ul class=\"wp-block-list\">\n<li><strong>Firmengeschenke<\/strong>&nbsp;- Beeindrucken Sie Ihre Kunden oder belohnen Sie Ihre Mitarbeiter mit einer hochwertigen Tasse mit Ihrem Logo.<\/li>\n\n\n\n<li><strong>Werbeveranstaltungen<\/strong>&nbsp;- Steigern Sie die Sichtbarkeit Ihrer Marke mit einem praktischen und stilvollen Werbegeschenk.<\/li>\n\n\n\n<li><strong>Einzelhandelsverk\u00e4ufe<\/strong>&nbsp;- Decken Sie sich mit personalisierbaren Bechern ein, die ein breites Publikum ansprechen. Leicht zu lasern personalisierten Namen oder etwas \u00e4hnliches auf dem Becher von Laser-Maschine. <\/li>\n\n\n\n<li><strong>Benefizveranstaltungen &amp; Werbegeschenke<\/strong>&nbsp;- Bieten Sie ein funktionelles und einpr\u00e4gsames Produkt an, das die Unterst\u00fctzer lieben werden. Und Ihre Marke oder Ihr Logo auf dem Becher wird eine sehr sch\u00f6ne Werbung sein.<\/li>\n<\/ul>\n\n\n\n<hr class=\"wp-block-separator has-alpha-channel-opacity\"\/>\n\n\n\n<p><strong>Heute bestellen!<\/strong><br>Als f\u00fchrender Anbieter von kundenspezifischem Trinkgeschirr haben wir uns darauf spezialisiert, Unternehmen bei der Herstellung personalisierter Produkte zu unterst\u00fctzen, die einen bleibenden Eindruck hinterlassen. Egal, ob Sie 100 oder 10.000 St\u00fcck ben\u00f6tigen, unser Werk ist bereit, Ihre Anforderungen mit erstklassiger Qualit\u00e4t und au\u00dfergew\u00f6hnlichem Service zu erf\u00fcllen.<\/p>\n\n\n\n<p><strong>Wenden Sie sich jetzt an uns, um ein individuelles Angebot zu erhalten, und werten Sie Ihr Branding mit unserem 34oz Custom Stainless Steel Tumbler auf!<\/strong><\/p>\n\n\n\n<div class=\"wp-block-uagb-image uagb-block-ebf0aa1f wp-block-uagb-image--layout-default wp-block-uagb-image--effect-static wp-block-uagb-image--align-none\"><figure class=\"wp-block-uagb-image__figure\"><img decoding=\"async\" srcset=\"https:\/\/eco-drinkware.com\/wp-content\/uploads\/2025\/04\/gv085-4.jpg ,https:\/\/eco-drinkware.com\/wp-content\/uploads\/2025\/04\/gv085-4.jpg 780w, https:\/\/eco-drinkware.com\/wp-content\/uploads\/2025\/04\/gv085-4.jpg 360w\" sizes=\"auto, (max-width: 480px) 150px\" src=\"https:\/\/eco-drinkware.com\/wp-content\/uploads\/2025\/04\/gv085-4.jpg\" alt=\"gv085 doppelwandiger isolierter becher mit griff\" class=\"uag-image-3057\" width=\"1000\" height=\"1000\" title=\"gv085 doppelwandiger isolierter becher mit griff\" loading=\"lazy\" role=\"img\"\/><\/figure><\/div>\n\n\n\n<figure class=\"wp-block-table\"><table class=\"has-fixed-layout\"><tbody><tr><td>Artikel-Nummer<\/td><td>GV085<\/td><\/tr><tr><td>Kapazit\u00e4t<\/td><td><strong>7oz\/200ml 12oz\/350ml 16oz\/450ml 17oz<\/strong>\/500ml<\/td><\/tr><tr><td>Isoliert<\/td><td>Ja&nbsp;&nbsp;&nbsp;&nbsp;&nbsp;&nbsp;&nbsp;&nbsp;&nbsp;&nbsp;&nbsp;&nbsp;&nbsp;<\/td><\/tr><tr><td>Position des Logos<\/td><td>Becherk\u00f6rper<\/td><\/tr><tr><td>Farbe<\/td><td>Rot, Silber, Gr\u00fcn, Blau, Wei\u00df, Schwarz, Ros\u00e9gold, kundenspezifische Farbe, PMS-Farbe<\/td><\/tr><tr><td>Material<\/td><td>304 Edelstahl innen und au\u00dfen, neuer PP-Kunststoffdeckel, Silikondichtungsring<\/td><\/tr><tr><td>Merkmal<\/td><td>Langlebiger Edelstahl, gro\u00dfes Fassungsverm\u00f6gen, individuelles Design, isolierte Konstruktion, mit Griff<\/td><\/tr><tr><td>MOQ<\/td><td>100 St\u00fcck<\/td><\/tr><tr><td>Logo<\/td><td>Laser, Seidendruck, W\u00e4rme\u00fcbertragung, Wasser\u00fcbertragung, Gas\u00fcbertragung, 3D-Druck, Sublimation, etc.<\/td><\/tr><tr><td>Paket<\/td><td>wei\u00dfer Karton, individuell bedruckter Karton, Zylinderkarton, Luftpolstertasche, Geschenkkarton, Displaykarton und so weiter<\/td><\/tr><tr><td>Probezeit<\/td><td>3 Tage f\u00fcr Standardmuster, 7 Tage f\u00fcr individuelle Logomuster<\/td><\/tr><tr><td>Produktionszeit<\/td><td>10-35 Tage, je nach Menge und Anforderungen<\/td><\/tr><tr><td>\u00dcber die Bezahlung<\/td><td>\u00dcberweisung, Paypal, Western Union, Handelsversicherung<\/td><\/tr><tr><td>Herkunftsland<\/td><td>Hergestellt in China<\/td><\/tr><tr><td>Herkunft der Bescheinigung<\/td><td>Ja, wir k\u00f6nnen anbieten <\/td><\/tr><tr><td>Neue Form Flasche<\/td><td>Ja, wir haben ein neues Formenentwicklungsteam<\/td><\/tr><tr><td>Bedingungen<\/td><td>EXW,FOB,CIF, DDU, DDP<\/td><\/tr><\/tbody><\/table><\/figure>\n\n\n\n<p><\/p>","protected":false},"excerpt":{"rendered":"<p>Hochwertiger, langlebiger Becher aus Edelstahl<\/p>\n<ul>\n<li>\n<p><strong>Verschiedene Gr\u00f6\u00dfenoptionen<\/strong> - 7oz 12oz 16oz 17oz Gr\u00f6\u00dfe verf\u00fcgbar. Beide okay f\u00fcr Kinder und Erwachsene.\u00a0<\/p>\n<\/li>\n<li>\n<p>\u00a0<strong>Anpassbares Design<\/strong> - F\u00fcgen Sie Ihr Logo, Ihren Text oder Ihre Grafik f\u00fcr eine individuelle Gestaltung hinzu.<\/p>\n<\/li>\n<li>\n<p>\u00a0<strong>Doppelwandige Isolierung<\/strong> - H\u00e4lt Getr\u00e4nke 6 Stunden lang hei\u00df und 10 Stunden lang kalt.<\/p>\n<\/li>\n<li>\n<p><strong>Langlebiger Edelstahl<\/strong> - Rostfrei, BPA-frei und aus lebensmittelechtem Edelstahl gefertigt.<\/p>\n<\/li>\n<li>\n<p><strong>Kunststofffreies Design<\/strong> -- Kein Palstik in diesem Becher<\/p>\n<\/li>\n<li>\n<p><strong>Vielseitig und tragbar<\/strong>\u00a0- Ideal f\u00fcr zu Hause, im B\u00fcro, auf Reisen oder bei Outdoor-Abenteuern.<\/p>\n<p>Verbessern Sie Ihr Trinkgeschirr mit einem Becher, der zu Ihrer Marke oder Ihrem Unternehmen passt!<\/p>\n<\/li>\n<\/ul>","protected":false},"featured_media":3059,"template":"","meta":{"_acf_changed":true,"_seopress_robots_primary_cat":"none","_seopress_titles_title":"Plastic free custom stainless steel mug for camping travel or promotion","_seopress_titles_desc":"Plastic free design,Food safe and BPA free materials, custom color and design is welcome. Profession drinkware manufacturer in China. Door to door delivery worldwide.","_seopress_robots_index":"","_uag_custom_page_level_css":""},"product_brand":[],"product_cat":[32,41,40,19,39,24,20],"product_tag":[116,111,114,77,113,86,112,115],"class_list":{"0":"post-2964","1":"product","2":"type-product","3":"status-publish","4":"has-post-thumbnail","6":"product_cat-insulated-water-bottle","7":"product_cat-stainless-steel-mug","8":"product_cat-stainless-steel-tumbler","9":"product_cat-stainless-steel-water-bottle","10":"product_cat-sublimation-mug","11":"product_cat-tumblers-mugs","12":"product_cat-vacuum-flask","13":"product_tag-camping-mug","14":"product_tag-custom-mug","15":"product_tag-hiking-mug","16":"product_tag-personalized-insulated-mug","17":"product_tag-personalizpersonalised-to-go-mug","18":"product_tag-stainless-steel-insulated-cups-with-lid-and-straw","19":"product_tag-sublimation-mug","20":"product_tag-to-go-mug","22":"first","23":"instock","24":"shipping-taxable","25":"product-type-simple"},"acf":[],"uagb_featured_image_src":{"full":["https:\/\/eco-drinkware.com\/wp-content\/uploads\/2025\/06\/gv085-2.jpg",800,800,false],"thumbnail":["https:\/\/eco-drinkware.com\/wp-content\/uploads\/2025\/06\/gv085-2-150x150.jpg",150,150,true],"medium":["https:\/\/eco-drinkware.com\/wp-content\/uploads\/2025\/06\/gv085-2-300x300.jpg",300,300,true],"medium_large":["https:\/\/eco-drinkware.com\/wp-content\/uploads\/2025\/06\/gv085-2-768x768.jpg",768,768,true],"large":["https:\/\/eco-drinkware.com\/wp-content\/uploads\/2025\/06\/gv085-2.jpg",800,800,false],"1536x1536":["https:\/\/eco-drinkware.com\/wp-content\/uploads\/2025\/06\/gv085-2.jpg",800,800,false],"2048x2048":["https:\/\/eco-drinkware.com\/wp-content\/uploads\/2025\/06\/gv085-2.jpg",800,800,false],"trp-custom-language-flag":["https:\/\/eco-drinkware.com\/wp-content\/uploads\/2025\/06\/gv085-2.jpg",12,12,false],"woocommerce_thumbnail":["https:\/\/eco-drinkware.com\/wp-content\/uploads\/2025\/06\/gv085-2-300x300.jpg",300,300,true],"woocommerce_single":["https:\/\/eco-drinkware.com\/wp-content\/uploads\/2025\/06\/gv085-2-600x600.jpg",600,600,true],"woocommerce_gallery_thumbnail":["https:\/\/eco-drinkware.com\/wp-content\/uploads\/2025\/06\/gv085-2-100x100.jpg",100,100,true]},"uagb_author_info":{"display_name":"Amy","author_link":"https:\/\/eco-drinkware.com\/de\/author\/"},"uagb_comment_info":0,"uagb_excerpt":"Quality custom durable stainless steel\u00a0 mug Various size options \u2013 7oz 12oz 16oz 17oz size available. Both okay for kids and adults.\u00a0 \u00a0Customizable Design \u2013 Add your logo, text, or artwork for a customization. \u00a0Double-Wall\u00a0 Insulation \u2013 Keeps drinks hot for 6 hours and cold for 10 hours. Durable Stainless Steel \u2013 Rust-resistant, BPA-free, and&hellip;","_links":{"self":[{"href":"https:\/\/eco-drinkware.com\/de\/wp-json\/wp\/v2\/product\/2964","targetHints":{"allow":["GET"]}}],"collection":[{"href":"https:\/\/eco-drinkware.com\/de\/wp-json\/wp\/v2\/product"}],"about":[{"href":"https:\/\/eco-drinkware.com\/de\/wp-json\/wp\/v2\/types\/product"}],"wp:featuredmedia":[{"embeddable":true,"href":"https:\/\/eco-drinkware.com\/de\/wp-json\/wp\/v2\/media\/3059"}],"wp:attachment":[{"href":"https:\/\/eco-drinkware.com\/de\/wp-json\/wp\/v2\/media?parent=2964"}],"wp:term":[{"taxonomy":"product_brand","embeddable":true,"href":"https:\/\/eco-drinkware.com\/de\/wp-json\/wp\/v2\/product_brand?post=2964"},{"taxonomy":"product_cat","embeddable":true,"href":"https:\/\/eco-drinkware.com\/de\/wp-json\/wp\/v2\/product_cat?post=2964"},{"taxonomy":"product_tag","embeddable":true,"href":"https:\/\/eco-drinkware.com\/de\/wp-json\/wp\/v2\/product_tag?post=2964"}],"curies":[{"name":"wp","href":"https:\/\/api.w.org\/{rel}","templated":true}]}}