{"id":3087,"date":"2025-08-01T17:42:38","date_gmt":"2025-08-01T09:42:38","guid":{"rendered":"https:\/\/eco-drinkware.com\/?post_type=product&#038;p=3087"},"modified":"2025-11-10T11:42:46","modified_gmt":"2025-11-10T03:42:46","slug":"bpa-frei-lebensmittelecht-550ml-bambusdeckel-glas-wasserflasche-mit-silikonhulle","status":"publish","type":"product","link":"https:\/\/eco-drinkware.com\/de\/product\/bpa-frei-lebensmittelecht-550ml-bambusdeckel-glas-wasserflasche-mit-silikonhulle\/","title":{"rendered":"BPA freie lebensmittelechte 550ml Glasflasche mit Bambusdeckel und Silikonh\u00fclle"},"content":{"rendered":"<h2 class=\"wp-block-heading\">Perfekte Glas Trinkflasche f\u00fcr Gro\u00dfhandel und Promotion-Projekt<\/h2>\n\n\n\n<p>\u25cf Material: Hoch-Borosilikatglas, Deckel: PP, Silikon, Natur-Bambus <br>100% BPA-frei und gesundheitlich unbedenklich. Alle Materialien sind ungiftig. Es ist der Trend, dauerhafte Wasserflasche statt Einweg-Plastikflasche zu verwenden. So wird die Welt mehr sauber und sch\u00f6n sein.<br>\u25cf Der Deckel ist auslaufsicher Deckel.mit Natur Bambus-Element, mehr Natur und umweltfreundlich. Ihre Flasche zum Mitnehmen.<br>\u25cf Es gibt <a href=\"https:\/\/legenday.com.cn\/silicone-cup-sleeves\/\">Silikonh\u00fclle<\/a> um das Glas gut zu sch\u00fctzen. Glasflasche wird nicht leicht gebrochen.<br>\u25cf Einfaches Design und klassische Form, perfekt f\u00fcr einfache moderne life.Very gut f\u00fcr Marken-Promotions oder Gro\u00dfhandel.<\/p>\n\n\n\n<p>\u25cf Mit Natur Bambus Deckel, sehr Ursprung Lebensstil. Es ist Stahl pirce im Inneren des Deckels, kein Kunststoff Kontakt Wasser. Weniger Plastik, bessere Welt.<br>\u25cfColor: Wir k\u00f6nnen jede m\u00f6gliche Farbe f\u00fcr Kunden tun. PMS Farbe ist willkommen. Einfach zu machen benutzerdefinierte Farbe H\u00fclse mit benutzerdefinierten Design oder Logo-Druck. Eco Drinkware Team kann Mock-up mit benutzerdefinierten Design bieten.<br>\u25cf Diese gerade Form Teeflasche ist gut f\u00fcr Erwachsene. Leicht zu nehmen es f\u00fcr Camping, Spaziergang, Laufen und so weiter.<br>\u25cfBeschichtung: keine Beschichtung (Klarglasfarbe), Spritzlackierung oder Verkupferung, etc. Wenn Kunden Sublimation Finishing hinzuf\u00fcgen m\u00f6chten, die f\u00fcr Sublimation, das ist auch in Ordnung. Diese Glasflasche kann Sublimation Glasflasche sein.<br>\u25cfMuster: benutzerdefinierte Muster k\u00f6nnen gedruckt werden und kann durch verschiedene Drucktechniken durchgef\u00fchrt werden: Siebdruck, W\u00e4rme\u00fcbertragung Druck, Wasser-Transfer-Druck, Sublimation Transfer, etc.<br>\u25cfLogo: Leicht zu arbeiten auf benutzerdefinierte Logo. Logo-Optionen umfassen: Abziehbild-Logo, Seidendruck, W\u00e4rme\u00fcbertragung, Sublimation, etc. Willkommen, um Ihr Logo zu teilen. Unser Team wird Mock up zur\u00fcck zu senden.<br>\u25cfPackaging Box: wei\u00dfe Box, benutzerdefinierte bedruckte Box, Zylinder-Box, Blase Tasche, Geschenk-Box, jede kundenspezifische Design-Paket ist willkommen, etc<br>\u25cfSp\u00fclmaschinenfeste Teeflasche aus Glas, kann in der Waschmaschine gewaschen werden.<br>\u25cf Diese Infusionsflasche aus Borosilikatglas ist eine ausgezeichnete Wahl f\u00fcr Menschen, die ihre Getr\u00e4nke unterwegs auf einer konstanten Temperatur halten wollen, egal ob sie wandern, campen, reisen oder einfach nur zur Arbeit pendeln.<br>Spezialisiert auf die Herstellung und den Export aller Arten von Trinkgeschirr wie Wasserflaschen, Glasflaschen, Glasbecher, Gro\u00dfhandelsbecher, Lebensmittelbeh\u00e4lter, Hunden\u00e4pfe, Salatsch\u00fcsseln, Dosenk\u00fchler, Glasflaschen, Bambusflaschen. Eco Drinkware verf\u00fcgt \u00fcber automatisierte und hocheffiziente Produktionslinien. Wir setzen auf Industrie 4.0 und bleiben in der Branche wettbewerbsf\u00e4hig. Die automatisierte Produktion macht unsere Produkte kosteng\u00fcnstiger und wettbewerbsf\u00e4higer im Preis.<br>\u25cfEco Drinkware tun OEM &amp;ODM. Mit Top-Profi-Ingenieure mit mehr als 10 Jahre Wasserflasche Herstellung Industrie Erfahrung, einfach, um Ihre Idee in tats\u00e4chliche Produkte zu machen. herzlich willkommen, mit uns f\u00fcr Ihre Idee zu teilen.<br>\u25cf Wir tun Qualit\u00e4tskontrolle auf Linie, um die Produktion sicherzustellen geht gut und kein Fehler. Wenn es Fehler gibt, k\u00f6nnen wir es auf Zeit korrigieren, um Kosten zu sparen. Qualit\u00e4t ist unsere Kultur. wir vertrauen darauf, dass Qualit\u00e4t mehr f\u00fcr Kunden und Hersteller bringt. Wenn Sie sich f\u00fcr Eco Drinkware entscheiden, werden Sie mehr Kunden und einen gr\u00f6\u00dferen Markt bekommen. Weil unser Team gl\u00fccklich ist, uns selbst und unsere Produkte zu verbessern, um in unserer Branche hervorragend zu sein.<br>\u25cfVersandmethode: FOB, CIF, DDU, DDP per Bahn oder Schiff an Kunden weltweit.<\/p>\n\n\n\n<figure class=\"wp-block-image size-full\"><img loading=\"lazy\" decoding=\"async\" width=\"800\" height=\"800\" src=\"https:\/\/eco-drinkware.com\/wp-content\/uploads\/2025\/08\/ga5064a-4.jpg\" alt=\"bpa frei lebensmittelecht 550ml bambusdeckel glas wasserflasche mit silikonh\u00fclle\" class=\"wp-image-3091\" srcset=\"https:\/\/eco-drinkware.com\/wp-content\/uploads\/2025\/08\/ga5064a-4.jpg 800w, https:\/\/eco-drinkware.com\/wp-content\/uploads\/2025\/08\/ga5064a-4-300x300.jpg 300w, https:\/\/eco-drinkware.com\/wp-content\/uploads\/2025\/08\/ga5064a-4-150x150.jpg 150w, https:\/\/eco-drinkware.com\/wp-content\/uploads\/2025\/08\/ga5064a-4-768x768.jpg 768w, https:\/\/eco-drinkware.com\/wp-content\/uploads\/2025\/08\/ga5064a-4-600x600.jpg 600w, https:\/\/eco-drinkware.com\/wp-content\/uploads\/2025\/08\/ga5064a-4-100x100.jpg 100w\" sizes=\"auto, (max-width: 800px) 100vw, 800px\" \/><figcaption class=\"wp-element-caption\">Individuelle Trinkflasche aus Glas<\/figcaption><\/figure>\n\n\n\n<p>Beschreibung des Produkts<\/p>\n\n\n\n<figure class=\"wp-block-table\"><table class=\"has-fixed-layout\"><tbody><tr><td>Kapazit\u00e4t<\/td><td>550ml\/18OZ<\/td><\/tr><tr><td>MOQ<\/td><td>100 St\u00fcck f\u00fcr individuellen Logodruck<\/td><\/tr><tr><td>Durchmesser<\/td><td>Durchmesser: 70 mm (2,76 Zoll)&nbsp;&nbsp;&nbsp;&nbsp;&nbsp;&nbsp;&nbsp;&nbsp;&nbsp;&nbsp;&nbsp;&nbsp;&nbsp;&nbsp;&nbsp;&nbsp;&nbsp;&nbsp;&nbsp;&nbsp;&nbsp;<\/td><\/tr><tr><td>H\u00f6he<\/td><td>240 mm (9,45 Zoll)<\/td><\/tr><tr><td>Farbe<\/td><td>Klar, kundenspezifische Farbe, Sublimationsmalerei <\/td><\/tr><tr><td>Logo<\/td><td>Abziehbild-Logo, Seidendruck, W\u00e4rme\u00fcbertragung, Sublimation, usw.<\/td><\/tr><tr><td>Paket<\/td><td>wei\u00dfe Schachtel, individuell bedruckte Schachtel, Zylinderschachtel, Luftpolstertasche, Geschenkschachtel<\/td><\/tr><tr><td>Probezeit<\/td><td>3 Tage f\u00fcr Standardmuster, 7 Tage f\u00fcr individuelle Logomuster<\/td><\/tr><tr><td>Produktionszeit<\/td><td>10-35 Tage je nach Menge und Anforderungen<\/td><\/tr><tr><td>\u00dcber die Bezahlung<\/td><td>\u00dcberweisung, Paypal, Western Union<\/td><\/tr><tr><td>Herkunftsland<\/td><td>Hergestellt in China<\/td><\/tr><\/tbody><\/table><\/figure>\n\n\n\n<p><\/p>","protected":false},"excerpt":{"rendered":"<p><!-- wp:heading --><\/p>\n<p><!-- \/wp:heading --><\/p>\n<p><!-- wp:paragraph --><\/p>\n<p>Qualit\u00e4t benutzerdefinierte Glas Trinkflasche mit wettbewerbsf\u00e4higen Preis, elegent design.Perfect f\u00fcr Marke Gro\u00dfhandel und Promotion-Projekt.<br \/><strong>\u25cf Werkstoff<\/strong>Geh\u00e4use: hochgl\u00e4nzendes, hochtransparentes Borosilikatglas, Silikon, Deckel: neuer PP-Kunststoff, Naturbambus<br \/><strong>\u25cf Mit Natur-Bambus-Deckel, Natur-Lebensstil<\/strong>. Diese H\u00fclse ber\u00fchrt softt und kann das Glas Teeflasche gut sch\u00fctzen<br \/><strong>\u25cf Farbe<\/strong>Glasflasche: Glasflasche normalerweise in klarer Farbe. Eco Drinkware kann bunte Flasche durch Spritzen Malerei, UV-Galvanik F\u00e4higkeit zu tun.<br \/><strong>\u25cf Sonderfunktion:<\/strong>Der Deckel ist aus rostfreiem Stahl, kein Plastik kommt mit Wasser in Ber\u00fchrung. Weniger Plastik, bessere Lebensdauer.<br \/><strong>\u25cf Muster: <\/strong>individuelle Muster k\u00f6nnen aufgedruckt werden, und zwar mit verschiedenen Drucktechniken: Siebdruck, Thermotransferdruck, Wassertransferdruck, Sublimationstransfer, usw.<br \/><strong>\u25cf Logo: <\/strong>Einfaches Bearbeiten von kundenspezifischen Logos. Logo-Optionen sind: Abziehbild Logo, Seidendruck, W\u00e4rme\u00fcbertragung, Sublimation, etc. Es ist gut f\u00fcr Marke builing, Werbung und Geschenkdruck.<br \/>\u25cf Sp\u00fclmaschinenfest und mikrowellengeeignet.<br \/><strong>\u25cf Verpackungskiste: <\/strong>wei\u00dfe Schachtel, benutzerdefinierte bedruckte Box, Zylinder-Box, Blase Tasche, Geschenk-Box, jede kundenspezifische Design-Paket ist willkommen, etc.\u00a0<\/p>\n<p><!-- \/wp:paragraph --><\/p>","protected":false},"featured_media":3088,"template":"","meta":{"_acf_changed":false,"_seopress_robots_primary_cat":"none","_seopress_titles_title":"BPA free food safe 550ml bamboo lid glass water bottle with silicone sleeve","_seopress_titles_desc":"Quality custom water drinking bottle for brand wholesale or promotion. With nature bamboo lid and silicone sleeve as protective. BPA free,food safe. Whatsapp:0086 13567428830","_seopress_robots_index":"","_uag_custom_page_level_css":""},"product_brand":[],"product_cat":[22,35],"product_tag":[119,59,121,100,120,101,117,118,58],"class_list":{"0":"post-3087","1":"product","2":"type-product","3":"status-publish","4":"has-post-thumbnail","6":"product_cat-glass-water-bottle","7":"product_cat-single-wall-gass-bottle","8":"product_tag-bamboo-lid-glass-bottle","9":"product_tag-bpa-free","10":"product_tag-bpa-free-bottle","11":"product_tag-custom-glass-bottle","12":"product_tag-glass-bottle-with-bamboo-lid","13":"product_tag-glass-bottle-with-silicone-sleeve","14":"product_tag-glass-driking-bottle","15":"product_tag-glass-flask","16":"product_tag-glass-water-bottle","18":"first","19":"instock","20":"shipping-taxable","21":"product-type-simple"},"acf":[],"uagb_featured_image_src":{"full":["https:\/\/eco-drinkware.com\/wp-content\/uploads\/2025\/08\/ga5064a-1.jpg",800,800,false],"thumbnail":["https:\/\/eco-drinkware.com\/wp-content\/uploads\/2025\/08\/ga5064a-1-150x150.jpg",150,150,true],"medium":["https:\/\/eco-drinkware.com\/wp-content\/uploads\/2025\/08\/ga5064a-1-300x300.jpg",300,300,true],"medium_large":["https:\/\/eco-drinkware.com\/wp-content\/uploads\/2025\/08\/ga5064a-1-768x768.jpg",768,768,true],"large":["https:\/\/eco-drinkware.com\/wp-content\/uploads\/2025\/08\/ga5064a-1.jpg",800,800,false],"1536x1536":["https:\/\/eco-drinkware.com\/wp-content\/uploads\/2025\/08\/ga5064a-1.jpg",800,800,false],"2048x2048":["https:\/\/eco-drinkware.com\/wp-content\/uploads\/2025\/08\/ga5064a-1.jpg",800,800,false],"trp-custom-language-flag":["https:\/\/eco-drinkware.com\/wp-content\/uploads\/2025\/08\/ga5064a-1.jpg",12,12,false],"woocommerce_thumbnail":["https:\/\/eco-drinkware.com\/wp-content\/uploads\/2025\/08\/ga5064a-1-300x300.jpg",300,300,true],"woocommerce_single":["https:\/\/eco-drinkware.com\/wp-content\/uploads\/2025\/08\/ga5064a-1-600x600.jpg",600,600,true],"woocommerce_gallery_thumbnail":["https:\/\/eco-drinkware.com\/wp-content\/uploads\/2025\/08\/ga5064a-1-100x100.jpg",100,100,true]},"uagb_author_info":{"display_name":"Amy","author_link":"https:\/\/eco-drinkware.com\/de\/author\/"},"uagb_comment_info":0,"uagb_excerpt":"Quality custom glass drnking bottle with competitive price, elegent design.Perfect for brand wholesale and promotion project.\u25cf Material: high bright high clear borosilicate glass body ,silicone, lid :new pp plastic ,nature bamboo\u25cf With nature bamboo lid,nature life style. This sleeve touched softt and can protect the glass tea bottle well\u25cf Color: glass bottle normally in clear&hellip;","_links":{"self":[{"href":"https:\/\/eco-drinkware.com\/de\/wp-json\/wp\/v2\/product\/3087","targetHints":{"allow":["GET"]}}],"collection":[{"href":"https:\/\/eco-drinkware.com\/de\/wp-json\/wp\/v2\/product"}],"about":[{"href":"https:\/\/eco-drinkware.com\/de\/wp-json\/wp\/v2\/types\/product"}],"wp:featuredmedia":[{"embeddable":true,"href":"https:\/\/eco-drinkware.com\/de\/wp-json\/wp\/v2\/media\/3088"}],"wp:attachment":[{"href":"https:\/\/eco-drinkware.com\/de\/wp-json\/wp\/v2\/media?parent=3087"}],"wp:term":[{"taxonomy":"product_brand","embeddable":true,"href":"https:\/\/eco-drinkware.com\/de\/wp-json\/wp\/v2\/product_brand?post=3087"},{"taxonomy":"product_cat","embeddable":true,"href":"https:\/\/eco-drinkware.com\/de\/wp-json\/wp\/v2\/product_cat?post=3087"},{"taxonomy":"product_tag","embeddable":true,"href":"https:\/\/eco-drinkware.com\/de\/wp-json\/wp\/v2\/product_tag?post=3087"}],"curies":[{"name":"wp","href":"https:\/\/api.w.org\/{rel}","templated":true}]}}