{"id":3118,"date":"2025-08-20T11:46:09","date_gmt":"2025-08-20T03:46:09","guid":{"rendered":"https:\/\/eco-drinkware.com\/?post_type=product&#038;p=3118"},"modified":"2025-08-20T14:11:11","modified_gmt":"2025-08-20T06:11:11","slug":"gv024b-1000ml-thermosflasche-aus-edelstahl-mit-fach-im-boden-fur-pulvermedikamente-oder-schlussel","status":"publish","type":"product","link":"https:\/\/eco-drinkware.com\/de\/product\/gv024b-1000ml-thermosflasche-aus-edelstahl-mit-fach-im-boden-fur-pulvermedikamente-oder-schlussel\/","title":{"rendered":"GV024B 1000ml Thermosflasche aus Edelstahl mit Fach im Boden f\u00fcr pulverf\u00f6rmige Medikamente oder Schl\u00fcssel"},"content":{"rendered":"<h2 class=\"wp-block-heading\"><strong>32oz Custom Edelstahlflasche mit Fach Gro\u00dfhandel<\/strong><\/h2>\n\n\n\n<p><strong>Individuell gestaltbares Premium-Trinkgeschirr f\u00fcr jeden Bedarf<\/strong><br>Wir stellen vor\u00a0<strong>32 oz Custom Edelstahl Becher<\/strong> mit versteckten <strong>Fach oder Geld Reise Gadget und Camping f\u00fcr das Verstecken Geld Schl\u00fcssel<\/strong>, ist die perfekte L\u00f6sung f\u00fcr Markenunternehmen, Veranstaltungen oder Werbegeschenke. Diese mit Blick auf Haltbarkeit und Personalisierung entworfene Flasche ist ideal f\u00fcr Gro\u00dfbestellungen und bietet au\u00dfergew\u00f6hnliche Qualit\u00e4t und Funktionalit\u00e4t zu wettbewerbsf\u00e4higen Fabrikpreisen.<\/p>\n\n\n\n<p><strong>Wesentliche Merkmale:<\/strong><\/p>\n\n\n\n<p>\ud83d\udca7\u00a0<strong>Gro\u00dfe 32oz Kapazit\u00e4t<\/strong>\u00a0- Perfekt, um Getr\u00e4nke den ganzen Tag \u00fcber hei\u00df oder kalt zu halten, was ihn zu einer praktischen Wahl f\u00fcr B\u00fcros, Veranstaltungen oder den Einzelhandel macht. Perfekt f\u00fcr Eistee, Kaffee, Saft oder andere Fl\u00fcssigkeiten.<\/p>\n\n\n\n<p>\ud83c\udf21\ufe0f\u00a0<strong>Doppelwandige Vakuum-Isolierung<\/strong>\u00a0- Sorgt daf\u00fcr, dass Getr\u00e4nke bis zu 12 Stunden lang hei\u00df oder bis zu 24 Stunden lang kalt bleiben und bietet eine hervorragende Temperaturerhaltung. <\/p>\n\n\n\n<p>\ud83c\udf43\u00a0<strong>Umweltfreundlich und langlebig:<\/strong>\u00a0Dieser Becher ist aus hochwertigem, BPA-freiem Edelstahl gefertigt und f\u00fcr eine lange Lebensdauer ausgelegt. Alle Materialien sind lebensmittelecht. Verzichten Sie auf Einwegbecher und reduzieren Sie Abfall mit einer wiederverwendbaren, umweltbewussten Wahl.<\/p>\n\n\n\n<p>\ud83c\udfa8\u00a0<strong>Vollst\u00e4ndig anpassbar<\/strong>\u00a0- F\u00fcgen Sie Ihr Logo, Ihr Branding oder Ihr einzigartiges Design hinzu, um eine personalisierte Flasche zu kreieren, die sich von anderen abhebt. Unser Werk unterst\u00fctzt kundenspezifischen Druck, Gravur oder Laser\u00e4tzung, um Ihre speziellen Anforderungen zu erf\u00fcllen<\/p>\n\n\n\n<p><strong>Premium-Edelstahlkonstruktion<\/strong>\u00a0- Hergestellt aus hochwertigem, lebensmittelechtem Edelstahl, der rostfrei und BPA-frei ist und f\u00fcr eine lange Nutzungsdauer ausgelegt ist. Sehr haltbares Material und Design. <\/p>\n\n\n\n<p><strong>\u00a0Mit Fach im Sockel<\/strong>- Die Wasserflasche ist zu einem Grundnahrungsmittel im t\u00e4glichen Leben von Millionen von Menschen geworden, aber wenn man die Taschen und H\u00e4nde schon voll hat, kann sie zu einem weiteren Gegenstand werden, den man im t\u00e4glichen Gebrauch im Auge behalten muss. Mit dem integrierten Aufbewahrungsfach und dem doppelwandigen Design der Bindle Bottle bleibt dein Getr\u00e4nk stundenlang kalt und deine H\u00e4nde bleiben frei.<\/p>\n\n\n\n<p><strong>Warum Sie es lieben werden:<\/strong><\/p>\n\n\n\n<h3 class=\"wp-block-heading\"><strong>Warum sollten Sie unsere Edelstahlflaschen f\u00fcr Gro\u00dfbestellungen w\u00e4hlen?<\/strong><\/h3>\n\n\n\n<p>\u2728\u00a0<strong>Anpassungsoptionen<\/strong>\u00a0- Als zuverl\u00e4ssiger Lieferant bieten wir eine breite Palette von Anpassungsm\u00f6glichkeiten, einschlie\u00dflich der Platzierung des Logos, der Farbauswahl und der individuellen Verpackung.<br>\u2728\u00a0<strong>Direkte Preisgestaltung ab Werk<\/strong>\u00a0- Profitieren Sie von wettbewerbsf\u00e4higen Preisen f\u00fcr Gro\u00dfauftr\u00e4ge, die Kosteneffizienz ohne Qualit\u00e4tseinbu\u00dfen gew\u00e4hrleisten.<br>\u2728\u00a0<strong>Langlebig &amp; Zuverl\u00e4ssig<\/strong>\u00a0- Unsere Becher sind f\u00fcr den t\u00e4glichen Gebrauch gebaut und eignen sich perfekt f\u00fcr Firmengeschenke, Werbeveranstaltungen oder den Einzelhandel. Eco Drinkware bietet einen guten Kundendienst f\u00fcr unsere Isolierflaschen.<br>\u2728\u00a0<strong>Schneller Turnaround<\/strong>\u00a0- Unser Werk ist so ausgestattet, dass es Gro\u00dfauftr\u00e4ge mit effizienter Produktion und p\u00fcnktlicher Lieferung abwickeln kann. Vor allem, dass wir Roboter in der Produktion verwenden, die Produktion viel schneller jetzt gemacht.<br>\u2728\u00a0<strong>Umweltfreundlich &amp; wiederverwendbar<\/strong>\u00a0- F\u00f6rdern Sie die Nachhaltigkeit mit einem wiederverwendbaren Trinkbecher, der Abfall reduziert und mit umweltbewussten Werten \u00fcbereinstimmt. Immer mehr Kunden entscheiden sich f\u00fcr Isolierflaschen aus Edelstahl als Ersatz f\u00fcr Plastikflaschen \u2728.<strong>Globale Zustellung<\/strong>\u00a0- Wir bieten allen Kunden eine weltweite Lieferung an. Auch bieten DDP Versand in viele L\u00e4nder. Es helfen Kunden, Geld zu sparen.                                                                                                \u2728<strong>Zuverl\u00e4ssiger Lieferant<\/strong>\u00a0- Eco Drinkware arbeitet seit 10 Jahren in diesem Bereich. Mit erfahrenen Technologie-Team und Vertriebsperson, um alle neuen Projekt gut zu arbeiten. Es ist ratsam, mit professionellen Lieferanten zu arbeiten, um Geld und Zeit zu sparen. Vertrauen Sie darauf, dass Sie eine gute Kauferfahrung haben werden. <\/p>\n\n\n\n<hr class=\"wp-block-separator has-alpha-channel-opacity\"\/>\n\n\n\n<h3 class=\"wp-block-heading\"><strong>Perfekt f\u00fcr:<\/strong><\/h3>\n\n\n\n<ul class=\"wp-block-list\">\n<li><strong>Firmengeschenke<\/strong>\u00a0- Beeindrucken Sie Ihre Kunden oder belohnen Sie Ihre Mitarbeiter mit einer hochwertigen, gebrandeten Edelstahlflasche.<\/li>\n\n\n\n<li><strong>Werbeveranstaltungen<\/strong>&nbsp;- Steigern Sie die Sichtbarkeit Ihrer Marke mit einem praktischen und stilvollen Werbegeschenk.<\/li>\n\n\n\n<li><strong>Einzelhandelsverk\u00e4ufe<\/strong>\u00a0- Decken Sie sich mit individuell gestaltbaren, einzigartigen und besonderen Wasserflaschen ein, die ein breites Publikum ansprechen.<\/li>\n\n\n\n<li><strong>Benefizveranstaltungen &amp; Werbegeschenke<\/strong>&nbsp;- Bieten Sie ein funktionelles und einpr\u00e4gsames Produkt an, das die Unterst\u00fctzer lieben werden.<\/li>\n<\/ul>\n\n\n\n<hr class=\"wp-block-separator has-alpha-channel-opacity\"\/>\n\n\n\n<p><strong>Heute bestellen!<\/strong><br>Als f\u00fchrender Anbieter von kundenspezifischem Trinkgeschirr sind wir darauf spezialisiert, Unternehmen bei der Herstellung personalisierter Produkte zu unterst\u00fctzen, die einen bleibenden Eindruck hinterlassen. Ob Sie nun 1000 oder 10.000 St\u00fcck ben\u00f6tigen, unsere Fabrik ist bereit, Ihre Anforderungen mit erstklassiger Qualit\u00e4t und au\u00dfergew\u00f6hnlichem Service zu erf\u00fcllen.<\/p>\n\n\n\n<p><strong>Wenden Sie sich jetzt an uns, um ein individuelles Angebot zu erhalten, und werten Sie Ihr Branding mit unserer 32oz Custom Edelstahlflasche auf!<\/strong><\/p>\n\n\n\n<div class=\"wp-block-uagb-image uagb-block-ebf0aa1f wp-block-uagb-image--layout-default wp-block-uagb-image--effect-static wp-block-uagb-image--align-none\"><figure class=\"wp-block-uagb-image__figure\"><img decoding=\"async\" srcset=\"https:\/\/eco-drinkware.com\/wp-content\/uploads\/2025\/08\/custom-brand-water-bottle.webp ,https:\/\/eco-drinkware.com\/wp-content\/uploads\/2025\/08\/custom-brand-water-bottle.webp 780w, https:\/\/eco-drinkware.com\/wp-content\/uploads\/2025\/08\/custom-brand-water-bottle.webp 360w\" sizes=\"auto, (max-width: 480px) 150px\" src=\"https:\/\/eco-drinkware.com\/wp-content\/uploads\/2025\/08\/custom-brand-water-bottle.webp\" alt=\"Wasserflasche aus Edelstahl mit individuellem Markenlogo und schwarzem Griff\" class=\"uag-image-3116\" width=\"1000\" height=\"1000\" title=\"Thermosflasche mit Fach\" loading=\"lazy\" role=\"img\"\/><\/figure><\/div>\n\n\n\n<figure class=\"wp-block-table\"><table class=\"has-fixed-layout\"><tbody><tr><td>Artikel-Nummer<\/td><td>GV024B<\/td><\/tr><tr><td>Kapazit\u00e4t<\/td><td>32oz\/1000ml<\/td><\/tr><tr><td>Isoliert<\/td><td>Ja&nbsp;&nbsp;&nbsp;&nbsp;&nbsp;&nbsp;&nbsp;&nbsp;&nbsp;&nbsp;&nbsp;&nbsp;&nbsp;<\/td><\/tr><tr><td>Position des Logos<\/td><td>Flaschenk\u00f6rper <\/td><\/tr><tr><td>Farbe<\/td><td>Rot, Silber, Gr\u00fcn, Blau, Wei\u00df, Schwarz, Ros\u00e9gold, kundenspezifische Farbe, Pantone-Farbe<\/td><\/tr><tr><td>Material<\/td><td>304 Edelstahl innen und 201 Edelstahl au\u00dfen, neuer PP-Kunststoffdeckel, Silikondichtungsring<\/td><\/tr><tr><td>Merkmal<\/td><td>Doppelwandige Vakuumflasche, gro\u00dfes Fassungsverm\u00f6gen, kundenspezifisches Design<\/td><\/tr><tr><td>MOQ<\/td><td>1000 St\u00fcck<\/td><\/tr><tr><td>Logo<\/td><td>Laser, Seidendruck, W\u00e4rme\u00fcbertragung, Wasser\u00fcbertragung, Gas\u00fcbertragung, 3D-Druck, Sublimation, etc.<\/td><\/tr><tr><td>Paket<\/td><td>wei\u00dfe Schachtel, individuell bedruckte Schachtel, Zylinderschachtel, Luftpolstertasche, Geschenkschachtel<\/td><\/tr><tr><td>Probezeit<\/td><td>3 Tage f\u00fcr Standardmuster, 7 Tage f\u00fcr individuelle Logomuster<\/td><\/tr><tr><td>Produktionszeit<\/td><td>25-35 Tage je nach Menge und Anforderungen<\/td><\/tr><tr><td>\u00dcber die Bezahlung<\/td><td>\u00dcberweisung, Paypal, Western Union, Handelsversicherung<\/td><\/tr><tr><td>Herkunftsland<\/td><td>Hergestellt in China<\/td><\/tr><tr><td>Herkunft der Bescheinigung<\/td><td>Ja, wir k\u00f6nnen anbieten<\/td><\/tr><tr><td>Neue Form Flasche<\/td><td>Ja, wir haben ein neues Formenentwicklungsteam<\/td><\/tr><tr><td>Bedingungen<\/td><td>EXW,FOB,CIF, DDU, DDP<\/td><\/tr><\/tbody><\/table><\/figure>\n\n\n\n<p><\/p>","protected":false},"excerpt":{"rendered":"<p>Hochwertiger, langlebiger Flachmann aus Edelstahl mit Geheimfach<\/p>\n<ul>\n<li>\n<p>\u00a0<strong>32oz gro\u00dfes Fassungsverm\u00f6gen<\/strong>\u00a0- Perfekt f\u00fcr die ganzt\u00e4gige Fl\u00fcssigkeitszufuhr.<\/p>\n<\/li>\n<li>\n<p>\u00a0<strong>Anpassbares Design<\/strong> - F\u00fcgen Sie Ihr Logo, Ihren Text oder Ihre Grafik f\u00fcr eine individuelle Gestaltung hinzu.<\/p>\n<\/li>\n<li>\n<p>\u00a0<strong>Doppelwandige Vakuum-Isolierung<\/strong>\u00a0- H\u00e4lt Getr\u00e4nke 12 Stunden lang hei\u00df und 24 Stunden lang kalt.<\/p>\n<\/li>\n<li>\n<p><strong>Langlebiger Edelstahl<\/strong> - Rostfrei, BPA-frei und aus lebensmittelechten Materialien.<\/p>\n<\/li>\n<li>\n<p>\u00a0<strong>Schwei\u00dffest &amp; auslaufsicher<\/strong>\u00a0- Kondenswasserfreie Au\u00dfenseite und sicherer Deckel f\u00fcr eine problemlose Verwendung.<\/p>\n<\/li>\n<li>\n<p><strong>Vielseitig und tragbar<\/strong> - Ideal f\u00fcr zu Hause, im B\u00fcro, auf Reisen oder bei Outdoor-Abenteuern.<\/p>\n<\/li>\n<li>\n<p><strong>Mit verstecktem Fach<\/strong> - Zus\u00e4tzlicher Platz am Boden, um etwas zu halten und die H\u00e4nde frei zu haben.<\/p>\n<p>Setzen Sie sich mit uns in Verbindung, um die einzigartige Edelstahlflasche anzupassen und mehr Markt zu gewinnen.\u00a0<\/p>\n<\/li>\n<\/ul>","protected":false},"featured_media":3116,"template":"","meta":{"_acf_changed":false,"_seopress_robots_primary_cat":"none","_seopress_titles_title":"GV024B 1000ml stainless steel thermal flask with compartment\u00a0in base for powder medicine or keys","_seopress_titles_desc":"Unique flask with compartment .Food safe and BPA free materials, custom color and design is welcome. Profession drinkware manufacturer in China. Door to door delivery worldwide.  Whatsapp:0086 13567428830","_seopress_robots_index":"","_uag_custom_page_level_css":""},"product_brand":[],"product_cat":[32,31,40,19,24,20],"product_tag":[124,71,70,77,69,86,122,123],"class_list":{"0":"post-3118","1":"product","2":"type-product","3":"status-publish","4":"has-post-thumbnail","6":"product_cat-insulated-water-bottle","7":"product_cat-sports-water-bottle","8":"product_cat-stainless-steel-tumbler","9":"product_cat-stainless-steel-water-bottle","10":"product_cat-tumblers-mugs","11":"product_cat-vacuum-flask","12":"product_tag-32oz-insulated-flask","13":"product_tag-bpa-free-vacuum-flask","14":"product_tag-double-wall-insulated-flask","15":"product_tag-personalized-insulated-mug","16":"product_tag-stainless-steel-flask","17":"product_tag-stainless-steel-insulated-cups-with-lid-and-straw","18":"product_tag-thermal-flask-with-compartment","19":"product_tag-thermos-with-compartment","21":"first","22":"instock","23":"shipping-taxable","24":"product-type-simple"},"acf":[],"uagb_featured_image_src":{"full":["https:\/\/eco-drinkware.com\/wp-content\/uploads\/2025\/08\/custom-brand-water-bottle.webp",1000,1000,false],"thumbnail":["https:\/\/eco-drinkware.com\/wp-content\/uploads\/2025\/08\/custom-brand-water-bottle-150x150.webp",150,150,true],"medium":["https:\/\/eco-drinkware.com\/wp-content\/uploads\/2025\/08\/custom-brand-water-bottle-300x300.webp",300,300,true],"medium_large":["https:\/\/eco-drinkware.com\/wp-content\/uploads\/2025\/08\/custom-brand-water-bottle-768x768.webp",768,768,true],"large":["https:\/\/eco-drinkware.com\/wp-content\/uploads\/2025\/08\/custom-brand-water-bottle.webp",1000,1000,false],"1536x1536":["https:\/\/eco-drinkware.com\/wp-content\/uploads\/2025\/08\/custom-brand-water-bottle.webp",1000,1000,false],"2048x2048":["https:\/\/eco-drinkware.com\/wp-content\/uploads\/2025\/08\/custom-brand-water-bottle.webp",1000,1000,false],"trp-custom-language-flag":["https:\/\/eco-drinkware.com\/wp-content\/uploads\/2025\/08\/custom-brand-water-bottle.webp",12,12,false],"woocommerce_thumbnail":["https:\/\/eco-drinkware.com\/wp-content\/uploads\/2025\/08\/custom-brand-water-bottle-300x300.webp",300,300,true],"woocommerce_single":["https:\/\/eco-drinkware.com\/wp-content\/uploads\/2025\/08\/custom-brand-water-bottle-600x600.webp",600,600,true],"woocommerce_gallery_thumbnail":["https:\/\/eco-drinkware.com\/wp-content\/uploads\/2025\/08\/custom-brand-water-bottle-100x100.webp",100,100,true]},"uagb_author_info":{"display_name":"Amy","author_link":"https:\/\/eco-drinkware.com\/de\/author\/"},"uagb_comment_info":0,"uagb_excerpt":"Quality custom durable stainless steel flask with secret compartment \u00a032oz Large Capacity\u00a0\u2013 Perfect for all-day hydration. \u00a0Customizable Design \u2013 Add your logo, text, or artwork for a customization. \u00a0Double-Wall Vacuum Insulation\u00a0\u2013 Keeps drinks hot for 12 hours and cold for 24 hours. Durable Stainless Steel \u2013 Rust-resistant, BPA-free, and built to last.Food safe materials. \u00a0Sweat-Proof&hellip;","_links":{"self":[{"href":"https:\/\/eco-drinkware.com\/de\/wp-json\/wp\/v2\/product\/3118","targetHints":{"allow":["GET"]}}],"collection":[{"href":"https:\/\/eco-drinkware.com\/de\/wp-json\/wp\/v2\/product"}],"about":[{"href":"https:\/\/eco-drinkware.com\/de\/wp-json\/wp\/v2\/types\/product"}],"wp:featuredmedia":[{"embeddable":true,"href":"https:\/\/eco-drinkware.com\/de\/wp-json\/wp\/v2\/media\/3116"}],"wp:attachment":[{"href":"https:\/\/eco-drinkware.com\/de\/wp-json\/wp\/v2\/media?parent=3118"}],"wp:term":[{"taxonomy":"product_brand","embeddable":true,"href":"https:\/\/eco-drinkware.com\/de\/wp-json\/wp\/v2\/product_brand?post=3118"},{"taxonomy":"product_cat","embeddable":true,"href":"https:\/\/eco-drinkware.com\/de\/wp-json\/wp\/v2\/product_cat?post=3118"},{"taxonomy":"product_tag","embeddable":true,"href":"https:\/\/eco-drinkware.com\/de\/wp-json\/wp\/v2\/product_tag?post=3118"}],"curies":[{"name":"wp","href":"https:\/\/api.w.org\/{rel}","templated":true}]}}