{"id":3128,"date":"2025-08-21T17:06:51","date_gmt":"2025-08-21T09:06:51","guid":{"rendered":"https:\/\/eco-drinkware.com\/?post_type=product&#038;p=3128"},"modified":"2025-09-12T15:10:39","modified_gmt":"2025-09-12T07:10:39","slug":"benutzerdefinierte-sublimation-wasserflaschen-personalisierte-edelstahl-getrankegeschirr-warmeubertragung-gedruckt-sport-flasche-wiederverwendbare-umweltfreundliche-hydratation-kolben","status":"publish","type":"product","link":"https:\/\/eco-drinkware.com\/de\/product\/benutzerdefinierte-sublimation-wasserflaschen-personalisierte-edelstahl-getrankegeschirr-warmeubertragung-gedruckt-sport-flasche-wiederverwendbare-umweltfreundliche-hydratation-kolben\/","title":{"rendered":"Benutzerdefinierte Sublimation Wasserflaschen personalisierte Edelstahl Drinkware W\u00e4rme\u00fcbertragung gedruckt Sportflasche wiederverwendbar &amp; umweltfreundliche Hydratation Flask"},"content":{"rendered":"<h2 class=\"wp-block-heading\">350ml 500ml 750ml 1000ml benutzerdefinierte Edelstahl isoliert Sublimation Wasserflaschen f\u00fcr den Gro\u00dfhandel<\/h2>\n\n\n\n<p>Gefertigt aus <strong>Hochwertiger 18\/8-Edelstahl<\/strong>bieten diese Sublimationsflaschen <strong>langlebig, schwei\u00dffest und 100% auslaufsicher<\/strong> Fl\u00fcssigkeitszufuhr. Ideal f\u00fcr <strong>Firmengeschenke, Team-Events oder Werbekampagnen<\/strong>sind unsere Flaschen mit einem <strong>nahtlose Vollwickelkonstruktion<\/strong> die Ihr Logo, Ihr Kunstwerk oder Ihr Branding in den Vordergrund stellt <strong>leuchtende, lang anhaltende Farben<\/strong> durch Thermotransferdruck.<\/p>\n\n\n\n<p><strong>Wesentliche Merkmale:<\/strong><\/p>\n\n\n\n<p>\ud83d\udca7&nbsp;<strong>Verschiedene Gr\u00f6\u00dfenoptionen<\/strong>&nbsp;- 350ml, 500ml, 750ml und 1000ml size.Suit f\u00fcr verschiedene Altersgruppen Menschen. 350ml und 500ml sind gut f\u00fcr Kinder. 750ml und 1000ml sind perfekt f\u00fcr Erwachsene. <\/p>\n\n\n\n<p>\ud83c\udf21\ufe0f&nbsp;<strong>Doppelwandige Vakuum-Isolierung<\/strong>&nbsp;- Sorgt daf\u00fcr, dass Getr\u00e4nke bis zu 12 Stunden lang hei\u00df oder bis zu 24 Stunden lang kalt bleiben, und bietet eine hervorragende Temperaturerhaltung. Perfekt, um Getr\u00e4nke den ganzen Tag \u00fcber hei\u00df oder kalt zu halten, und damit eine praktische Wahl f\u00fcr B\u00fcros, Veranstaltungen oder den Einzelhandel. Perfekt f\u00fcr Eistee, Kaffee, Saft oder jede andere Fl\u00fcssigkeit.<\/p>\n\n\n\n<p>\ud83c\udf43&nbsp;<strong>Umweltfreundlich und langlebig:<\/strong>&nbsp;Dieser Becher ist aus hochwertigem, BPA-freiem Edelstahl gefertigt und f\u00fcr eine lange Lebensdauer ausgelegt. Alle Materialien sind lebensmittelecht. Verzichten Sie auf Einwegbecher und reduzieren Sie Abfall mit einer wiederverwendbaren, umweltbewussten Wahl.<\/p>\n\n\n\n<p>\ud83c\udfa8&nbsp;<strong>Vollst\u00e4ndig anpassbar<\/strong> <strong>durch Sublimation<\/strong>&nbsp;- F\u00fcgen Sie Ihr Logo, Ihr Branding oder ein einzigartiges Design hinzu, um eine personalisierte Flasche zu kreieren, die sich abhebt. Wenn Sie die Sublimationsmaschine und das Papier in Ihrem Studio oder Ihrer Werkstatt haben, k\u00f6nnen Sie ganz einfach individuell bedruckte Flaschen f\u00fcr Ihre Freunde oder Kunden herstellen. Der einfachste Weg, um helle und bunte benutzerdefinierte Arbeit zu machen.<\/p>\n\n\n\n<p><strong>Premium-Edelstahlkonstruktion<\/strong>&nbsp;- Hergestellt aus hochwertigem, lebensmittelechtem Edelstahl, der rostfrei und BPA-frei ist und f\u00fcr eine lange Nutzungsdauer ausgelegt ist. Sehr haltbares Material und Design. <\/p>\n\n\n\n<p><strong>&nbsp;B2B-freundliche Anpassung<\/strong> - Min. Bestellung <strong>50+ Einheiten<\/strong> wto strart with your business.<\/p>\n\n\n\n<p><strong>Warum Sie es lieben werden:<\/strong><\/p>\n\n\n\n<h3 class=\"wp-block-heading\"><strong>Warum sollten Sie unsere Sublimationswasserflasche f\u00fcr Gro\u00dfbestellungen w\u00e4hlen?<\/strong><\/h3>\n\n\n\n<p>\u2728&nbsp;<strong>Anpassungsoptionen<\/strong>&nbsp;- Als zuverl\u00e4ssiger Lieferant bieten wir eine breite Palette von Anpassungsm\u00f6glichkeiten, einschlie\u00dflich der Platzierung des Logos, der Farbauswahl und der individuellen Verpackung.<br>\u2728&nbsp;<strong>Direkte Preisgestaltung ab Werk<\/strong>&nbsp;- Profitieren Sie von wettbewerbsf\u00e4higen Preisen f\u00fcr Gro\u00dfauftr\u00e4ge, die Kosteneffizienz ohne Qualit\u00e4tseinbu\u00dfen gew\u00e4hrleisten.<br>\u2728&nbsp;<strong>Langlebig &amp; Zuverl\u00e4ssig<\/strong>&nbsp;- Unsere Becher sind f\u00fcr den t\u00e4glichen Gebrauch gebaut und eignen sich perfekt f\u00fcr Firmengeschenke, Werbeveranstaltungen oder den Einzelhandel. Eco Drinkware bietet einen guten Kundendienst f\u00fcr unsere Sublimationsflaschen.<br>\u2728&nbsp;<strong>Schneller Turnaround<\/strong>&nbsp;- Unser Werk ist so ausgestattet, dass es Gro\u00dfauftr\u00e4ge mit effizienter Produktion und p\u00fcnktlicher Lieferung abwickeln kann. Vor allem, dass wir Roboter in der Produktion verwenden, die Produktion viel schneller jetzt gemacht.<br>\u2728&nbsp;<strong>Umweltfreundlich &amp; wiederverwendbar<\/strong>&nbsp;- F\u00f6rdern Sie die Nachhaltigkeit mit einem wiederverwendbaren Becher, der Abfall reduziert und mit umweltbewussten Werten in Einklang steht. Immer mehr Kunden entscheiden sich f\u00fcr Isolierflaschen aus Edelstahl als Ersatz f\u00fcr Plastikflaschen.                                                                                                                              \u2728<strong>Globale Zustellung<\/strong>&nbsp;- Wir bieten allen Kunden eine weltweite Lieferung an. Auch bieten DDP Versand in viele L\u00e4nder. Es helfen Kunden, Geld zu sparen.                                                                                 \u2728<strong>Zuverl\u00e4ssiger Lieferant<\/strong>&nbsp;- Eco Drinkware arbeitet seit 10 Jahren in diesem Bereich. Mit erfahrenen Technologie-Team und Vertriebsperson, um alle neuen Projekt gut zu arbeiten. Es ist ratsam, mit professionellen Lieferanten zu arbeiten, um Geld und Zeit zu sparen. Vertrauen Sie darauf, dass Sie eine gute Kauferfahrung haben werden.                     <\/p>\n\n\n\n<hr class=\"wp-block-separator has-alpha-channel-opacity\"\/>\n\n\n\n<h3 class=\"wp-block-heading\"><strong>Perfekt f\u00fcr:<\/strong><\/h3>\n\n\n\n<ul class=\"wp-block-list\">\n<li><strong>Firmengeschenke<\/strong>&nbsp;- Beeindrucken Sie Ihre Kunden oder belohnen Sie Ihre Mitarbeiter mit einer hochwertigen, gebrandeten Sublimationsflasche.<\/li>\n\n\n\n<li><strong>Werbeveranstaltungen<\/strong>&nbsp;- Steigern Sie die Sichtbarkeit Ihrer Marke mit einem praktischen und stilvollen Werbegeschenk.<\/li>\n\n\n\n<li><strong>Einzelhandelsverk\u00e4ufe<\/strong>&nbsp;- Decken Sie sich mit individuell gestaltbaren, einzigartigen und besonderen Sublimationswasserflaschen ein, die ein breites Publikum ansprechen.<\/li>\n\n\n\n<li><strong>Benefizveranstaltungen &amp; Werbegeschenke<\/strong>&nbsp;- Bieten Sie ein funktionelles und einpr\u00e4gsames Produkt an, das die Unterst\u00fctzer lieben werden.<\/li>\n<\/ul>\n\n\n\n<hr class=\"wp-block-separator has-alpha-channel-opacity\"\/>\n\n\n\n<p><strong>Heute bestellen!<\/strong><br>Als f\u00fchrender Anbieter von kundenspezifischem Trinkgeschirr sind wir darauf spezialisiert, Unternehmen bei der Herstellung personalisierter Produkte zu unterst\u00fctzen, die einen bleibenden Eindruck hinterlassen. Ob Sie nun 1000 oder 10.000 St\u00fcck ben\u00f6tigen, unsere Fabrik ist bereit, Ihre Anforderungen mit erstklassiger Qualit\u00e4t und au\u00dfergew\u00f6hnlichem Service zu erf\u00fcllen.<\/p>\n\n\n\n<p><strong>Wenden Sie sich jetzt an uns, um ein individuelles Angebot zu erhalten, und werten Sie Ihr Branding mit unserer 32oz Custom Edelstahlflasche auf!<\/strong><\/p>\n\n\n\n<figure class=\"wp-block-image size-full\"><img loading=\"lazy\" decoding=\"async\" width=\"1024\" height=\"1024\" src=\"https:\/\/eco-drinkware.com\/wp-content\/uploads\/2025\/09\/water-bottles-comparison.webp\" alt=\"Vergleich einer einfarbigen Sublimationswasserflasche auf der linken Seite mit der Aufschrift &quot;Vorher&quot; und einer farbigen Wasserflasche auf der rechten Seite mit der Aufschrift &quot;Nachher&quot;.\" class=\"wp-image-3209\" srcset=\"https:\/\/eco-drinkware.com\/wp-content\/uploads\/2025\/09\/water-bottles-comparison.webp 1024w, https:\/\/eco-drinkware.com\/wp-content\/uploads\/2025\/09\/water-bottles-comparison-300x300.webp 300w, https:\/\/eco-drinkware.com\/wp-content\/uploads\/2025\/09\/water-bottles-comparison-150x150.webp 150w, https:\/\/eco-drinkware.com\/wp-content\/uploads\/2025\/09\/water-bottles-comparison-768x768.webp 768w, https:\/\/eco-drinkware.com\/wp-content\/uploads\/2025\/09\/water-bottles-comparison-600x600.webp 600w, https:\/\/eco-drinkware.com\/wp-content\/uploads\/2025\/09\/water-bottles-comparison-100x100.webp 100w\" sizes=\"auto, (max-width: 1024px) 100vw, 1024px\" \/><\/figure>\n\n\n\n<figure class=\"wp-block-image size-full\"><img loading=\"lazy\" decoding=\"async\" width=\"800\" height=\"800\" src=\"https:\/\/eco-drinkware.com\/wp-content\/uploads\/2025\/08\/white-bottles.webp\" alt=\"Vier wei\u00dfe S&#039;well-Flaschen in verschiedenen Gr\u00f6\u00dfen: 350ml, 500ml, 750ml und 1000ml.\" class=\"wp-image-3124\" srcset=\"https:\/\/eco-drinkware.com\/wp-content\/uploads\/2025\/08\/white-bottles.webp 800w, https:\/\/eco-drinkware.com\/wp-content\/uploads\/2025\/08\/white-bottles-300x300.webp 300w, https:\/\/eco-drinkware.com\/wp-content\/uploads\/2025\/08\/white-bottles-150x150.webp 150w, https:\/\/eco-drinkware.com\/wp-content\/uploads\/2025\/08\/white-bottles-768x768.webp 768w, https:\/\/eco-drinkware.com\/wp-content\/uploads\/2025\/08\/white-bottles-600x600.webp 600w, https:\/\/eco-drinkware.com\/wp-content\/uploads\/2025\/08\/white-bottles-100x100.webp 100w\" sizes=\"auto, (max-width: 800px) 100vw, 800px\" \/><\/figure>\n\n\n\n<figure class=\"wp-block-table\"><table class=\"has-fixed-layout\"><tbody><tr><td>Artikel-Nummer<\/td><td>GV003S<\/td><\/tr><tr><td>Kapazit\u00e4t<\/td><td>350ml 500ml 750ml 1000ml<\/td><\/tr><tr><td>Isoliert<\/td><td>Ja&nbsp;&nbsp;&nbsp;&nbsp;&nbsp;&nbsp;&nbsp;&nbsp;&nbsp;&nbsp;&nbsp;&nbsp;&nbsp;<\/td><\/tr><tr><td>Position des Logos<\/td><td>Flaschenk\u00f6rper <\/td><\/tr><tr><td>Farbe<\/td><td>Rot, Silber, Gr\u00fcn, Blau, Wei\u00df, Schwarz, Ros\u00e9gold, kundenspezifische Farbe, Pantone-Farbe<\/td><\/tr><tr><td>Material<\/td><td>304 Edelstahl innen und 201 Edelstahl au\u00dfen, neuer PP-Kunststoffdeckel, Silikondichtungsring<\/td><\/tr><tr><td>Merkmal<\/td><td>Doppelwandige Vakuumflasche, gro\u00dfes Fassungsverm\u00f6gen, kundenspezifisches Design<\/td><\/tr><tr><td>MOQ<\/td><td>1000 St\u00fcck<\/td><\/tr><tr><td>Logo<\/td><td>Laser, Seidendruck, W\u00e4rme\u00fcbertragung, Wasser\u00fcbertragung, Gas\u00fcbertragung, 3D-Druck, Sublimation, etc.<\/td><\/tr><tr><td>Paket<\/td><td>wei\u00dfe Schachtel, individuell bedruckte Schachtel, Zylinderschachtel, Luftpolstertasche, Geschenkschachtel<\/td><\/tr><tr><td>Probezeit<\/td><td>3 Tage f\u00fcr Standardmuster, 7 Tage f\u00fcr individuelle Logomuster<\/td><\/tr><tr><td>Produktionszeit<\/td><td>25-35 Tage je nach Menge und Anforderungen<\/td><\/tr><tr><td>\u00dcber die Bezahlung<\/td><td>\u00dcberweisung, Paypal, Western Union, Handelsversicherung<\/td><\/tr><tr><td>Herkunftsland<\/td><td>Hergestellt in China<\/td><\/tr><tr><td>Herkunft der Bescheinigung<\/td><td>Ja, wir k\u00f6nnen anbieten<\/td><\/tr><tr><td>Neue Form Flasche<\/td><td>Ja, wir haben ein neues Formenentwicklungsteam<\/td><\/tr><tr><td>Bedingungen<\/td><td>EXW,FOB,CIF, DDU, DDP<\/td><\/tr><\/tbody><\/table><\/figure>\n\n\n\n<p><\/p>","protected":false},"excerpt":{"rendered":"<h3><strong>Premium Sublimation Edelstahl Wasserflaschen<\/strong><\/h3>\n<ul>\n<li>\n<p>\u00a0<strong>Viele Kapazit\u00e4ten verf\u00fcgbar<\/strong>-350ml, 500ml, 750ml und 1000ml.  Perfekt f\u00fcr die ganzt\u00e4gige Fl\u00fcssigkeitszufuhr.<\/p>\n<\/li>\n<li>\n<p>\u00a0<strong>Anpassbares Design<\/strong> - F\u00fcgen Sie Ihr Logo, Ihren Text oder Ihr Bildmaterial zur individuellen Gestaltung hinzu.<\/p>\n<\/li>\n<li>\n<p>\u00a0<strong>Doppelwandige Vakuum-Isolierung<\/strong>\u00a0- H\u00e4lt Getr\u00e4nke 12 Stunden lang hei\u00df und 24 Stunden lang kalt.<\/p>\n<\/li>\n<li>\n<p><strong>Langlebiger Edelstahl<\/strong> - Rostfrei, BPA-frei und aus lebensmittelechten Materialien.<\/p>\n<\/li>\n<li>\n<p>\u00a0<strong>Schwei\u00dffest &amp; auslaufsicher<\/strong>\u00a0- Kondenswasserfreie Au\u00dfenseite und sicherer Deckel f\u00fcr eine problemlose Verwendung.<\/p>\n<\/li>\n<li>\n<p><strong>Vielseitig und tragbar<\/strong> - Ideal f\u00fcr zu Hause, im B\u00fcro, auf Reisen oder bei Outdoor-Abenteuern.<\/p>\n<\/li>\n<li>\n<p>\u00a0<strong>Schneller Turnaround<\/strong> - 7-10 Tage Produktion + weltweiter Versand.<\/p>\n<\/li>\n<li><strong>MOQ 50 Einheiten<\/strong> - Flexible Mengen f\u00fcr Start-ups und gro\u00dfe Unternehmen.<\/li>\n<\/ul>","protected":false},"featured_media":3124,"template":"","meta":{"_acf_changed":true,"_seopress_robots_primary_cat":"none","_seopress_titles_title":"Custom Sublimation Water Bottles Personalized stainless steel Drinkware Heat Transfer Printed Sports Bottle Reusable & Eco-Friendly Hydration Flask","_seopress_titles_desc":"Recycled stainless steel material.Food safe and BPA free materials, custom color and design is welcome. Profession drinkware manufacturer in China. Door to door delivery worldwide.  Whatsapp:0086 13567428830","_seopress_robots_index":"","_uag_custom_page_level_css":""},"product_brand":[],"product_cat":[37,23,20],"product_tag":[132,129,77,69,127,130,133,126,128,125,131],"class_list":{"0":"post-3128","1":"product","2":"type-product","3":"status-publish","4":"has-post-thumbnail","6":"product_cat-sublimation-water-bottle","7":"product_cat-sublimation-water-bottle-tumbler","8":"product_cat-vacuum-flask","9":"product_tag-blank-sublimation-water-bottles","10":"product_tag-bottle-sublimation","11":"product_tag-personalized-insulated-mug","12":"product_tag-stainless-steel-flask","13":"product_tag-sublimation-bottle","14":"product_tag-sublimation-bottles","15":"product_tag-sublimation-insulated-water-bottles","16":"product_tag-sublimation-water-bottle","17":"product_tag-sublimation-water-bottle-blanks","18":"product_tag-sublimation-water-bottles","19":"product_tag-water-bottles-for-sublimation","21":"first","22":"instock","23":"shipping-taxable","24":"product-type-simple"},"acf":[],"uagb_featured_image_src":{"full":["https:\/\/eco-drinkware.com\/wp-content\/uploads\/2025\/08\/white-bottles.webp",800,800,false],"thumbnail":["https:\/\/eco-drinkware.com\/wp-content\/uploads\/2025\/08\/white-bottles-150x150.webp",150,150,true],"medium":["https:\/\/eco-drinkware.com\/wp-content\/uploads\/2025\/08\/white-bottles-300x300.webp",300,300,true],"medium_large":["https:\/\/eco-drinkware.com\/wp-content\/uploads\/2025\/08\/white-bottles-768x768.webp",768,768,true],"large":["https:\/\/eco-drinkware.com\/wp-content\/uploads\/2025\/08\/white-bottles.webp",800,800,false],"1536x1536":["https:\/\/eco-drinkware.com\/wp-content\/uploads\/2025\/08\/white-bottles.webp",800,800,false],"2048x2048":["https:\/\/eco-drinkware.com\/wp-content\/uploads\/2025\/08\/white-bottles.webp",800,800,false],"trp-custom-language-flag":["https:\/\/eco-drinkware.com\/wp-content\/uploads\/2025\/08\/white-bottles.webp",12,12,false],"woocommerce_thumbnail":["https:\/\/eco-drinkware.com\/wp-content\/uploads\/2025\/08\/white-bottles-300x300.webp",300,300,true],"woocommerce_single":["https:\/\/eco-drinkware.com\/wp-content\/uploads\/2025\/08\/white-bottles-600x600.webp",600,600,true],"woocommerce_gallery_thumbnail":["https:\/\/eco-drinkware.com\/wp-content\/uploads\/2025\/08\/white-bottles-100x100.webp",100,100,true]},"uagb_author_info":{"display_name":"Amy","author_link":"https:\/\/eco-drinkware.com\/de\/author\/"},"uagb_comment_info":0,"uagb_excerpt":"Premium Custom Sublimation Stainless Steel Water Bottles \u00a0Many \u00a0Capacity available\u2013350ml, 500ml,750ml and 1000ml.\u00a0 Perfect for all-day hydration. \u00a0Customizable Design \u2013 Add your logo, text, or artwork for customization. \u00a0Double-Wall Vacuum Insulation\u00a0\u2013 Keeps drinks hot for 12 hours and cold for 24 hours. Durable Stainless Steel \u2013 Rust-resistant, BPA-free, and built to last.Food safe materials. \u00a0Sweat-Proof&hellip;","_links":{"self":[{"href":"https:\/\/eco-drinkware.com\/de\/wp-json\/wp\/v2\/product\/3128","targetHints":{"allow":["GET"]}}],"collection":[{"href":"https:\/\/eco-drinkware.com\/de\/wp-json\/wp\/v2\/product"}],"about":[{"href":"https:\/\/eco-drinkware.com\/de\/wp-json\/wp\/v2\/types\/product"}],"wp:featuredmedia":[{"embeddable":true,"href":"https:\/\/eco-drinkware.com\/de\/wp-json\/wp\/v2\/media\/3124"}],"wp:attachment":[{"href":"https:\/\/eco-drinkware.com\/de\/wp-json\/wp\/v2\/media?parent=3128"}],"wp:term":[{"taxonomy":"product_brand","embeddable":true,"href":"https:\/\/eco-drinkware.com\/de\/wp-json\/wp\/v2\/product_brand?post=3128"},{"taxonomy":"product_cat","embeddable":true,"href":"https:\/\/eco-drinkware.com\/de\/wp-json\/wp\/v2\/product_cat?post=3128"},{"taxonomy":"product_tag","embeddable":true,"href":"https:\/\/eco-drinkware.com\/de\/wp-json\/wp\/v2\/product_tag?post=3128"}],"curies":[{"name":"wp","href":"https:\/\/api.w.org\/{rel}","templated":true}]}}