{"id":3175,"date":"2025-08-29T15:32:05","date_gmt":"2025-08-29T07:32:05","guid":{"rendered":"https:\/\/eco-drinkware.com\/?post_type=product&#038;p=3175"},"modified":"2025-08-29T16:13:05","modified_gmt":"2025-08-29T08:13:05","slug":"12-oz-20oz-sublimation-sippy-flasche-mit-weichen-duse-verschutten-beweis-leere-becher-edelstahl-thermosflaschen-fur-heise-getranke-bulk-doppelwand-vakuum-isolierte-wasserflasche-fur-die-schule","status":"publish","type":"product","link":"https:\/\/eco-drinkware.com\/de\/product\/12-oz-20oz-sublimation-sippy-flasche-mit-weichen-duse-verschutten-beweis-leere-becher-edelstahl-thermosflaschen-fur-heise-getranke-bulk-doppelwand-vakuum-isolierte-wasserflasche-fur-die-schule\/","title":{"rendered":"12 oz 20oz Sublimation Sippy Kolben mit weichen D\u00fcse Spill Proof Blank Tumblers Edelstahl-Thermosflaschen f\u00fcr hei\u00dfe Getr\u00e4nke Bulk Double Wall Vakuum isolierte Wasserflasche f\u00fcr die Schule"},"content":{"rendered":"<h2 class=\"wp-block-heading\">Isolierte Sublimationsflasche aus Edelstahl mit St\u00fclpdeckel<\/h2>\n\n\n\n<p>Unsere Sublimationsflaschen wurden f\u00fcr Unternehmen entwickelt, die nach zuverl\u00e4ssigen, individuell gestaltbaren Getr\u00e4nkel\u00f6sungen suchen. Verf\u00fcgbar in <strong>12oz und 20oz Gr\u00f6\u00dfen<\/strong>Jede Flasche ist mit einem hochwertigen <strong>isoliertes Geh\u00e4use aus rostfreiem Stahl<\/strong> um Getr\u00e4nke stundenlang hei\u00df oder kalt zu halten. Mit Optionen wie einem <strong>Klappdeckel und Strohhalm<\/strong>kombinieren diese Flaschen Funktionalit\u00e4t und Komfort. Die <strong>Sublimationsf\u00e4hige Beschichtung<\/strong> sorgt f\u00fcr lebendige, langlebige Drucke und ist damit die perfekte Wahl f\u00fcr Corporate Branding, Werbegeschenke oder kundenspezifische Gro\u00dfprojekte.<\/p>\n\n\n\n<p><strong>Wesentliche Merkmale:<\/strong><\/p>\n\n\n\n<p><strong>1<\/strong> <strong>Mehrere Gr\u00f6\u00dfen verf\u00fcgbar<\/strong><br>- Angeboten in <strong>12 Unzen und 20 Unzen<\/strong> Optionen, die den unterschiedlichen Marktanforderungen gerecht werden, von Kinderflaschen bis hin zum t\u00e4glichen Standardgebrauch.<\/p>\n\n\n\n<p><strong>2<\/strong> <strong>Premium-Edelstahl &amp; Isolierung<\/strong><br>- Hergestellt mit <strong>Hochwertiger Edelstahl<\/strong>mit <strong>doppelwandige Isolierung<\/strong> um Getr\u00e4nke bis zu 8 Stunden hei\u00df und bis zu 12 Stunden kalt zu halten.<\/p>\n\n\n\n<p><strong>3<\/strong> <strong>Funktionale Deckeloptionen<\/strong><br>- Kommt mit einer <strong>klappbarer Deckel<\/strong> und <strong>Stroh<\/strong>Das macht es bequem f\u00fcr Sport, Reisen oder den t\u00e4glichen Gebrauch. Die D\u00fcse ist weiches Silikonmaterial, pefect f\u00fcr Kinder.<\/p>\n\n\n\n<p><strong>4<\/strong> <strong>Sublimationsf\u00e4hige Oberfl\u00e4che<\/strong><br>- Beschichtet mit einer professionellen <strong>Sublimationsschicht<\/strong>und gew\u00e4hrleistet einen lebendigen Vollfarbdruck, der kratzfest und langlebig ist - ideal f\u00fcr <strong>Logo, Marke oder individuelles Design<\/strong>. Einfach zu tun, benutzerdefinierte Design oder Druck Foto auf Flasche durch Ofen oder Sublimation Maschine.<\/p>\n\n\n\n<p><strong>5<\/strong> <strong>Perfekt f\u00fcr Customization-Unternehmen<\/strong><br>- Konzipiert f\u00fcr <strong>Massenanpassung<\/strong>Geeignet f\u00fcr Werbegeschenke, Corporate Branding, Schulveranstaltungen, Sportteams, Hochzeitsgeschenke und Wiederverk\u00e4uferprogramme.<\/p>\n\n\n\n<p><strong>6<\/strong> <strong>Gro\u00dfhandel &amp; Bulk Supply<\/strong><br>- Erh\u00e4ltlich in gro\u00dfen Mengen mit <strong>wettbewerbsf\u00e4hige Preisgestaltung<\/strong>und unterst\u00fctzt H\u00e4ndler, Geschenkartikelhersteller und E-Commerce-Verk\u00e4ufer, die ihre Produktpalette an individuellen Getr\u00e4nken erweitern m\u00f6chten.<\/p>\n\n\n\n<p><strong>\u00a07 B2B-freundliche Anpassung<\/strong> - Min. Bestellung <strong>50+ Einheiten<\/strong> um mit Ihrem Gesch\u00e4ft anzufangen. Wenn Sie kleine Mengen an Flaschen oder Bechern f\u00fcr Ihre Kunden oder Mitarbeiter kaufen m\u00f6chten. Es ist die beste Wahl.<\/p>\n\n\n\n<p><strong>Warum Sie es lieben werden:<\/strong><\/p>\n\n\n\n<h3 class=\"wp-block-heading\"><strong>Warum sollten Sie unsere leeren Edelstahl-Sublimationsbecher f\u00fcr Gro\u00dfbestellungen w\u00e4hlen?<\/strong><\/h3>\n\n\n\n<p>\u2728\u00a0<strong>Anpassungsoptionen<\/strong>\u00a0- Als zuverl\u00e4ssiger Lieferant bieten wir eine breite Palette von Anpassungsm\u00f6glichkeiten, einschlie\u00dflich der Platzierung des Logos, der Farbauswahl und der individuellen Verpackung.<br>\u2728\u00a0<strong>Direkte Preisgestaltung ab Werk<\/strong>\u00a0- Profitieren Sie von wettbewerbsf\u00e4higen Preisen f\u00fcr Gro\u00dfauftr\u00e4ge, die Kosteneffizienz ohne Qualit\u00e4tseinbu\u00dfen gew\u00e4hrleisten.<br>\u2728\u00a0<strong>Langlebig &amp; Zuverl\u00e4ssig<\/strong>\u00a0- Unsere Becher sind f\u00fcr den t\u00e4glichen Gebrauch gebaut und eignen sich perfekt f\u00fcr Firmengeschenke, Werbeveranstaltungen oder den Einzelhandel. Eco Drinkware bietet einen guten Kundendienst f\u00fcr unsere Sublimationsflaschen.<br>\u2728\u00a0<strong>Schneller Turnaround<\/strong>\u00a0- Unser Werk ist so ausgestattet, dass es Gro\u00dfauftr\u00e4ge mit effizienter Produktion und p\u00fcnktlicher Lieferung abwickeln kann. Vor allem, dass wir Roboter in der Produktion verwenden, die Produktion viel schneller jetzt gemacht. Es gibt 200 Arbeiter und 10 Produktionslinien arbeiten jeden Tag f\u00fcr unsere Kunden.<br>\u2728\u00a0<strong>Umweltfreundlich &amp; wiederverwendbar<\/strong>\u00a0- F\u00f6rdern Sie die Nachhaltigkeit mit einem wiederverwendbaren Trinkbecher, der Abfall reduziert und mit umweltbewussten Werten in Einklang steht. Immer mehr Kunden entscheiden sich f\u00fcr Isolierflaschen aus Edelstahl als Ersatz f\u00fcr Plastikflaschen. \u2728<strong>Globale Zustellung<\/strong>\u00a0- Wir bieten allen Kunden eine weltweite Lieferung an. Auch bieten DDP Versand in viele L\u00e4nder. Es helfen Kunden, Geld zu sparen. \u2728<strong>Zuverl\u00e4ssiger Lieferant<\/strong>\u00a0- Eco Drinkware arbeitet seit 10 Jahren in diesem Bereich. Mit erfahrenen Technologie-Team und Vertriebsperson, um alle neuen Projekt gut zu arbeiten. Es ist ratsam, mit professionellen Lieferanten zu arbeiten, um Geld und Zeit zu sparen. Vertrauen Sie darauf, dass Sie zufriedene Kauferfahrung haben werden.<\/p>\n\n\n\n<hr class=\"wp-block-separator has-alpha-channel-opacity\"\/>\n\n\n\n<h3 class=\"wp-block-heading\">Sublimationsbecher ist <strong>Perfekt f\u00fcr:<\/strong><\/h3>\n\n\n\n<ul class=\"wp-block-list\">\n<li><strong>Firmengeschenke<\/strong>&nbsp;- Beeindrucken Sie Ihre Kunden oder belohnen Sie Ihre Mitarbeiter mit einer hochwertigen, gebrandeten Sublimationsflasche.<\/li>\n\n\n\n<li><strong>Werbeveranstaltungen<\/strong>&nbsp;- Steigern Sie die Sichtbarkeit Ihrer Marke mit einem praktischen und stilvollen Werbegeschenk.<\/li>\n\n\n\n<li><strong>Einzelhandelsverk\u00e4ufe<\/strong>&nbsp;- Decken Sie sich mit anpassbaren, einzigartigen und speziellen Sublimationsbechern ein, die ein breites Publikum ansprechen. Und bieten Sie personalisierten Service f\u00fcr Kunden.<\/li>\n\n\n\n<li><strong>Benefizveranstaltungen &amp; Werbegeschenke<\/strong>&nbsp;- Bieten Sie ein funktionelles und einpr\u00e4gsames Produkt an, das die Unterst\u00fctzer lieben werden.<\/li>\n\n\n\n<li><strong>Kundenspezifisches Studio\/Personalisiertes Studio<\/strong>-Angebot eines sehr pers\u00f6nlichen Service f\u00fcr den Endkunden.<\/li>\n\n\n\n<li><strong>Imorter<\/strong>- Die professionellen Importkapazit\u00e4ten und die Lagerkapazit\u00e4ten der Importeure k\u00f6nnen dazu beitragen, die Kosten f\u00fcr Sublimationsbecher zu senken, so dass sie lokale Kleinh\u00e4ndler bedienen k\u00f6nnen.<\/li>\n<\/ul>\n\n\n\n<hr class=\"wp-block-separator has-alpha-channel-opacity\"\/>\n\n\n\n<p><strong>Heute bestellen!<\/strong><br>Als f\u00fchrender Anbieter von Sublimationsflaschen sind wir darauf spezialisiert, Unternehmen bei der Herstellung personalisierter Produkte zu unterst\u00fctzen, die einen bleibenden Eindruck hinterlassen. Ob Sie nun 100 oder 10.000 St\u00fcck ben\u00f6tigen, unsere Fabrik ist bereit, Ihre Anforderungen mit erstklassiger Qualit\u00e4t und au\u00dfergew\u00f6hnlichem Service zu erf\u00fcllen.<\/p>\n\n\n\n<p><strong>Wenden Sie sich jetzt an uns, um ein individuelles Angebot zu erhalten, und werten Sie Ihr Branding mit unserer isolierten Sublimationsflasche aus Edelstahl 12oz 20oz auf!<\/strong><\/p>\n\n\n\n<div class=\"wp-block-uagb-image uagb-block-86cd3ece wp-block-uagb-image--layout-default wp-block-uagb-image--effect-static wp-block-uagb-image--align-none\"><figure class=\"wp-block-uagb-image__figure\"><img decoding=\"async\" srcset=\"https:\/\/eco-drinkware.com\/wp-content\/uploads\/2025\/08\/after-sublimation.webp ,https:\/\/eco-drinkware.com\/wp-content\/uploads\/2025\/08\/after-sublimation.webp 780w, https:\/\/eco-drinkware.com\/wp-content\/uploads\/2025\/08\/after-sublimation.webp 360w\" sizes=\"auto, (max-width: 480px) 150px\" src=\"https:\/\/eco-drinkware.com\/wp-content\/uploads\/2025\/08\/after-sublimation.webp\" alt=\"Zwei Fotos von Sublimationsflaschen, die vor und nach dem Sublimationsprozess gezeigt werden. Das erste Foto zeigt einfache wei\u00dfe Flaschen, w\u00e4hrend das zweite die gleichen Flaschen mit aufgedruckten Motiven zeigt, die ein M\u00e4dchen mit einer amerikanischen Flagge und einen Unterwasserforscher mit einem Hai zeigen.\" class=\"uag-image-3178\" width=\"800\" height=\"800\" title=\"Sublimationskolben Nach der Sublimation\" loading=\"lazy\" role=\"img\"\/><\/figure><\/div>\n\n\n\n<figure class=\"wp-block-table\"><table class=\"has-fixed-layout\"><tbody><tr><td>Artikel-Nummer<\/td><td>GV021<\/td><\/tr><tr><td>Kapazit\u00e4t<\/td><td>12oz\/350ml, 20oz\/600ml<\/td><\/tr><tr><td>Isoliert<\/td><td>Ja&nbsp;&nbsp;&nbsp;&nbsp;&nbsp;&nbsp;&nbsp;&nbsp;&nbsp;&nbsp;&nbsp;&nbsp;&nbsp;<\/td><\/tr><tr><td>Besondere Beschichtung<\/td><td>Sublimationsbeschichtung<\/td><\/tr><tr><td>Farbe<\/td><td>Rot, Silber, Gr\u00fcn, Blau, Wei\u00df, Schwarz, Ros\u00e9gold, kundenspezifische Farbe, Pantone-Farbe<\/td><\/tr><tr><td>Material<\/td><td>304 Edelstahl innen und 201 Edelstahl au\u00dfen, neuer PP-Kunststoffdeckel, Silikondichtungsring<\/td><\/tr><tr><td>Merkmal<\/td><td>Doppelwandige Vakuumflasche, gro\u00dfes Fassungsverm\u00f6gen, kundenspezifisches Design<\/td><\/tr><tr><td>MOQ<\/td><td>50 St\u00fcck<\/td><\/tr><tr><td>Logo<\/td><td>Laser, Seidendruck, W\u00e4rme\u00fcbertragung, Wasser\u00fcbertragung, Gas\u00fcbertragung, 3D-Druck, Sublimation, etc.<\/td><\/tr><tr><td>Paket<\/td><td>wei\u00dfe Schachtel, individuell bedruckte Schachtel, Zylinderschachtel, Luftpolstertasche, Geschenkschachtel<\/td><\/tr><tr><td>Probezeit<\/td><td>3 Tage f\u00fcr Standardmuster, 7 Tage f\u00fcr individuelle Logomuster<\/td><\/tr><tr><td>Produktionszeit<\/td><td>10-35 Tage je nach Menge und Anforderungen<\/td><\/tr><tr><td>\u00dcber die Bezahlung<\/td><td>\u00dcberweisung, Paypal, Western Union, Handelsversicherung<\/td><\/tr><tr><td>Herkunftsland<\/td><td>Hergestellt in China<\/td><\/tr><tr><td>Herkunft der Bescheinigung<\/td><td>Ja, wir k\u00f6nnen anbieten<\/td><\/tr><tr><td>Neue Form Flasche<\/td><td>Ja, wir haben ein neues Formenentwicklungsteam<\/td><\/tr><tr><td>Bedingungen<\/td><td>EXW,FOB,CIF, DDU, DDP<\/td><\/tr><\/tbody><\/table><\/figure>","protected":false},"excerpt":{"rendered":"<h3><strong>Premium Custom Sublimation Becher Rohlinge Gro\u00dfhandel<\/strong><\/h3>\n<ul>\n<li>\n<p>\u00a0<strong>Viele Gr\u00f6\u00dfen verf\u00fcgbar<\/strong>-350ml, 500ml, 750ml und 1000ml.  Perfekt f\u00fcr die ganzt\u00e4gige Fl\u00fcssigkeitszufuhr.<\/p>\n<\/li>\n<li>\n<p>\u00a0<strong>Anpassbares Design<\/strong> - F\u00fcgen Sie Ihr Logo, Ihren Text oder Ihr Kunstwerk zur individuellen Gestaltung hinzu. Spezielle Sublimationsbeschichtung f\u00fcr die individuelle Gestaltung durch Sublimation.<\/p>\n<\/li>\n<li>\n<p>\u00a0<strong>Doppelwandige Vakuum-Isolierung<\/strong>\u00a0- H\u00e4lt Getr\u00e4nke 12 Stunden lang hei\u00df und 24 Stunden lang kalt.<\/p>\n<\/li>\n<li>\n<p><strong>Langlebiger Edelstahl<\/strong> - Rostfrei, BPA-frei und aus lebensmittelechten Materialien.<\/p>\n<\/li>\n<li>\n<p>\u00a0<strong>Schwei\u00dffest &amp; auslaufsicher<\/strong>\u00a0- Kondenswasserfreie Au\u00dfenseite und sicherer Deckel f\u00fcr eine problemlose Verwendung.<\/p>\n<\/li>\n<li><strong>Auslaufsicherer Schiebedeckel<\/strong>- Mit lean proofed Schiebedeckel angepasst. Einfacher Strohhalm zum Einsetzen.<\/li>\n<li>\n<p><strong>Vielseitig und tragbar<\/strong> - Ideal f\u00fcr zu Hause, im B\u00fcro, auf Reisen oder bei Outdoor-Abenteuern.<\/p>\n<\/li>\n<li>\n<p>\u00a0<strong>Schneller Turnaround<\/strong> - 7-10 Tage Produktion globaler Versand.<\/p>\n<\/li>\n<li><strong>Globaler Versand<\/strong> - CIF, DAT, DDP Versand in alle L\u00e4nder der Welt<\/li>\n<li><strong>MOQ 50 Einheiten<\/strong> - Flexible Mengen f\u00fcr Start-ups und gro\u00dfe Unternehmen.<\/li>\n<\/ul>","protected":false},"featured_media":3178,"template":"","meta":{"_acf_changed":true,"_seopress_robots_primary_cat":"none","_seopress_titles_title":"Personalised BPA free12 oz 20oz Sublimation flask wholesale","_seopress_titles_desc":"Recycled stainless steel material.Food safe and BPA free materials, custom color and design is welcome.Door to door delivery worldwide.  Whatsapp:0086 13567428830","_seopress_robots_index":"","_uag_custom_page_level_css":""},"product_brand":[],"product_cat":[38,37,23,20],"product_tag":[132,77,130,140,126,128,125,131],"class_list":{"0":"post-3175","1":"product","2":"type-product","3":"status-publish","4":"has-post-thumbnail","6":"product_cat-sublimation-tumbler","7":"product_cat-sublimation-water-bottle","8":"product_cat-sublimation-water-bottle-tumbler","9":"product_cat-vacuum-flask","10":"product_tag-blank-sublimation-water-bottles","11":"product_tag-personalized-insulated-mug","12":"product_tag-sublimation-bottles","13":"product_tag-sublimation-flask","14":"product_tag-sublimation-water-bottle","15":"product_tag-sublimation-water-bottle-blanks","16":"product_tag-sublimation-water-bottles","17":"product_tag-water-bottles-for-sublimation","19":"first","20":"instock","21":"shipping-taxable","22":"product-type-simple"},"acf":[],"uagb_featured_image_src":{"full":["https:\/\/eco-drinkware.com\/wp-content\/uploads\/2025\/08\/after-sublimation.webp",800,800,false],"thumbnail":["https:\/\/eco-drinkware.com\/wp-content\/uploads\/2025\/08\/after-sublimation-150x150.webp",150,150,true],"medium":["https:\/\/eco-drinkware.com\/wp-content\/uploads\/2025\/08\/after-sublimation-300x300.webp",300,300,true],"medium_large":["https:\/\/eco-drinkware.com\/wp-content\/uploads\/2025\/08\/after-sublimation-768x768.webp",768,768,true],"large":["https:\/\/eco-drinkware.com\/wp-content\/uploads\/2025\/08\/after-sublimation.webp",800,800,false],"1536x1536":["https:\/\/eco-drinkware.com\/wp-content\/uploads\/2025\/08\/after-sublimation.webp",800,800,false],"2048x2048":["https:\/\/eco-drinkware.com\/wp-content\/uploads\/2025\/08\/after-sublimation.webp",800,800,false],"trp-custom-language-flag":["https:\/\/eco-drinkware.com\/wp-content\/uploads\/2025\/08\/after-sublimation.webp",12,12,false],"woocommerce_thumbnail":["https:\/\/eco-drinkware.com\/wp-content\/uploads\/2025\/08\/after-sublimation-300x300.webp",300,300,true],"woocommerce_single":["https:\/\/eco-drinkware.com\/wp-content\/uploads\/2025\/08\/after-sublimation-600x600.webp",600,600,true],"woocommerce_gallery_thumbnail":["https:\/\/eco-drinkware.com\/wp-content\/uploads\/2025\/08\/after-sublimation-100x100.webp",100,100,true]},"uagb_author_info":{"display_name":"Amy","author_link":"https:\/\/eco-drinkware.com\/de\/author\/"},"uagb_comment_info":0,"uagb_excerpt":"Premium Custom Sublimation tumbler blanks wholesale \u00a0Many size available\u2013350ml, 500ml,750ml and 1000ml.\u00a0 Perfect for all-day hydration. \u00a0Customizable Design \u2013 Add your logo, text, or artwork for customization. Special sublimation coating for sublimation customization. \u00a0Double-Wall Vacuum Insulation\u00a0\u2013 Keeps drinks hot for 12 hours and cold for 24 hours. Durable Stainless Steel \u2013 Rust-resistant, BPA-free, and built&hellip;","_links":{"self":[{"href":"https:\/\/eco-drinkware.com\/de\/wp-json\/wp\/v2\/product\/3175","targetHints":{"allow":["GET"]}}],"collection":[{"href":"https:\/\/eco-drinkware.com\/de\/wp-json\/wp\/v2\/product"}],"about":[{"href":"https:\/\/eco-drinkware.com\/de\/wp-json\/wp\/v2\/types\/product"}],"wp:featuredmedia":[{"embeddable":true,"href":"https:\/\/eco-drinkware.com\/de\/wp-json\/wp\/v2\/media\/3178"}],"wp:attachment":[{"href":"https:\/\/eco-drinkware.com\/de\/wp-json\/wp\/v2\/media?parent=3175"}],"wp:term":[{"taxonomy":"product_brand","embeddable":true,"href":"https:\/\/eco-drinkware.com\/de\/wp-json\/wp\/v2\/product_brand?post=3175"},{"taxonomy":"product_cat","embeddable":true,"href":"https:\/\/eco-drinkware.com\/de\/wp-json\/wp\/v2\/product_cat?post=3175"},{"taxonomy":"product_tag","embeddable":true,"href":"https:\/\/eco-drinkware.com\/de\/wp-json\/wp\/v2\/product_tag?post=3175"}],"curies":[{"name":"wp","href":"https:\/\/api.w.org\/{rel}","templated":true}]}}