{"id":3185,"date":"2025-09-03T16:40:42","date_gmt":"2025-09-03T08:40:42","guid":{"rendered":"https:\/\/eco-drinkware.com\/?post_type=product&#038;p=3185"},"modified":"2025-09-15T16:43:36","modified_gmt":"2025-09-15T08:43:36","slug":"lebensmittel-sicher-groshandel-leer-40oz-sublimation-becher-mit-abnehmbaren-griff","status":"publish","type":"product","link":"https:\/\/eco-drinkware.com\/de\/product\/lebensmittel-sicher-groshandel-leer-40oz-sublimation-becher-mit-abnehmbaren-griff\/","title":{"rendered":"Lebensmittel sicher Gro\u00dfhandel Blank 40oz Sublimation Becher mit abnehmbaren Griff"},"content":{"rendered":"<h2 class=\"wp-block-heading\">Bulk Edelstahl isoliert 40 oz Sublimation Tumbler mit Griff <\/h2>\n\n\n\n<p>Der neue 40oz Sublimationsbecher mit abnehmbarem Henkel ist eine echte Bereicherung f\u00fcr Ihr Getr\u00e4nkegesch\u00e4ft. Dieser f\u00fcr Gro\u00dfhandel und Gro\u00dfbestellungen konzipierte Becher ist aus langlebigem Edelstahl gefertigt und verf\u00fcgt \u00fcber eine hochwertige Sublimationsbeschichtung, die lebendige, langlebige Drucke garantiert.<\/p>\n\n\n\n<p>Der abnehmbare Griff sorgt f\u00fcr zus\u00e4tzliche Vielseitigkeit und Bequemlichkeit und spricht damit eine Vielzahl von Kunden an. Das gro\u00dfz\u00fcgige Fassungsverm\u00f6gen und die hervorragende Isolierung halten Getr\u00e4nke \u00fcber Stunden hinweg auf der perfekten Temperatur. Es handelt sich um ein unverzichtbares B2B-Produkt, das sich perfekt f\u00fcr Unternehmen eignet, die qualitativ hochwertige, rentable und individuell gestaltbare Trinkgef\u00e4\u00dfe anbieten m\u00f6chten, die sich perfekt f\u00fcr das Corporate Branding eignen.<\/p>\n\n\n\n<p><strong>Wesentliche Merkmale:<\/strong><\/p>\n\n\n\n<p><strong>1<\/strong> <strong>40oz gro\u00dfe Kapazit\u00e4t<\/strong> - Dieser Sublimationsbecher hat ein beeindruckendes Fassungsverm\u00f6gen von 40 Litern und ist damit ideal f\u00fcr die ganzt\u00e4gige Fl\u00fcssigkeitszufuhr, den Einsatz im B\u00fcro und lange Reisen. Die gro\u00dfz\u00fcgige Gr\u00f6\u00dfe reduziert die H\u00e4ufigkeit des Nachf\u00fcllens und bietet Komfort f\u00fcr den privaten und beruflichen Gebrauch. F\u00fcr Unternehmen ist er aufgrund seines gro\u00dfen Fassungsverm\u00f6gens eine beliebte Wahl f\u00fcr Werbegeschenke und Werbekampagnen. F\u00fcr Gro\u00dfh\u00e4ndler und Distributoren ist es besonders attraktiv, weil es den unterschiedlichen Kundenbed\u00fcrfnissen auf dem Getr\u00e4nkemarkt gerecht wird.<\/p>\n\n\n\n<p><strong>2<\/strong> <strong>Hochwertige Sublimationsbeschichtung<\/strong> - Der Becher ist mit einer hochwertigen Sublimationsschicht beschichtet, die scharfe, lebendige und langlebige Drucke erm\u00f6glicht. Ganz gleich, ob Sie Firmenlogos, Werbegrafiken oder personalisierte Designs aufdrucken, die Oberfl\u00e4che sorgt f\u00fcr hervorragende Farb\u00fcbertragungsergebnisse. Diese Eigenschaft macht den Becher zu einer lohnenden Wahl f\u00fcr individuelle Branding-Projekte, Private-Label-Gesch\u00e4fte und kundenspezifische Massenproduktion. Es ist das perfekte Produkt f\u00fcr B2B-Kunden, die ihre Sublimationsproduktlinie mit zuverl\u00e4ssigen Ergebnissen erweitern m\u00f6chten.<\/p>\n\n\n\n<p><strong>3<\/strong> <strong>Abnehmbarer Handgriff<\/strong> - Der flexible Griff bietet Komfort f\u00fcr den Endverbraucher und verbessert gleichzeitig die Verpackungs- und Versandeffizienz bei Gro\u00dfauftr\u00e4gen. Der wichtigste Punkt ist, dass wir den Kunststoffgriff entfernen k\u00f6nnen, wenn wir den Sublimationsprozess durchf\u00fchren. So wird kein Kunststoff in der hohen Temperatur Ofen oder Sublimation Maschine besch\u00e4digt werden.<\/p>\n\n\n\n<p><strong>4<\/strong> <strong>Doppelwandig isolierter Edelstahl<\/strong> - Dieser Becher aus hochwertigem Edelstahl und doppelwandiger Vakuumisolierung sorgt daf\u00fcr, dass Getr\u00e4nke bis zu 12 Stunden lang hei\u00df oder bis zu 24 Stunden lang kalt bleiben. Die robuste Konstruktion sorgt f\u00fcr eine lang anhaltende Leistung und macht ihn zu einer ausgezeichneten Wahl f\u00fcr Unternehmen, die bei ihren Produkten Wert auf Qualit\u00e4t legen. Das isolierte Design macht ihn f\u00fcr den ganzj\u00e4hrigen Einsatz geeignet und bietet einen Mehrwert f\u00fcr Werbefirmen und H\u00e4ndler. Er ist eine praktische und zuverl\u00e4ssige L\u00f6sung, die Ihr Getr\u00e4nkeangebot mit zuverl\u00e4ssiger Leistung bereichert.<\/p>\n\n\n\n<p><strong>5<\/strong> <strong>Perfekt f\u00fcr Customization-Unternehmen<\/strong><br>- Konzipiert f\u00fcr <strong>Massenanpassung<\/strong>Geeignet f\u00fcr Werbegeschenke, Corporate Branding, Schulveranstaltungen, Sportteams, Hochzeitsgeschenke und Wiederverk\u00e4uferprogramme.<\/p>\n\n\n\n<p>6 <strong>B2B-freundliche L\u00f6sung<\/strong> - Dieser Becher wurde speziell f\u00fcr Gro\u00dfh\u00e4ndler, Distributoren und Firmenkunden entwickelt und kombiniert Haltbarkeit, Funktionalit\u00e4t und Kosteneffizienz. Dank der gro\u00dfen Druckfl\u00e4che und der hochwertigen Sublimationsoberfl\u00e4che eignet er sich perfekt f\u00fcr die Individualisierung von Gro\u00dfbestellungen, das Branding von Eigenmarken und Werbeveranstaltungen. Das Produkt ist so verpackt und strukturiert, dass es f\u00fcr Gro\u00dfauftr\u00e4ge geeignet ist und Unternehmen die Marktnachfrage problemlos bedienen k\u00f6nnen. Als vielseitige und individuell gestaltbare Trinkgeschirroption bietet es B2B-Kunden eine hervorragende Investitionsrendite.<\/p>\n\n\n\n<p><strong>Warum Sie es lieben werden:<\/strong><\/p>\n\n\n\n<h3 class=\"wp-block-heading\"><strong>Warum w\u00e4hlen Sie unsere leeren 40oz Sublimation Becher mit abnehmbarem Griff Bulk Orders?<\/strong><\/h3>\n\n\n\n<p>\u2728&nbsp;<strong>Anpassungsoptionen<\/strong>&nbsp;- Als zuverl\u00e4ssiger Lieferant bieten wir eine breite Palette von Anpassungsm\u00f6glichkeiten, einschlie\u00dflich der Platzierung des Logos, der Farbauswahl und der individuellen Verpackung.<br>\u2728&nbsp;<strong>Direkte Preisgestaltung ab Werk<\/strong>&nbsp;- Profitieren Sie von wettbewerbsf\u00e4higen Preisen f\u00fcr Gro\u00dfauftr\u00e4ge, die Kosteneffizienz ohne Qualit\u00e4tseinbu\u00dfen gew\u00e4hrleisten.<br>\u2728&nbsp;<strong>Langlebig &amp; Zuverl\u00e4ssig<\/strong>&nbsp;- Unsere Becher sind f\u00fcr den t\u00e4glichen Gebrauch gebaut und eignen sich perfekt f\u00fcr Firmengeschenke, Werbeveranstaltungen oder den Einzelhandel. Eco Drinkware bietet einen guten Kundendienst f\u00fcr unsere Sublimationsflaschen.<br>\u2728&nbsp;<strong>Schneller Turnaround<\/strong>&nbsp;- Unser Werk ist so ausgestattet, dass es Gro\u00dfauftr\u00e4ge mit effizienter Produktion und p\u00fcnktlicher Lieferung abwickeln kann. Vor allem, dass wir Roboter in der Produktion verwenden, die Produktion viel schneller jetzt gemacht. Es gibt 200 Arbeiter und 10 Produktionslinien arbeiten jeden Tag f\u00fcr unsere Kunden.<br>\u2728&nbsp;<strong>Umweltfreundlich &amp; wiederverwendbar<\/strong>&nbsp;- F\u00f6rdern Sie die Nachhaltigkeit mit einem wiederverwendbaren Trinkbecher, der Abfall reduziert und mit umweltbewussten Werten in Einklang steht. Immer mehr Kunden entscheiden sich f\u00fcr Isolierflaschen aus Edelstahl als Ersatz f\u00fcr Plastikflaschen. \u2728<strong>Globale Zustellung<\/strong>&nbsp;- Wir bieten allen Kunden eine weltweite Lieferung an. Auch bieten DDP Versand in viele L\u00e4nder. Es helfen Kunden, Geld zu sparen. \u2728<strong>Zuverl\u00e4ssiger Lieferant<\/strong>&nbsp;- Eco Drinkware arbeitet seit 10 Jahren in diesem Bereich. Mit erfahrenen Technologie-Team und Vertriebsperson, um alle neuen Projekt gut zu arbeiten. Es ist ratsam, mit professionellen Lieferanten zu arbeiten, um Geld und Zeit zu sparen. Vertrauen Sie darauf, dass Sie zufriedene Kauferfahrung haben werden.<\/p>\n\n\n\n<hr class=\"wp-block-separator has-alpha-channel-opacity\"\/>\n\n\n\n<h3 class=\"wp-block-heading\">Sublimationsbecher ist <strong>Perfekt f\u00fcr:<\/strong><\/h3>\n\n\n\n<ul class=\"wp-block-list\">\n<li><strong>Firmengeschenke<\/strong>&nbsp;- Beeindrucken Sie Ihre Kunden oder belohnen Sie Ihre Mitarbeiter mit einer hochwertigen, gebrandeten Sublimationsflasche.<\/li>\n\n\n\n<li><strong>Werbeveranstaltungen<\/strong>&nbsp;- Steigern Sie die Sichtbarkeit Ihrer Marke mit einem praktischen und stilvollen Werbegeschenk.<\/li>\n\n\n\n<li><strong>Einzelhandelsverk\u00e4ufe<\/strong>&nbsp;- Decken Sie sich mit anpassbaren, einzigartigen und speziellen Sublimationsbechern ein, die ein breites Publikum ansprechen. Und bieten Sie personalisierten Service f\u00fcr Kunden.<\/li>\n\n\n\n<li><strong>Benefizveranstaltungen &amp; Werbegeschenke<\/strong>&nbsp;- Bieten Sie ein funktionelles und einpr\u00e4gsames Produkt an, das die Unterst\u00fctzer lieben werden.<\/li>\n\n\n\n<li><strong>Kundenspezifisches Studio\/Personalisiertes Studio<\/strong>-Angebot eines sehr pers\u00f6nlichen Service f\u00fcr den Endkunden.<\/li>\n\n\n\n<li><strong>Imorter<\/strong>- Die professionellen Importkapazit\u00e4ten und die Lagerkapazit\u00e4ten der Importeure k\u00f6nnen dazu beitragen, die Kosten f\u00fcr Sublimationsbecher zu senken, so dass sie lokale Kleinh\u00e4ndler bedienen k\u00f6nnen.<\/li>\n<\/ul>\n\n\n\n<hr class=\"wp-block-separator has-alpha-channel-opacity\"\/>\n\n\n\n<p><strong>Heute bestellen!<\/strong><br>Als f\u00fchrender Anbieter von Sublimationstassen sind wir darauf spezialisiert, Unternehmen bei der Herstellung personalisierter Produkte zu unterst\u00fctzen, die einen bleibenden Eindruck hinterlassen. Ob Sie nun 100 oder 10.000 St\u00fcck ben\u00f6tigen, unsere Fabrik ist bereit, Ihre Anforderungen mit erstklassiger Qualit\u00e4t und au\u00dfergew\u00f6hnlichem Service zu erf\u00fcllen.<\/p>\n\n\n\n<p><strong>Kontaktieren Sie uns jetzt f\u00fcr ein individuelles Angebot mit 40oz Sublimation Tumbler mit abnehmbarem Griff<\/strong>!<\/p>\n\n\n\n<figure class=\"wp-block-image size-full\"><img loading=\"lazy\" decoding=\"async\" width=\"800\" height=\"800\" src=\"https:\/\/eco-drinkware.com\/wp-content\/uploads\/2025\/09\/custom-tumblr-before-after.webp\" alt=\"Ein Vorher-Nachher-Bild, das einen wei\u00dfen Becher zeigt, der mit einem Design mit dem Schriftzug &quot;40oz Sublimation Tumbler With Removeable Handle&quot; versehen wurde.\" class=\"wp-image-3183\" srcset=\"https:\/\/eco-drinkware.com\/wp-content\/uploads\/2025\/09\/custom-tumblr-before-after.webp 800w, https:\/\/eco-drinkware.com\/wp-content\/uploads\/2025\/09\/custom-tumblr-before-after-300x300.webp 300w, https:\/\/eco-drinkware.com\/wp-content\/uploads\/2025\/09\/custom-tumblr-before-after-150x150.webp 150w, https:\/\/eco-drinkware.com\/wp-content\/uploads\/2025\/09\/custom-tumblr-before-after-768x768.webp 768w, https:\/\/eco-drinkware.com\/wp-content\/uploads\/2025\/09\/custom-tumblr-before-after-600x600.webp 600w, https:\/\/eco-drinkware.com\/wp-content\/uploads\/2025\/09\/custom-tumblr-before-after-100x100.webp 100w\" sizes=\"auto, (max-width: 800px) 100vw, 800px\" \/><\/figure>\n\n\n\n<figure class=\"wp-block-table\"><table class=\"has-fixed-layout\"><tbody><tr><td>Artikel-Nummer<\/td><td>GV074S<\/td><\/tr><tr><td>Kapazit\u00e4t<\/td><td>40oz\/1200ml<\/td><\/tr><tr><td>Isoliert<\/td><td>Ja&nbsp;&nbsp;&nbsp;&nbsp;&nbsp;&nbsp;&nbsp;&nbsp;&nbsp;&nbsp;&nbsp;&nbsp;&nbsp;<\/td><\/tr><tr><td>Besondere Beschichtung<\/td><td>Sublimationsbeschichtung<\/td><\/tr><tr><td>Farbe<\/td><td>Rot, Silber, Gr\u00fcn, Blau, Wei\u00df, Schwarz, Ros\u00e9gold, kundenspezifische Farbe, Pantone-Farbe<\/td><\/tr><tr><td>Material<\/td><td>304 Edelstahl innen und 201 Edelstahl au\u00dfen, neuer PP-Kunststoffdeckel, Silikondichtungsring<\/td><\/tr><tr><td>Merkmal<\/td><td>Doppelwandige Vakuumflasche, gro\u00dfes Fassungsverm\u00f6gen, kundenspezifisches Design<\/td><\/tr><tr><td>MOQ<\/td><td>500 St\u00fcck<\/td><\/tr><tr><td>Logo<\/td><td>Laser, Seidendruck, W\u00e4rme\u00fcbertragung, Wasser\u00fcbertragung, Gas\u00fcbertragung, 3D-Druck, Sublimation, etc.<\/td><\/tr><tr><td>Paket<\/td><td>wei\u00dfe Schachtel, individuell bedruckte Schachtel, Zylinderschachtel, Luftpolstertasche, Geschenkschachtel<\/td><\/tr><tr><td>Probezeit<\/td><td>3 Tage f\u00fcr Standardmuster, 7 Tage f\u00fcr individuelle Logomuster<\/td><\/tr><tr><td>Produktionszeit<\/td><td>10-35 Tage je nach Menge und Anforderungen<\/td><\/tr><tr><td>\u00dcber die Bezahlung<\/td><td>\u00dcberweisung, Paypal, Western Union, Handelsversicherung<\/td><\/tr><tr><td>Herkunftsland<\/td><td>Hergestellt in China<\/td><\/tr><tr><td>Herkunft der Bescheinigung<\/td><td>Ja, wir k\u00f6nnen anbieten<\/td><\/tr><tr><td>Neue Form Flasche<\/td><td>Ja, wir haben ein neues Formenentwicklungsteam<\/td><\/tr><tr><td>Bedingungen<\/td><td>EXW,FOB,CIF, DDU, DDP<\/td><\/tr><\/tbody><\/table><\/figure>\n\n\n\n<p><\/p>","protected":false},"excerpt":{"rendered":"<h3><strong>Premium 40oz Sublimation Becher mit abnehmbaren Griff Gro\u00dfhandel<\/strong><\/h3>\n<ul>\n<li>\n<p><strong> 40oz gro\u00dfe Kapazit\u00e4t<\/strong>-Gro\u00dfes Fassungsverm\u00f6gen: 1200 ml. Es ist genug f\u00fcr einen Tag trinken, perfekte Gr\u00f6\u00dfe.\u00a0<\/p>\n<\/li>\n<li>\n<p><strong data-start=\"334\" data-end=\"365\">Hochwertige Sublimationsbeschichtung<\/strong> - Die glatte Oberfl\u00e4che sorgt f\u00fcr eine lebendige, lang anhaltende Farb\u00fcbertragung und eignet sich perfekt f\u00fcr Logodrucke, Markenwerbung und Eigenmarkenprojekte.<\/p>\n<\/li>\n<li><strong data-start=\"505\" data-end=\"532\">Abnehmbarer Handgriff<\/strong> - Der Kunststoffgriff kann entfernt werden. Sehr praktisch f\u00fcr den Sublimationsprozess.<\/li>\n<li>\n<p>\u00a0<strong>Doppelwandige Vakuum-Isolierung<\/strong>\u00a0- H\u00e4lt Getr\u00e4nke 12 Stunden lang hei\u00df und 24 Stunden lang kalt.<\/p>\n<\/li>\n<li>\n<p><strong>Langlebiger Edelstahl<\/strong> - Rostfrei, BPA-frei und aus lebensmittelechten Materialien.<\/p>\n<\/li>\n<li>\n<p>\u00a0<strong>Schwei\u00dffest &amp; auslaufsicher<\/strong>\u00a0- Kondenswasserfreie Au\u00dfenseite und sicherer Deckel f\u00fcr eine problemlose Verwendung.<\/p>\n<\/li>\n<li><strong>Auslaufsicherer Schiebedeckel<\/strong>- Mit lean proofed Schiebedeckel angepasst. Einfacher Strohhalm zum Einsetzen.<\/li>\n<li>\n<p><strong>Vielseitig und tragbar<\/strong> - Ideal f\u00fcr zu Hause, im B\u00fcro, auf Reisen, beim Wandern oder bei Outdoor-Abenteuern.<\/p>\n<\/li>\n<li>\n<p>\u00a0<strong>Schneller Turnaround<\/strong> - 7-10 Tage Produktion globaler Versand.<\/p>\n<\/li>\n<li><strong>Globaler Versand<\/strong> - CIF, DAT, DDP Versand in alle L\u00e4nder<\/li>\n<\/ul>","protected":false},"featured_media":3183,"template":"","meta":{"_acf_changed":true,"_seopress_robots_primary_cat":"none","_seopress_titles_title":"40oz Sublimatio Stanley Mug With Removable Handle wholesale","_seopress_titles_desc":"Recycled stainless steel material.Food safe and BPA free materials,custom color and design is welcome.Door to door delivery worldwide. Whatsapp:0086 13567428830","_seopress_robots_index":"","_uag_custom_page_level_css":""},"product_brand":[],"product_cat":[38,23,20],"product_tag":[141,77,130,140,142,126,128,125],"class_list":{"0":"post-3185","1":"product","2":"type-product","3":"status-publish","4":"has-post-thumbnail","6":"product_cat-sublimation-tumbler","7":"product_cat-sublimation-water-bottle-tumbler","8":"product_cat-vacuum-flask","9":"product_tag-40oz-sublimation-tumbler-with-removeable-handle-wholesale","10":"product_tag-personalized-insulated-mug","11":"product_tag-sublimation-bottles","12":"product_tag-sublimation-flask","13":"product_tag-sublimation-tumbker","14":"product_tag-sublimation-water-bottle","15":"product_tag-sublimation-water-bottle-blanks","16":"product_tag-sublimation-water-bottles","18":"first","19":"instock","20":"shipping-taxable","21":"product-type-simple"},"acf":[],"uagb_featured_image_src":{"full":["https:\/\/eco-drinkware.com\/wp-content\/uploads\/2025\/09\/custom-tumblr-before-after.webp",800,800,false],"thumbnail":["https:\/\/eco-drinkware.com\/wp-content\/uploads\/2025\/09\/custom-tumblr-before-after-150x150.webp",150,150,true],"medium":["https:\/\/eco-drinkware.com\/wp-content\/uploads\/2025\/09\/custom-tumblr-before-after-300x300.webp",300,300,true],"medium_large":["https:\/\/eco-drinkware.com\/wp-content\/uploads\/2025\/09\/custom-tumblr-before-after-768x768.webp",768,768,true],"large":["https:\/\/eco-drinkware.com\/wp-content\/uploads\/2025\/09\/custom-tumblr-before-after.webp",800,800,false],"1536x1536":["https:\/\/eco-drinkware.com\/wp-content\/uploads\/2025\/09\/custom-tumblr-before-after.webp",800,800,false],"2048x2048":["https:\/\/eco-drinkware.com\/wp-content\/uploads\/2025\/09\/custom-tumblr-before-after.webp",800,800,false],"trp-custom-language-flag":["https:\/\/eco-drinkware.com\/wp-content\/uploads\/2025\/09\/custom-tumblr-before-after.webp",12,12,false],"woocommerce_thumbnail":["https:\/\/eco-drinkware.com\/wp-content\/uploads\/2025\/09\/custom-tumblr-before-after-300x300.webp",300,300,true],"woocommerce_single":["https:\/\/eco-drinkware.com\/wp-content\/uploads\/2025\/09\/custom-tumblr-before-after-600x600.webp",600,600,true],"woocommerce_gallery_thumbnail":["https:\/\/eco-drinkware.com\/wp-content\/uploads\/2025\/09\/custom-tumblr-before-after-100x100.webp",100,100,true]},"uagb_author_info":{"display_name":"Amy","author_link":"https:\/\/eco-drinkware.com\/de\/author\/"},"uagb_comment_info":0,"uagb_excerpt":"Premium 40oz Sublimation Tumbler With Removable Handle wholesale 40oz Large Capacity\u2013Big capacity can hold 1200ml. It's enough for one day drinking, perfect size.\u00a0 Premium Sublimation Coating \u2013 Smooth surface ensures vibrant, long-lasting color transfer, perfect for logo printing, brand promotion, and private label projects. Removable Handle Design \u2013 The plastic handle can be removed. Very&hellip;","_links":{"self":[{"href":"https:\/\/eco-drinkware.com\/de\/wp-json\/wp\/v2\/product\/3185","targetHints":{"allow":["GET"]}}],"collection":[{"href":"https:\/\/eco-drinkware.com\/de\/wp-json\/wp\/v2\/product"}],"about":[{"href":"https:\/\/eco-drinkware.com\/de\/wp-json\/wp\/v2\/types\/product"}],"wp:featuredmedia":[{"embeddable":true,"href":"https:\/\/eco-drinkware.com\/de\/wp-json\/wp\/v2\/media\/3183"}],"wp:attachment":[{"href":"https:\/\/eco-drinkware.com\/de\/wp-json\/wp\/v2\/media?parent=3185"}],"wp:term":[{"taxonomy":"product_brand","embeddable":true,"href":"https:\/\/eco-drinkware.com\/de\/wp-json\/wp\/v2\/product_brand?post=3185"},{"taxonomy":"product_cat","embeddable":true,"href":"https:\/\/eco-drinkware.com\/de\/wp-json\/wp\/v2\/product_cat?post=3185"},{"taxonomy":"product_tag","embeddable":true,"href":"https:\/\/eco-drinkware.com\/de\/wp-json\/wp\/v2\/product_tag?post=3185"}],"curies":[{"name":"wp","href":"https:\/\/api.w.org\/{rel}","templated":true}]}}