{"id":337,"date":"2022-11-03T08:01:28","date_gmt":"2022-11-03T00:01:28","guid":{"rendered":"https:\/\/eco-drinkware.com\/?post_type=product&#038;p=337"},"modified":"2022-12-02T17:24:55","modified_gmt":"2022-12-02T09:24:55","slug":"13-umweltfreundliche-doppelwandige-teeflasche-aus-glas-mit-naturbambusdeckel-13","status":"publish","type":"product","link":"https:\/\/eco-drinkware.com\/de\/product\/13-umweltfreundliche-doppelwandige-teeflasche-aus-glas-mit-naturbambusdeckel-13\/","title":{"rendered":"Eco Friendly Double Wall Fruit Tea Infuser Glas waterBottle mit Natur-Bambus-Deckel"},"content":{"rendered":"<h2 class=\"wp-block-heading\">Beste Doppelwandige Borosilikatglas-Wasserflaschen 500ml<\/h2>\n\n\n\n<p>Das Material f\u00fcr diese 500ml doppelwandige Glaswasserflasche ist hochwertiges Borosilikatglas, Naturbambus, 18\/8 304 Edelstahl, neues PP und Silikonring.<br><br>Infuser ist auch aus 304 Edelstahl, leicht in der doppelwandigen Glaswasserflasche zu halten. Es ist sehr beliebt in Europa, USA und Australien. Europa Land wie Gro\u00dfbritannien, Deutschland, Frankreich, Spanien und so weiter.<br><br>Diese 500ml Wasserflasche aus Borosilikatglas kann mit einer H\u00fclle versehen werden, die die Glasflasche einfach zu transportieren und w\u00e4rmeisoliert macht.<br><br>Hergestellt von Fressco\u00a0<br><br>FDA- und LFGB-Pr\u00fcfbericht verf\u00fcgbar<br>Verf\u00fcgbare Gr\u00f6\u00dfen: 350ml, 450ml, 500ml<br>Verpackungsoptionen: wei\u00dfe Schachtel, individuell bedruckte Schachtel f\u00fcr Glasflaschen mit Bambusdeckel, runder Zylinder, Geschenkverpackung<br>Bedingungen: EXW, FOB, CIF, DDU und DDP<br>Diese Glas-Wasserflasche mit Natur-Bambus-Deckel. Einfach zu Laser benutzerdefinierte Logo auf Deckel und Druck benutzerdefinierte Logo auf Borosilikatglas<br><br>Die Neoprenh\u00fclle ist verf\u00fcgbar. Auch k\u00f6nnen benutzerdefinierte Logo drucken\u00a0<\/p>\n\n\n\n<figure class=\"wp-block-image size-full\"><img loading=\"lazy\" decoding=\"async\" width=\"1000\" height=\"1000\" src=\"https:\/\/eco-drinkware.com\/wp-content\/uploads\/2021-05-21-15-45-324.webp\" alt=\"\" class=\"wp-image-391\" srcset=\"https:\/\/eco-drinkware.com\/wp-content\/uploads\/2021-05-21-15-45-324.webp 1000w, https:\/\/eco-drinkware.com\/wp-content\/uploads\/2021-05-21-15-45-324-300x300.webp 300w, https:\/\/eco-drinkware.com\/wp-content\/uploads\/2021-05-21-15-45-324-150x150.webp 150w, https:\/\/eco-drinkware.com\/wp-content\/uploads\/2021-05-21-15-45-324-768x768.webp 768w, https:\/\/eco-drinkware.com\/wp-content\/uploads\/2021-05-21-15-45-324-600x600.webp 600w, https:\/\/eco-drinkware.com\/wp-content\/uploads\/2021-05-21-15-45-324-100x100.webp 100w\" sizes=\"auto, (max-width: 1000px) 100vw, 1000px\" \/><figcaption class=\"wp-element-caption\">Was kann diese Glaswasserflasche mit Bambusdeckel tun? Tee machen, Kaffee machen, Fr\u00fcchtetee machen. .\u00a0<\/figcaption><\/figure>\n\n\n\n<figure class=\"wp-block-image size-large\"><img loading=\"lazy\" decoding=\"async\" width=\"1024\" height=\"1024\" src=\"https:\/\/eco-drinkware.com\/wp-content\/uploads\/2021-05-21-15-46-231-1024x1024.webp\" alt=\"\" class=\"wp-image-392\" srcset=\"https:\/\/eco-drinkware.com\/wp-content\/uploads\/2021-05-21-15-46-231-1024x1024.webp 1024w, https:\/\/eco-drinkware.com\/wp-content\/uploads\/2021-05-21-15-46-231-300x300.webp 300w, https:\/\/eco-drinkware.com\/wp-content\/uploads\/2021-05-21-15-46-231-150x150.webp 150w, https:\/\/eco-drinkware.com\/wp-content\/uploads\/2021-05-21-15-46-231-768x768.webp 768w, https:\/\/eco-drinkware.com\/wp-content\/uploads\/2021-05-21-15-46-231-600x600.webp 600w, https:\/\/eco-drinkware.com\/wp-content\/uploads\/2021-05-21-15-46-231-100x100.webp 100w, https:\/\/eco-drinkware.com\/wp-content\/uploads\/2021-05-21-15-46-231.webp 1500w\" sizes=\"auto, (max-width: 1024px) 100vw, 1024px\" \/><figcaption class=\"wp-element-caption\">Weitere Details zu unserer Glaswasserflasche mit Bambusdeckel<\/figcaption><\/figure>\n\n\n\n<figure class=\"wp-block-image size-large\"><img loading=\"lazy\" decoding=\"async\" width=\"1024\" height=\"1024\" src=\"https:\/\/eco-drinkware.com\/wp-content\/uploads\/2021-05-21-15-47-148-1024x1024.webp\" alt=\"\" class=\"wp-image-393\" srcset=\"https:\/\/eco-drinkware.com\/wp-content\/uploads\/2021-05-21-15-47-148-1024x1024.webp 1024w, https:\/\/eco-drinkware.com\/wp-content\/uploads\/2021-05-21-15-47-148-300x300.webp 300w, https:\/\/eco-drinkware.com\/wp-content\/uploads\/2021-05-21-15-47-148-150x150.webp 150w, https:\/\/eco-drinkware.com\/wp-content\/uploads\/2021-05-21-15-47-148-768x768.webp 768w, https:\/\/eco-drinkware.com\/wp-content\/uploads\/2021-05-21-15-47-148-600x600.webp 600w, https:\/\/eco-drinkware.com\/wp-content\/uploads\/2021-05-21-15-47-148-100x100.webp 100w, https:\/\/eco-drinkware.com\/wp-content\/uploads\/2021-05-21-15-47-148.webp 1500w\" sizes=\"auto, (max-width: 1024px) 100vw, 1024px\" \/><\/figure>\n\n\n\n<p>M\u00f6chten Sie Ihre eigene Marke Flasche anpassen? Bitte kontaktieren Sie uns f\u00fcr Details. Danke.<\/p>","protected":false},"excerpt":{"rendered":"<p>Die beste Glaswasserflasche f\u00fcr Tee und Kaffee. 500ml ist die gr\u00f6\u00dfte Gr\u00f6\u00dfe f\u00fcr Doppelwand Glas Wasserflasche jetzt.<\/p>","protected":false},"featured_media":387,"template":"","meta":{"_acf_changed":false,"_seopress_robots_primary_cat":"","_seopress_titles_title":"","_seopress_titles_desc":"","_seopress_robots_index":"","_uag_custom_page_level_css":""},"product_brand":[],"product_cat":[36,42,25,22,54],"product_tag":[],"class_list":{"0":"post-337","1":"product","2":"type-product","3":"status-publish","4":"has-post-thumbnail","6":"product_cat-double-wall-gass-bottle","7":"product_cat-glass-tumbler","8":"product_cat-glass-tumbler-mugs","9":"product_cat-glass-water-bottle","10":"product_cat-tea-bottle-coffee-tumblers","12":"first","13":"instock","14":"shipping-taxable","15":"product-type-simple"},"acf":[],"uagb_featured_image_src":{"full":["https:\/\/eco-drinkware.com\/wp-content\/uploads\/13_0.webp",800,800,false],"thumbnail":["https:\/\/eco-drinkware.com\/wp-content\/uploads\/13_0-150x150.webp",150,150,true],"medium":["https:\/\/eco-drinkware.com\/wp-content\/uploads\/13_0-300x300.webp",300,300,true],"medium_large":["https:\/\/eco-drinkware.com\/wp-content\/uploads\/13_0-768x768.webp",768,768,true],"large":["https:\/\/eco-drinkware.com\/wp-content\/uploads\/13_0.webp",800,800,false],"1536x1536":["https:\/\/eco-drinkware.com\/wp-content\/uploads\/13_0.webp",800,800,false],"2048x2048":["https:\/\/eco-drinkware.com\/wp-content\/uploads\/13_0.webp",800,800,false],"trp-custom-language-flag":["https:\/\/eco-drinkware.com\/wp-content\/uploads\/13_0.webp",12,12,false],"woocommerce_thumbnail":["https:\/\/eco-drinkware.com\/wp-content\/uploads\/13_0-300x300.webp",300,300,true],"woocommerce_single":["https:\/\/eco-drinkware.com\/wp-content\/uploads\/13_0-600x600.webp",600,600,true],"woocommerce_gallery_thumbnail":["https:\/\/eco-drinkware.com\/wp-content\/uploads\/13_0-100x100.webp",100,100,true]},"uagb_author_info":{"display_name":"Amy","author_link":"https:\/\/eco-drinkware.com\/de\/author\/"},"uagb_comment_info":0,"uagb_excerpt":"Best glass water bottle choice for tea, coffee. 500ml is the biggest size for double wall glass water bottle now.","_links":{"self":[{"href":"https:\/\/eco-drinkware.com\/de\/wp-json\/wp\/v2\/product\/337","targetHints":{"allow":["GET"]}}],"collection":[{"href":"https:\/\/eco-drinkware.com\/de\/wp-json\/wp\/v2\/product"}],"about":[{"href":"https:\/\/eco-drinkware.com\/de\/wp-json\/wp\/v2\/types\/product"}],"wp:featuredmedia":[{"embeddable":true,"href":"https:\/\/eco-drinkware.com\/de\/wp-json\/wp\/v2\/media\/387"}],"wp:attachment":[{"href":"https:\/\/eco-drinkware.com\/de\/wp-json\/wp\/v2\/media?parent=337"}],"wp:term":[{"taxonomy":"product_brand","embeddable":true,"href":"https:\/\/eco-drinkware.com\/de\/wp-json\/wp\/v2\/product_brand?post=337"},{"taxonomy":"product_cat","embeddable":true,"href":"https:\/\/eco-drinkware.com\/de\/wp-json\/wp\/v2\/product_cat?post=337"},{"taxonomy":"product_tag","embeddable":true,"href":"https:\/\/eco-drinkware.com\/de\/wp-json\/wp\/v2\/product_tag?post=337"}],"curies":[{"name":"wp","href":"https:\/\/api.w.org\/{rel}","templated":true}]}}