{"id":3416,"date":"2026-02-09T15:13:32","date_gmt":"2026-02-09T07:13:32","guid":{"rendered":"https:\/\/eco-drinkware.com\/?post_type=product&#038;p=3416"},"modified":"2026-02-09T15:45:03","modified_gmt":"2026-02-09T07:45:03","slug":"gv0245-custom-18oz-22oz-32oz-stainless-steel-tea-infuser-tumbler-304-food-grade-insulated-bottle-for-wholesale-private-label","status":"publish","type":"product","link":"https:\/\/eco-drinkware.com\/de\/product\/gv0245-custom-18oz-22oz-32oz-stainless-steel-tea-infuser-tumbler-304-food-grade-insulated-bottle-for-wholesale-private-label\/","title":{"rendered":"GV0245 Custom 18oz \/ 22oz \/ 32oz Stainless Steel Tea Infuser Tumbler \u2013 304 Food-Grade Insulated Bottle for Wholesale &amp; Private Label"},"content":{"rendered":"<h2 class=\"wp-block-heading\">Produktmerkmale:<\/h2>\n\n\n\n<p>\u25cf <strong>Premium 304 Stainless Steel Material<\/strong> \u2013 Made from food-grade 304 stainless steel, this tea infuser tumbler is rust-resistant, durable, BPA-free, and safe for long-term daily use, meeting international quality standards for global markets.<br>\u25cf T<strong>Multiple Sizes for Different Markets<\/strong> \u2013 Available in <strong>18oz, 22oz, and 32oz<\/strong>, suitable for tea, fruit-infused water, and coffee, making it a versatile option for retail, promotional, and corporate gift channels.<br>\u25cf This stainless steel tea bottle is double wall insulated with copper coated , reusable water bottle . <strong>Double Wall Insulated Design<\/strong> \u2013 The vacuum-insulated stainless steel body keeps beverages hot or cold for hours while preventing heat transfer, ensuring a comfortable grip and enhanced user experience.<br>\u25cf <strong>Removable Tea Infuser<\/strong> \u2013 Designed with a stainless steel infuser, perfect for loose leaf tea, fruit tea, and coffee brewing, ideal for modern lifestyle drinkware collections.<br>\u25cf <strong>Wholesale &amp; Custom Branding Support<\/strong> \u2013 Available for <strong>bulk orders and wholesale supply<\/strong>, with full customization options including <strong>colors, logo printing or laser engraving, and private label packaging<\/strong>, ideal for brand owners, distributors, and corporate gift projects.<\/p>\n\n\n\n<p>\u25cfColor: Wir k\u00f6nnen jede m\u00f6gliche Farbe f\u00fcr Kunden tun. PMS Farbe ist willkommen. Sowohl der K\u00f6rper und Deckel kann PMS Farbe tun. Eco Drinkware Team kann Mock-up mit benutzerdefinierten Design bieten.<br>\u25cf This straight shape tea bottle is good for adult .Easy to take it out for camping ,walk ,running and so on.Perfect for water,tea ,juice and coffee drinking<br>\u25cfBeschichtung: keine Beschichtung (geb\u00fcrsteter Edelstahl), Spritzlackierung, Pulverbeschichtung, Verkupferung, etc.<br>\u25cfMuster: benutzerdefinierte Muster k\u00f6nnen gedruckt werden und kann durch verschiedene Drucktechniken durchgef\u00fchrt werden: Siebdruck, W\u00e4rme\u00fcbertragung Druck, Wasser-Transfer-Druck, Sublimation Transfer, etc.<br>\u25cfLogo: Leicht zu arbeiten auf benutzerdefinierte Logo. Logo-Optionen umfassen: Abziehbild-Logo, Seidendruck, W\u00e4rme\u00fcbertragung, Sublimation, etc. Willkommen, um Ihr Logo zu teilen. Unser Team wird Mock up zur\u00fcck zu senden.<br>\u25cfPackaging Box: wei\u00dfe Box, benutzerdefinierte bedruckte Box, Zylinder-Box, Blase Tasche, Geschenk-Box, jede kundenspezifische Design-Paket ist willkommen, etc<br>\u25cfSp\u00fclmaschinenfeste Teeflasche aus Edelstahl, die in der Waschmaschine gereinigt werden kann.<br>Eine doppelwandige isolierte Teeflasche ist ein Beh\u00e4lter, der dazu dient, kohlens\u00e4urehaltige Getr\u00e4nke wie Limonade oder Cola unterwegs auf einer konstanten Temperatur zu halten. Die Flasche besteht in der Regel aus einer doppelwandigen Konstruktion mit einem vakuumversiegelten Zwischenraum zwischen der Innen- und der Au\u00dfenwand, der f\u00fcr hervorragende Isoliereigenschaften sorgt.<br>Der vakuumversiegelte Raum zwischen den W\u00e4nden wirkt wie eine Barriere, die verhindert, dass W\u00e4rme in die Flasche eindringt oder entweicht. Dadurch bleiben hei\u00dfe Getr\u00e4nke wie Kaffee, Tee oder Suppe mehrere Stunden lang hei\u00df, w\u00e4hrend kalte Getr\u00e4nke wie Wasser, Saft oder Limonade \u00fcber einen l\u00e4ngeren Zeitraum hinweg kalt bleiben.<br>Isolierte Flaschen sind eine ausgezeichnete Wahl f\u00fcr Menschen, die ihre Getr\u00e4nke unterwegs auf einer konstanten Temperatur halten wollen, egal ob sie wandern, campen, reisen oder einfach nur zur Arbeit pendeln.<br>Spezialisiert auf die Herstellung und den Export aller Arten von Trinkgeschirr wie Wasserflaschen, Gro\u00dfhandelsbecher, Lebensmittelbeh\u00e4lter, Hunden\u00e4pfe, Salatsch\u00fcsseln, Dosenk\u00fchler, Glasflaschen und Bambusflaschen. Eco Drinkware verf\u00fcgt \u00fcber automatisierte und hocheffiziente Produktionslinien. Wir setzen auf Industrie 4.0 und bleiben in der Branche wettbewerbsf\u00e4hig. Die automatisierte Produktion macht unsere Produkte kosteng\u00fcnstiger und wettbewerbsf\u00e4higer im Preis.<br>\u25cfEco Drinkware tun OEM &amp;ODM. Mit Top-Profi-Ingenieure mit mehr als 10 Jahre Wasserflasche Herstellung Industrie Erfahrung, einfach, um Ihre Idee in tats\u00e4chliche Produkte zu machen. herzlich willkommen, mit uns f\u00fcr Ihre Idee zu teilen.<br>\u25cf Wir tun Qualit\u00e4tskontrolle auf Linie, um die Produktion sicherzustellen geht gut und kein Fehler. Wenn es Fehler gibt, k\u00f6nnen wir es auf Zeit korrigieren, um Kosten zu sparen. Qualit\u00e4t ist unsere Kultur. wir vertrauen darauf, dass Qualit\u00e4t mehr f\u00fcr Kunden und Hersteller bringt. Wenn Sie sich f\u00fcr Eco Drinkware entscheiden, werden Sie mehr Kunden und einen gr\u00f6\u00dferen Markt bekommen. Weil unser Team gl\u00fccklich ist, uns selbst und unsere Produkte zu verbessern, um in unserer Branche hervorragend zu sein.<br>\u25cfVersandmethode: FOB, CIF, DDU, DDP per Bahn oder Schiff an Kunden weltweit.<\/p>\n\n\n\n<p><strong>Q1: Is this tea infuser tumbler FDA and LFGB certified?<\/strong><br>Yes, the tumbler is manufactured using food-grade materials and complies with <strong>FDA and LFGB standards<\/strong>, suitable for the US, EU, and other international markets.<\/p>\n\n\n\n<p><strong>Q2: Can I customize the logo and color?<\/strong><br>Yes. We support <strong>custom colors, laser engraving or printed logos<\/strong>, as well as <strong>private label packaging<\/strong> for wholesale and bulk orders.<\/p>\n\n\n\n<p><strong>Q3: What beverages is this tumbler suitable for?<\/strong><br>It is designed for <strong>loose leaf tea, fruit tea, coffee, and infused water<\/strong>, suitable for both hot and cold drinks.<\/p>\n\n\n\n<p><strong>Q4: Does the tumbler fit in car cup holders?<\/strong><br>Yes. The slim body design fits <strong>most standard car cup holders<\/strong>, making it convenient for daily commuting and travel.<\/p>\n\n\n\n<p><strong>Q5: What is the minimum order quantity (MOQ)?<\/strong><br>MOQ depends on customization requirements. Please contact us for <strong>wholesale pricing and bulk order details<\/strong>.<\/p>\n\n\n\n<div class=\"wp-block-uagb-image uagb-block-ebf0aa1f wp-block-uagb-image--layout-default wp-block-uagb-image--effect-static wp-block-uagb-image--align-none\"><figure class=\"wp-block-uagb-image__figure\"><img decoding=\"async\" srcset=\"https:\/\/eco-drinkware.com\/wp-content\/uploads\/2026\/02\/black-insulated-thermos-tea-infuser.webp ,https:\/\/eco-drinkware.com\/wp-content\/uploads\/2026\/02\/black-insulated-thermos-tea-infuser.webp 780w, https:\/\/eco-drinkware.com\/wp-content\/uploads\/2026\/02\/black-insulated-thermos-tea-infuser.webp 360w\" sizes=\"auto, (max-width: 480px) 150px\" src=\"https:\/\/eco-drinkware.com\/wp-content\/uploads\/2026\/02\/black-insulated-thermos-tea-infuser.webp\" alt=\"Two black insulated thermos bottles with silver tea infusers on a kitchen counter.\" class=\"uag-image-3415\" width=\"1000\" height=\"1000\" title=\"Black Insulated Thermos with Tea Infuser\" loading=\"lazy\" role=\"img\"\/><\/figure><\/div>\n\n\n\n<figure class=\"wp-block-table\"><table class=\"has-fixed-layout\"><tbody><tr><td>CItem-Nummer<\/td><td>GV0245<\/td><\/tr><tr><td>Kapazit\u00e4t<\/td><td>18OZ \/500ml  22oz\/660ml  32oz\/1000ml<\/td><\/tr><tr><td>Isoliert<\/td><td>Ja&nbsp;&nbsp;&nbsp;&nbsp;&nbsp;&nbsp;&nbsp;&nbsp;&nbsp;&nbsp;&nbsp;&nbsp;&nbsp;<\/td><\/tr><tr><td>Position des Logos<\/td><td>Flaschenk\u00f6rper<\/td><\/tr><tr><td>Farbe<\/td><td>Rot, Silber, Gr\u00fcn, Blau, Wei\u00df, Schwarz, Ros\u00e9gold, kundenspezifische Farbe, PMS-Farbe<\/td><\/tr><tr><td>Material<\/td><td>304 stainless steel also called 18\/8 stainless steel inner and outer ,new pp plastic lid ,silicone seal ring<\/td><\/tr><tr><td>Merkmal<\/td><td>Doppelwandige Vakuumflasche, gro\u00dfes Fassungsverm\u00f6gen, kundenspezifisches Design<\/td><\/tr><tr><td>MOQ<\/td><td>200 St\u00fcck<\/td><\/tr><tr><td>Logo<\/td><td>Laser, Seidendruck, W\u00e4rme\u00fcbertragung, Wasser\u00fcbertragung, Gas\u00fcbertragung, 3D-Druck, Sublimation, etc.<\/td><\/tr><tr><td>Paket<\/td><td>wei\u00dfe Schachtel, individuell bedruckte Schachtel, Zylinderschachtel, Luftpolstertasche, Geschenkschachtel<\/td><\/tr><tr><td>Probezeit<\/td><td>3 Tage f\u00fcr Standardmuster, 7 Tage f\u00fcr individuelle Logomuster<\/td><\/tr><tr><td>Produktionszeit<\/td><td>10-35 Tage je nach Menge und Anforderungen<\/td><\/tr><tr><td>\u00dcber die Bezahlung<\/td><td>\u00dcberweisung, Paypal, Western Union, Handelsversicherung<\/td><\/tr><tr><td>Herkunftsland<\/td><td>Hergestellt in China<\/td><\/tr><tr><td>Herkunft der Bescheinigung<\/td><td>Ja, wir k\u00f6nnen anbieten<\/td><\/tr><tr><td>Neue Form Flasche<\/td><td>Ja, wir haben ein neues Formenentwicklungsteam<\/td><\/tr><tr><td>Bedingungen<\/td><td>EXW,FOB,CIF, DDU, DDP<\/td><\/tr><\/tbody><\/table><\/figure>","protected":false},"excerpt":{"rendered":"<ul>\n<li data-start=\"1466\" data-end=\"1563\">\n<p data-start=\"1468\" data-end=\"1563\"><strong data-start=\"1468\" data-end=\"1502\">Food-Grade 304 Stainless Steel<\/strong> \u2013 BPA-free, rust-resistant, and designed for long-term use<\/p>\n<\/li>\n<li data-start=\"1564\" data-end=\"1644\">\n<p data-start=\"1566\" data-end=\"1644\"><strong data-start=\"1566\" data-end=\"1590\">FDA &amp; LFGB Certified<\/strong> \u2013 Compliant with US and EU food contact regulations<\/p>\n<\/li>\n<li data-start=\"1645\" data-end=\"1733\">\n<p data-start=\"1647\" data-end=\"1733\"><strong data-start=\"1647\" data-end=\"1675\">Mehrere Gr\u00f6\u00dfen verf\u00fcgbar<\/strong> \u2013 18oz, 22oz, and 32oz to meet different market demands<\/p>\n<\/li>\n<li data-start=\"1734\" data-end=\"1808\">\n<p data-start=\"1736\" data-end=\"1808\"><strong data-start=\"1736\" data-end=\"1769\">Double Wall Vacuum Insulation<\/strong> \u2013 Keeps drinks hot or cold for hours<\/p>\n<\/li>\n<li data-start=\"1809\" data-end=\"1888\">\n<p data-start=\"1811\" data-end=\"1888\"><strong data-start=\"1811\" data-end=\"1836\">Removable Tea Infuser<\/strong> \u2013 Ideal for loose leaf tea, fruit tea, and coffee<\/p>\n<\/li>\n<li data-start=\"1889\" data-end=\"1965\">\n<p data-start=\"1891\" data-end=\"1965\"><strong data-start=\"1891\" data-end=\"1918\">Car Cup Holder Friendly<\/strong> \u2013 Slim design fits most standard car holders<\/p>\n<\/li>\n<li data-start=\"1966\" data-end=\"2052\">\n<p data-start=\"1968\" data-end=\"2052\"><strong data-start=\"1968\" data-end=\"1997\">Custom Branding Supported<\/strong> \u2013 Logo, color, and packaging customization available<\/p>\n<\/li>\n<\/ul>","protected":false},"featured_media":3417,"template":"","meta":{"_acf_changed":true,"_seopress_robots_primary_cat":"none","_seopress_titles_title":"Custom stainless steel tea flask for loose tea with infuser and handle lid","_seopress_titles_desc":"FDA & LFGB certified 18oz \/ 22oz \/ 32oz stainless steel tea infuser tumbler with 304 food-grade material. Custom logo, color & packaging available for wholesale and private label orders.","_seopress_robots_index":"","_uag_custom_page_level_css":""},"product_brand":[],"product_cat":[32,40,19,54,24,20],"product_tag":[70,77,69,84,82,151],"class_list":{"0":"post-3416","1":"product","2":"type-product","3":"status-publish","4":"has-post-thumbnail","6":"product_cat-insulated-water-bottle","7":"product_cat-stainless-steel-tumbler","8":"product_cat-stainless-steel-water-bottle","9":"product_cat-tea-bottle-coffee-tumblers","10":"product_cat-tumblers-mugs","11":"product_cat-vacuum-flask","12":"product_tag-double-wall-insulated-flask","13":"product_tag-personalized-insulated-mug","14":"product_tag-stainless-steel-flask","15":"product_tag-tea-flask","16":"product_tag-tea-infuser-bottle","17":"product_tag-tea-tumbler","19":"first","20":"instock","21":"shipping-taxable","22":"product-type-simple"},"acf":[],"uagb_featured_image_src":{"full":["https:\/\/eco-drinkware.com\/wp-content\/uploads\/2026\/02\/eco-teal-vacuum-flask-infuser.webp",1000,1000,false],"thumbnail":["https:\/\/eco-drinkware.com\/wp-content\/uploads\/2026\/02\/eco-teal-vacuum-flask-infuser-150x150.webp",150,150,true],"medium":["https:\/\/eco-drinkware.com\/wp-content\/uploads\/2026\/02\/eco-teal-vacuum-flask-infuser-300x300.webp",300,300,true],"medium_large":["https:\/\/eco-drinkware.com\/wp-content\/uploads\/2026\/02\/eco-teal-vacuum-flask-infuser-768x768.webp",768,768,true],"large":["https:\/\/eco-drinkware.com\/wp-content\/uploads\/2026\/02\/eco-teal-vacuum-flask-infuser.webp",1000,1000,false],"1536x1536":["https:\/\/eco-drinkware.com\/wp-content\/uploads\/2026\/02\/eco-teal-vacuum-flask-infuser.webp",1000,1000,false],"2048x2048":["https:\/\/eco-drinkware.com\/wp-content\/uploads\/2026\/02\/eco-teal-vacuum-flask-infuser.webp",1000,1000,false],"trp-custom-language-flag":["https:\/\/eco-drinkware.com\/wp-content\/uploads\/2026\/02\/eco-teal-vacuum-flask-infuser-12x12.webp",12,12,true],"woocommerce_thumbnail":["https:\/\/eco-drinkware.com\/wp-content\/uploads\/2026\/02\/eco-teal-vacuum-flask-infuser-300x300.webp",300,300,true],"woocommerce_single":["https:\/\/eco-drinkware.com\/wp-content\/uploads\/2026\/02\/eco-teal-vacuum-flask-infuser-600x600.webp",600,600,true],"woocommerce_gallery_thumbnail":["https:\/\/eco-drinkware.com\/wp-content\/uploads\/2026\/02\/eco-teal-vacuum-flask-infuser-100x100.webp",100,100,true]},"uagb_author_info":{"display_name":"Amy","author_link":"https:\/\/eco-drinkware.com\/de\/author\/"},"uagb_comment_info":0,"uagb_excerpt":"Food-Grade 304 Stainless Steel \u2013 BPA-free, rust-resistant, and designed for long-term use FDA &amp; LFGB Certified \u2013 Compliant with US and EU food contact regulations Multiple Sizes Available \u2013 18oz, 22oz, and 32oz to meet different market demands Double Wall Vacuum Insulation \u2013 Keeps drinks hot or cold for hours Removable Tea Infuser \u2013 Ideal&hellip;","_links":{"self":[{"href":"https:\/\/eco-drinkware.com\/de\/wp-json\/wp\/v2\/product\/3416","targetHints":{"allow":["GET"]}}],"collection":[{"href":"https:\/\/eco-drinkware.com\/de\/wp-json\/wp\/v2\/product"}],"about":[{"href":"https:\/\/eco-drinkware.com\/de\/wp-json\/wp\/v2\/types\/product"}],"wp:featuredmedia":[{"embeddable":true,"href":"https:\/\/eco-drinkware.com\/de\/wp-json\/wp\/v2\/media\/3417"}],"wp:attachment":[{"href":"https:\/\/eco-drinkware.com\/de\/wp-json\/wp\/v2\/media?parent=3416"}],"wp:term":[{"taxonomy":"product_brand","embeddable":true,"href":"https:\/\/eco-drinkware.com\/de\/wp-json\/wp\/v2\/product_brand?post=3416"},{"taxonomy":"product_cat","embeddable":true,"href":"https:\/\/eco-drinkware.com\/de\/wp-json\/wp\/v2\/product_cat?post=3416"},{"taxonomy":"product_tag","embeddable":true,"href":"https:\/\/eco-drinkware.com\/de\/wp-json\/wp\/v2\/product_tag?post=3416"}],"curies":[{"name":"wp","href":"https:\/\/api.w.org\/{rel}","templated":true}]}}