{"id":344,"date":"2022-11-03T08:17:48","date_gmt":"2022-11-03T08:17:48","guid":{"rendered":"https:\/\/eco-drinkware.com\/?post_type=product&#038;p=344"},"modified":"2022-11-03T13:45:29","modified_gmt":"2022-11-03T13:45:29","slug":"105-auf-lager-umweltfreundliche-edelstahl-lunchbox-suppenbehalter-mit-bambusdeckel-105","status":"publish","type":"product","link":"https:\/\/eco-drinkware.com\/de\/product\/105-auf-lager-umweltfreundliche-edelstahl-lunchbox-suppenbehalter-mit-bambusdeckel-105\/","title":{"rendered":"Auf Lager Umweltfreundlicher Edelstahl bento Lunch Box Suppenbeh\u00e4lter mit Bambus Deckel Kappe"},"content":{"rendered":"<p>800ml 1200ml<\/p>\n\n\n\n<p><strong>Auf Lager Umweltfreundlicher Edelstahl bento Lunch Box Suppenbeh\u00e4lter mit Bambus Deckel Kappe<\/strong><\/p>\n\n\n\n<p><strong>Natur Bambus-Deckel:<\/strong>Der Deckel der isolierten Thermoskanne aus Bambus besteht aus nat\u00fcrlichem Bambus, auf dem sich leicht ein individuelles Laser-Logo anbringen l\u00e4sst. Sehr dick und umweltfreundlich.<br><br><strong>Kein Plastik:<\/strong>304 Edelstahl, die Lebensmittel-Standard-Material ist, kein Kunststoff in diesem Bambus Deckel Lunch-Box Lebensmittel-Container<br><br><strong>2 Gr\u00f6\u00dfen:<\/strong>800ml, 1200ml. 800ml Bambusflasche ist geeignet f\u00fcr Kinder, 1200ml Bambus Bento Lunchbox ist eine gute Wahl f\u00fcr Erwachsene.<br><br>Wir haben auch 304 Edelstahl Lunchbox, alle Teile sind aus Edelstahl, kein Kunststoff.<br><br>Diese Bento-Lunch-Box ist plastikfrei Design. Es ist nur Natur Bambus und 304 Edelstahl Material. Was bedeutet, keine Kunststoff. Es ist der neue Trend zur N\u00e4he zur Natur \u00fcber origic Lebensstil.  Wenn Sie Kunststoff in dailylife reduzieren wollen, willkommen, sich uns anzuschlie\u00dfen und verkaufen diese Lebensmittel-Container an Ihre Kunden. .<br><br>Bambus-Deckel Lunch-Box Gr\u00f6\u00dfe f\u00fcr Ihre Referenz<\/p>\n\n\n\n<figure class=\"wp-block-image size-full\"><img loading=\"lazy\" decoding=\"async\" width=\"750\" height=\"968\" src=\"https:\/\/eco-drinkware.com\/wp-content\/uploads\/2021-05-21-16-00-279.webp\" alt=\"\" class=\"wp-image-412\" srcset=\"https:\/\/eco-drinkware.com\/wp-content\/uploads\/2021-05-21-16-00-279.webp 750w, https:\/\/eco-drinkware.com\/wp-content\/uploads\/2021-05-21-16-00-279-232x300.webp 232w, https:\/\/eco-drinkware.com\/wp-content\/uploads\/2021-05-21-16-00-279-116x150.webp 116w, https:\/\/eco-drinkware.com\/wp-content\/uploads\/2021-05-21-16-00-279-600x774.webp 600w\" sizes=\"auto, (max-width: 750px) 100vw, 750px\" \/><\/figure>\n\n\n\n<p>Weitere Detailbilder der Bento-Lunch-Box mit Bambusdeckel f\u00fcr Ihre Referenz.  Einfach zu Laser Ihren Markennamen auf der Brotdose und Bambusdeckel.<br>Es ist auch ein gutes Geschenk f\u00fcr Ihre Kunden, Mitarbeiter und Freunde.<\/p>\n\n\n\n<figure class=\"wp-block-image size-large\"><img loading=\"lazy\" decoding=\"async\" width=\"600\" height=\"1024\" src=\"https:\/\/eco-drinkware.com\/wp-content\/uploads\/2021-05-21-16-01-590-600x1024.webp\" alt=\"\" class=\"wp-image-413\" srcset=\"https:\/\/eco-drinkware.com\/wp-content\/uploads\/2021-05-21-16-01-590-600x1025.webp 600w, https:\/\/eco-drinkware.com\/wp-content\/uploads\/2021-05-21-16-01-590-176x300.webp 176w, https:\/\/eco-drinkware.com\/wp-content\/uploads\/2021-05-21-16-01-590-88x150.webp 88w, https:\/\/eco-drinkware.com\/wp-content\/uploads\/2021-05-21-16-01-590.webp 750w\" sizes=\"auto, (max-width: 600px) 100vw, 600px\" \/><\/figure>\n\n\n\n<figure class=\"wp-block-image size-large\"><img loading=\"lazy\" decoding=\"async\" width=\"670\" height=\"1024\" src=\"https:\/\/eco-drinkware.com\/wp-content\/uploads\/2021-05-21-16-02-568-670x1024.webp\" alt=\"\" class=\"wp-image-416\" srcset=\"https:\/\/eco-drinkware.com\/wp-content\/uploads\/2021-05-21-16-02-568-670x1024.webp 670w, https:\/\/eco-drinkware.com\/wp-content\/uploads\/2021-05-21-16-02-568-196x300.webp 196w, https:\/\/eco-drinkware.com\/wp-content\/uploads\/2021-05-21-16-02-568-98x150.webp 98w, https:\/\/eco-drinkware.com\/wp-content\/uploads\/2021-05-21-16-02-568-600x918.webp 600w, https:\/\/eco-drinkware.com\/wp-content\/uploads\/2021-05-21-16-02-568.webp 750w\" sizes=\"auto, (max-width: 670px) 100vw, 670px\" \/><\/figure>\n\n\n\n<figure class=\"wp-block-table\"><table><tbody><tr><td>Name<\/td><td>Beste isolierte Thermosflasche f\u00fcr Lebensmittel aus Bambus<\/td><\/tr><tr><td>Material<\/td><td>Natur-Bambus, Edelstahl 304<\/td><\/tr><tr><td>Gr\u00f6\u00dfe<\/td><td>800ml, 1200ml<\/td><\/tr><tr><td>Logo<\/td><td>Kundenspezifisch<\/td><\/tr><tr><td>Paket<\/td><td>Natur braune Box, benutzerdefinierte Farbe Box<\/td><\/tr><tr><td>Merkmal<\/td><td>Kein Plastik<\/td><\/tr><\/tbody><\/table><\/figure>","protected":false},"excerpt":{"rendered":"<p>Der Deckel der Bambus isoliert Thermoskanne Lebensmittel ist aus Natur Bambus, leicht zu tun, kundenspezifische Laser-Logo auf. Sehr dick und umweltfreundlich. Kein Kunststoff-Design.<\/p>","protected":false},"featured_media":411,"template":"","meta":{"_acf_changed":false,"_seopress_robots_primary_cat":"","_seopress_titles_title":"","_seopress_titles_desc":"","_seopress_robots_index":"","_uag_custom_page_level_css":""},"product_brand":[],"product_cat":[15],"product_tag":[],"class_list":{"0":"post-344","1":"product","2":"type-product","3":"status-publish","4":"has-post-thumbnail","6":"product_cat-drinkware-accessories","8":"first","9":"instock","10":"shipping-taxable","11":"product-type-simple"},"acf":[],"uagb_featured_image_src":{"full":["https:\/\/eco-drinkware.com\/wp-content\/uploads\/105_3.webp",1000,1000,false],"thumbnail":["https:\/\/eco-drinkware.com\/wp-content\/uploads\/105_3-150x150.webp",150,150,true],"medium":["https:\/\/eco-drinkware.com\/wp-content\/uploads\/105_3-300x300.webp",300,300,true],"medium_large":["https:\/\/eco-drinkware.com\/wp-content\/uploads\/105_3-768x768.webp",768,768,true],"large":["https:\/\/eco-drinkware.com\/wp-content\/uploads\/105_3.webp",1000,1000,false],"1536x1536":["https:\/\/eco-drinkware.com\/wp-content\/uploads\/105_3.webp",1000,1000,false],"2048x2048":["https:\/\/eco-drinkware.com\/wp-content\/uploads\/105_3.webp",1000,1000,false],"trp-custom-language-flag":["https:\/\/eco-drinkware.com\/wp-content\/uploads\/105_3.webp",12,12,false],"woocommerce_thumbnail":["https:\/\/eco-drinkware.com\/wp-content\/uploads\/105_3-300x300.webp",300,300,true],"woocommerce_single":["https:\/\/eco-drinkware.com\/wp-content\/uploads\/105_3-600x600.webp",600,600,true],"woocommerce_gallery_thumbnail":["https:\/\/eco-drinkware.com\/wp-content\/uploads\/105_3-100x100.webp",100,100,true]},"uagb_author_info":{"display_name":"Amy","author_link":"https:\/\/eco-drinkware.com\/de\/author\/"},"uagb_comment_info":0,"uagb_excerpt":"The lid of bamboo insulated thermos food flask is made of nature bamboo, easy to do custom laser logo on. Very thick and eco friendly. No plastic design.","_links":{"self":[{"href":"https:\/\/eco-drinkware.com\/de\/wp-json\/wp\/v2\/product\/344","targetHints":{"allow":["GET"]}}],"collection":[{"href":"https:\/\/eco-drinkware.com\/de\/wp-json\/wp\/v2\/product"}],"about":[{"href":"https:\/\/eco-drinkware.com\/de\/wp-json\/wp\/v2\/types\/product"}],"wp:featuredmedia":[{"embeddable":true,"href":"https:\/\/eco-drinkware.com\/de\/wp-json\/wp\/v2\/media\/411"}],"wp:attachment":[{"href":"https:\/\/eco-drinkware.com\/de\/wp-json\/wp\/v2\/media?parent=344"}],"wp:term":[{"taxonomy":"product_brand","embeddable":true,"href":"https:\/\/eco-drinkware.com\/de\/wp-json\/wp\/v2\/product_brand?post=344"},{"taxonomy":"product_cat","embeddable":true,"href":"https:\/\/eco-drinkware.com\/de\/wp-json\/wp\/v2\/product_cat?post=344"},{"taxonomy":"product_tag","embeddable":true,"href":"https:\/\/eco-drinkware.com\/de\/wp-json\/wp\/v2\/product_tag?post=344"}],"curies":[{"name":"wp","href":"https:\/\/api.w.org\/{rel}","templated":true}]}}