{"id":346,"date":"2022-11-03T08:21:33","date_gmt":"2022-11-03T00:21:33","guid":{"rendered":"https:\/\/eco-drinkware.com\/?post_type=product&#038;p=346"},"modified":"2025-09-26T18:10:55","modified_gmt":"2025-09-26T10:10:55","slug":"14-personzlied-benutzerdefinierte-logo-kein-minimum-tee-frucht-infuser-wasserflasche-borosilikatglas-14","status":"publish","type":"product","link":"https:\/\/eco-drinkware.com\/de\/product\/14-personzlied-benutzerdefinierte-logo-kein-minimum-tee-frucht-infuser-wasserflasche-borosilikatglas-14\/","title":{"rendered":"FDA &amp; LFGB zertifizierte Glas Infuser Wasserflasche - Umweltfreundlicher Bambusdeckel Tee und Obst Infuser Flasche"},"content":{"rendered":"<h2 class=\"wp-block-heading\">FDA- und LFGB-zertifizierte Wasserflasche aus Glas mit Bambusdeckel, ideal f\u00fcr Gro\u00dfbestellungen, Firmengeschenke und Werbeartikel<\/h2>\n\n\n\n<p>Dies ist eine sehr beliebte und trendige doppelwandige Glasflasche. Im Inneren des Bambusdeckels befindet sich ein Teil aus rostfreiem Stahl. So kommt kein Plastik mit dem Wasser in Ber\u00fchrung. Luxuri\u00f6ses Gef\u00fchl und Natur Lebensstil. Perfekt f\u00fcr Tee-Marke, Tee-Shop, Coffee-Shop und auch sehr sch\u00f6nes Geschenk f\u00fcr jede Promotion-Veranstaltungen wie Hochzeit, Festival.<\/p>\n\n\n\n<ul class=\"wp-block-list\">\n<li><strong>Vollst\u00e4ndige Personalisierung f\u00fcr Branding<\/strong> - Diese FDA- und LFGB-zertifizierte Trinkflasche aus Glas wurde speziell f\u00fcr Ihre gesch\u00e4ftlichen Anforderungen entwickelt. Die <strong>Glask\u00f6rper, Bambusdeckel und Umverpackung<\/strong> k\u00f6nnen alle mit Ihrem Logo oder Ihrer Markenbotschaft versehen werden. Egal, ob Sie auf der Suche nach <strong>Gro\u00dfhandel, Gro\u00dfbestellungen, Eigenmarkenprojekte oder Firmengeschenke<\/strong>Diese Flasche bietet die Flexibilit\u00e4t, Ihre Marke auf eine erstklassige Weise zu pr\u00e4sentieren.<\/li>\n\n\n\n<li><strong>Hochwertige Glaskonstruktion<\/strong> - Hergestellt aus <strong>langlebiges Borosilikatglas<\/strong>Die Flasche ist hitze- und bruchbest\u00e4ndig und bietet Sicherheit und eine lange Nutzungsdauer. Im Gegensatz zu Plastikflaschen ist das Glasmaterial <strong>umweltfreundlich, BPA-frei und ges\u00fcnder f\u00fcr die t\u00e4gliche Fl\u00fcssigkeitszufuhr<\/strong>und entspricht damit der wachsenden Nachfrage nach nachhaltigem Trinkgeschirr auf den internationalen M\u00e4rkten.<\/li>\n\n\n\n<li><strong>Deckel aus nat\u00fcrlichem Bambus<\/strong> - Der Deckel aus umweltfreundlichem Bambus verleiht der Flasche einen Hauch von Eleganz und sorgt gleichzeitig f\u00fcr einen dichten, auslaufsicheren Verschluss. Er erh\u00f6ht nicht nur die optische Attraktivit\u00e4t, sondern reflektiert auch <strong>nachhaltige Gesch\u00e4ftspraktiken<\/strong>Dies ist ein wichtiges Verkaufsargument f\u00fcr umweltbewusste K\u00e4ufer und H\u00e4ndler.<\/li>\n\n\n\n<li><strong>Hitzebest\u00e4ndiger &amp; vielseitiger Infusor<\/strong> - Der isolierte Glask\u00f6rper sch\u00fctzt Ihre H\u00e4nde vor Hitze und macht die Handhabung sicher und komfortabel. Mit ihrem abnehmbaren Infusor ist die Flasche perfekt zum Aufbr\u00fchen <strong>loser Blatttee, Fr\u00fcchtetee und sogar frisch gebr\u00fchter Kaffee<\/strong>So erhalten Ihre Kunden ein vielseitiges und funktionelles Produkt.<\/li>\n\n\n\n<li><strong>Ideal f\u00fcr B2B-M\u00e4rkte<\/strong> - Diese Wasserflasche aus Glas ist geeignet f\u00fcr <strong>Importeure, Einzelh\u00e4ndler, Vertriebsunternehmen und Werbeartikelhersteller<\/strong>. Es erf\u00fcllt internationale Zertifizierungsstandards (FDA &amp; LFGB) und gew\u00e4hrleistet so die Einhaltung von Qualit\u00e4tsstandards und Zuverl\u00e4ssigkeit f\u00fcr globale M\u00e4rkte. Mit Optionen f\u00fcr <strong>Logoanpassung und ma\u00dfgeschneiderte Verpackung<\/strong>Er ist eine ausgezeichnete Wahl f\u00fcr Unternehmen, die ihre Produktpalette um einen hochwertigen, umweltfreundlichen Artikel erweitern m\u00f6chten.<\/li>\n<\/ul>\n\n\n\n<p><strong>Warum Sie es lieben werden:<\/strong><\/p>\n\n\n\n<h3 class=\"wp-block-heading\"><strong>Warum sollten Sie sich f\u00fcr unsere Glaswasserflaschen mit Filter f\u00fcr Gro\u00dfbestellungen entscheiden?<\/strong><\/h3>\n\n\n\n<p>\u2728\u00a0<strong>Anpassungsoptionen<\/strong>\u00a0- Als zuverl\u00e4ssiger Lieferant bieten wir eine breite Palette von Anpassungsm\u00f6glichkeiten, einschlie\u00dflich der Platzierung des Logos, der Farbauswahl und der individuellen Verpackung.<br>\u2728\u00a0<strong>Direkte Preisgestaltung ab Werk<\/strong>\u00a0- Profitieren Sie von wettbewerbsf\u00e4higen Preisen f\u00fcr Gro\u00dfauftr\u00e4ge, die Kosteneffizienz ohne Qualit\u00e4tseinbu\u00dfen gew\u00e4hrleisten.<br>\u2728\u00a0<strong>Langlebig &amp; Zuverl\u00e4ssig<\/strong>\u00a0- Unsere Becher sind f\u00fcr den t\u00e4glichen Gebrauch gebaut und eignen sich perfekt f\u00fcr Firmengeschenke, Werbeveranstaltungen oder den Einzelhandel. Eco Drinkware bietet einen guten Kundendienst f\u00fcr unsere Sublimationsflaschen.<br>\u2728\u00a0<strong>Schneller Turnaround<\/strong>\u00a0- Unser Werk ist so ausgestattet, dass es Gro\u00dfauftr\u00e4ge mit effizienter Produktion und p\u00fcnktlicher Lieferung abwickeln kann. Vor allem, dass wir Roboter in der Produktion verwenden, die die Produktion jetzt viel schneller gemacht. Es gibt 200 Arbeiter und 10 Produktionslinien arbeiten jeden Tag f\u00fcr unsere Kunden.                                       \u2728<strong>Unterst\u00fctzung f\u00fcr Kleinauftr\u00e4ge<\/strong>\u00a0- Mit Lager Glas Trinkflasche in unserem Lager, unterst\u00fctzen wir kleine Batch-Auftrag wie 100 St\u00fcck. Das macht die Produktionszeit k\u00fcrzer und Start Gesch\u00e4ft viel einfach.<br>\u2728\u00a0<strong>Umweltfreundlich &amp; wiederverwendbar<\/strong>\u00a0- F\u00f6rdern Sie die Nachhaltigkeit mit einem wiederverwendbaren Becher, der Abfall reduziert und mit umweltbewussten Werten in Einklang steht. Immer mehr Kunden entscheiden sich f\u00fcr Isolierflaschen aus Edelstahl als Ersatz f\u00fcr Plastikflaschen.                                                            \u2728<strong>Globale Zustellung<\/strong>\u00a0- Wir bieten allen Kunden eine weltweite Lieferung an. Auch bieten DDP Versand in viele L\u00e4nder. Es helfen Kunden, Geld zu sparen.                                                                                \u2728<strong>Zuverl\u00e4ssiger Lieferant<\/strong>\u00a0- Eco Drinkware arbeitet seit 10 Jahren in diesem Bereich. Mit erfahrenen Technologie-Team und Vertriebsperson, um alle neuen Projekt gut zu arbeiten. Es ist ratsam, mit professionellen Lieferanten zu arbeiten, um Geld und Zeit zu sparen. Vertrauen Sie darauf, dass Sie zufriedene Kauferfahrung haben werden.<\/p>\n\n\n\n<figure class=\"wp-block-table\"><table><tbody><tr><td>Name<\/td><td>Trinkflasche aus doppelwandigem Borosilikatglas mit 450 ml Fassungsverm\u00f6gen<\/td><\/tr><tr><td>Material<\/td><td>Hochborosilikatglas, Naturbambus, Edelstahl 18\/8 304, neues pp, Silikonring<\/td><\/tr><tr><td>Kapazit\u00e4t<\/td><td>450ml<\/td><\/tr><tr><td>Gr\u00f6\u00dfe<\/td><td>7*23cm<\/td><\/tr><tr><td>Paket<\/td><td>Schlichte wei\u00dfe Schachtel, farbige Schachtel, runder Zylinder<\/td><\/tr><tr><td>Logo<\/td><td>Kundenspezifisch<\/td><\/tr><tr><td>Probezeit<\/td><td>5-7 Tage<\/td><\/tr><\/tbody><\/table><\/figure>\n\n\n\n<figure class=\"wp-block-image size-full is-resized\"><img loading=\"lazy\" decoding=\"async\" width=\"1000\" height=\"1000\" src=\"https:\/\/eco-drinkware.com\/wp-content\/uploads\/14_0.webp\" alt=\"\" class=\"wp-image-419\" style=\"width:500px;height:500px\" srcset=\"https:\/\/eco-drinkware.com\/wp-content\/uploads\/14_0.webp 1000w, https:\/\/eco-drinkware.com\/wp-content\/uploads\/14_0-300x300.webp 300w, https:\/\/eco-drinkware.com\/wp-content\/uploads\/14_0-150x150.webp 150w, https:\/\/eco-drinkware.com\/wp-content\/uploads\/14_0-768x768.webp 768w, https:\/\/eco-drinkware.com\/wp-content\/uploads\/14_0-600x600.webp 600w, https:\/\/eco-drinkware.com\/wp-content\/uploads\/14_0-100x100.webp 100w\" sizes=\"auto, (max-width: 1000px) 100vw, 1000px\" \/><\/figure>\n\n\n\n<figure class=\"wp-block-image size-full is-resized\"><img loading=\"lazy\" decoding=\"async\" width=\"750\" height=\"800\" src=\"https:\/\/eco-drinkware.com\/wp-content\/uploads\/2020-10-23-17-25-520.webp\" alt=\"\" class=\"wp-image-418\" style=\"width:563px;height:600px\" srcset=\"https:\/\/eco-drinkware.com\/wp-content\/uploads\/2020-10-23-17-25-520.webp 750w, https:\/\/eco-drinkware.com\/wp-content\/uploads\/2020-10-23-17-25-520-281x300.webp 281w, https:\/\/eco-drinkware.com\/wp-content\/uploads\/2020-10-23-17-25-520-141x150.webp 141w, https:\/\/eco-drinkware.com\/wp-content\/uploads\/2020-10-23-17-25-520-600x640.webp 600w\" sizes=\"auto, (max-width: 750px) 100vw, 750px\" \/><\/figure>\n\n\n\n<figure class=\"wp-block-image size-large is-resized\"><img loading=\"lazy\" decoding=\"async\" width=\"1024\" height=\"1024\" src=\"https:\/\/eco-drinkware.com\/wp-content\/uploads\/14_1-1024x1024.webp\" alt=\"\" class=\"wp-image-420\" style=\"width:500px;height:500px\" srcset=\"https:\/\/eco-drinkware.com\/wp-content\/uploads\/14_1-1024x1024.webp 1024w, https:\/\/eco-drinkware.com\/wp-content\/uploads\/14_1-300x300.webp 300w, https:\/\/eco-drinkware.com\/wp-content\/uploads\/14_1-150x150.webp 150w, https:\/\/eco-drinkware.com\/wp-content\/uploads\/14_1-768x768.webp 768w, https:\/\/eco-drinkware.com\/wp-content\/uploads\/14_1-600x600.webp 600w, https:\/\/eco-drinkware.com\/wp-content\/uploads\/14_1-100x100.webp 100w, https:\/\/eco-drinkware.com\/wp-content\/uploads\/14_1.webp 1500w\" sizes=\"auto, (max-width: 1024px) 100vw, 1024px\" \/><\/figure>\n\n\n\n<p>Benutzerdefinierte Paket Bild f\u00fcr rereference<\/p>\n\n\n\n<figure class=\"wp-block-image size-full is-resized\"><img loading=\"lazy\" decoding=\"async\" width=\"802\" height=\"595\" src=\"https:\/\/eco-drinkware.com\/wp-content\/uploads\/2025\/09\/color-box.jpg\" alt=\"Farbkasten f\u00fcr Glaswasserflaschen\" class=\"wp-image-3264\" style=\"width:507px;height:auto\" srcset=\"https:\/\/eco-drinkware.com\/wp-content\/uploads\/2025\/09\/color-box.jpg 802w, https:\/\/eco-drinkware.com\/wp-content\/uploads\/2025\/09\/color-box-300x223.jpg 300w, https:\/\/eco-drinkware.com\/wp-content\/uploads\/2025\/09\/color-box-150x111.jpg 150w, https:\/\/eco-drinkware.com\/wp-content\/uploads\/2025\/09\/color-box-768x570.jpg 768w, https:\/\/eco-drinkware.com\/wp-content\/uploads\/2025\/09\/color-box-16x12.jpg 16w, https:\/\/eco-drinkware.com\/wp-content\/uploads\/2025\/09\/color-box-600x445.jpg 600w\" sizes=\"auto, (max-width: 802px) 100vw, 802px\" \/><figcaption class=\"wp-element-caption\">Benutzerdefinierte Farbe Box<\/figcaption><\/figure>\n\n\n\n<figure class=\"wp-block-image size-full is-resized\"><img loading=\"lazy\" decoding=\"async\" width=\"634\" height=\"575\" src=\"https:\/\/eco-drinkware.com\/wp-content\/uploads\/2025\/09\/cylinder-package.jpg\" alt=\"Zylinderpaket\" class=\"wp-image-3265\" style=\"width:327px;height:auto\" srcset=\"https:\/\/eco-drinkware.com\/wp-content\/uploads\/2025\/09\/cylinder-package.jpg 634w, https:\/\/eco-drinkware.com\/wp-content\/uploads\/2025\/09\/cylinder-package-300x272.jpg 300w, https:\/\/eco-drinkware.com\/wp-content\/uploads\/2025\/09\/cylinder-package-150x136.jpg 150w, https:\/\/eco-drinkware.com\/wp-content\/uploads\/2025\/09\/cylinder-package-13x12.jpg 13w, https:\/\/eco-drinkware.com\/wp-content\/uploads\/2025\/09\/cylinder-package-600x544.jpg 600w\" sizes=\"auto, (max-width: 634px) 100vw, 634px\" \/><figcaption class=\"wp-element-caption\">Kundenspezifisch abgerundetes Zylinderpaket<\/figcaption><\/figure>\n\n\n\n<p>F\u00fcr Bulk Sea Shippig Bestellung, verwenden wir unten Palette Paket, um sicherzustellen, keine Bruch in der \u00dcbertragung.<\/p>\n\n\n\n<figure class=\"wp-block-image size-full is-resized\"><img loading=\"lazy\" decoding=\"async\" width=\"544\" height=\"960\" src=\"https:\/\/eco-drinkware.com\/wp-content\/uploads\/2025\/09\/pallet-package.jpg\" alt=\"Palettenpaket\" class=\"wp-image-3266\" style=\"width:283px;height:auto\" srcset=\"https:\/\/eco-drinkware.com\/wp-content\/uploads\/2025\/09\/pallet-package.jpg 544w, https:\/\/eco-drinkware.com\/wp-content\/uploads\/2025\/09\/pallet-package-170x300.jpg 170w, https:\/\/eco-drinkware.com\/wp-content\/uploads\/2025\/09\/pallet-package-85x150.jpg 85w, https:\/\/eco-drinkware.com\/wp-content\/uploads\/2025\/09\/pallet-package-7x12.jpg 7w\" sizes=\"auto, (max-width: 544px) 100vw, 544px\" \/><\/figure>","protected":false},"excerpt":{"rendered":"<h3 data-start=\"109\" data-end=\"134\">Kundenspezifische FDA &amp; LFGB zertifizierte Glaswasserflasche mit Filter<\/h3>\n<ul data-start=\"136\" data-end=\"979\">\n<li data-start=\"136\" data-end=\"338\">\n<p data-start=\"138\" data-end=\"338\"><strong data-start=\"138\" data-end=\"171\">Anpassbare Branding-Optionen<\/strong> - Der Glask\u00f6rper, der Bambusdeckel und die Verpackung k\u00f6nnen mit Ihrem Logo personalisiert werden und sind somit ideal f\u00fcr <strong data-start=\"276\" data-end=\"335\">Gro\u00dfhandel, Firmengeschenke und Werbeartikel<\/strong>.<\/p>\n<\/li>\n<li data-start=\"339\" data-end=\"518\">\n<p data-start=\"341\" data-end=\"518\"><strong data-start=\"341\" data-end=\"371\">Langlebige Glaskonstruktion<\/strong> - Diese Flasche aus hochwertigem Borosilikatglas ist umweltfreundlich, BPA-frei und ges\u00fcnder f\u00fcr die t\u00e4gliche Fl\u00fcssigkeitszufuhr als Alternativen aus Kunststoff.<\/p>\n<\/li>\n<li data-start=\"519\" data-end=\"662\">\n<p data-start=\"521\" data-end=\"662\"><strong data-start=\"521\" data-end=\"548\">Umweltfreundlicher Bamboo-Deckel<\/strong> - Mit einem Deckel aus nat\u00fcrlichem Bambus, der ein elegantes Aussehen verleiht und gleichzeitig die <strong data-start=\"625\" data-end=\"659\">nachhaltige Unternehmensl\u00f6sungen<\/strong>.<\/p>\n<\/li>\n<li data-start=\"663\" data-end=\"810\">\n<p data-start=\"665\" data-end=\"810\"><strong data-start=\"665\" data-end=\"690\">Hitzebest\u00e4ndiges Design<\/strong> - Der isolierte Glask\u00f6rper verhindert Verbr\u00fchungen und ist somit sicher f\u00fcr hei\u00dfen Tee, Fr\u00fcchtetee und frisch gebr\u00fchten Kaffee.<\/p>\n<\/li>\n<li data-start=\"663\" data-end=\"810\"><strong data-start=\"813\" data-end=\"839\">Kleines MOQ<\/strong>\u00a0-Kleiner Auftrag unterst\u00fctzt, okay zu strar von 50-100 St\u00fcck.<\/li>\n<li data-start=\"663\" data-end=\"810\"><strong data-start=\"813\" data-end=\"839\">Weltweiter Versand<\/strong> -Wir unterst\u00fctzen den Versand in die ganze Welt. Besonders DDP Versand in viele Hauptl\u00e4nder.<\/li>\n<li data-start=\"811\" data-end=\"979\">\n<p data-start=\"813\" data-end=\"979\"><strong data-start=\"813\" data-end=\"839\">Perfekt f\u00fcr B2B-Eink\u00e4ufer<\/strong> - Geeignet f\u00fcr <strong data-start=\"855\" data-end=\"919\">Gro\u00dfauftr\u00e4ge, Einzelh\u00e4ndler und Eigenmarkenprojekte<\/strong>und bietet sowohl Funktionalit\u00e4t als auch eine starke Markensichtbarkeit.<\/p>\n<\/li>\n<\/ul>","protected":false},"featured_media":419,"template":"","meta":{"_acf_changed":false,"_seopress_robots_primary_cat":"none","_seopress_titles_title":"FDA & LFGB Certified Glass Infuser Water Bottle with bamboo lid","_seopress_titles_desc":"Support custom logo and package,food safe material, fast delivery time, competitive price. Small strart order is welcome. Whatsapp:0086 13567428830","_seopress_robots_index":"","_uag_custom_page_level_css":""},"product_brand":[],"product_cat":[36,42,25,22,54],"product_tag":[148,149,146,150,147],"class_list":{"0":"post-346","1":"product","2":"type-product","3":"status-publish","4":"has-post-thumbnail","6":"product_cat-double-wall-gass-bottle","7":"product_cat-glass-tumbler","8":"product_cat-glass-tumbler-mugs","9":"product_cat-glass-water-bottle","10":"product_cat-tea-bottle-coffee-tumblers","11":"product_tag-bulk-glass-water-bottles","12":"product_tag-glass-infuser-water-bottle","13":"product_tag-glass-water-bottle-with-filter","14":"product_tag-personalised-glass-bottle","15":"product_tag-water-glass-bottle","17":"first","18":"instock","19":"shipping-taxable","20":"product-type-simple"},"acf":[],"uagb_featured_image_src":{"full":["https:\/\/eco-drinkware.com\/wp-content\/uploads\/14_0.webp",1000,1000,false],"thumbnail":["https:\/\/eco-drinkware.com\/wp-content\/uploads\/14_0-150x150.webp",150,150,true],"medium":["https:\/\/eco-drinkware.com\/wp-content\/uploads\/14_0-300x300.webp",300,300,true],"medium_large":["https:\/\/eco-drinkware.com\/wp-content\/uploads\/14_0-768x768.webp",768,768,true],"large":["https:\/\/eco-drinkware.com\/wp-content\/uploads\/14_0.webp",1000,1000,false],"1536x1536":["https:\/\/eco-drinkware.com\/wp-content\/uploads\/14_0.webp",1000,1000,false],"2048x2048":["https:\/\/eco-drinkware.com\/wp-content\/uploads\/14_0.webp",1000,1000,false],"trp-custom-language-flag":["https:\/\/eco-drinkware.com\/wp-content\/uploads\/14_0.webp",12,12,false],"woocommerce_thumbnail":["https:\/\/eco-drinkware.com\/wp-content\/uploads\/14_0-300x300.webp",300,300,true],"woocommerce_single":["https:\/\/eco-drinkware.com\/wp-content\/uploads\/14_0-600x600.webp",600,600,true],"woocommerce_gallery_thumbnail":["https:\/\/eco-drinkware.com\/wp-content\/uploads\/14_0-100x100.webp",100,100,true]},"uagb_author_info":{"display_name":"Amy","author_link":"https:\/\/eco-drinkware.com\/de\/author\/"},"uagb_comment_info":0,"uagb_excerpt":"Customized FDA &amp; LFGB Certified Glass glass water bottle with filter Customizable Branding Options \u2013 The glass body, bamboo lid, and packaging can all be personalized with your logo, making it ideal for wholesale, corporate gifts, and promotional merchandise. Durable Glass Construction \u2013 Made of premium borosilicate glass, this bottle is eco-friendly, BPA-free, and healthier&hellip;","_links":{"self":[{"href":"https:\/\/eco-drinkware.com\/de\/wp-json\/wp\/v2\/product\/346","targetHints":{"allow":["GET"]}}],"collection":[{"href":"https:\/\/eco-drinkware.com\/de\/wp-json\/wp\/v2\/product"}],"about":[{"href":"https:\/\/eco-drinkware.com\/de\/wp-json\/wp\/v2\/types\/product"}],"wp:featuredmedia":[{"embeddable":true,"href":"https:\/\/eco-drinkware.com\/de\/wp-json\/wp\/v2\/media\/419"}],"wp:attachment":[{"href":"https:\/\/eco-drinkware.com\/de\/wp-json\/wp\/v2\/media?parent=346"}],"wp:term":[{"taxonomy":"product_brand","embeddable":true,"href":"https:\/\/eco-drinkware.com\/de\/wp-json\/wp\/v2\/product_brand?post=346"},{"taxonomy":"product_cat","embeddable":true,"href":"https:\/\/eco-drinkware.com\/de\/wp-json\/wp\/v2\/product_cat?post=346"},{"taxonomy":"product_tag","embeddable":true,"href":"https:\/\/eco-drinkware.com\/de\/wp-json\/wp\/v2\/product_tag?post=346"}],"curies":[{"name":"wp","href":"https:\/\/api.w.org\/{rel}","templated":true}]}}