{"id":352,"date":"2022-11-03T08:57:46","date_gmt":"2022-11-03T08:57:46","guid":{"rendered":"https:\/\/eco-drinkware.com\/?post_type=product&#038;p=352"},"modified":"2022-11-03T14:10:41","modified_gmt":"2022-11-03T14:10:41","slug":"92-bunte-markenlogo-sportgetrank-doppelwandige-edelstahl-wasserflasche-mit-deckel-92","status":"publish","type":"product","link":"https:\/\/eco-drinkware.com\/de\/product\/92-bunte-markenlogo-sportgetrank-doppelwandige-edelstahl-wasserflasche-mit-deckel-92\/","title":{"rendered":"Klean canteen Doppelwandige Edelstahl-Wasserflasche Vakuumflaschen"},"content":{"rendered":"<p><strong>1. Kein Plastik<\/strong><\/p>\n\n\n\n<p>Mit Natur Bambus Deckel, Bambus Haut ist klar, Laser-Logo kann auf dem Bambus getan werden<br>Unsere doppelwandige Edelstahl-Wasserflasche Vakuumflasche ist innen aus Edelstahl 304, au\u00dfen aus Edelstahl 201.<\/p>\n\n\n\n<p><strong>2. Umweltfreundlich<\/strong><\/p>\n\n\n\n<p>Das Konzept f\u00fcr diese Thermoskanne f\u00fcr kaltes und hei\u00dfes Wasser ist recycelbar und nachhaltig, keine Plastikflasche in unserem t\u00e4glichen Leben, besser f\u00fcr unsere Gesundheit und Umwelt.<\/p>\n\n\n\n<p><strong>3. Hei\u00dfer Verkauf<\/strong><\/p>\n\n\n\n<p>Diese doppelwandige Edelstahl-Wasserflasche wird auf dem EU-Markt und dem nordamerikanischen Markt immer beliebter. Es ist ein Trend, weil mehr Menschen Plastikflaschen ablehnen und unsere Erde sch\u00fctzen wollen.<\/p>\n\n\n\n<p><strong>4. Gr\u00f6\u00dfen: 350ml, 500ml, 600ml, 750ml, 1000ml&nbsp;<\/strong><\/p>\n\n\n\n<figure class=\"wp-block-table\"><table><tbody><tr><td>Name<\/td><td>Thermosflasche f\u00fcr kaltes und hei\u00dfes Wasser Direct Drink Flask<\/td><\/tr><tr><td>Material<\/td><td>Edelstahl 304 innen, Edelstahl 201 au\u00dfen, Bambus natur<\/td><\/tr><tr><td>Kapazit\u00e4t<\/td><td>350ml, 500ml, 600ml, 750ml, 1000ml<\/td><\/tr><tr><td>Logo<\/td><td>Kundenspezifisches Logo ist willkommen<\/td><\/tr><tr><td>Zahlungsbedingungen<\/td><td>T\/T, Paypal, West Union<\/td><\/tr><tr><td>Probezeit<\/td><td>5-7 Tage<\/td><\/tr><\/tbody><\/table><\/figure>\n\n\n\n<figure class=\"wp-block-image size-full is-resized\"><img loading=\"lazy\" decoding=\"async\" src=\"https:\/\/eco-drinkware.com\/wp-content\/uploads\/2020-07-30-16-36-033.webp\" alt=\"\" class=\"wp-image-439\" width=\"750\" height=\"750\" srcset=\"https:\/\/eco-drinkware.com\/wp-content\/uploads\/2020-07-30-16-36-033.webp 800w, https:\/\/eco-drinkware.com\/wp-content\/uploads\/2020-07-30-16-36-033-300x300.webp 300w, https:\/\/eco-drinkware.com\/wp-content\/uploads\/2020-07-30-16-36-033-150x150.webp 150w, https:\/\/eco-drinkware.com\/wp-content\/uploads\/2020-07-30-16-36-033-768x768.webp 768w, https:\/\/eco-drinkware.com\/wp-content\/uploads\/2020-07-30-16-36-033-600x600.webp 600w, https:\/\/eco-drinkware.com\/wp-content\/uploads\/2020-07-30-16-36-033-100x100.webp 100w\" sizes=\"auto, (max-width: 750px) 100vw, 750px\" \/><\/figure>\n\n\n\n<figure class=\"wp-block-image size-full is-resized\"><img loading=\"lazy\" decoding=\"async\" src=\"https:\/\/eco-drinkware.com\/wp-content\/uploads\/92_1.webp\" alt=\"\" class=\"wp-image-436\" width=\"750\" height=\"750\" srcset=\"https:\/\/eco-drinkware.com\/wp-content\/uploads\/92_1.webp 1000w, https:\/\/eco-drinkware.com\/wp-content\/uploads\/92_1-300x300.webp 300w, https:\/\/eco-drinkware.com\/wp-content\/uploads\/92_1-150x150.webp 150w, https:\/\/eco-drinkware.com\/wp-content\/uploads\/92_1-768x768.webp 768w, https:\/\/eco-drinkware.com\/wp-content\/uploads\/92_1-600x600.webp 600w, https:\/\/eco-drinkware.com\/wp-content\/uploads\/92_1-100x100.webp 100w\" sizes=\"auto, (max-width: 750px) 100vw, 750px\" \/><\/figure>","protected":false},"excerpt":{"rendered":"<p>Mehrere Deckel Optionen, Bambus Deckel ist am beliebtesten 2. Benutzerdefinierte Logo und Malerei benutzerdefinierte Farben sind willkommen 3. Gr\u00f6\u00dfen: 350ml, 500ml, 600ml, 750ml, 1000ml<\/p>","protected":false},"featured_media":434,"template":"","meta":{"_acf_changed":false,"_seopress_robots_primary_cat":"","_seopress_titles_title":"","_seopress_titles_desc":"","_seopress_robots_index":"","_uag_custom_page_level_css":""},"product_brand":[],"product_cat":[15],"product_tag":[],"class_list":{"0":"post-352","1":"product","2":"type-product","3":"status-publish","4":"has-post-thumbnail","6":"product_cat-drinkware-accessories","8":"first","9":"instock","10":"shipping-taxable","11":"product-type-simple"},"acf":[],"uagb_featured_image_src":{"full":["https:\/\/eco-drinkware.com\/wp-content\/uploads\/92_0.webp",1000,1000,false],"thumbnail":["https:\/\/eco-drinkware.com\/wp-content\/uploads\/92_0-150x150.webp",150,150,true],"medium":["https:\/\/eco-drinkware.com\/wp-content\/uploads\/92_0-300x300.webp",300,300,true],"medium_large":["https:\/\/eco-drinkware.com\/wp-content\/uploads\/92_0-768x768.webp",768,768,true],"large":["https:\/\/eco-drinkware.com\/wp-content\/uploads\/92_0.webp",1000,1000,false],"1536x1536":["https:\/\/eco-drinkware.com\/wp-content\/uploads\/92_0.webp",1000,1000,false],"2048x2048":["https:\/\/eco-drinkware.com\/wp-content\/uploads\/92_0.webp",1000,1000,false],"trp-custom-language-flag":["https:\/\/eco-drinkware.com\/wp-content\/uploads\/92_0.webp",12,12,false],"woocommerce_thumbnail":["https:\/\/eco-drinkware.com\/wp-content\/uploads\/92_0-300x300.webp",300,300,true],"woocommerce_single":["https:\/\/eco-drinkware.com\/wp-content\/uploads\/92_0-600x600.webp",600,600,true],"woocommerce_gallery_thumbnail":["https:\/\/eco-drinkware.com\/wp-content\/uploads\/92_0-100x100.webp",100,100,true]},"uagb_author_info":{"display_name":"Amy","author_link":"https:\/\/eco-drinkware.com\/de\/author\/"},"uagb_comment_info":0,"uagb_excerpt":"Multiple lids options, bamboo lid is most popular 2. Custom logo and painting custom colors are welcome 3. Sizes: 350ml, 500ml, 600ml, 750ml, 1000ml","_links":{"self":[{"href":"https:\/\/eco-drinkware.com\/de\/wp-json\/wp\/v2\/product\/352","targetHints":{"allow":["GET"]}}],"collection":[{"href":"https:\/\/eco-drinkware.com\/de\/wp-json\/wp\/v2\/product"}],"about":[{"href":"https:\/\/eco-drinkware.com\/de\/wp-json\/wp\/v2\/types\/product"}],"wp:featuredmedia":[{"embeddable":true,"href":"https:\/\/eco-drinkware.com\/de\/wp-json\/wp\/v2\/media\/434"}],"wp:attachment":[{"href":"https:\/\/eco-drinkware.com\/de\/wp-json\/wp\/v2\/media?parent=352"}],"wp:term":[{"taxonomy":"product_brand","embeddable":true,"href":"https:\/\/eco-drinkware.com\/de\/wp-json\/wp\/v2\/product_brand?post=352"},{"taxonomy":"product_cat","embeddable":true,"href":"https:\/\/eco-drinkware.com\/de\/wp-json\/wp\/v2\/product_cat?post=352"},{"taxonomy":"product_tag","embeddable":true,"href":"https:\/\/eco-drinkware.com\/de\/wp-json\/wp\/v2\/product_tag?post=352"}],"curies":[{"name":"wp","href":"https:\/\/api.w.org\/{rel}","templated":true}]}}