{"id":354,"date":"2022-11-03T08:58:50","date_gmt":"2022-11-03T08:58:50","guid":{"rendered":"https:\/\/eco-drinkware.com\/?post_type=product&#038;p=354"},"modified":"2022-11-03T14:15:27","modified_gmt":"2022-11-03T14:15:27","slug":"134-tee-ei-aus-glas-mit-korkverschluss-134","status":"publish","type":"product","link":"https:\/\/eco-drinkware.com\/de\/product\/134-tee-ei-aus-glas-mit-korkverschluss-134\/","title":{"rendered":"Umweltfreundliche neuesten Design Tube Form Borosilikatglas Tee Infuser SiebKork Stopfen"},"content":{"rendered":"<p><strong>Hoch Borosilikatglas:<\/strong>Dieser Glasinfusor ist aus hochwertigem Borosilikatglas hergestellt, einem speziellen Glasmaterial mit geringer Ausdehnung. Kaltes und hei\u00dfes Wasser sind beide ok, sicher, langlebig und umweltfreundlich.<br><br><strong>Gute Filtrierbarkeit:<\/strong>Jedes Tee-Ei hat 8 L\u00f6cher zum Auslaufen von Wasser. Die \u00d6ffnung des Glaseisens kann alle Arten von Teebl\u00e4ttern filtern und verhindert das Austreten von Teer\u00fcckst\u00e4nden, Partikeln oder Ablagerungen.<br><strong>Korkstopfen:<\/strong>Der Korken wird verwendet, um den Tee im Tee-Ei zu versiegeln, so dass die Teebl\u00e4tter vollst\u00e4ndig einziehen k\u00f6nnen. Bewahren Sie das Aroma des Tees in maximalem Umfang und machen den Tee Geschmack besser.<br><br><strong>Leichte Reinigung:<\/strong>Das Tee-Ei ist leicht zu reinigen, und die Bl\u00e4tter k\u00f6nnen nicht entweichen oder in den L\u00f6chern stecken bleiben. F\u00fcllen Sie einfach den Boden mit Wasser, drehen Sie ihn auf den Kopf, gie\u00dfen Sie die Bl\u00e4tter aus und sp\u00fclen Sie weiter.<br><br>Einfaches Bedrucken des Glases mit dem eigenen Logo und des Korkens mit dem Laser-Logo.<br>Benutzerdefinierte gedruckte Box-Paket ist auch praktikabel f\u00fcr dieses Glas Infuser Sieb mit Kork Deckel, nur mit uns teilen Sie Ihre Idee. .<br>Wir werden Sie mit dem tats\u00e4chlichen Produkt zur\u00fcck. .<br><br>Bitte beachten Sie, dass Eco Drinkware mit DDP-Service in viele L\u00e4nder. Es bedeutet, dass die Lieferung an Ihre T\u00fcr und Steuern enthalten. Sie werden auf diese Weise viel Geld sparen.<br>Kontaktieren Sie uns, um Geld zu sparen.<\/p>\n\n\n\n<figure class=\"wp-block-image size-full is-resized\"><img loading=\"lazy\" decoding=\"async\" src=\"https:\/\/eco-drinkware.com\/wp-content\/uploads\/134_0.webp\" alt=\"\" class=\"wp-image-443\" width=\"563\" height=\"563\" srcset=\"https:\/\/eco-drinkware.com\/wp-content\/uploads\/134_0.webp 750w, https:\/\/eco-drinkware.com\/wp-content\/uploads\/134_0-300x300.webp 300w, https:\/\/eco-drinkware.com\/wp-content\/uploads\/134_0-150x150.webp 150w, https:\/\/eco-drinkware.com\/wp-content\/uploads\/134_0-600x600.webp 600w, https:\/\/eco-drinkware.com\/wp-content\/uploads\/134_0-100x100.webp 100w\" sizes=\"auto, (max-width: 563px) 100vw, 563px\" \/><\/figure>\n\n\n\n<p>Glasinfusor mit Korkdeckel Gr\u00f6\u00dfe: Durchmesser 2,5 cm, H\u00f6he 15 cm<\/p>\n\n\n\n<figure class=\"wp-block-image size-full is-resized\"><img loading=\"lazy\" decoding=\"async\" src=\"https:\/\/eco-drinkware.com\/wp-content\/uploads\/2021-12-24-16-44-138.webp\" alt=\"\" class=\"wp-image-441\" width=\"563\" height=\"563\" srcset=\"https:\/\/eco-drinkware.com\/wp-content\/uploads\/2021-12-24-16-44-138.webp 750w, https:\/\/eco-drinkware.com\/wp-content\/uploads\/2021-12-24-16-44-138-300x300.webp 300w, https:\/\/eco-drinkware.com\/wp-content\/uploads\/2021-12-24-16-44-138-150x150.webp 150w, https:\/\/eco-drinkware.com\/wp-content\/uploads\/2021-12-24-16-44-138-600x600.webp 600w, https:\/\/eco-drinkware.com\/wp-content\/uploads\/2021-12-24-16-44-138-100x100.webp 100w\" sizes=\"auto, (max-width: 563px) 100vw, 563px\" \/><\/figure>\n\n\n\n<p>Gut f\u00fcr die Teezubereitung im t\u00e4glichen Leben. .<\/p>\n\n\n\n<figure class=\"wp-block-image size-full is-resized\"><img loading=\"lazy\" decoding=\"async\" src=\"https:\/\/eco-drinkware.com\/wp-content\/uploads\/2021-12-24-16-44-558.webp\" alt=\"\" class=\"wp-image-442\" width=\"563\" height=\"440\" srcset=\"https:\/\/eco-drinkware.com\/wp-content\/uploads\/2021-12-24-16-44-558.webp 750w, https:\/\/eco-drinkware.com\/wp-content\/uploads\/2021-12-24-16-44-558-300x234.webp 300w, https:\/\/eco-drinkware.com\/wp-content\/uploads\/2021-12-24-16-44-558-150x117.webp 150w, https:\/\/eco-drinkware.com\/wp-content\/uploads\/2021-12-24-16-44-558-600x469.webp 600w\" sizes=\"auto, (max-width: 563px) 100vw, 563px\" \/><\/figure>\n\n\n\n<p>Leicht zu tun benutzerdefinierte Logo auf Glas, Kork und Box-Paket. Willkommen, Ihr Design zu teilen.<\/p>","protected":false},"excerpt":{"rendered":"<p>Dieser Tee-Ei mit Lager von hohen Borosilikatglas, 8 L\u00f6cher zu lecken, leicht zu reinigen. Einfach zu tun benutzerdefinierte Logo auf Glas, Kork und Paket. Perfekt f\u00fcr Tee trinken.<\/p>","protected":false},"featured_media":443,"template":"","meta":{"_acf_changed":false,"_seopress_robots_primary_cat":"","_seopress_titles_title":"","_seopress_titles_desc":"","_seopress_robots_index":"","_uag_custom_page_level_css":""},"product_brand":[],"product_cat":[15],"product_tag":[],"class_list":{"0":"post-354","1":"product","2":"type-product","3":"status-publish","4":"has-post-thumbnail","6":"product_cat-drinkware-accessories","8":"first","9":"instock","10":"shipping-taxable","11":"product-type-simple"},"acf":[],"uagb_featured_image_src":{"full":["https:\/\/eco-drinkware.com\/wp-content\/uploads\/134_0.webp",750,750,false],"thumbnail":["https:\/\/eco-drinkware.com\/wp-content\/uploads\/134_0-150x150.webp",150,150,true],"medium":["https:\/\/eco-drinkware.com\/wp-content\/uploads\/134_0-300x300.webp",300,300,true],"medium_large":["https:\/\/eco-drinkware.com\/wp-content\/uploads\/134_0.webp",750,750,false],"large":["https:\/\/eco-drinkware.com\/wp-content\/uploads\/134_0.webp",750,750,false],"1536x1536":["https:\/\/eco-drinkware.com\/wp-content\/uploads\/134_0.webp",750,750,false],"2048x2048":["https:\/\/eco-drinkware.com\/wp-content\/uploads\/134_0.webp",750,750,false],"trp-custom-language-flag":["https:\/\/eco-drinkware.com\/wp-content\/uploads\/134_0.webp",12,12,false],"woocommerce_thumbnail":["https:\/\/eco-drinkware.com\/wp-content\/uploads\/134_0-300x300.webp",300,300,true],"woocommerce_single":["https:\/\/eco-drinkware.com\/wp-content\/uploads\/134_0-600x600.webp",600,600,true],"woocommerce_gallery_thumbnail":["https:\/\/eco-drinkware.com\/wp-content\/uploads\/134_0-100x100.webp",100,100,true]},"uagb_author_info":{"display_name":"Amy","author_link":"https:\/\/eco-drinkware.com\/de\/author\/"},"uagb_comment_info":0,"uagb_excerpt":"This tea infuser with stock made of high borosilicate glass, 8 holes to leak, easy to clean. Easy to do custom logo on glass , cork and package . Perfect for tea drinking.","_links":{"self":[{"href":"https:\/\/eco-drinkware.com\/de\/wp-json\/wp\/v2\/product\/354","targetHints":{"allow":["GET"]}}],"collection":[{"href":"https:\/\/eco-drinkware.com\/de\/wp-json\/wp\/v2\/product"}],"about":[{"href":"https:\/\/eco-drinkware.com\/de\/wp-json\/wp\/v2\/types\/product"}],"wp:featuredmedia":[{"embeddable":true,"href":"https:\/\/eco-drinkware.com\/de\/wp-json\/wp\/v2\/media\/443"}],"wp:attachment":[{"href":"https:\/\/eco-drinkware.com\/de\/wp-json\/wp\/v2\/media?parent=354"}],"wp:term":[{"taxonomy":"product_brand","embeddable":true,"href":"https:\/\/eco-drinkware.com\/de\/wp-json\/wp\/v2\/product_brand?post=354"},{"taxonomy":"product_cat","embeddable":true,"href":"https:\/\/eco-drinkware.com\/de\/wp-json\/wp\/v2\/product_cat?post=354"},{"taxonomy":"product_tag","embeddable":true,"href":"https:\/\/eco-drinkware.com\/de\/wp-json\/wp\/v2\/product_tag?post=354"}],"curies":[{"name":"wp","href":"https:\/\/api.w.org\/{rel}","templated":true}]}}