{"id":360,"date":"2022-11-03T09:06:02","date_gmt":"2022-11-03T09:06:02","guid":{"rendered":"https:\/\/eco-drinkware.com\/?post_type=product&#038;p=360"},"modified":"2022-11-03T14:45:46","modified_gmt":"2022-11-03T14:45:46","slug":"128-doppelwandige-edelstahl-thermoskanne-in-lagerfarbe-128","status":"publish","type":"product","link":"https:\/\/eco-drinkware.com\/de\/product\/128-doppelwandige-edelstahl-thermoskanne-in-lagerfarbe-128\/","title":{"rendered":"Klean kanteen Stock Color pulverbeschichtet Double Wall Edelstahl Thermosflasche mit Bambusdeckel"},"content":{"rendered":"<p><strong>Lagerfarbe:<\/strong>Es gibt 10 h\u00fcbsche Farben f\u00fcr diese doppelwandige Edelstahl-Thermoskanne, die Sie mit Ihrem Logo versehen k\u00f6nnen.<\/p>\n\n\n\n<p><strong>Verf\u00fcgbare Gr\u00f6\u00dfen:<\/strong>350ml, 500ml, 600ml, 750ml<\/p>\n\n\n\n<p><strong>Isolierte Sport-Wasserflasche:<\/strong>Diese doppelwandige Thermosflasche h\u00e4lt Fl\u00fcssigkeiten 12 Stunden lang hei\u00df und 14 Stunden lang kalt. Sie eignet sich f\u00fcr Sport, Schwimmen, Camping, Klettern und andere Aktivit\u00e4ten.<\/p>\n\n\n\n<p><strong>Verschiedene Deckel:<\/strong>Diese Edelstahl-Thermoskanne kann mit Bambus-Stahldeckel, Ausgie\u00dferdeckel, Flip-Deckel......<\/p>\n\n\n\n<p>Logo-Option: Laser, Seidendruck, W\u00e4rme\u00fcbertragung, 3D-Druck, Wasser\u00fcbertragung, Gas\u00fcbertragung<br>Verpackungsoption: wei\u00dfe Schachtel, individuell bedruckte Schachtel, runder Zylinder, Geschenkbox<br>Willkommen bei kundenspezifischen Pantone-Farben und kundenspezifischen Verpackungen\u00a0<\/p>\n\n\n\n<p>Lagerfarbe f\u00fcr die klean canteen Thermoskanne mit Bambusdeckel<\/p>\n\n\n\n<figure class=\"wp-block-image size-full is-resized\"><img loading=\"lazy\" decoding=\"async\" src=\"https:\/\/eco-drinkware.com\/wp-content\/uploads\/131_2.webp\" alt=\"\" class=\"wp-image-462\" width=\"629\" height=\"629\" srcset=\"https:\/\/eco-drinkware.com\/wp-content\/uploads\/131_2.webp 839w, https:\/\/eco-drinkware.com\/wp-content\/uploads\/131_2-300x300.webp 300w, https:\/\/eco-drinkware.com\/wp-content\/uploads\/131_2-150x150.webp 150w, https:\/\/eco-drinkware.com\/wp-content\/uploads\/131_2-768x768.webp 768w, https:\/\/eco-drinkware.com\/wp-content\/uploads\/131_2-600x600.webp 600w, https:\/\/eco-drinkware.com\/wp-content\/uploads\/131_2-100x100.webp 100w\" sizes=\"auto, (max-width: 629px) 100vw, 629px\" \/><\/figure>\n\n\n\n<p>Verschiedene Gr\u00f6\u00dfen f\u00fcr Klean-Kanister Thermoskanne mit Bambusdeckel<\/p>\n\n\n\n<figure class=\"wp-block-image size-full\"><img loading=\"lazy\" decoding=\"async\" width=\"1000\" height=\"1000\" src=\"https:\/\/eco-drinkware.com\/wp-content\/uploads\/2022-04-27-15-23-064.webp\" alt=\"\" class=\"wp-image-478\" srcset=\"https:\/\/eco-drinkware.com\/wp-content\/uploads\/2022-04-27-15-23-064.webp 1000w, https:\/\/eco-drinkware.com\/wp-content\/uploads\/2022-04-27-15-23-064-300x300.webp 300w, https:\/\/eco-drinkware.com\/wp-content\/uploads\/2022-04-27-15-23-064-150x150.webp 150w, https:\/\/eco-drinkware.com\/wp-content\/uploads\/2022-04-27-15-23-064-768x768.webp 768w, https:\/\/eco-drinkware.com\/wp-content\/uploads\/2022-04-27-15-23-064-600x600.webp 600w, https:\/\/eco-drinkware.com\/wp-content\/uploads\/2022-04-27-15-23-064-100x100.webp 100w\" sizes=\"auto, (max-width: 1000px) 100vw, 1000px\" \/><\/figure>\n\n\n\n<p>Unterschiedliche Gr\u00f6\u00dfe und verschiedene Deckel Bilder f\u00fcr Ihre Referenz<\/p>\n\n\n\n<figure class=\"wp-block-image size-full\"><img loading=\"lazy\" decoding=\"async\" width=\"1000\" height=\"1000\" src=\"https:\/\/eco-drinkware.com\/wp-content\/uploads\/2021-12-10-16-24-052.webp\" alt=\"\" class=\"wp-image-460\" srcset=\"https:\/\/eco-drinkware.com\/wp-content\/uploads\/2021-12-10-16-24-052.webp 1000w, https:\/\/eco-drinkware.com\/wp-content\/uploads\/2021-12-10-16-24-052-300x300.webp 300w, https:\/\/eco-drinkware.com\/wp-content\/uploads\/2021-12-10-16-24-052-150x150.webp 150w, https:\/\/eco-drinkware.com\/wp-content\/uploads\/2021-12-10-16-24-052-768x768.webp 768w, https:\/\/eco-drinkware.com\/wp-content\/uploads\/2021-12-10-16-24-052-600x600.webp 600w, https:\/\/eco-drinkware.com\/wp-content\/uploads\/2021-12-10-16-24-052-100x100.webp 100w\" sizes=\"auto, (max-width: 1000px) 100vw, 1000px\" \/><\/figure>\n\n\n\n<p>Diese Flasche wurde entwickelt, um die beste Wasserflasche, Eiskaffeebecher, Sportflasche und isolierten Becher zu schaffen. Der Stahldeckel und der Bambusdeckel sind v\u00f6llig plastikfrei. Es ist beliebt und Trend jetzt. Vertrauen Sie auch wollen, um Kunststoff in unserem t\u00e4glichen Leben zu reduzieren.<\/p>\n\n\n\n<p>Wo und wie verwenden wir die Flasche?\u00a0<\/p>\n\n\n\n<figure class=\"wp-block-image size-full\"><img loading=\"lazy\" decoding=\"async\" width=\"750\" height=\"780\" src=\"https:\/\/eco-drinkware.com\/wp-content\/uploads\/2022-04-27-15-28-394.webp\" alt=\"\" class=\"wp-image-477\" srcset=\"https:\/\/eco-drinkware.com\/wp-content\/uploads\/2022-04-27-15-28-394.webp 750w, https:\/\/eco-drinkware.com\/wp-content\/uploads\/2022-04-27-15-28-394-288x300.webp 288w, https:\/\/eco-drinkware.com\/wp-content\/uploads\/2022-04-27-15-28-394-144x150.webp 144w, https:\/\/eco-drinkware.com\/wp-content\/uploads\/2022-04-27-15-28-394-600x624.webp 600w\" sizes=\"auto, (max-width: 750px) 100vw, 750px\" \/><\/figure>\n\n\n\n<p>Gehen Sie mit dem Trend, gehen Sie mit unserer Edelstahl-Wasserflasche mit plastikfreiem Bambus-Deckel. Unsere Palette wird Ihnen \"Danke\" sagen. Willkommen bei uns f\u00fcr mehr Flasche Element und Details zu kontaktieren.<\/p>","protected":false},"excerpt":{"rendered":"<p>Verf\u00fcgbare Gr\u00f6\u00dfen: 350ml, 500ml, 600ml, 750ml. 10 sch\u00f6n aussehende Lagerfarben, leicht zu tun benutzerdefinierte Logo. Benutzerdefinierte Logo und Farbe willkommen.<\/p>","protected":false},"featured_media":462,"template":"","meta":{"_acf_changed":false,"_seopress_robots_primary_cat":"none","_seopress_titles_title":"","_seopress_titles_desc":"","_seopress_robots_index":"","_uag_custom_page_level_css":""},"product_brand":[],"product_cat":[15],"product_tag":[],"class_list":{"0":"post-360","1":"product","2":"type-product","3":"status-publish","4":"has-post-thumbnail","6":"product_cat-drinkware-accessories","8":"first","9":"instock","10":"shipping-taxable","11":"product-type-simple"},"acf":[],"uagb_featured_image_src":{"full":["https:\/\/eco-drinkware.com\/wp-content\/uploads\/131_2.webp",839,839,false],"thumbnail":["https:\/\/eco-drinkware.com\/wp-content\/uploads\/131_2-150x150.webp",150,150,true],"medium":["https:\/\/eco-drinkware.com\/wp-content\/uploads\/131_2-300x300.webp",300,300,true],"medium_large":["https:\/\/eco-drinkware.com\/wp-content\/uploads\/131_2-768x768.webp",768,768,true],"large":["https:\/\/eco-drinkware.com\/wp-content\/uploads\/131_2.webp",839,839,false],"1536x1536":["https:\/\/eco-drinkware.com\/wp-content\/uploads\/131_2.webp",839,839,false],"2048x2048":["https:\/\/eco-drinkware.com\/wp-content\/uploads\/131_2.webp",839,839,false],"trp-custom-language-flag":["https:\/\/eco-drinkware.com\/wp-content\/uploads\/131_2.webp",12,12,false],"woocommerce_thumbnail":["https:\/\/eco-drinkware.com\/wp-content\/uploads\/131_2-300x300.webp",300,300,true],"woocommerce_single":["https:\/\/eco-drinkware.com\/wp-content\/uploads\/131_2-600x600.webp",600,600,true],"woocommerce_gallery_thumbnail":["https:\/\/eco-drinkware.com\/wp-content\/uploads\/131_2-100x100.webp",100,100,true]},"uagb_author_info":{"display_name":"Amy","author_link":"https:\/\/eco-drinkware.com\/de\/author\/"},"uagb_comment_info":0,"uagb_excerpt":"Available Sizes: 350ml, 500ml, 600ml, 750ml. 10 nice look stock colors, easy to do custom logo. Custom logo and color welcome.","_links":{"self":[{"href":"https:\/\/eco-drinkware.com\/de\/wp-json\/wp\/v2\/product\/360","targetHints":{"allow":["GET"]}}],"collection":[{"href":"https:\/\/eco-drinkware.com\/de\/wp-json\/wp\/v2\/product"}],"about":[{"href":"https:\/\/eco-drinkware.com\/de\/wp-json\/wp\/v2\/types\/product"}],"wp:featuredmedia":[{"embeddable":true,"href":"https:\/\/eco-drinkware.com\/de\/wp-json\/wp\/v2\/media\/462"}],"wp:attachment":[{"href":"https:\/\/eco-drinkware.com\/de\/wp-json\/wp\/v2\/media?parent=360"}],"wp:term":[{"taxonomy":"product_brand","embeddable":true,"href":"https:\/\/eco-drinkware.com\/de\/wp-json\/wp\/v2\/product_brand?post=360"},{"taxonomy":"product_cat","embeddable":true,"href":"https:\/\/eco-drinkware.com\/de\/wp-json\/wp\/v2\/product_cat?post=360"},{"taxonomy":"product_tag","embeddable":true,"href":"https:\/\/eco-drinkware.com\/de\/wp-json\/wp\/v2\/product_tag?post=360"}],"curies":[{"name":"wp","href":"https:\/\/api.w.org\/{rel}","templated":true}]}}