{"id":371,"date":"2022-11-03T09:17:36","date_gmt":"2022-11-03T01:17:36","guid":{"rendered":"https:\/\/eco-drinkware.com\/?post_type=product&#038;p=371"},"modified":"2022-12-02T17:32:55","modified_gmt":"2022-12-02T09:32:55","slug":"125-550ml-isolierte-edelstahl-bambus-kaffeethermoskanne-mit-griff-125","status":"publish","type":"product","link":"https:\/\/eco-drinkware.com\/de\/product\/125-550ml-isolierte-edelstahl-bambus-kaffeethermoskanne-mit-griff-125\/","title":{"rendered":"GB8062 500ml isoliert Edelstahl isoliert Bambus Wasserflasche BambusThermosflasche mit Handgriff Deckel"},"content":{"rendered":"<p><strong>Isolierte Thermosflasche:<\/strong>Diese Bambus-Thermoskanne aus Edelstahl ist dreifachwandig, vakuumisoliert und h\u00e4lt Fl\u00fcssigkeiten 12-24 Stunden lang hei\u00df und kalt.<br><br><strong>Umweltfreundliches Material in Lebensmittelqualit\u00e4t:<\/strong>Die Innenwand dieser Kaffeethermoskanne ist aus 18\/8 Edelstahl, die Au\u00dfenwand ist aus nat\u00fcrlichem Bambus, Silikon und 18\/8 Edelstahl im Deckel. Handw\u00e4sche ist das Beste. Machen Sie Flasche K\u00f6rper trocken nach dem Waschen.<br><br><strong>5 Lagerfarben:<\/strong>Die isolierte Thermoskanne hat 5 Standardfarben, kundenspezifische Logos und Farben sind willkommen.<br><br><strong>Mit Infusor und Griffdeckel:<\/strong>Die Edelstahl-Thermoskanne enth\u00e4lt einen abnehmbaren Korb Infusor, Silikonring im Deckel macht die Bambus-Thermoskanne wasserdicht, in guter Qualit\u00e4t. Mit Griff Deckel ist einfach, die Thermoskanne aus f\u00fcr Gymnastik, Camping und andere Aktivit\u00e4ten zu nehmen.<br><br>Normale Farben f\u00fcr Ihre Referenz<\/p>\n\n\n\n<figure class=\"wp-block-image size-full\"><img loading=\"lazy\" decoding=\"async\" width=\"550\" height=\"550\" src=\"https:\/\/eco-drinkware.com\/wp-content\/uploads\/2022\/11\/125_0.webp\" alt=\"\" class=\"wp-image-731\" srcset=\"https:\/\/eco-drinkware.com\/wp-content\/uploads\/2022\/11\/125_0.webp 550w, https:\/\/eco-drinkware.com\/wp-content\/uploads\/2022\/11\/125_0-300x300.webp 300w, https:\/\/eco-drinkware.com\/wp-content\/uploads\/2022\/11\/125_0-150x150.webp 150w, https:\/\/eco-drinkware.com\/wp-content\/uploads\/2022\/11\/125_0-100x100.webp 100w\" sizes=\"auto, (max-width: 550px) 100vw, 550px\" \/><\/figure>\n\n\n\n<p>Bambus-Wasserflasche Detailbilder\u00a0<\/p>\n\n\n\n<figure class=\"wp-block-image size-full\"><img loading=\"lazy\" decoding=\"async\" width=\"550\" height=\"550\" src=\"https:\/\/eco-drinkware.com\/wp-content\/uploads\/2022\/11\/2021-09-03-15-34-364.webp\" alt=\"\" class=\"wp-image-729\" srcset=\"https:\/\/eco-drinkware.com\/wp-content\/uploads\/2022\/11\/2021-09-03-15-34-364.webp 550w, https:\/\/eco-drinkware.com\/wp-content\/uploads\/2022\/11\/2021-09-03-15-34-364-300x300.webp 300w, https:\/\/eco-drinkware.com\/wp-content\/uploads\/2022\/11\/2021-09-03-15-34-364-150x150.webp 150w, https:\/\/eco-drinkware.com\/wp-content\/uploads\/2022\/11\/2021-09-03-15-34-364-100x100.webp 100w\" sizes=\"auto, (max-width: 550px) 100vw, 550px\" \/><\/figure>\n\n\n\n<figure class=\"wp-block-image size-full\"><img loading=\"lazy\" decoding=\"async\" width=\"550\" height=\"550\" src=\"https:\/\/eco-drinkware.com\/wp-content\/uploads\/2022\/11\/125_3.webp\" alt=\"\" class=\"wp-image-728\" srcset=\"https:\/\/eco-drinkware.com\/wp-content\/uploads\/2022\/11\/125_3.webp 550w, https:\/\/eco-drinkware.com\/wp-content\/uploads\/2022\/11\/125_3-300x300.webp 300w, https:\/\/eco-drinkware.com\/wp-content\/uploads\/2022\/11\/125_3-150x150.webp 150w, https:\/\/eco-drinkware.com\/wp-content\/uploads\/2022\/11\/125_3-100x100.webp 100w\" sizes=\"auto, (max-width: 550px) 100vw, 550px\" \/><\/figure>\n\n\n\n<p>Verpackungsoption: wei\u00dfe Schachtel, individuell bedruckte Schachtel, runder Zylinder, Geschenkbox<br>Bedingungen: EXW, FOB, CIF, DDU und DDP<\/p>\n\n\n\n<p>Eco Drinkware ist Beruf Bambus Wasserflasche Bambus Thermoskanne Hersteller in China Festland. Mit 20 Jahren Produktionserfahrung. .\u00a0<br>Und wir haben mit ber\u00fchmten Markenkunden in der ganzen Welt zusammengearbeitet.<\/p>\n\n\n\n<figure class=\"wp-block-image size-full\"><img loading=\"lazy\" decoding=\"async\" width=\"1000\" height=\"1000\" src=\"https:\/\/eco-drinkware.com\/wp-content\/uploads\/2022\/11\/2022-04-27-18-28-030.webp\" alt=\"\" class=\"wp-image-730\" srcset=\"https:\/\/eco-drinkware.com\/wp-content\/uploads\/2022\/11\/2022-04-27-18-28-030.webp 1000w, https:\/\/eco-drinkware.com\/wp-content\/uploads\/2022\/11\/2022-04-27-18-28-030-300x300.webp 300w, https:\/\/eco-drinkware.com\/wp-content\/uploads\/2022\/11\/2022-04-27-18-28-030-150x150.webp 150w, https:\/\/eco-drinkware.com\/wp-content\/uploads\/2022\/11\/2022-04-27-18-28-030-768x768.webp 768w, https:\/\/eco-drinkware.com\/wp-content\/uploads\/2022\/11\/2022-04-27-18-28-030-600x600.webp 600w, https:\/\/eco-drinkware.com\/wp-content\/uploads\/2022\/11\/2022-04-27-18-28-030-100x100.webp 100w\" sizes=\"auto, (max-width: 1000px) 100vw, 1000px\" \/><\/figure>\n\n\n\n<figure class=\"wp-block-image size-full\"><img loading=\"lazy\" decoding=\"async\" width=\"1000\" height=\"1000\" src=\"https:\/\/eco-drinkware.com\/wp-content\/uploads\/2022\/11\/125_2.webp\" alt=\"\" class=\"wp-image-733\" srcset=\"https:\/\/eco-drinkware.com\/wp-content\/uploads\/2022\/11\/125_2.webp 1000w, https:\/\/eco-drinkware.com\/wp-content\/uploads\/2022\/11\/125_2-300x300.webp 300w, https:\/\/eco-drinkware.com\/wp-content\/uploads\/2022\/11\/125_2-150x150.webp 150w, https:\/\/eco-drinkware.com\/wp-content\/uploads\/2022\/11\/125_2-768x768.webp 768w, https:\/\/eco-drinkware.com\/wp-content\/uploads\/2022\/11\/125_2-600x600.webp 600w, https:\/\/eco-drinkware.com\/wp-content\/uploads\/2022\/11\/125_2-100x100.webp 100w\" sizes=\"auto, (max-width: 1000px) 100vw, 1000px\" \/><\/figure>\n\n\n\n<p>Bitte beachten Sie Eco Drinkware aus DDP Versand an Ihre T\u00fcr, das hei\u00dft, Lieferung an Ihre T\u00fcr und Steuern enthalten.  Gehen Sie mit Eco Drinkware, der Beruf Wasserflasche Fabrik, werden Sie mehr neue deisgns und Idee zu bekommen. .\u00a0<\/p>\n\n\n\n<figure class=\"wp-block-image size-full\"><img loading=\"lazy\" decoding=\"async\" width=\"1000\" height=\"1000\" src=\"https:\/\/eco-drinkware.com\/wp-content\/uploads\/2022\/11\/125_1.webp\" alt=\"\" class=\"wp-image-732\" srcset=\"https:\/\/eco-drinkware.com\/wp-content\/uploads\/2022\/11\/125_1.webp 1000w, https:\/\/eco-drinkware.com\/wp-content\/uploads\/2022\/11\/125_1-300x300.webp 300w, https:\/\/eco-drinkware.com\/wp-content\/uploads\/2022\/11\/125_1-150x150.webp 150w, https:\/\/eco-drinkware.com\/wp-content\/uploads\/2022\/11\/125_1-768x768.webp 768w, https:\/\/eco-drinkware.com\/wp-content\/uploads\/2022\/11\/125_1-600x600.webp 600w, https:\/\/eco-drinkware.com\/wp-content\/uploads\/2022\/11\/125_1-100x100.webp 100w\" sizes=\"auto, (max-width: 1000px) 100vw, 1000px\" \/><\/figure>","protected":false},"excerpt":{"rendered":"<p>Dreifach Wand isoliert Bambus Wasserflasche, h\u00e4lt Wasser hei\u00df f\u00fcr 12 Stunden und kalt f\u00fcr 24 Stunden. Benutzerdefinierte Farbe und Logo willkommen, wir sind Beruf auf ODM und OEM-Arbeit. Senden Sie uns einfach Ihre Anforderungen, werden Sie Design zur\u00fcck zu senden. OEM Ihre Bambusflasche mit uns<\/p>","protected":false},"featured_media":731,"template":"","meta":{"_acf_changed":false,"_seopress_robots_primary_cat":"","_seopress_titles_title":"","_seopress_titles_desc":"","_seopress_robots_index":"","_uag_custom_page_level_css":""},"product_brand":[],"product_cat":[33,34,21,32,19,54,20],"product_tag":[],"class_list":{"0":"post-371","1":"product","2":"type-product","3":"status-publish","4":"has-post-thumbnail","6":"product_cat-bamboo-flask","7":"product_cat-bamboo-tumbler","8":"product_cat-bamboo-water-bottle","9":"product_cat-insulated-water-bottle","10":"product_cat-stainless-steel-water-bottle","11":"product_cat-tea-bottle-coffee-tumblers","12":"product_cat-vacuum-flask","14":"first","15":"instock","16":"shipping-taxable","17":"product-type-simple"},"acf":[],"uagb_featured_image_src":{"full":["https:\/\/eco-drinkware.com\/wp-content\/uploads\/2022\/11\/125_0.webp",550,550,false],"thumbnail":["https:\/\/eco-drinkware.com\/wp-content\/uploads\/2022\/11\/125_0-150x150.webp",150,150,true],"medium":["https:\/\/eco-drinkware.com\/wp-content\/uploads\/2022\/11\/125_0-300x300.webp",300,300,true],"medium_large":["https:\/\/eco-drinkware.com\/wp-content\/uploads\/2022\/11\/125_0.webp",550,550,false],"large":["https:\/\/eco-drinkware.com\/wp-content\/uploads\/2022\/11\/125_0.webp",550,550,false],"1536x1536":["https:\/\/eco-drinkware.com\/wp-content\/uploads\/2022\/11\/125_0.webp",550,550,false],"2048x2048":["https:\/\/eco-drinkware.com\/wp-content\/uploads\/2022\/11\/125_0.webp",550,550,false],"trp-custom-language-flag":["https:\/\/eco-drinkware.com\/wp-content\/uploads\/2022\/11\/125_0.webp",12,12,false],"woocommerce_thumbnail":["https:\/\/eco-drinkware.com\/wp-content\/uploads\/2022\/11\/125_0-300x300.webp",300,300,true],"woocommerce_single":["https:\/\/eco-drinkware.com\/wp-content\/uploads\/2022\/11\/125_0.webp",550,550,false],"woocommerce_gallery_thumbnail":["https:\/\/eco-drinkware.com\/wp-content\/uploads\/2022\/11\/125_0-100x100.webp",100,100,true]},"uagb_author_info":{"display_name":"Amy","author_link":"https:\/\/eco-drinkware.com\/de\/author\/"},"uagb_comment_info":0,"uagb_excerpt":"Triple wall insulated bamboo water bottle ,keeps water hot for 12 hours and cold for 24 hours . Custom color and logo welcome , we are profession on ODM and OEM work. Just send us your requirements ,will send you design back . OEM your bamboo bottle with us","_links":{"self":[{"href":"https:\/\/eco-drinkware.com\/de\/wp-json\/wp\/v2\/product\/371","targetHints":{"allow":["GET"]}}],"collection":[{"href":"https:\/\/eco-drinkware.com\/de\/wp-json\/wp\/v2\/product"}],"about":[{"href":"https:\/\/eco-drinkware.com\/de\/wp-json\/wp\/v2\/types\/product"}],"wp:featuredmedia":[{"embeddable":true,"href":"https:\/\/eco-drinkware.com\/de\/wp-json\/wp\/v2\/media\/731"}],"wp:attachment":[{"href":"https:\/\/eco-drinkware.com\/de\/wp-json\/wp\/v2\/media?parent=371"}],"wp:term":[{"taxonomy":"product_brand","embeddable":true,"href":"https:\/\/eco-drinkware.com\/de\/wp-json\/wp\/v2\/product_brand?post=371"},{"taxonomy":"product_cat","embeddable":true,"href":"https:\/\/eco-drinkware.com\/de\/wp-json\/wp\/v2\/product_cat?post=371"},{"taxonomy":"product_tag","embeddable":true,"href":"https:\/\/eco-drinkware.com\/de\/wp-json\/wp\/v2\/product_tag?post=371"}],"curies":[{"name":"wp","href":"https:\/\/api.w.org\/{rel}","templated":true}]}}