{"id":373,"date":"2022-11-03T09:19:58","date_gmt":"2022-11-03T01:19:58","guid":{"rendered":"https:\/\/eco-drinkware.com\/?post_type=product&#038;p=373"},"modified":"2022-12-02T17:31:56","modified_gmt":"2022-12-02T09:31:56","slug":"124-teeglas-wasserflasche-mit-bambusdeckel-strohhalm-124","status":"publish","type":"product","link":"https:\/\/eco-drinkware.com\/de\/product\/124-teeglas-wasserflasche-mit-bambusdeckel-strohhalm-124\/","title":{"rendered":"Tee Glas Wasserflasche mit Bambus Deckel Strohhalm"},"content":{"rendered":"<p><strong>Silikon-Dichtungen und Bambus-Deckel:<\/strong>Der Deckel der Tee-Glas-Wasserflasche ist aus nat\u00fcrlichem Bambus und Silikon gefertigt, ein h\u00fcbsches Aussehen, das sich von anderen Glas-Wasserflaschen abhebt. Der Deckel ist oben gut abgedichtet, Fl\u00fcssigkeit wird nicht auslaufen.<br><br><strong>Silikon in Lebensmittelqualit\u00e4t:<\/strong>Silikonteil ber\u00fchren das Wasser ist ungiftig Art, die keine chemischen F\u00fcllstoffe oder Nebenprodukte enthalten, so dass es sicher f\u00fcr den Einsatz mit Lebensmitteln. Die Glaswasserflasche mit breitem Mund, Kaffeepulver, Eis kann leicht in setzen.<br><br><strong>Mit Silikonh\u00fclle:<\/strong>Es gibt einen Griff f\u00fcr leichteres Halten der Tee Glas Wasserflasche in der Hand. Einige verschiedene Farben f\u00fcr die Silikonh\u00fclle.<br><br><strong>Mit Stroh und Strohb\u00fcrste:<\/strong>Der Strohhalm erleichtert das Trinken, mit dem Strohhalm sieht die Glaswasserflasche mit Bambusdeckel h\u00fcbscher aus. Strohb\u00fcrste zum Reinigen des Strohs.<\/p>\n\n\n\n<figure class=\"wp-block-image size-full\"><img loading=\"lazy\" decoding=\"async\" width=\"1000\" height=\"1000\" src=\"https:\/\/eco-drinkware.com\/wp-content\/uploads\/2022\/11\/2021-08-26-14-20-394.webp\" alt=\"\" class=\"wp-image-740\" srcset=\"https:\/\/eco-drinkware.com\/wp-content\/uploads\/2022\/11\/2021-08-26-14-20-394.webp 1000w, https:\/\/eco-drinkware.com\/wp-content\/uploads\/2022\/11\/2021-08-26-14-20-394-300x300.webp 300w, https:\/\/eco-drinkware.com\/wp-content\/uploads\/2022\/11\/2021-08-26-14-20-394-150x150.webp 150w, https:\/\/eco-drinkware.com\/wp-content\/uploads\/2022\/11\/2021-08-26-14-20-394-768x768.webp 768w, https:\/\/eco-drinkware.com\/wp-content\/uploads\/2022\/11\/2021-08-26-14-20-394-600x600.webp 600w, https:\/\/eco-drinkware.com\/wp-content\/uploads\/2022\/11\/2021-08-26-14-20-394-100x100.webp 100w\" sizes=\"auto, (max-width: 1000px) 100vw, 1000px\" \/><\/figure>\n\n\n\n<figure class=\"wp-block-image size-full\"><img loading=\"lazy\" decoding=\"async\" width=\"1000\" height=\"1000\" src=\"https:\/\/eco-drinkware.com\/wp-content\/uploads\/2022\/11\/2021-08-26-14-21-588.webp\" alt=\"\" class=\"wp-image-741\" srcset=\"https:\/\/eco-drinkware.com\/wp-content\/uploads\/2022\/11\/2021-08-26-14-21-588.webp 1000w, https:\/\/eco-drinkware.com\/wp-content\/uploads\/2022\/11\/2021-08-26-14-21-588-300x300.webp 300w, https:\/\/eco-drinkware.com\/wp-content\/uploads\/2022\/11\/2021-08-26-14-21-588-150x150.webp 150w, https:\/\/eco-drinkware.com\/wp-content\/uploads\/2022\/11\/2021-08-26-14-21-588-768x768.webp 768w, https:\/\/eco-drinkware.com\/wp-content\/uploads\/2022\/11\/2021-08-26-14-21-588-600x600.webp 600w, https:\/\/eco-drinkware.com\/wp-content\/uploads\/2022\/11\/2021-08-26-14-21-588-100x100.webp 100w\" sizes=\"auto, (max-width: 1000px) 100vw, 1000px\" \/><\/figure>\n\n\n\n<figure class=\"wp-block-image size-full\"><img loading=\"lazy\" decoding=\"async\" width=\"1000\" height=\"1000\" src=\"https:\/\/eco-drinkware.com\/wp-content\/uploads\/2022\/11\/2021-08-26-14-22-487.webp\" alt=\"\" class=\"wp-image-742\" srcset=\"https:\/\/eco-drinkware.com\/wp-content\/uploads\/2022\/11\/2021-08-26-14-22-487.webp 1000w, https:\/\/eco-drinkware.com\/wp-content\/uploads\/2022\/11\/2021-08-26-14-22-487-300x300.webp 300w, https:\/\/eco-drinkware.com\/wp-content\/uploads\/2022\/11\/2021-08-26-14-22-487-150x150.webp 150w, https:\/\/eco-drinkware.com\/wp-content\/uploads\/2022\/11\/2021-08-26-14-22-487-768x768.webp 768w, https:\/\/eco-drinkware.com\/wp-content\/uploads\/2022\/11\/2021-08-26-14-22-487-600x600.webp 600w, https:\/\/eco-drinkware.com\/wp-content\/uploads\/2022\/11\/2021-08-26-14-22-487-100x100.webp 100w\" sizes=\"auto, (max-width: 1000px) 100vw, 1000px\" \/><\/figure>","protected":false},"excerpt":{"rendered":"<p>Hochwertiges Borosilikatglas, lebensmittelechtes Silikon, Naturbambus. Einige verschiedene Farben f\u00fcr Sie w\u00e4hlen. Deckel ist oben gut versiegelt, Fl\u00fcssigkeit wird nicht auslaufen<\/p>","protected":false},"featured_media":736,"template":"","meta":{"_acf_changed":false,"_seopress_robots_primary_cat":"","_seopress_titles_title":"","_seopress_titles_desc":"","_seopress_robots_index":"","_uag_custom_page_level_css":""},"product_brand":[],"product_cat":[42,25,22,35],"product_tag":[],"class_list":{"0":"post-373","1":"product","2":"type-product","3":"status-publish","4":"has-post-thumbnail","6":"product_cat-glass-tumbler","7":"product_cat-glass-tumbler-mugs","8":"product_cat-glass-water-bottle","9":"product_cat-single-wall-gass-bottle","11":"first","12":"instock","13":"shipping-taxable","14":"product-type-simple"},"acf":[],"uagb_featured_image_src":{"full":["https:\/\/eco-drinkware.com\/wp-content\/uploads\/2022\/11\/124_0.webp",1000,1000,false],"thumbnail":["https:\/\/eco-drinkware.com\/wp-content\/uploads\/2022\/11\/124_0-150x150.webp",150,150,true],"medium":["https:\/\/eco-drinkware.com\/wp-content\/uploads\/2022\/11\/124_0-300x300.webp",300,300,true],"medium_large":["https:\/\/eco-drinkware.com\/wp-content\/uploads\/2022\/11\/124_0-768x768.webp",768,768,true],"large":["https:\/\/eco-drinkware.com\/wp-content\/uploads\/2022\/11\/124_0.webp",1000,1000,false],"1536x1536":["https:\/\/eco-drinkware.com\/wp-content\/uploads\/2022\/11\/124_0.webp",1000,1000,false],"2048x2048":["https:\/\/eco-drinkware.com\/wp-content\/uploads\/2022\/11\/124_0.webp",1000,1000,false],"trp-custom-language-flag":["https:\/\/eco-drinkware.com\/wp-content\/uploads\/2022\/11\/124_0.webp",12,12,false],"woocommerce_thumbnail":["https:\/\/eco-drinkware.com\/wp-content\/uploads\/2022\/11\/124_0-300x300.webp",300,300,true],"woocommerce_single":["https:\/\/eco-drinkware.com\/wp-content\/uploads\/2022\/11\/124_0-600x600.webp",600,600,true],"woocommerce_gallery_thumbnail":["https:\/\/eco-drinkware.com\/wp-content\/uploads\/2022\/11\/124_0-100x100.webp",100,100,true]},"uagb_author_info":{"display_name":"Amy","author_link":"https:\/\/eco-drinkware.com\/de\/author\/"},"uagb_comment_info":0,"uagb_excerpt":"High borosilicate glass, food grade silicone, nature bamboo. Some different colors for you choose. Lid is well sealed on top, liquid won't leak","_links":{"self":[{"href":"https:\/\/eco-drinkware.com\/de\/wp-json\/wp\/v2\/product\/373","targetHints":{"allow":["GET"]}}],"collection":[{"href":"https:\/\/eco-drinkware.com\/de\/wp-json\/wp\/v2\/product"}],"about":[{"href":"https:\/\/eco-drinkware.com\/de\/wp-json\/wp\/v2\/types\/product"}],"wp:featuredmedia":[{"embeddable":true,"href":"https:\/\/eco-drinkware.com\/de\/wp-json\/wp\/v2\/media\/736"}],"wp:attachment":[{"href":"https:\/\/eco-drinkware.com\/de\/wp-json\/wp\/v2\/media?parent=373"}],"wp:term":[{"taxonomy":"product_brand","embeddable":true,"href":"https:\/\/eco-drinkware.com\/de\/wp-json\/wp\/v2\/product_brand?post=373"},{"taxonomy":"product_cat","embeddable":true,"href":"https:\/\/eco-drinkware.com\/de\/wp-json\/wp\/v2\/product_cat?post=373"},{"taxonomy":"product_tag","embeddable":true,"href":"https:\/\/eco-drinkware.com\/de\/wp-json\/wp\/v2\/product_tag?post=373"}],"curies":[{"name":"wp","href":"https:\/\/api.w.org\/{rel}","templated":true}]}}