{"id":375,"date":"2022-11-03T09:20:29","date_gmt":"2022-11-03T01:20:29","guid":{"rendered":"https:\/\/eco-drinkware.com\/?post_type=product&#038;p=375"},"modified":"2022-12-02T17:29:57","modified_gmt":"2022-12-02T09:29:57","slug":"123-becher-kaffee-glas-wasserflaschen-mit-strohhalm-deckel-123","status":"publish","type":"product","link":"https:\/\/eco-drinkware.com\/de\/product\/123-becher-kaffee-glas-wasserflaschen-mit-strohhalm-deckel-123\/","title":{"rendered":"Tumbler Kaffee Glas Wasserflaschen mit Strohhalm Deckel"},"content":{"rendered":"<p>Glas-Wasserflasche mit Strohhalm und Schnellfluss-Ausgie\u00dfer, kommt mit Silikon sicher Stroh. Der Strohhalm an der Unterseite kann Fl\u00fcssigkeit leicht bekommen. Schraubgriff Kappe ist leicht zu \u00f6ffnen, Silikonh\u00fclle ist leicht zu entfernen, Glas ist leicht zu reinigen.<br>BPA freie Glaswasserflasche ist umweltfreundlich, hohe Borosilikat-Material zu verweigern spontanen Riss, die nicht w\u00e4hrend der schnellen Abk\u00fchlung und Heizung platzen. Tumbler Kaffee Glasflaschen f\u00fcr Wasser mit sch\u00fctzenden Silikonh\u00fclle, doppelte Anti-Crack.<\/p>\n\n\n\n<p>Glaswasserflasche mit Zeitleiste und Messskala. Sportliches Design, ideal f\u00fcr Wandern, Camping, Gymnastik.<\/p>\n\n\n\n<figure class=\"wp-block-image size-full\"><img loading=\"lazy\" decoding=\"async\" width=\"1080\" height=\"1080\" src=\"https:\/\/eco-drinkware.com\/wp-content\/uploads\/2022\/11\/123_3.webp\" alt=\"\" class=\"wp-image-743\" srcset=\"https:\/\/eco-drinkware.com\/wp-content\/uploads\/2022\/11\/123_3.webp 1080w, https:\/\/eco-drinkware.com\/wp-content\/uploads\/2022\/11\/123_3-300x300.webp 300w, https:\/\/eco-drinkware.com\/wp-content\/uploads\/2022\/11\/123_3-150x150.webp 150w, https:\/\/eco-drinkware.com\/wp-content\/uploads\/2022\/11\/123_3-768x768.webp 768w, https:\/\/eco-drinkware.com\/wp-content\/uploads\/2022\/11\/123_3-600x600.webp 600w, https:\/\/eco-drinkware.com\/wp-content\/uploads\/2022\/11\/123_3-100x100.webp 100w\" sizes=\"auto, (max-width: 1080px) 100vw, 1080px\" \/><\/figure>\n\n\n\n<figure class=\"wp-block-image size-full\"><img loading=\"lazy\" decoding=\"async\" width=\"1080\" height=\"1080\" src=\"https:\/\/eco-drinkware.com\/wp-content\/uploads\/2022\/11\/2021-08-26-11-07-388.webp\" alt=\"\" class=\"wp-image-745\" srcset=\"https:\/\/eco-drinkware.com\/wp-content\/uploads\/2022\/11\/2021-08-26-11-07-388.webp 1080w, https:\/\/eco-drinkware.com\/wp-content\/uploads\/2022\/11\/2021-08-26-11-07-388-300x300.webp 300w, https:\/\/eco-drinkware.com\/wp-content\/uploads\/2022\/11\/2021-08-26-11-07-388-150x150.webp 150w, https:\/\/eco-drinkware.com\/wp-content\/uploads\/2022\/11\/2021-08-26-11-07-388-768x768.webp 768w, https:\/\/eco-drinkware.com\/wp-content\/uploads\/2022\/11\/2021-08-26-11-07-388-600x600.webp 600w, https:\/\/eco-drinkware.com\/wp-content\/uploads\/2022\/11\/2021-08-26-11-07-388-100x100.webp 100w\" sizes=\"auto, (max-width: 1080px) 100vw, 1080px\" \/><\/figure>\n\n\n\n<figure class=\"wp-block-image size-full\"><img loading=\"lazy\" decoding=\"async\" width=\"1080\" height=\"1080\" src=\"https:\/\/eco-drinkware.com\/wp-content\/uploads\/2022\/11\/2021-08-26-11-08-065.webp\" alt=\"\" class=\"wp-image-746\" srcset=\"https:\/\/eco-drinkware.com\/wp-content\/uploads\/2022\/11\/2021-08-26-11-08-065.webp 1080w, https:\/\/eco-drinkware.com\/wp-content\/uploads\/2022\/11\/2021-08-26-11-08-065-300x300.webp 300w, https:\/\/eco-drinkware.com\/wp-content\/uploads\/2022\/11\/2021-08-26-11-08-065-150x150.webp 150w, https:\/\/eco-drinkware.com\/wp-content\/uploads\/2022\/11\/2021-08-26-11-08-065-768x768.webp 768w, https:\/\/eco-drinkware.com\/wp-content\/uploads\/2022\/11\/2021-08-26-11-08-065-600x600.webp 600w, https:\/\/eco-drinkware.com\/wp-content\/uploads\/2022\/11\/2021-08-26-11-08-065-100x100.webp 100w\" sizes=\"auto, (max-width: 1080px) 100vw, 1080px\" \/><\/figure>\n\n\n\n<figure class=\"wp-block-image size-full\"><img loading=\"lazy\" decoding=\"async\" width=\"1080\" height=\"1080\" src=\"https:\/\/eco-drinkware.com\/wp-content\/uploads\/2022\/11\/2021-08-26-11-25-469.webp\" alt=\"\" class=\"wp-image-747\" srcset=\"https:\/\/eco-drinkware.com\/wp-content\/uploads\/2022\/11\/2021-08-26-11-25-469.webp 1080w, https:\/\/eco-drinkware.com\/wp-content\/uploads\/2022\/11\/2021-08-26-11-25-469-300x300.webp 300w, https:\/\/eco-drinkware.com\/wp-content\/uploads\/2022\/11\/2021-08-26-11-25-469-150x150.webp 150w, https:\/\/eco-drinkware.com\/wp-content\/uploads\/2022\/11\/2021-08-26-11-25-469-768x768.webp 768w, https:\/\/eco-drinkware.com\/wp-content\/uploads\/2022\/11\/2021-08-26-11-25-469-600x600.webp 600w, https:\/\/eco-drinkware.com\/wp-content\/uploads\/2022\/11\/2021-08-26-11-25-469-100x100.webp 100w\" sizes=\"auto, (max-width: 1080px) 100vw, 1080px\" \/><\/figure>","protected":false},"excerpt":{"rendered":"<p>Die Glaswasserflasche aus hochwertigem Borosilikatglas, einige Lagerfarben f\u00fcr Sie w\u00e4hlen. Mit sch\u00fctzenden Silikonh\u00fclle und Griff Stroh Deckel. Leicht zu nehmen f\u00fcr Sport, Wandern, Camping.<\/p>","protected":false},"featured_media":748,"template":"","meta":{"_acf_changed":false,"_seopress_robots_primary_cat":"","_seopress_titles_title":"","_seopress_titles_desc":"","_seopress_robots_index":"","_uag_custom_page_level_css":""},"product_brand":[],"product_cat":[42,25,22,35],"product_tag":[],"class_list":{"0":"post-375","1":"product","2":"type-product","3":"status-publish","4":"has-post-thumbnail","6":"product_cat-glass-tumbler","7":"product_cat-glass-tumbler-mugs","8":"product_cat-glass-water-bottle","9":"product_cat-single-wall-gass-bottle","11":"first","12":"instock","13":"shipping-taxable","14":"product-type-simple"},"acf":[],"uagb_featured_image_src":{"full":["https:\/\/eco-drinkware.com\/wp-content\/uploads\/2022\/11\/123_0.webp",1080,1080,false],"thumbnail":["https:\/\/eco-drinkware.com\/wp-content\/uploads\/2022\/11\/123_0-150x150.webp",150,150,true],"medium":["https:\/\/eco-drinkware.com\/wp-content\/uploads\/2022\/11\/123_0-300x300.webp",300,300,true],"medium_large":["https:\/\/eco-drinkware.com\/wp-content\/uploads\/2022\/11\/123_0-768x768.webp",768,768,true],"large":["https:\/\/eco-drinkware.com\/wp-content\/uploads\/2022\/11\/123_0.webp",1080,1080,false],"1536x1536":["https:\/\/eco-drinkware.com\/wp-content\/uploads\/2022\/11\/123_0.webp",1080,1080,false],"2048x2048":["https:\/\/eco-drinkware.com\/wp-content\/uploads\/2022\/11\/123_0.webp",1080,1080,false],"trp-custom-language-flag":["https:\/\/eco-drinkware.com\/wp-content\/uploads\/2022\/11\/123_0.webp",12,12,false],"woocommerce_thumbnail":["https:\/\/eco-drinkware.com\/wp-content\/uploads\/2022\/11\/123_0-300x300.webp",300,300,true],"woocommerce_single":["https:\/\/eco-drinkware.com\/wp-content\/uploads\/2022\/11\/123_0-600x600.webp",600,600,true],"woocommerce_gallery_thumbnail":["https:\/\/eco-drinkware.com\/wp-content\/uploads\/2022\/11\/123_0-100x100.webp",100,100,true]},"uagb_author_info":{"display_name":"Amy","author_link":"https:\/\/eco-drinkware.com\/de\/author\/"},"uagb_comment_info":0,"uagb_excerpt":"The glass water bottle made of high borosilicate glass, some stock colors for you choose. With protective silicone sleeve and handle straw lid. Easy to take out for sporting, hiking, camping.","_links":{"self":[{"href":"https:\/\/eco-drinkware.com\/de\/wp-json\/wp\/v2\/product\/375","targetHints":{"allow":["GET"]}}],"collection":[{"href":"https:\/\/eco-drinkware.com\/de\/wp-json\/wp\/v2\/product"}],"about":[{"href":"https:\/\/eco-drinkware.com\/de\/wp-json\/wp\/v2\/types\/product"}],"wp:featuredmedia":[{"embeddable":true,"href":"https:\/\/eco-drinkware.com\/de\/wp-json\/wp\/v2\/media\/748"}],"wp:attachment":[{"href":"https:\/\/eco-drinkware.com\/de\/wp-json\/wp\/v2\/media?parent=375"}],"wp:term":[{"taxonomy":"product_brand","embeddable":true,"href":"https:\/\/eco-drinkware.com\/de\/wp-json\/wp\/v2\/product_brand?post=375"},{"taxonomy":"product_cat","embeddable":true,"href":"https:\/\/eco-drinkware.com\/de\/wp-json\/wp\/v2\/product_cat?post=375"},{"taxonomy":"product_tag","embeddable":true,"href":"https:\/\/eco-drinkware.com\/de\/wp-json\/wp\/v2\/product_tag?post=375"}],"curies":[{"name":"wp","href":"https:\/\/api.w.org\/{rel}","templated":true}]}}