{"id":481,"date":"2022-11-03T14:50:25","date_gmt":"2022-11-03T14:50:25","guid":{"rendered":"https:\/\/eco-drinkware.com\/?post_type=product&#038;p=481"},"modified":"2022-11-04T03:47:17","modified_gmt":"2022-11-04T03:47:17","slug":"118-stanley-flask-wide-mouth-thermos-vacuum-bottle-118","status":"publish","type":"product","link":"https:\/\/eco-drinkware.com\/de\/product\/118-stanley-flask-wide-mouth-thermos-vacuum-bottle-118\/","title":{"rendered":"Stanley Flask Wide Mouth Thermos Vacuum Flasche"},"content":{"rendered":"<p><strong>Isolierung:<\/strong>Die Stanley Thermosflasche ist isoliert und h\u00e4lt Fl\u00fcssigkeiten wie Kaffee, Tee, Suppe f\u00fcr ca. 24 Stunden hei\u00df oder kalt. Die Stanley Thermosflasche ist aus BPA-freien Materialien hergestellt, sehr umweltfreundlich.&nbsp;<\/p>\n\n\n\n<p><strong>Stanley Thermoskannen-Deckel:&nbsp;<\/strong>Der Deckel der Stanley Thermoskanne ist auslaufsicher, Sie k\u00f6nnen sie in den Rucksack stecken, die Stanley Thermoskanne wird nicht auslaufen. Der Deckel der Stanley Thermoskanne mit breiter \u00d6ffnung kann als weiterer Stanley Thermosbecher verwendet werden.<\/p>\n\n\n\n<p><strong>Mehrere Gr\u00f6\u00dfen:\u00a0<\/strong>Die Stanley Thermosflasche gibt es in verschiedenen Gr\u00f6\u00dfen - 750ml, 1000ml und 1300ml. Die Stanley Thermosflasche mit Griff l\u00e4sst sich leicht mitnehmen, wenn Sie unterwegs sind.<\/p>\n\n\n\n<figure class=\"wp-block-image size-full\"><img loading=\"lazy\" decoding=\"async\" width=\"750\" height=\"750\" src=\"https:\/\/eco-drinkware.com\/wp-content\/uploads\/2022\/11\/118_0.webp\" alt=\"\" class=\"wp-image-774\" srcset=\"https:\/\/eco-drinkware.com\/wp-content\/uploads\/2022\/11\/118_0.webp 750w, https:\/\/eco-drinkware.com\/wp-content\/uploads\/2022\/11\/118_0-300x300.webp 300w, https:\/\/eco-drinkware.com\/wp-content\/uploads\/2022\/11\/118_0-150x150.webp 150w, https:\/\/eco-drinkware.com\/wp-content\/uploads\/2022\/11\/118_0-600x600.webp 600w, https:\/\/eco-drinkware.com\/wp-content\/uploads\/2022\/11\/118_0-100x100.webp 100w\" sizes=\"auto, (max-width: 750px) 100vw, 750px\" \/><\/figure>\n\n\n\n<figure class=\"wp-block-image size-full\"><img loading=\"lazy\" decoding=\"async\" width=\"1000\" height=\"1000\" src=\"https:\/\/eco-drinkware.com\/wp-content\/uploads\/2022\/11\/2021-06-08-11-16-027.webp\" alt=\"\" class=\"wp-image-780\" srcset=\"https:\/\/eco-drinkware.com\/wp-content\/uploads\/2022\/11\/2021-06-08-11-16-027.webp 1000w, https:\/\/eco-drinkware.com\/wp-content\/uploads\/2022\/11\/2021-06-08-11-16-027-300x300.webp 300w, https:\/\/eco-drinkware.com\/wp-content\/uploads\/2022\/11\/2021-06-08-11-16-027-150x150.webp 150w, https:\/\/eco-drinkware.com\/wp-content\/uploads\/2022\/11\/2021-06-08-11-16-027-768x768.webp 768w, https:\/\/eco-drinkware.com\/wp-content\/uploads\/2022\/11\/2021-06-08-11-16-027-600x600.webp 600w, https:\/\/eco-drinkware.com\/wp-content\/uploads\/2022\/11\/2021-06-08-11-16-027-100x100.webp 100w\" sizes=\"auto, (max-width: 1000px) 100vw, 1000px\" \/><\/figure>\n\n\n\n<figure class=\"wp-block-image size-full\"><img loading=\"lazy\" decoding=\"async\" width=\"1000\" height=\"1000\" src=\"https:\/\/eco-drinkware.com\/wp-content\/uploads\/2022\/11\/2021-06-08-11-12-559.webp\" alt=\"\" class=\"wp-image-779\" srcset=\"https:\/\/eco-drinkware.com\/wp-content\/uploads\/2022\/11\/2021-06-08-11-12-559.webp 1000w, https:\/\/eco-drinkware.com\/wp-content\/uploads\/2022\/11\/2021-06-08-11-12-559-300x300.webp 300w, https:\/\/eco-drinkware.com\/wp-content\/uploads\/2022\/11\/2021-06-08-11-12-559-150x150.webp 150w, https:\/\/eco-drinkware.com\/wp-content\/uploads\/2022\/11\/2021-06-08-11-12-559-768x768.webp 768w, https:\/\/eco-drinkware.com\/wp-content\/uploads\/2022\/11\/2021-06-08-11-12-559-600x600.webp 600w, https:\/\/eco-drinkware.com\/wp-content\/uploads\/2022\/11\/2021-06-08-11-12-559-100x100.webp 100w\" sizes=\"auto, (max-width: 1000px) 100vw, 1000px\" \/><\/figure>","protected":false},"excerpt":{"rendered":"<p>Die Stanley Thermoskanne ist isoliert und besteht aus 18\/8-Edelstahl. Individuelle Farbe und Logo sind willkommen! 3 Gr\u00f6\u00dfen: 750ml, 1000ml, 1300ml<\/p>","protected":false},"featured_media":774,"template":"","meta":{"_acf_changed":false,"_seopress_robots_primary_cat":"","_seopress_titles_title":"","_seopress_titles_desc":"","_seopress_robots_index":"","_uag_custom_page_level_css":""},"product_brand":[],"product_cat":[15],"product_tag":[],"class_list":{"0":"post-481","1":"product","2":"type-product","3":"status-publish","4":"has-post-thumbnail","6":"product_cat-drinkware-accessories","8":"first","9":"instock","10":"shipping-taxable","11":"product-type-simple"},"acf":[],"uagb_featured_image_src":{"full":["https:\/\/eco-drinkware.com\/wp-content\/uploads\/2022\/11\/118_0.webp",750,750,false],"thumbnail":["https:\/\/eco-drinkware.com\/wp-content\/uploads\/2022\/11\/118_0-150x150.webp",150,150,true],"medium":["https:\/\/eco-drinkware.com\/wp-content\/uploads\/2022\/11\/118_0-300x300.webp",300,300,true],"medium_large":["https:\/\/eco-drinkware.com\/wp-content\/uploads\/2022\/11\/118_0.webp",750,750,false],"large":["https:\/\/eco-drinkware.com\/wp-content\/uploads\/2022\/11\/118_0.webp",750,750,false],"1536x1536":["https:\/\/eco-drinkware.com\/wp-content\/uploads\/2022\/11\/118_0.webp",750,750,false],"2048x2048":["https:\/\/eco-drinkware.com\/wp-content\/uploads\/2022\/11\/118_0.webp",750,750,false],"trp-custom-language-flag":["https:\/\/eco-drinkware.com\/wp-content\/uploads\/2022\/11\/118_0.webp",12,12,false],"woocommerce_thumbnail":["https:\/\/eco-drinkware.com\/wp-content\/uploads\/2022\/11\/118_0-300x300.webp",300,300,true],"woocommerce_single":["https:\/\/eco-drinkware.com\/wp-content\/uploads\/2022\/11\/118_0-600x600.webp",600,600,true],"woocommerce_gallery_thumbnail":["https:\/\/eco-drinkware.com\/wp-content\/uploads\/2022\/11\/118_0-100x100.webp",100,100,true]},"uagb_author_info":{"display_name":"Amy","author_link":"https:\/\/eco-drinkware.com\/de\/author\/"},"uagb_comment_info":0,"uagb_excerpt":"The Stanley Thermos is insulated, made of 18\/8 stainless steel. Custom color and logo are welcome! 3 sizes: 750ml, 1000ml, 1300ml","_links":{"self":[{"href":"https:\/\/eco-drinkware.com\/de\/wp-json\/wp\/v2\/product\/481","targetHints":{"allow":["GET"]}}],"collection":[{"href":"https:\/\/eco-drinkware.com\/de\/wp-json\/wp\/v2\/product"}],"about":[{"href":"https:\/\/eco-drinkware.com\/de\/wp-json\/wp\/v2\/types\/product"}],"wp:featuredmedia":[{"embeddable":true,"href":"https:\/\/eco-drinkware.com\/de\/wp-json\/wp\/v2\/media\/774"}],"wp:attachment":[{"href":"https:\/\/eco-drinkware.com\/de\/wp-json\/wp\/v2\/media?parent=481"}],"wp:term":[{"taxonomy":"product_brand","embeddable":true,"href":"https:\/\/eco-drinkware.com\/de\/wp-json\/wp\/v2\/product_brand?post=481"},{"taxonomy":"product_cat","embeddable":true,"href":"https:\/\/eco-drinkware.com\/de\/wp-json\/wp\/v2\/product_cat?post=481"},{"taxonomy":"product_tag","embeddable":true,"href":"https:\/\/eco-drinkware.com\/de\/wp-json\/wp\/v2\/product_tag?post=481"}],"curies":[{"name":"wp","href":"https:\/\/api.w.org\/{rel}","templated":true}]}}