{"id":487,"date":"2022-11-03T14:50:48","date_gmt":"2022-11-03T14:50:48","guid":{"rendered":"https:\/\/eco-drinkware.com\/?post_type=product&#038;p=487"},"modified":"2022-11-04T03:49:24","modified_gmt":"2022-11-04T03:49:24","slug":"117-edelstahl-camping-kaffee-thermoskanne-teebecher-mit-deckel-117","status":"publish","type":"product","link":"https:\/\/eco-drinkware.com\/de\/product\/117-edelstahl-camping-kaffee-thermoskanne-teebecher-mit-deckel-117\/","title":{"rendered":"Edelstahl Camping Kaffee Thermoskanne Teebecher mit Deckel"},"content":{"rendered":"<p><strong>Kaffeebecher mit Vakuum-Isolierung:\u00a0<\/strong>Der Kaffeebecher hat eine doppelte Wand aus Edelstahl. Isolierte Design halten Getr\u00e4nk hei\u00df oder kalt f\u00fcr lange Zeit in der Edelstahl-Kaffeebecher. Genie\u00dfen Sie hei\u00dfe oder kalte Getr\u00e4nke und sch\u00fctzen Sie Ihre H\u00e4nde.<br><br><strong>Kaffeebecher mit BPA-freiem Schiebedeckel:<\/strong>Der Schiebedeckel ist aus BPA-freiem Kunststoff gefertigt und mit einer Gummidichtung versehen. Es ist leicht zu \u00f6ffnen und zu schlie\u00dfen, halten Getr\u00e4nke Sicherheit in den Kaffeebecher. Der Schiebedeckel ist sehr ECO-freundlich und von guter Dichtigkeit. Es gibt ein Trinkloch auf der Oberseite, Stroh kann in sie setzen.<br><br><strong>Kaffeebecher aus Edelstahl:\u00a0<\/strong>Der Kaffeebecher ist aus lebensmittelechtem 304 Edelstahl gefertigt, die Pulverbeschichtung ist robust und h\u00e4lt lange Zeit. Leicht zu reinigen.<br><br><strong>12oz 14oz Kaffeebecher:<\/strong>Der Edelstahl-Kaffeebecher ist mit einem Henkel versehen und l\u00e4sst sich beim Camping und auf Reisen leicht transportieren.<\/p>\n\n\n\n<figure class=\"wp-block-image size-full\"><img loading=\"lazy\" decoding=\"async\" width=\"1000\" height=\"1000\" src=\"https:\/\/eco-drinkware.com\/wp-content\/uploads\/2022\/11\/117_0.webp\" alt=\"\" class=\"wp-image-783\" srcset=\"https:\/\/eco-drinkware.com\/wp-content\/uploads\/2022\/11\/117_0.webp 1000w, https:\/\/eco-drinkware.com\/wp-content\/uploads\/2022\/11\/117_0-300x300.webp 300w, https:\/\/eco-drinkware.com\/wp-content\/uploads\/2022\/11\/117_0-150x150.webp 150w, https:\/\/eco-drinkware.com\/wp-content\/uploads\/2022\/11\/117_0-768x768.webp 768w, https:\/\/eco-drinkware.com\/wp-content\/uploads\/2022\/11\/117_0-600x600.webp 600w, https:\/\/eco-drinkware.com\/wp-content\/uploads\/2022\/11\/117_0-100x100.webp 100w\" sizes=\"auto, (max-width: 1000px) 100vw, 1000px\" \/><\/figure>\n\n\n\n<figure class=\"wp-block-image size-full\"><img loading=\"lazy\" decoding=\"async\" width=\"1000\" height=\"1000\" src=\"https:\/\/eco-drinkware.com\/wp-content\/uploads\/2022\/11\/2021-05-28-16-42-541.webp\" alt=\"\" class=\"wp-image-781\" srcset=\"https:\/\/eco-drinkware.com\/wp-content\/uploads\/2022\/11\/2021-05-28-16-42-541.webp 1000w, https:\/\/eco-drinkware.com\/wp-content\/uploads\/2022\/11\/2021-05-28-16-42-541-300x300.webp 300w, https:\/\/eco-drinkware.com\/wp-content\/uploads\/2022\/11\/2021-05-28-16-42-541-150x150.webp 150w, https:\/\/eco-drinkware.com\/wp-content\/uploads\/2022\/11\/2021-05-28-16-42-541-768x768.webp 768w, https:\/\/eco-drinkware.com\/wp-content\/uploads\/2022\/11\/2021-05-28-16-42-541-600x600.webp 600w, https:\/\/eco-drinkware.com\/wp-content\/uploads\/2022\/11\/2021-05-28-16-42-541-100x100.webp 100w\" sizes=\"auto, (max-width: 1000px) 100vw, 1000px\" \/><\/figure>\n\n\n\n<figure class=\"wp-block-image size-full\"><img loading=\"lazy\" decoding=\"async\" width=\"1000\" height=\"1000\" src=\"https:\/\/eco-drinkware.com\/wp-content\/uploads\/2022\/11\/2021-05-28-16-43-178.webp\" alt=\"\" class=\"wp-image-782\" srcset=\"https:\/\/eco-drinkware.com\/wp-content\/uploads\/2022\/11\/2021-05-28-16-43-178.webp 1000w, https:\/\/eco-drinkware.com\/wp-content\/uploads\/2022\/11\/2021-05-28-16-43-178-300x300.webp 300w, https:\/\/eco-drinkware.com\/wp-content\/uploads\/2022\/11\/2021-05-28-16-43-178-150x150.webp 150w, https:\/\/eco-drinkware.com\/wp-content\/uploads\/2022\/11\/2021-05-28-16-43-178-768x768.webp 768w, https:\/\/eco-drinkware.com\/wp-content\/uploads\/2022\/11\/2021-05-28-16-43-178-600x600.webp 600w, https:\/\/eco-drinkware.com\/wp-content\/uploads\/2022\/11\/2021-05-28-16-43-178-100x100.webp 100w\" sizes=\"auto, (max-width: 1000px) 100vw, 1000px\" \/><\/figure>","protected":false},"excerpt":{"rendered":"<p>Fassungsverm\u00f6gen: 12oz, 14oz. Vakuum-isoliert. Doppelwandiger Edelstahl. Lebensmittelgeeignetes Material. Mit Schiebedeckel und Griff.<\/p>","protected":false},"featured_media":783,"template":"","meta":{"_acf_changed":false,"_seopress_robots_primary_cat":"","_seopress_titles_title":"","_seopress_titles_desc":"","_seopress_robots_index":"","_uag_custom_page_level_css":""},"product_brand":[],"product_cat":[15],"product_tag":[],"class_list":{"0":"post-487","1":"product","2":"type-product","3":"status-publish","4":"has-post-thumbnail","6":"product_cat-drinkware-accessories","8":"first","9":"instock","10":"shipping-taxable","11":"product-type-simple"},"acf":[],"uagb_featured_image_src":{"full":["https:\/\/eco-drinkware.com\/wp-content\/uploads\/2022\/11\/117_0.webp",1000,1000,false],"thumbnail":["https:\/\/eco-drinkware.com\/wp-content\/uploads\/2022\/11\/117_0-150x150.webp",150,150,true],"medium":["https:\/\/eco-drinkware.com\/wp-content\/uploads\/2022\/11\/117_0-300x300.webp",300,300,true],"medium_large":["https:\/\/eco-drinkware.com\/wp-content\/uploads\/2022\/11\/117_0-768x768.webp",768,768,true],"large":["https:\/\/eco-drinkware.com\/wp-content\/uploads\/2022\/11\/117_0.webp",1000,1000,false],"1536x1536":["https:\/\/eco-drinkware.com\/wp-content\/uploads\/2022\/11\/117_0.webp",1000,1000,false],"2048x2048":["https:\/\/eco-drinkware.com\/wp-content\/uploads\/2022\/11\/117_0.webp",1000,1000,false],"trp-custom-language-flag":["https:\/\/eco-drinkware.com\/wp-content\/uploads\/2022\/11\/117_0.webp",12,12,false],"woocommerce_thumbnail":["https:\/\/eco-drinkware.com\/wp-content\/uploads\/2022\/11\/117_0-300x300.webp",300,300,true],"woocommerce_single":["https:\/\/eco-drinkware.com\/wp-content\/uploads\/2022\/11\/117_0-600x600.webp",600,600,true],"woocommerce_gallery_thumbnail":["https:\/\/eco-drinkware.com\/wp-content\/uploads\/2022\/11\/117_0-100x100.webp",100,100,true]},"uagb_author_info":{"display_name":"Amy","author_link":"https:\/\/eco-drinkware.com\/de\/author\/"},"uagb_comment_info":0,"uagb_excerpt":"Capacity: 12oz, 14oz. Vacuum Insulated. Double wall stainless steel. Food grade material. With sliding lid and handle.","_links":{"self":[{"href":"https:\/\/eco-drinkware.com\/de\/wp-json\/wp\/v2\/product\/487","targetHints":{"allow":["GET"]}}],"collection":[{"href":"https:\/\/eco-drinkware.com\/de\/wp-json\/wp\/v2\/product"}],"about":[{"href":"https:\/\/eco-drinkware.com\/de\/wp-json\/wp\/v2\/types\/product"}],"wp:featuredmedia":[{"embeddable":true,"href":"https:\/\/eco-drinkware.com\/de\/wp-json\/wp\/v2\/media\/783"}],"wp:attachment":[{"href":"https:\/\/eco-drinkware.com\/de\/wp-json\/wp\/v2\/media?parent=487"}],"wp:term":[{"taxonomy":"product_brand","embeddable":true,"href":"https:\/\/eco-drinkware.com\/de\/wp-json\/wp\/v2\/product_brand?post=487"},{"taxonomy":"product_cat","embeddable":true,"href":"https:\/\/eco-drinkware.com\/de\/wp-json\/wp\/v2\/product_cat?post=487"},{"taxonomy":"product_tag","embeddable":true,"href":"https:\/\/eco-drinkware.com\/de\/wp-json\/wp\/v2\/product_tag?post=487"}],"curies":[{"name":"wp","href":"https:\/\/api.w.org\/{rel}","templated":true}]}}