{"id":528,"date":"2022-11-03T15:52:50","date_gmt":"2022-11-03T15:52:50","guid":{"rendered":"https:\/\/eco-drinkware.com\/?post_type=product&#038;p=528"},"modified":"2022-11-04T09:00:32","modified_gmt":"2022-11-04T09:00:32","slug":"102-groshandel-doppelte-wand-isoliert-vakuumflasche-thermoskanne-wasserflasche-102","status":"publish","type":"product","link":"https:\/\/eco-drinkware.com\/de\/product\/102-groshandel-doppelte-wand-isoliert-vakuumflasche-thermoskanne-wasserflasche-102\/","title":{"rendered":"Gro\u00dfhandel doppelte Wand isolierte Vakuumflasche Thermosflasche Wasserflasche"},"content":{"rendered":"<p><strong>Klappdeckel:&nbsp;<\/strong>Diese Edelstahl-Sportwasserflasche ist mit einem Klappdeckel versehen, der sich leicht \u00f6ffnen l\u00e4sst, um beim Autofahren, Schwimmen, Fitnessstudio, Camping usw. Wasser zu trinken.<strong><br><br>Mit Infusor:<\/strong>Zubeh\u00f6r f\u00fcr die 500ml Schwell Edelstahl Sport Wasserflasche Hydro Flask ist klein Infusor und Korb Infusor. 304 Edelstahl Lebensmittelqualit\u00e4t Material.<strong><br><br>Isolierte Isolierflasche:<\/strong>die Edelstahl-Vakuumflasche Wasserflasche kann Wasser hei\u00df und kalt f\u00fcr 12-18 Stunden zu halten. Tee, Kaffee, Eiswasser sind alle ok, um in den Sport Wasserflasche zu f\u00fcllen.<strong><br><\/strong><\/p>\n\n\n\n<figure class=\"wp-block-table\"><table><tbody><tr><td>Kapazit\u00e4t<\/td><td>500ml<\/td><\/tr><tr><td>Farbe&nbsp;<\/td><td>Benutzerdefinierte Pantone<\/td><\/tr><tr><td>MOQ<\/td><td>500St\u00fcck<\/td><\/tr><tr><td>Deckel<\/td><td>Flip-Plastik<\/td><\/tr><tr><td>Material<\/td><td>Innen aus Edelstahl 304, au\u00dfen aus Edelstahl 201<\/td><\/tr><tr><td>Logo<\/td><td>Kundenspezifisch<\/td><\/tr><tr><td>Paket<\/td><td>Wei\u00dfe Schachtel, farbige Schachtel, runder Zylinder<\/td><\/tr><\/tbody><\/table><\/figure>\n\n\n\n<figure class=\"wp-block-image size-full\"><img loading=\"lazy\" decoding=\"async\" width=\"1000\" height=\"1000\" src=\"https:\/\/eco-drinkware.com\/wp-content\/uploads\/2022\/11\/102_0.webp\" alt=\"\" class=\"wp-image-861\" srcset=\"https:\/\/eco-drinkware.com\/wp-content\/uploads\/2022\/11\/102_0.webp 1000w, https:\/\/eco-drinkware.com\/wp-content\/uploads\/2022\/11\/102_0-300x300.webp 300w, https:\/\/eco-drinkware.com\/wp-content\/uploads\/2022\/11\/102_0-150x150.webp 150w, https:\/\/eco-drinkware.com\/wp-content\/uploads\/2022\/11\/102_0-768x768.webp 768w, https:\/\/eco-drinkware.com\/wp-content\/uploads\/2022\/11\/102_0-600x600.webp 600w, https:\/\/eco-drinkware.com\/wp-content\/uploads\/2022\/11\/102_0-100x100.webp 100w\" sizes=\"auto, (max-width: 1000px) 100vw, 1000px\" \/><\/figure>\n\n\n\n<figure class=\"wp-block-image size-full\"><img loading=\"lazy\" decoding=\"async\" width=\"1000\" height=\"1000\" src=\"https:\/\/eco-drinkware.com\/wp-content\/uploads\/2022\/11\/102_2.webp\" alt=\"\" class=\"wp-image-859\" srcset=\"https:\/\/eco-drinkware.com\/wp-content\/uploads\/2022\/11\/102_2.webp 1000w, https:\/\/eco-drinkware.com\/wp-content\/uploads\/2022\/11\/102_2-300x300.webp 300w, https:\/\/eco-drinkware.com\/wp-content\/uploads\/2022\/11\/102_2-150x150.webp 150w, https:\/\/eco-drinkware.com\/wp-content\/uploads\/2022\/11\/102_2-768x768.webp 768w, https:\/\/eco-drinkware.com\/wp-content\/uploads\/2022\/11\/102_2-600x600.webp 600w, https:\/\/eco-drinkware.com\/wp-content\/uploads\/2022\/11\/102_2-100x100.webp 100w\" sizes=\"auto, (max-width: 1000px) 100vw, 1000px\" \/><\/figure>\n\n\n\n<figure class=\"wp-block-image size-full\"><img loading=\"lazy\" decoding=\"async\" width=\"1000\" height=\"1000\" src=\"https:\/\/eco-drinkware.com\/wp-content\/uploads\/2022\/11\/102_3.webp\" alt=\"\" class=\"wp-image-860\" srcset=\"https:\/\/eco-drinkware.com\/wp-content\/uploads\/2022\/11\/102_3.webp 1000w, https:\/\/eco-drinkware.com\/wp-content\/uploads\/2022\/11\/102_3-300x300.webp 300w, https:\/\/eco-drinkware.com\/wp-content\/uploads\/2022\/11\/102_3-150x150.webp 150w, https:\/\/eco-drinkware.com\/wp-content\/uploads\/2022\/11\/102_3-768x768.webp 768w, https:\/\/eco-drinkware.com\/wp-content\/uploads\/2022\/11\/102_3-600x600.webp 600w, https:\/\/eco-drinkware.com\/wp-content\/uploads\/2022\/11\/102_3-100x100.webp 100w\" sizes=\"auto, (max-width: 1000px) 100vw, 1000px\" \/><\/figure>","protected":false},"excerpt":{"rendered":"<p>Diese Art von Doppelwand-Vakuumflasche wird immer beliebter in Europa, Australien und Nordamerika. Die bunte Pulverbeschichtung sieht auf dieser Thermosflasche sehr gut aus.<\/p>","protected":false},"featured_media":861,"template":"","meta":{"_acf_changed":false,"_seopress_robots_primary_cat":"","_seopress_titles_title":"","_seopress_titles_desc":"","_seopress_robots_index":"","_uag_custom_page_level_css":""},"product_brand":[],"product_cat":[15],"product_tag":[],"class_list":{"0":"post-528","1":"product","2":"type-product","3":"status-publish","4":"has-post-thumbnail","6":"product_cat-drinkware-accessories","8":"first","9":"instock","10":"shipping-taxable","11":"product-type-simple"},"acf":[],"uagb_featured_image_src":{"full":["https:\/\/eco-drinkware.com\/wp-content\/uploads\/2022\/11\/102_0.webp",1000,1000,false],"thumbnail":["https:\/\/eco-drinkware.com\/wp-content\/uploads\/2022\/11\/102_0-150x150.webp",150,150,true],"medium":["https:\/\/eco-drinkware.com\/wp-content\/uploads\/2022\/11\/102_0-300x300.webp",300,300,true],"medium_large":["https:\/\/eco-drinkware.com\/wp-content\/uploads\/2022\/11\/102_0-768x768.webp",768,768,true],"large":["https:\/\/eco-drinkware.com\/wp-content\/uploads\/2022\/11\/102_0.webp",1000,1000,false],"1536x1536":["https:\/\/eco-drinkware.com\/wp-content\/uploads\/2022\/11\/102_0.webp",1000,1000,false],"2048x2048":["https:\/\/eco-drinkware.com\/wp-content\/uploads\/2022\/11\/102_0.webp",1000,1000,false],"trp-custom-language-flag":["https:\/\/eco-drinkware.com\/wp-content\/uploads\/2022\/11\/102_0.webp",12,12,false],"woocommerce_thumbnail":["https:\/\/eco-drinkware.com\/wp-content\/uploads\/2022\/11\/102_0-300x300.webp",300,300,true],"woocommerce_single":["https:\/\/eco-drinkware.com\/wp-content\/uploads\/2022\/11\/102_0-600x600.webp",600,600,true],"woocommerce_gallery_thumbnail":["https:\/\/eco-drinkware.com\/wp-content\/uploads\/2022\/11\/102_0-100x100.webp",100,100,true]},"uagb_author_info":{"display_name":"Amy","author_link":"https:\/\/eco-drinkware.com\/de\/author\/"},"uagb_comment_info":0,"uagb_excerpt":"This kind of double wall vacuum flask is getting more and more popular among Europe Market, Australia Market and North America Market, Colorful powder coated painting looks very well on this thermo flask.","_links":{"self":[{"href":"https:\/\/eco-drinkware.com\/de\/wp-json\/wp\/v2\/product\/528","targetHints":{"allow":["GET"]}}],"collection":[{"href":"https:\/\/eco-drinkware.com\/de\/wp-json\/wp\/v2\/product"}],"about":[{"href":"https:\/\/eco-drinkware.com\/de\/wp-json\/wp\/v2\/types\/product"}],"wp:featuredmedia":[{"embeddable":true,"href":"https:\/\/eco-drinkware.com\/de\/wp-json\/wp\/v2\/media\/861"}],"wp:attachment":[{"href":"https:\/\/eco-drinkware.com\/de\/wp-json\/wp\/v2\/media?parent=528"}],"wp:term":[{"taxonomy":"product_brand","embeddable":true,"href":"https:\/\/eco-drinkware.com\/de\/wp-json\/wp\/v2\/product_brand?post=528"},{"taxonomy":"product_cat","embeddable":true,"href":"https:\/\/eco-drinkware.com\/de\/wp-json\/wp\/v2\/product_cat?post=528"},{"taxonomy":"product_tag","embeddable":true,"href":"https:\/\/eco-drinkware.com\/de\/wp-json\/wp\/v2\/product_tag?post=528"}],"curies":[{"name":"wp","href":"https:\/\/api.w.org\/{rel}","templated":true}]}}