{"id":542,"date":"2022-11-03T15:57:12","date_gmt":"2022-11-03T15:57:12","guid":{"rendered":"https:\/\/eco-drinkware.com\/?post_type=product&#038;p=542"},"modified":"2022-11-25T08:50:03","modified_gmt":"2022-11-25T08:50:03","slug":"94-doppelwandige-304-edelstahl-thermoskanne-vakuumkaraffe-isolierkanne-thermoskanne-94","status":"publish","type":"product","link":"https:\/\/eco-drinkware.com\/de\/product\/94-doppelwandige-304-edelstahl-thermoskanne-vakuumkaraffe-isolierkanne-thermoskanne-94\/","title":{"rendered":"Doppelwandige Edelstahl-Kaffeekanne mit Teesieb"},"content":{"rendered":"<p><strong>Langlebige Konstruktion:<\/strong>Diese Edelstahl-Teekanne ist aus robustem, mit 304 lebensmittelechtem Edelstahl innen und au\u00dfen gemacht. Mit Edelstahl Presse auf dem Deckel, Doppelwand isoliert, Fl\u00fcssigkeiten bleiben hei\u00df und bereit f\u00fcr Ihre n\u00e4chste Tasse Kaffee oder Tee.<br><br><strong>Griff aus Holz:<\/strong>Der Griff der Edelstahl-Teekanne ist aus Naturholz, leicht zu halten und Fl\u00fcssigkeit auszugie\u00dfen.<br><br><strong>Mit Infusor:<\/strong>Der Edelstahl-Teekanne liegt ein zus\u00e4tzliches Teesieb bei. Das Teesieb kann abgenommen werden.<br><br><strong>Auslaufsicher:<\/strong>Einfach den Knopf dr\u00fccken, und schon kann die Fl\u00fcssigkeit austreten. Diese Edelstahl-Teekanne ist auslaufsicher.<\/p>\n\n\n\n<figure class=\"wp-block-image size-full\"><img loading=\"lazy\" decoding=\"async\" width=\"1000\" height=\"1000\" src=\"https:\/\/eco-drinkware.com\/wp-content\/uploads\/2022\/11\/2021-07-12-15-00-084.webp\" alt=\"\" class=\"wp-image-911\" srcset=\"https:\/\/eco-drinkware.com\/wp-content\/uploads\/2022\/11\/2021-07-12-15-00-084.webp 1000w, https:\/\/eco-drinkware.com\/wp-content\/uploads\/2022\/11\/2021-07-12-15-00-084-300x300.webp 300w, https:\/\/eco-drinkware.com\/wp-content\/uploads\/2022\/11\/2021-07-12-15-00-084-150x150.webp 150w, https:\/\/eco-drinkware.com\/wp-content\/uploads\/2022\/11\/2021-07-12-15-00-084-768x768.webp 768w, https:\/\/eco-drinkware.com\/wp-content\/uploads\/2022\/11\/2021-07-12-15-00-084-600x600.webp 600w, https:\/\/eco-drinkware.com\/wp-content\/uploads\/2022\/11\/2021-07-12-15-00-084-100x100.webp 100w\" sizes=\"auto, (max-width: 1000px) 100vw, 1000px\" \/><\/figure>\n\n\n\n<figure class=\"wp-block-image size-full\"><img loading=\"lazy\" decoding=\"async\" width=\"1000\" height=\"1000\" src=\"https:\/\/eco-drinkware.com\/wp-content\/uploads\/2022\/11\/2021-07-12-15-03-574.webp\" alt=\"\" class=\"wp-image-912\" srcset=\"https:\/\/eco-drinkware.com\/wp-content\/uploads\/2022\/11\/2021-07-12-15-03-574.webp 1000w, https:\/\/eco-drinkware.com\/wp-content\/uploads\/2022\/11\/2021-07-12-15-03-574-300x300.webp 300w, https:\/\/eco-drinkware.com\/wp-content\/uploads\/2022\/11\/2021-07-12-15-03-574-150x150.webp 150w, https:\/\/eco-drinkware.com\/wp-content\/uploads\/2022\/11\/2021-07-12-15-03-574-768x768.webp 768w, https:\/\/eco-drinkware.com\/wp-content\/uploads\/2022\/11\/2021-07-12-15-03-574-600x600.webp 600w, https:\/\/eco-drinkware.com\/wp-content\/uploads\/2022\/11\/2021-07-12-15-03-574-100x100.webp 100w\" sizes=\"auto, (max-width: 1000px) 100vw, 1000px\" \/><\/figure>\n\n\n\n<figure class=\"wp-block-image size-full\"><img loading=\"lazy\" decoding=\"async\" width=\"1000\" height=\"1000\" src=\"https:\/\/eco-drinkware.com\/wp-content\/uploads\/2022\/11\/2021-07-12-15-05-074.webp\" alt=\"\" class=\"wp-image-913\" srcset=\"https:\/\/eco-drinkware.com\/wp-content\/uploads\/2022\/11\/2021-07-12-15-05-074.webp 1000w, https:\/\/eco-drinkware.com\/wp-content\/uploads\/2022\/11\/2021-07-12-15-05-074-300x300.webp 300w, https:\/\/eco-drinkware.com\/wp-content\/uploads\/2022\/11\/2021-07-12-15-05-074-150x150.webp 150w, https:\/\/eco-drinkware.com\/wp-content\/uploads\/2022\/11\/2021-07-12-15-05-074-768x768.webp 768w, https:\/\/eco-drinkware.com\/wp-content\/uploads\/2022\/11\/2021-07-12-15-05-074-600x600.webp 600w, https:\/\/eco-drinkware.com\/wp-content\/uploads\/2022\/11\/2021-07-12-15-05-074-100x100.webp 100w\" sizes=\"auto, (max-width: 1000px) 100vw, 1000px\" \/><\/figure>","protected":false},"excerpt":{"rendered":"<p>Doppelwandig isoliert, mit 304 lebensmittelechtem Edelstahl innen und au\u00dfen, Holzgriff. Benutzerdefinierte Farbe, Logo, Paket sind willkommen!<\/p>","protected":false},"featured_media":914,"template":"","meta":{"_acf_changed":false,"_seopress_robots_primary_cat":"","_seopress_titles_title":"","_seopress_titles_desc":"","_seopress_robots_index":"","_uag_custom_page_level_css":""},"product_brand":[],"product_cat":[54],"product_tag":[],"class_list":{"0":"post-542","1":"product","2":"type-product","3":"status-publish","4":"has-post-thumbnail","6":"product_cat-tea-bottle-coffee-tumblers","8":"first","9":"instock","10":"shipping-taxable","11":"product-type-simple"},"acf":[],"uagb_featured_image_src":{"full":["https:\/\/eco-drinkware.com\/wp-content\/uploads\/2022\/11\/94_0.webp",1000,1000,false],"thumbnail":["https:\/\/eco-drinkware.com\/wp-content\/uploads\/2022\/11\/94_0-150x150.webp",150,150,true],"medium":["https:\/\/eco-drinkware.com\/wp-content\/uploads\/2022\/11\/94_0-300x300.webp",300,300,true],"medium_large":["https:\/\/eco-drinkware.com\/wp-content\/uploads\/2022\/11\/94_0-768x768.webp",768,768,true],"large":["https:\/\/eco-drinkware.com\/wp-content\/uploads\/2022\/11\/94_0.webp",1000,1000,false],"1536x1536":["https:\/\/eco-drinkware.com\/wp-content\/uploads\/2022\/11\/94_0.webp",1000,1000,false],"2048x2048":["https:\/\/eco-drinkware.com\/wp-content\/uploads\/2022\/11\/94_0.webp",1000,1000,false],"trp-custom-language-flag":["https:\/\/eco-drinkware.com\/wp-content\/uploads\/2022\/11\/94_0.webp",12,12,false],"woocommerce_thumbnail":["https:\/\/eco-drinkware.com\/wp-content\/uploads\/2022\/11\/94_0-300x300.webp",300,300,true],"woocommerce_single":["https:\/\/eco-drinkware.com\/wp-content\/uploads\/2022\/11\/94_0-600x600.webp",600,600,true],"woocommerce_gallery_thumbnail":["https:\/\/eco-drinkware.com\/wp-content\/uploads\/2022\/11\/94_0-100x100.webp",100,100,true]},"uagb_author_info":{"display_name":"Amy","author_link":"https:\/\/eco-drinkware.com\/de\/author\/"},"uagb_comment_info":0,"uagb_excerpt":"Double wall insulated, with 304 food-grade stainless steel inner and outer, wooden handle. Custom color, logo, package are welcome!","_links":{"self":[{"href":"https:\/\/eco-drinkware.com\/de\/wp-json\/wp\/v2\/product\/542","targetHints":{"allow":["GET"]}}],"collection":[{"href":"https:\/\/eco-drinkware.com\/de\/wp-json\/wp\/v2\/product"}],"about":[{"href":"https:\/\/eco-drinkware.com\/de\/wp-json\/wp\/v2\/types\/product"}],"wp:featuredmedia":[{"embeddable":true,"href":"https:\/\/eco-drinkware.com\/de\/wp-json\/wp\/v2\/media\/914"}],"wp:attachment":[{"href":"https:\/\/eco-drinkware.com\/de\/wp-json\/wp\/v2\/media?parent=542"}],"wp:term":[{"taxonomy":"product_brand","embeddable":true,"href":"https:\/\/eco-drinkware.com\/de\/wp-json\/wp\/v2\/product_brand?post=542"},{"taxonomy":"product_cat","embeddable":true,"href":"https:\/\/eco-drinkware.com\/de\/wp-json\/wp\/v2\/product_cat?post=542"},{"taxonomy":"product_tag","embeddable":true,"href":"https:\/\/eco-drinkware.com\/de\/wp-json\/wp\/v2\/product_tag?post=542"}],"curies":[{"name":"wp","href":"https:\/\/api.w.org\/{rel}","templated":true}]}}