{"id":550,"date":"2022-11-03T16:02:47","date_gmt":"2022-11-03T16:02:47","guid":{"rendered":"https:\/\/eco-drinkware.com\/?post_type=product&#038;p=550"},"modified":"2022-11-04T09:43:04","modified_gmt":"2022-11-04T09:43:04","slug":"88-umweltfreundliches-vakuumisoliertes-suppenglas-aus-edelstahl-lebensmittel-thermobehalter-kindersuppenglas-88","status":"publish","type":"product","link":"https:\/\/eco-drinkware.com\/de\/product\/88-umweltfreundliches-vakuumisoliertes-suppenglas-aus-edelstahl-lebensmittel-thermobehalter-kindersuppenglas-88\/","title":{"rendered":"Umweltfreundlicher vakuumisolierter Suppenbeh\u00e4lter aus Edelstahl, Kinder-Suppenbeh\u00e4lter"},"content":{"rendered":"<p>Wir sind f\u00fchrender Hersteller f\u00fcr doppelwandige Glasflaschen, Colaflaschen aus Edelstahl, doppelwandige Teeflaschen, 500ml doppelwandige Glasflaschen, Teeflaschen, Teeflaschen, Glasflaschen mit Bambusdeckel, Bambusflaschen, Bambusthermoskannen, Bambusbecher, Kaffeebecher, Kaffeetassen, Kaffeegeschirr, doppelwandige Becher mit Strohhalm, Thermoskannen, Sportflaschen, doppelwandige Vakuumflaschen mit Bambusdeckel \u2665.<\/p>\n\n\n\n<figure class=\"wp-block-table\"><table><tbody><tr><td>Name<\/td><td>GF002 450ML Vorr\u00e4tig 450ml Vakuumflasche<\/td><\/tr><tr><td>Material<\/td><td>Innen aus Edelstahl 304, au\u00dfen aus Edelstahl 201<\/td><\/tr><tr><td>Kapazit\u00e4t<\/td><td>450ml<\/td><\/tr><tr><td>Farbe<\/td><td>Kundenspezifisch<\/td><\/tr><tr><td>Drucken<\/td><td>Seidendruck, W\u00e4rme\u00fcbertragung, Wasser\u00fcbertragungsdruck und so weiter<\/td><\/tr><tr><td>Logo<\/td><td>Kundenspezifisch<\/td><\/tr><tr><td>MOQ<\/td><td>500 St\u00fcck<\/td><\/tr><tr><td>Probezeit<\/td><td>5-8 Tage<\/td><\/tr><tr><td>Einzelheiten zur Verpackung<\/td><td>1PC\/OPP, Eierkistenverpackung, farbige Schachtel, Zylinder, wei\u00dfe Schachtel, 20PCS\/CTN<\/td><\/tr><tr><td>Zahlungsfrist<\/td><td>30% Anzahlung, der Restbetrag vor dem Versand<\/td><\/tr><\/tbody><\/table><\/figure>\n\n\n\n<figure class=\"wp-block-image size-full\"><img loading=\"lazy\" decoding=\"async\" width=\"1000\" height=\"1000\" src=\"https:\/\/eco-drinkware.com\/wp-content\/uploads\/2022\/11\/H55c4d508c1cf4265bf437d358e1fa7c6I.jpg_.webp\" alt=\"\" class=\"wp-image-953\" srcset=\"https:\/\/eco-drinkware.com\/wp-content\/uploads\/2022\/11\/H55c4d508c1cf4265bf437d358e1fa7c6I.jpg_.webp 1000w, https:\/\/eco-drinkware.com\/wp-content\/uploads\/2022\/11\/H55c4d508c1cf4265bf437d358e1fa7c6I.jpg_-300x300.webp 300w, https:\/\/eco-drinkware.com\/wp-content\/uploads\/2022\/11\/H55c4d508c1cf4265bf437d358e1fa7c6I.jpg_-150x150.webp 150w, https:\/\/eco-drinkware.com\/wp-content\/uploads\/2022\/11\/H55c4d508c1cf4265bf437d358e1fa7c6I.jpg_-768x768.webp 768w, https:\/\/eco-drinkware.com\/wp-content\/uploads\/2022\/11\/H55c4d508c1cf4265bf437d358e1fa7c6I.jpg_-600x600.webp 600w, https:\/\/eco-drinkware.com\/wp-content\/uploads\/2022\/11\/H55c4d508c1cf4265bf437d358e1fa7c6I.jpg_-100x100.webp 100w\" sizes=\"auto, (max-width: 1000px) 100vw, 1000px\" \/><\/figure>\n\n\n\n<figure class=\"wp-block-image size-full\"><img loading=\"lazy\" decoding=\"async\" width=\"1000\" height=\"1000\" src=\"https:\/\/eco-drinkware.com\/wp-content\/uploads\/2022\/11\/Hae18480483574918bcf43f8ba11236c41.jpg_.webp\" alt=\"\" class=\"wp-image-946\" srcset=\"https:\/\/eco-drinkware.com\/wp-content\/uploads\/2022\/11\/Hae18480483574918bcf43f8ba11236c41.jpg_.webp 1000w, https:\/\/eco-drinkware.com\/wp-content\/uploads\/2022\/11\/Hae18480483574918bcf43f8ba11236c41.jpg_-300x300.webp 300w, https:\/\/eco-drinkware.com\/wp-content\/uploads\/2022\/11\/Hae18480483574918bcf43f8ba11236c41.jpg_-150x150.webp 150w, https:\/\/eco-drinkware.com\/wp-content\/uploads\/2022\/11\/Hae18480483574918bcf43f8ba11236c41.jpg_-768x768.webp 768w, https:\/\/eco-drinkware.com\/wp-content\/uploads\/2022\/11\/Hae18480483574918bcf43f8ba11236c41.jpg_-600x600.webp 600w, https:\/\/eco-drinkware.com\/wp-content\/uploads\/2022\/11\/Hae18480483574918bcf43f8ba11236c41.jpg_-100x100.webp 100w\" sizes=\"auto, (max-width: 1000px) 100vw, 1000px\" \/><\/figure>\n\n\n\n<figure class=\"wp-block-image size-full\"><img loading=\"lazy\" decoding=\"async\" width=\"1000\" height=\"1000\" src=\"https:\/\/eco-drinkware.com\/wp-content\/uploads\/2022\/11\/H3e1367e10532483492db5946e9ca7c04e.jpg_.webp\" alt=\"\" class=\"wp-image-952\" srcset=\"https:\/\/eco-drinkware.com\/wp-content\/uploads\/2022\/11\/H3e1367e10532483492db5946e9ca7c04e.jpg_.webp 1000w, https:\/\/eco-drinkware.com\/wp-content\/uploads\/2022\/11\/H3e1367e10532483492db5946e9ca7c04e.jpg_-300x300.webp 300w, https:\/\/eco-drinkware.com\/wp-content\/uploads\/2022\/11\/H3e1367e10532483492db5946e9ca7c04e.jpg_-150x150.webp 150w, https:\/\/eco-drinkware.com\/wp-content\/uploads\/2022\/11\/H3e1367e10532483492db5946e9ca7c04e.jpg_-768x768.webp 768w, https:\/\/eco-drinkware.com\/wp-content\/uploads\/2022\/11\/H3e1367e10532483492db5946e9ca7c04e.jpg_-600x600.webp 600w, https:\/\/eco-drinkware.com\/wp-content\/uploads\/2022\/11\/H3e1367e10532483492db5946e9ca7c04e.jpg_-100x100.webp 100w\" sizes=\"auto, (max-width: 1000px) 100vw, 1000px\" \/><\/figure>\n\n\n\n<figure class=\"wp-block-image size-full\"><img loading=\"lazy\" decoding=\"async\" width=\"1000\" height=\"1000\" src=\"https:\/\/eco-drinkware.com\/wp-content\/uploads\/2022\/11\/H340f77c1e7954ca59c345ea0bff719c6l.jpg_.webp\" alt=\"\" class=\"wp-image-954\" srcset=\"https:\/\/eco-drinkware.com\/wp-content\/uploads\/2022\/11\/H340f77c1e7954ca59c345ea0bff719c6l.jpg_.webp 1000w, https:\/\/eco-drinkware.com\/wp-content\/uploads\/2022\/11\/H340f77c1e7954ca59c345ea0bff719c6l.jpg_-300x300.webp 300w, https:\/\/eco-drinkware.com\/wp-content\/uploads\/2022\/11\/H340f77c1e7954ca59c345ea0bff719c6l.jpg_-150x150.webp 150w, https:\/\/eco-drinkware.com\/wp-content\/uploads\/2022\/11\/H340f77c1e7954ca59c345ea0bff719c6l.jpg_-768x768.webp 768w, https:\/\/eco-drinkware.com\/wp-content\/uploads\/2022\/11\/H340f77c1e7954ca59c345ea0bff719c6l.jpg_-600x600.webp 600w, https:\/\/eco-drinkware.com\/wp-content\/uploads\/2022\/11\/H340f77c1e7954ca59c345ea0bff719c6l.jpg_-100x100.webp 100w\" sizes=\"auto, (max-width: 1000px) 100vw, 1000px\" \/><\/figure>\n\n\n\n<figure class=\"wp-block-image size-full\"><img loading=\"lazy\" decoding=\"async\" width=\"750\" height=\"777\" src=\"https:\/\/eco-drinkware.com\/wp-content\/uploads\/2022\/11\/HTB1RxS4CWSWBuNjSsrbq6y0mVXaS.jpg_.webp\" alt=\"\" class=\"wp-image-949\" srcset=\"https:\/\/eco-drinkware.com\/wp-content\/uploads\/2022\/11\/HTB1RxS4CWSWBuNjSsrbq6y0mVXaS.jpg_.webp 750w, https:\/\/eco-drinkware.com\/wp-content\/uploads\/2022\/11\/HTB1RxS4CWSWBuNjSsrbq6y0mVXaS.jpg_-290x300.webp 290w, https:\/\/eco-drinkware.com\/wp-content\/uploads\/2022\/11\/HTB1RxS4CWSWBuNjSsrbq6y0mVXaS.jpg_-145x150.webp 145w, https:\/\/eco-drinkware.com\/wp-content\/uploads\/2022\/11\/HTB1RxS4CWSWBuNjSsrbq6y0mVXaS.jpg_-600x622.webp 600w\" sizes=\"auto, (max-width: 750px) 100vw, 750px\" \/><\/figure>\n\n\n\n<figure class=\"wp-block-image size-full\"><img loading=\"lazy\" decoding=\"async\" width=\"750\" height=\"946\" src=\"https:\/\/eco-drinkware.com\/wp-content\/uploads\/2022\/11\/HTB1fpEnCYSYBuNjSspiq6xNzpXaG.jpg_.webp\" alt=\"\" class=\"wp-image-948\" srcset=\"https:\/\/eco-drinkware.com\/wp-content\/uploads\/2022\/11\/HTB1fpEnCYSYBuNjSspiq6xNzpXaG.jpg_.webp 750w, https:\/\/eco-drinkware.com\/wp-content\/uploads\/2022\/11\/HTB1fpEnCYSYBuNjSspiq6xNzpXaG.jpg_-238x300.webp 238w, https:\/\/eco-drinkware.com\/wp-content\/uploads\/2022\/11\/HTB1fpEnCYSYBuNjSspiq6xNzpXaG.jpg_-119x150.webp 119w, https:\/\/eco-drinkware.com\/wp-content\/uploads\/2022\/11\/HTB1fpEnCYSYBuNjSspiq6xNzpXaG.jpg_-600x757.webp 600w\" sizes=\"auto, (max-width: 750px) 100vw, 750px\" \/><\/figure>\n\n\n\n<p><strong>F: Sind Sie ein Handelsunternehmen oder ein Hersteller?\u00a0<\/strong><br>A: Wir sind eine Fabrik.<\/p>\n\n\n\n<p><strong>F: Wie lange ist Ihre Lieferzeit?<\/strong><br>A: Im Allgemeinen ist es 5-10 Tage, wenn die Waren auf Lager sind. oder es ist 15-20 Tage, wenn die Waren nicht auf Lager sind, ist es je nach Menge.<\/p>\n\n\n\n<p><strong>F: Bieten Sie Muster an? Ist das kostenlos oder extra?<\/strong><br>A: Ja, wir k\u00f6nnen das Muster kostenlos anbieten, zahlen aber nicht die Frachtkosten.<\/p>\n\n\n\n<p><strong>Q: Wie lauten Ihre Zahlungsbedingungen?<\/strong><br>A: Zahlung=1000USD, 30% T\/T im Voraus, Balance vor shippment.<\/p>\n\n\n\n<figure class=\"wp-block-image size-full\"><img loading=\"lazy\" decoding=\"async\" width=\"750\" height=\"494\" src=\"https:\/\/eco-drinkware.com\/wp-content\/uploads\/2022\/11\/HTB1aQ7LC49YBuNjy0Ffq6xIsVXaQ.jpg_.webp\" alt=\"\" class=\"wp-image-947\" srcset=\"https:\/\/eco-drinkware.com\/wp-content\/uploads\/2022\/11\/HTB1aQ7LC49YBuNjy0Ffq6xIsVXaQ.jpg_.webp 750w, https:\/\/eco-drinkware.com\/wp-content\/uploads\/2022\/11\/HTB1aQ7LC49YBuNjy0Ffq6xIsVXaQ.jpg_-300x198.webp 300w, https:\/\/eco-drinkware.com\/wp-content\/uploads\/2022\/11\/HTB1aQ7LC49YBuNjy0Ffq6xIsVXaQ.jpg_-150x99.webp 150w, https:\/\/eco-drinkware.com\/wp-content\/uploads\/2022\/11\/HTB1aQ7LC49YBuNjy0Ffq6xIsVXaQ.jpg_-600x395.webp 600w\" sizes=\"auto, (max-width: 750px) 100vw, 750px\" \/><\/figure>\n\n\n\n<p>Jetzt handeln Kontaktieren Sie uns f\u00fcr den GESAMTEN KATALOG<\/p>\n\n\n\n<p>MEHR ALS 30000 DESIGNS WARTEN AUF SIE.<\/p>\n\n\n\n<p>BITTE KONTAKTIEREN SIE UNS F\u00dcR DEN GESAMTEN KATALOG.<\/p>\n\n\n\n<p>VERTRAUEN SIE DARAUF, DASS IHNEN UNSERE DESIGNS UND PREISE GEFALLEN WERDEN.<\/p>\n\n\n\n<p>WHATSAPP : 008613567428830<\/p>\n\n\n\n<p>Wenn Sie ein kostenloses Muster ben\u00f6tigen, klicken Sie bitte unten auf \"Senden\".<\/p>","protected":false},"excerpt":{"rendered":"<p>Mit 15 Jahren Erfahrung in der Flaschenproduktion haben wir OEM- und ODM-Arbeiten f\u00fcr viele ber\u00fchmte Marken in der ganzen Welt durchgef\u00fchrt. Hauptproduktionslinie ist Tee Infuser Flasche, Kaffee Becher, Thermoskanne. Qualit\u00e4t ist unsere Kultur. Unsere Mission ist es, die Erde sauberer und bet<\/p>","protected":false},"featured_media":950,"template":"","meta":{"_acf_changed":false,"_seopress_robots_primary_cat":"","_seopress_titles_title":"","_seopress_titles_desc":"","_seopress_robots_index":"","_uag_custom_page_level_css":""},"product_brand":[],"product_cat":[15],"product_tag":[],"class_list":{"0":"post-550","1":"product","2":"type-product","3":"status-publish","4":"has-post-thumbnail","6":"product_cat-drinkware-accessories","8":"first","9":"instock","10":"shipping-taxable","11":"product-type-simple"},"acf":[],"uagb_featured_image_src":{"full":["https:\/\/eco-drinkware.com\/wp-content\/uploads\/2022\/11\/88_0.webp",1000,1000,false],"thumbnail":["https:\/\/eco-drinkware.com\/wp-content\/uploads\/2022\/11\/88_0-150x150.webp",150,150,true],"medium":["https:\/\/eco-drinkware.com\/wp-content\/uploads\/2022\/11\/88_0-300x300.webp",300,300,true],"medium_large":["https:\/\/eco-drinkware.com\/wp-content\/uploads\/2022\/11\/88_0-768x768.webp",768,768,true],"large":["https:\/\/eco-drinkware.com\/wp-content\/uploads\/2022\/11\/88_0.webp",1000,1000,false],"1536x1536":["https:\/\/eco-drinkware.com\/wp-content\/uploads\/2022\/11\/88_0.webp",1000,1000,false],"2048x2048":["https:\/\/eco-drinkware.com\/wp-content\/uploads\/2022\/11\/88_0.webp",1000,1000,false],"trp-custom-language-flag":["https:\/\/eco-drinkware.com\/wp-content\/uploads\/2022\/11\/88_0.webp",12,12,false],"woocommerce_thumbnail":["https:\/\/eco-drinkware.com\/wp-content\/uploads\/2022\/11\/88_0-300x300.webp",300,300,true],"woocommerce_single":["https:\/\/eco-drinkware.com\/wp-content\/uploads\/2022\/11\/88_0-600x600.webp",600,600,true],"woocommerce_gallery_thumbnail":["https:\/\/eco-drinkware.com\/wp-content\/uploads\/2022\/11\/88_0-100x100.webp",100,100,true]},"uagb_author_info":{"display_name":"Amy","author_link":"https:\/\/eco-drinkware.com\/de\/author\/"},"uagb_comment_info":0,"uagb_excerpt":"With 15 years bottle production experience ,have done OEM and ODM work for many famous brand all over the world . Main production line is tea infuser bottle ,coffee tumbler , thermos . Quality is our culture . Our mission is make the earth cleaner and bet","_links":{"self":[{"href":"https:\/\/eco-drinkware.com\/de\/wp-json\/wp\/v2\/product\/550","targetHints":{"allow":["GET"]}}],"collection":[{"href":"https:\/\/eco-drinkware.com\/de\/wp-json\/wp\/v2\/product"}],"about":[{"href":"https:\/\/eco-drinkware.com\/de\/wp-json\/wp\/v2\/types\/product"}],"wp:featuredmedia":[{"embeddable":true,"href":"https:\/\/eco-drinkware.com\/de\/wp-json\/wp\/v2\/media\/950"}],"wp:attachment":[{"href":"https:\/\/eco-drinkware.com\/de\/wp-json\/wp\/v2\/media?parent=550"}],"wp:term":[{"taxonomy":"product_brand","embeddable":true,"href":"https:\/\/eco-drinkware.com\/de\/wp-json\/wp\/v2\/product_brand?post=550"},{"taxonomy":"product_cat","embeddable":true,"href":"https:\/\/eco-drinkware.com\/de\/wp-json\/wp\/v2\/product_cat?post=550"},{"taxonomy":"product_tag","embeddable":true,"href":"https:\/\/eco-drinkware.com\/de\/wp-json\/wp\/v2\/product_tag?post=550"}],"curies":[{"name":"wp","href":"https:\/\/api.w.org\/{rel}","templated":true}]}}