{"id":570,"date":"2022-11-03T16:02:38","date_gmt":"2022-11-03T16:02:38","guid":{"rendered":"https:\/\/eco-drinkware.com\/?post_type=product&#038;p=570"},"modified":"2022-11-04T10:00:46","modified_gmt":"2022-11-04T10:00:46","slug":"84-gs002-kein-minimum-500ml-188-edelstahl-einwandig-sport-bambusdeckel-wasserflaschen-rostfrei-84","status":"publish","type":"product","link":"https:\/\/eco-drinkware.com\/de\/product\/84-gs002-kein-minimum-500ml-188-edelstahl-einwandig-sport-bambusdeckel-wasserflaschen-rostfrei-84\/","title":{"rendered":"GS002 500ml einwandige Sportflasche aus 18\/8 Edelstahl mit Bambusdeckel"},"content":{"rendered":"<p>Wir sind f\u00fchrender Hersteller f\u00fcr doppelwandige Glasflaschen, doppelwandige Teeflaschen, 500ml doppelwandige Glasflaschen, Teeflaschen, Teeflaschen zum Aufgie\u00dfen, Glasflaschen mit Bambusdeckel, Bambusflaschen, Bambusthermoskannen, Bambusbecher, Kaffeebecher, Kaffeetassen, Kaffeegeschirr, doppelwandige Becher mit passendem Strohhalm, Thermoskannen, Sportflaschen, doppelwandige Vakuumflaschen mit Bambusdeckel \u2665.<\/p>\n\n\n\n<p><\/p>\n\n\n\n<figure class=\"wp-block-image size-full\"><img loading=\"lazy\" decoding=\"async\" width=\"1000\" height=\"1000\" src=\"https:\/\/eco-drinkware.com\/wp-content\/uploads\/2022\/11\/HTB1onu5ARmWBuNkSndVq6AsApXan.jpg_-1.webp\" alt=\"\" class=\"wp-image-989\" srcset=\"https:\/\/eco-drinkware.com\/wp-content\/uploads\/2022\/11\/HTB1onu5ARmWBuNkSndVq6AsApXan.jpg_-1.webp 1000w, https:\/\/eco-drinkware.com\/wp-content\/uploads\/2022\/11\/HTB1onu5ARmWBuNkSndVq6AsApXan.jpg_-1-300x300.webp 300w, https:\/\/eco-drinkware.com\/wp-content\/uploads\/2022\/11\/HTB1onu5ARmWBuNkSndVq6AsApXan.jpg_-1-150x150.webp 150w, https:\/\/eco-drinkware.com\/wp-content\/uploads\/2022\/11\/HTB1onu5ARmWBuNkSndVq6AsApXan.jpg_-1-768x768.webp 768w, https:\/\/eco-drinkware.com\/wp-content\/uploads\/2022\/11\/HTB1onu5ARmWBuNkSndVq6AsApXan.jpg_-1-600x600.webp 600w, https:\/\/eco-drinkware.com\/wp-content\/uploads\/2022\/11\/HTB1onu5ARmWBuNkSndVq6AsApXan.jpg_-1-100x100.webp 100w\" sizes=\"auto, (max-width: 1000px) 100vw, 1000px\" \/><\/figure>\n\n\n\n<figure class=\"wp-block-image size-full\"><img loading=\"lazy\" decoding=\"async\" width=\"800\" height=\"800\" src=\"https:\/\/eco-drinkware.com\/wp-content\/uploads\/2022\/11\/HTB1vxJ1nwDD8KJjy0Fdq6AjvXXah.jpg_-1.webp\" alt=\"\" class=\"wp-image-990\" srcset=\"https:\/\/eco-drinkware.com\/wp-content\/uploads\/2022\/11\/HTB1vxJ1nwDD8KJjy0Fdq6AjvXXah.jpg_-1.webp 800w, https:\/\/eco-drinkware.com\/wp-content\/uploads\/2022\/11\/HTB1vxJ1nwDD8KJjy0Fdq6AjvXXah.jpg_-1-300x300.webp 300w, https:\/\/eco-drinkware.com\/wp-content\/uploads\/2022\/11\/HTB1vxJ1nwDD8KJjy0Fdq6AjvXXah.jpg_-1-150x150.webp 150w, https:\/\/eco-drinkware.com\/wp-content\/uploads\/2022\/11\/HTB1vxJ1nwDD8KJjy0Fdq6AjvXXah.jpg_-1-768x768.webp 768w, https:\/\/eco-drinkware.com\/wp-content\/uploads\/2022\/11\/HTB1vxJ1nwDD8KJjy0Fdq6AjvXXah.jpg_-1-600x600.webp 600w, https:\/\/eco-drinkware.com\/wp-content\/uploads\/2022\/11\/HTB1vxJ1nwDD8KJjy0Fdq6AjvXXah.jpg_-1-100x100.webp 100w\" sizes=\"auto, (max-width: 800px) 100vw, 800px\" \/><\/figure>\n\n\n\n<figure class=\"wp-block-image size-full\"><img loading=\"lazy\" decoding=\"async\" width=\"800\" height=\"800\" src=\"https:\/\/eco-drinkware.com\/wp-content\/uploads\/2022\/11\/HTB1SG4cakOWBuNjSsppq6xPgpXaj.jpg_-1.webp\" alt=\"\" class=\"wp-image-991\" srcset=\"https:\/\/eco-drinkware.com\/wp-content\/uploads\/2022\/11\/HTB1SG4cakOWBuNjSsppq6xPgpXaj.jpg_-1.webp 800w, https:\/\/eco-drinkware.com\/wp-content\/uploads\/2022\/11\/HTB1SG4cakOWBuNjSsppq6xPgpXaj.jpg_-1-300x300.webp 300w, https:\/\/eco-drinkware.com\/wp-content\/uploads\/2022\/11\/HTB1SG4cakOWBuNjSsppq6xPgpXaj.jpg_-1-150x150.webp 150w, https:\/\/eco-drinkware.com\/wp-content\/uploads\/2022\/11\/HTB1SG4cakOWBuNjSsppq6xPgpXaj.jpg_-1-768x768.webp 768w, https:\/\/eco-drinkware.com\/wp-content\/uploads\/2022\/11\/HTB1SG4cakOWBuNjSsppq6xPgpXaj.jpg_-1-600x600.webp 600w, https:\/\/eco-drinkware.com\/wp-content\/uploads\/2022\/11\/HTB1SG4cakOWBuNjSsppq6xPgpXaj.jpg_-1-100x100.webp 100w\" sizes=\"auto, (max-width: 800px) 100vw, 800px\" \/><\/figure>\n\n\n\n<figure class=\"wp-block-image size-full is-resized\"><img loading=\"lazy\" decoding=\"async\" src=\"https:\/\/eco-drinkware.com\/wp-content\/uploads\/2022\/11\/HTB1sqzOkyMnBKNjSZFzq6A_qVXaw.jpg_.webp\" alt=\"\" class=\"wp-image-970\" width=\"750\" height=\"1065\" srcset=\"https:\/\/eco-drinkware.com\/wp-content\/uploads\/2022\/11\/HTB1sqzOkyMnBKNjSZFzq6A_qVXaw.jpg_.webp 750w, https:\/\/eco-drinkware.com\/wp-content\/uploads\/2022\/11\/HTB1sqzOkyMnBKNjSZFzq6A_qVXaw.jpg_-211x300.webp 211w, https:\/\/eco-drinkware.com\/wp-content\/uploads\/2022\/11\/HTB1sqzOkyMnBKNjSZFzq6A_qVXaw.jpg_-106x150.webp 106w, https:\/\/eco-drinkware.com\/wp-content\/uploads\/2022\/11\/HTB1sqzOkyMnBKNjSZFzq6A_qVXaw.jpg_-600x852.webp 600w\" sizes=\"auto, (max-width: 750px) 100vw, 750px\" \/><\/figure>\n\n\n\n<p><strong>F: Sind Sie ein Handelsunternehmen oder ein Hersteller? <\/strong><br>A: Wir sind eine Fabrik.<\/p>\n\n\n\n<p><strong>F: Wie lange ist Ihre Lieferzeit?<\/strong><br>A: Im Allgemeinen ist es 5-10 Tage, wenn die Waren auf Lager sind. oder es ist 15-20 Tage, wenn die Waren nicht auf Lager sind, ist es je nach Menge.<\/p>\n\n\n\n<p><strong>F: Bieten Sie Muster an? Ist das kostenlos oder extra?<\/strong><br>A: Ja, wir k\u00f6nnen das Muster kostenlos anbieten, zahlen aber nicht die Frachtkosten.<\/p>\n\n\n\n<p><strong>Q: Wie lauten Ihre Zahlungsbedingungen?<\/strong><br>A: Zahlung=1000USD, 30% T\/T im Voraus, Balance vor shippment.<\/p>\n\n\n\n<p><strong>F: \u00dcber das Logo<\/strong><br>A: Logo auf der Glasflasche: Aufkleber MOQ ist 200 St\u00fcck<\/p>\n\n\n\n<p>    Logo auf dem Bambusdeckel: Lasergravur NO MOQ<\/p>\n\n\n\n<p>    Edelstahlflasche: Seidendruck Laser: keine MOQ<\/p>\n\n\n\n<p>    Logo einrichten Geb\u00fchr: usd50 f\u00fcr 1colour 1 Standort Logo laufen Kosten: USD0.2 f\u00fcr 1colour 1 Standort<\/p>\n\n\n\n<p><strong>F: Ist das Material BPA-frei?<\/strong><br>A: Ja, alles ist aus umweltfreundlichem Material hergestellt. Okay, um FDA und LFGB Pr\u00fcfung passieren. Seien Sie freundlich zur Erde ist unser Glaube.<\/p>\n\n\n\n<p><strong>F: Wie k\u00f6nnen Sie die Sicherheit beim Kauf gew\u00e4hrleisten?<\/strong><br>A: Wir haben offiziellen Vertrag und Bedingungen, um die Sicherheit zu gew\u00e4hrleisten, unterst\u00fctzen auch die Paypal, Western Union und Treuhandauftrag. Keine Sorgen.<\/p>\n\n\n\n<p><strong>Q:Wie ist das Paket? Kann ich benutzerdefinierte Paket haben?<\/strong><br>A: Ja, einfach zu tun, benutzerdefinierte Paket, wird Ihnen zeigen, verschiedene Verpackungs Idee.<\/p>\n\n\n\n<figure class=\"wp-block-image size-full\"><img loading=\"lazy\" decoding=\"async\" width=\"750\" height=\"946\" src=\"https:\/\/eco-drinkware.com\/wp-content\/uploads\/2022\/11\/HTB1fpEnCYSYBuNjSspiq6xNzpXaG.jpg_.webp\" alt=\"\" class=\"wp-image-948\" srcset=\"https:\/\/eco-drinkware.com\/wp-content\/uploads\/2022\/11\/HTB1fpEnCYSYBuNjSspiq6xNzpXaG.jpg_.webp 750w, https:\/\/eco-drinkware.com\/wp-content\/uploads\/2022\/11\/HTB1fpEnCYSYBuNjSspiq6xNzpXaG.jpg_-238x300.webp 238w, https:\/\/eco-drinkware.com\/wp-content\/uploads\/2022\/11\/HTB1fpEnCYSYBuNjSspiq6xNzpXaG.jpg_-119x150.webp 119w, https:\/\/eco-drinkware.com\/wp-content\/uploads\/2022\/11\/HTB1fpEnCYSYBuNjSspiq6xNzpXaG.jpg_-600x757.webp 600w\" sizes=\"auto, (max-width: 750px) 100vw, 750px\" \/><\/figure>\n\n\n\n<figure class=\"wp-block-image size-full\"><img loading=\"lazy\" decoding=\"async\" width=\"750\" height=\"777\" src=\"https:\/\/eco-drinkware.com\/wp-content\/uploads\/2022\/11\/HTB1RxS4CWSWBuNjSsrbq6y0mVXaS.jpg_.webp\" alt=\"\" class=\"wp-image-949\" srcset=\"https:\/\/eco-drinkware.com\/wp-content\/uploads\/2022\/11\/HTB1RxS4CWSWBuNjSsrbq6y0mVXaS.jpg_.webp 750w, https:\/\/eco-drinkware.com\/wp-content\/uploads\/2022\/11\/HTB1RxS4CWSWBuNjSsrbq6y0mVXaS.jpg_-290x300.webp 290w, https:\/\/eco-drinkware.com\/wp-content\/uploads\/2022\/11\/HTB1RxS4CWSWBuNjSsrbq6y0mVXaS.jpg_-145x150.webp 145w, https:\/\/eco-drinkware.com\/wp-content\/uploads\/2022\/11\/HTB1RxS4CWSWBuNjSsrbq6y0mVXaS.jpg_-600x622.webp 600w\" sizes=\"auto, (max-width: 750px) 100vw, 750px\" \/><\/figure>","protected":false},"excerpt":{"rendered":"<p>Mit 15 Jahren Erfahrung in der Flaschenproduktion haben wir OEM- und ODM-Arbeiten f\u00fcr viele ber\u00fchmte Marken in der ganzen Welt durchgef\u00fchrt. Hauptproduktionslinie ist Tee Infuser Flasche, Kaffee Becher, Thermoskanne. Qualit\u00e4t ist unsere Kultur. Unsere Mission ist es, die Erde sauberer und bet<\/p>","protected":false},"featured_media":983,"template":"","meta":{"_acf_changed":false,"_seopress_robots_primary_cat":"","_seopress_titles_title":"","_seopress_titles_desc":"","_seopress_robots_index":"","_uag_custom_page_level_css":""},"product_brand":[],"product_cat":[15],"product_tag":[],"class_list":{"0":"post-570","1":"product","2":"type-product","3":"status-publish","4":"has-post-thumbnail","6":"product_cat-drinkware-accessories","8":"first","9":"instock","10":"shipping-taxable","11":"product-type-simple"},"acf":[],"uagb_featured_image_src":{"full":["https:\/\/eco-drinkware.com\/wp-content\/uploads\/2022\/11\/84_0.webp",800,800,false],"thumbnail":["https:\/\/eco-drinkware.com\/wp-content\/uploads\/2022\/11\/84_0-150x150.webp",150,150,true],"medium":["https:\/\/eco-drinkware.com\/wp-content\/uploads\/2022\/11\/84_0-300x300.webp",300,300,true],"medium_large":["https:\/\/eco-drinkware.com\/wp-content\/uploads\/2022\/11\/84_0-768x768.webp",768,768,true],"large":["https:\/\/eco-drinkware.com\/wp-content\/uploads\/2022\/11\/84_0.webp",800,800,false],"1536x1536":["https:\/\/eco-drinkware.com\/wp-content\/uploads\/2022\/11\/84_0.webp",800,800,false],"2048x2048":["https:\/\/eco-drinkware.com\/wp-content\/uploads\/2022\/11\/84_0.webp",800,800,false],"trp-custom-language-flag":["https:\/\/eco-drinkware.com\/wp-content\/uploads\/2022\/11\/84_0.webp",12,12,false],"woocommerce_thumbnail":["https:\/\/eco-drinkware.com\/wp-content\/uploads\/2022\/11\/84_0-300x300.webp",300,300,true],"woocommerce_single":["https:\/\/eco-drinkware.com\/wp-content\/uploads\/2022\/11\/84_0-600x600.webp",600,600,true],"woocommerce_gallery_thumbnail":["https:\/\/eco-drinkware.com\/wp-content\/uploads\/2022\/11\/84_0-100x100.webp",100,100,true]},"uagb_author_info":{"display_name":"Amy","author_link":"https:\/\/eco-drinkware.com\/de\/author\/"},"uagb_comment_info":0,"uagb_excerpt":"With 15 years bottle production experience ,have done OEM and ODM work for many famous brand all over the world . Main production line is tea infuser bottle ,coffee tumbler , thermos . Quality is our culture . Our mission is make the earth cleaner and bet","_links":{"self":[{"href":"https:\/\/eco-drinkware.com\/de\/wp-json\/wp\/v2\/product\/570","targetHints":{"allow":["GET"]}}],"collection":[{"href":"https:\/\/eco-drinkware.com\/de\/wp-json\/wp\/v2\/product"}],"about":[{"href":"https:\/\/eco-drinkware.com\/de\/wp-json\/wp\/v2\/types\/product"}],"wp:featuredmedia":[{"embeddable":true,"href":"https:\/\/eco-drinkware.com\/de\/wp-json\/wp\/v2\/media\/983"}],"wp:attachment":[{"href":"https:\/\/eco-drinkware.com\/de\/wp-json\/wp\/v2\/media?parent=570"}],"wp:term":[{"taxonomy":"product_brand","embeddable":true,"href":"https:\/\/eco-drinkware.com\/de\/wp-json\/wp\/v2\/product_brand?post=570"},{"taxonomy":"product_cat","embeddable":true,"href":"https:\/\/eco-drinkware.com\/de\/wp-json\/wp\/v2\/product_cat?post=570"},{"taxonomy":"product_tag","embeddable":true,"href":"https:\/\/eco-drinkware.com\/de\/wp-json\/wp\/v2\/product_tag?post=570"}],"curies":[{"name":"wp","href":"https:\/\/api.w.org\/{rel}","templated":true}]}}