{"id":579,"date":"2022-11-03T16:04:45","date_gmt":"2022-11-03T08:04:45","guid":{"rendered":"https:\/\/eco-drinkware.com\/?post_type=product&#038;p=579"},"modified":"2022-12-02T17:55:37","modified_gmt":"2022-12-02T09:55:37","slug":"78-kein-minimum-naturlichen-edelstahl-bambus-vakuumisolierte-infuser-bambus-kaffeebecher-78","status":"publish","type":"product","link":"https:\/\/eco-drinkware.com\/de\/product\/78-kein-minimum-naturlichen-edelstahl-bambus-vakuumisolierte-infuser-bambus-kaffeebecher-78\/","title":{"rendered":"Kein Minimum Nat\u00fcrlicher Edelstahl Bambus Vakuum Isolierte Infuser Bambus Kaffeebecher"},"content":{"rendered":"<figure class=\"wp-block-table\"><table><tbody><tr><td>Name<\/td><td>Gro\u00dfhandel 500ml benutzerdefinierte Logo Thermoskanne Bambus Edelstahl Becher Holzdeckel<\/td><\/tr><tr><td>Material<\/td><td>Bambus\uff0cEdelstahl<\/td><\/tr><tr><td>Kapazit\u00e4t<\/td><td>500ml<\/td><\/tr><tr><td>Farbe<\/td><td>Kundenspezifisch<\/td><\/tr><tr><td>Drucken<\/td><td>Seidendruck, W\u00e4rme\u00fcbertragung, Wasser\u00fcbertragungsdruck und so weiter<\/td><\/tr><tr><td>Logo<\/td><td>Kundenspezifisch<\/td><\/tr><tr><td>MOQ<\/td><td>30 St\u00fcck<\/td><\/tr><tr><td>Probezeit<\/td><td>5-8 Tage<\/td><\/tr><tr><td>Einzelheiten zur Verpackung<\/td><td>1PC\/OPP, Eierkistenverpackung, farbige Schachtel, Zylinder, wei\u00dfe Schachtel, 30PCS\/CTN<\/td><\/tr><tr><td>Zahlungsfrist<\/td><td>30% Anzahlung, der Restbetrag vor dem Versand<\/td><\/tr><\/tbody><\/table><\/figure>\n\n\n\n<figure class=\"wp-block-image size-full\"><img loading=\"lazy\" decoding=\"async\" width=\"800\" height=\"800\" src=\"https:\/\/eco-drinkware.com\/wp-content\/uploads\/2022\/11\/HTB1pCClhFmWBuNjSspdq6zugXXa5.jpg_.webp\" alt=\"\" class=\"wp-image-1038\" srcset=\"https:\/\/eco-drinkware.com\/wp-content\/uploads\/2022\/11\/HTB1pCClhFmWBuNjSspdq6zugXXa5.jpg_.webp 800w, https:\/\/eco-drinkware.com\/wp-content\/uploads\/2022\/11\/HTB1pCClhFmWBuNjSspdq6zugXXa5.jpg_-300x300.webp 300w, https:\/\/eco-drinkware.com\/wp-content\/uploads\/2022\/11\/HTB1pCClhFmWBuNjSspdq6zugXXa5.jpg_-150x150.webp 150w, https:\/\/eco-drinkware.com\/wp-content\/uploads\/2022\/11\/HTB1pCClhFmWBuNjSspdq6zugXXa5.jpg_-768x768.webp 768w, https:\/\/eco-drinkware.com\/wp-content\/uploads\/2022\/11\/HTB1pCClhFmWBuNjSspdq6zugXXa5.jpg_-600x600.webp 600w, https:\/\/eco-drinkware.com\/wp-content\/uploads\/2022\/11\/HTB1pCClhFmWBuNjSspdq6zugXXa5.jpg_-100x100.webp 100w\" sizes=\"auto, (max-width: 800px) 100vw, 800px\" \/><\/figure>\n\n\n\n<figure class=\"wp-block-image size-full\"><img loading=\"lazy\" decoding=\"async\" width=\"734\" height=\"736\" src=\"https:\/\/eco-drinkware.com\/wp-content\/uploads\/2022\/11\/HTB1a57ibVooBKNjSZFPq6xa2XXas.jpg_.webp\" alt=\"\" class=\"wp-image-1039\" srcset=\"https:\/\/eco-drinkware.com\/wp-content\/uploads\/2022\/11\/HTB1a57ibVooBKNjSZFPq6xa2XXas.jpg_.webp 734w, https:\/\/eco-drinkware.com\/wp-content\/uploads\/2022\/11\/HTB1a57ibVooBKNjSZFPq6xa2XXas.jpg_-300x300.webp 300w, https:\/\/eco-drinkware.com\/wp-content\/uploads\/2022\/11\/HTB1a57ibVooBKNjSZFPq6xa2XXas.jpg_-150x150.webp 150w, https:\/\/eco-drinkware.com\/wp-content\/uploads\/2022\/11\/HTB1a57ibVooBKNjSZFPq6xa2XXas.jpg_-600x602.webp 600w, https:\/\/eco-drinkware.com\/wp-content\/uploads\/2022\/11\/HTB1a57ibVooBKNjSZFPq6xa2XXas.jpg_-100x100.webp 100w\" sizes=\"auto, (max-width: 734px) 100vw, 734px\" \/><\/figure>\n\n\n\n<figure class=\"wp-block-image size-full\"><img loading=\"lazy\" decoding=\"async\" width=\"750\" height=\"908\" src=\"https:\/\/eco-drinkware.com\/wp-content\/uploads\/2022\/11\/2019-05-09-16-50-185.jpg\" alt=\"\" class=\"wp-image-1040\" srcset=\"https:\/\/eco-drinkware.com\/wp-content\/uploads\/2022\/11\/2019-05-09-16-50-185.jpg 750w, https:\/\/eco-drinkware.com\/wp-content\/uploads\/2022\/11\/2019-05-09-16-50-185-248x300.jpg 248w, https:\/\/eco-drinkware.com\/wp-content\/uploads\/2022\/11\/2019-05-09-16-50-185-124x150.jpg 124w, https:\/\/eco-drinkware.com\/wp-content\/uploads\/2022\/11\/2019-05-09-16-50-185-600x726.jpg 600w\" sizes=\"auto, (max-width: 750px) 100vw, 750px\" \/><\/figure>\n\n\n\n<figure class=\"wp-block-image size-full\"><img loading=\"lazy\" decoding=\"async\" width=\"750\" height=\"908\" src=\"https:\/\/eco-drinkware.com\/wp-content\/uploads\/2022\/11\/2019-05-09-16-49-436.jpg\" alt=\"\" class=\"wp-image-1041\" srcset=\"https:\/\/eco-drinkware.com\/wp-content\/uploads\/2022\/11\/2019-05-09-16-49-436.jpg 750w, https:\/\/eco-drinkware.com\/wp-content\/uploads\/2022\/11\/2019-05-09-16-49-436-248x300.jpg 248w, https:\/\/eco-drinkware.com\/wp-content\/uploads\/2022\/11\/2019-05-09-16-49-436-124x150.jpg 124w, https:\/\/eco-drinkware.com\/wp-content\/uploads\/2022\/11\/2019-05-09-16-49-436-600x726.jpg 600w\" sizes=\"auto, (max-width: 750px) 100vw, 750px\" \/><\/figure>\n\n\n\n<figure class=\"wp-block-image size-full\"><img loading=\"lazy\" decoding=\"async\" width=\"750\" height=\"760\" src=\"https:\/\/eco-drinkware.com\/wp-content\/uploads\/2022\/11\/2019-05-09-16-51-153.jpg\" alt=\"\" class=\"wp-image-1042\" srcset=\"https:\/\/eco-drinkware.com\/wp-content\/uploads\/2022\/11\/2019-05-09-16-51-153.jpg 750w, https:\/\/eco-drinkware.com\/wp-content\/uploads\/2022\/11\/2019-05-09-16-51-153-296x300.jpg 296w, https:\/\/eco-drinkware.com\/wp-content\/uploads\/2022\/11\/2019-05-09-16-51-153-148x150.jpg 148w, https:\/\/eco-drinkware.com\/wp-content\/uploads\/2022\/11\/2019-05-09-16-51-153-600x608.jpg 600w, https:\/\/eco-drinkware.com\/wp-content\/uploads\/2022\/11\/2019-05-09-16-51-153-100x100.jpg 100w\" sizes=\"auto, (max-width: 750px) 100vw, 750px\" \/><\/figure>","protected":false},"excerpt":{"rendered":"<p>Mit 15 Jahren Erfahrung in der Flaschenproduktion haben wir OEM- und ODM-Arbeiten f\u00fcr viele ber\u00fchmte Marken in der ganzen Welt durchgef\u00fchrt. Hauptproduktionslinie ist Tee Infuser Flasche, Kaffee Becher, Thermoskanne. Qualit\u00e4t ist unsere Kultur. Unsere Mission ist es, die Erde sauberer und besser zu machen.<\/p>","protected":false},"featured_media":1034,"template":"","meta":{"_acf_changed":false,"_seopress_robots_primary_cat":"","_seopress_titles_title":"","_seopress_titles_desc":"","_seopress_robots_index":"","_uag_custom_page_level_css":""},"product_brand":[],"product_cat":[33,34,21,32,40,19,54,24,20],"product_tag":[],"class_list":{"0":"post-579","1":"product","2":"type-product","3":"status-publish","4":"has-post-thumbnail","6":"product_cat-bamboo-flask","7":"product_cat-bamboo-tumbler","8":"product_cat-bamboo-water-bottle","9":"product_cat-insulated-water-bottle","10":"product_cat-stainless-steel-tumbler","11":"product_cat-stainless-steel-water-bottle","12":"product_cat-tea-bottle-coffee-tumblers","13":"product_cat-tumblers-mugs","14":"product_cat-vacuum-flask","16":"first","17":"instock","18":"shipping-taxable","19":"product-type-simple"},"acf":[],"uagb_featured_image_src":{"full":["https:\/\/eco-drinkware.com\/wp-content\/uploads\/2022\/11\/78_0.webp",750,750,false],"thumbnail":["https:\/\/eco-drinkware.com\/wp-content\/uploads\/2022\/11\/78_0-150x150.webp",150,150,true],"medium":["https:\/\/eco-drinkware.com\/wp-content\/uploads\/2022\/11\/78_0-300x300.webp",300,300,true],"medium_large":["https:\/\/eco-drinkware.com\/wp-content\/uploads\/2022\/11\/78_0.webp",750,750,false],"large":["https:\/\/eco-drinkware.com\/wp-content\/uploads\/2022\/11\/78_0.webp",750,750,false],"1536x1536":["https:\/\/eco-drinkware.com\/wp-content\/uploads\/2022\/11\/78_0.webp",750,750,false],"2048x2048":["https:\/\/eco-drinkware.com\/wp-content\/uploads\/2022\/11\/78_0.webp",750,750,false],"trp-custom-language-flag":["https:\/\/eco-drinkware.com\/wp-content\/uploads\/2022\/11\/78_0.webp",12,12,false],"woocommerce_thumbnail":["https:\/\/eco-drinkware.com\/wp-content\/uploads\/2022\/11\/78_0-300x300.webp",300,300,true],"woocommerce_single":["https:\/\/eco-drinkware.com\/wp-content\/uploads\/2022\/11\/78_0-600x600.webp",600,600,true],"woocommerce_gallery_thumbnail":["https:\/\/eco-drinkware.com\/wp-content\/uploads\/2022\/11\/78_0-100x100.webp",100,100,true]},"uagb_author_info":{"display_name":"Amy","author_link":"https:\/\/eco-drinkware.com\/de\/author\/"},"uagb_comment_info":0,"uagb_excerpt":"With 15 years bottle production experience ,have done OEM and ODM work for many famous brand all over the world . Main production line is tea infuser bottle ,coffee tumbler , thermos . Quality is our culture . Our mission is make the earth cleaner and better.","_links":{"self":[{"href":"https:\/\/eco-drinkware.com\/de\/wp-json\/wp\/v2\/product\/579","targetHints":{"allow":["GET"]}}],"collection":[{"href":"https:\/\/eco-drinkware.com\/de\/wp-json\/wp\/v2\/product"}],"about":[{"href":"https:\/\/eco-drinkware.com\/de\/wp-json\/wp\/v2\/types\/product"}],"wp:featuredmedia":[{"embeddable":true,"href":"https:\/\/eco-drinkware.com\/de\/wp-json\/wp\/v2\/media\/1034"}],"wp:attachment":[{"href":"https:\/\/eco-drinkware.com\/de\/wp-json\/wp\/v2\/media?parent=579"}],"wp:term":[{"taxonomy":"product_brand","embeddable":true,"href":"https:\/\/eco-drinkware.com\/de\/wp-json\/wp\/v2\/product_brand?post=579"},{"taxonomy":"product_cat","embeddable":true,"href":"https:\/\/eco-drinkware.com\/de\/wp-json\/wp\/v2\/product_cat?post=579"},{"taxonomy":"product_tag","embeddable":true,"href":"https:\/\/eco-drinkware.com\/de\/wp-json\/wp\/v2\/product_tag?post=579"}],"curies":[{"name":"wp","href":"https:\/\/api.w.org\/{rel}","templated":true}]}}