{"id":631,"date":"2022-11-03T16:15:28","date_gmt":"2022-11-03T08:15:28","guid":{"rendered":"https:\/\/eco-drinkware.com\/?post_type=product&#038;p=631"},"modified":"2022-12-02T18:13:14","modified_gmt":"2022-12-02T10:13:14","slug":"52-benutzerdefinierte-logo-ei-form-doppelte-wand-glasflasche-tee-infuser-52","status":"publish","type":"product","link":"https:\/\/eco-drinkware.com\/de\/product\/52-benutzerdefinierte-logo-ei-form-doppelte-wand-glasflasche-tee-infuser-52\/","title":{"rendered":"Benutzerdefinierte Logo Ei Form doppelte Wand Glasflasche Tee Infuser"},"content":{"rendered":"<ul class=\"wp-block-list\">\n<li>Nein Minimale Bestellmenge<\/li>\n\n\n\n<li>Einfaches Anbringen des eigenen Logos<\/li>\n\n\n\n<li>Kundenspezifisches Paket verf\u00fcgbar<\/li>\n\n\n\n<li>Schnelle Lieferung<\/li>\n\n\n\n<li>Qualit\u00e4t ist unsere Kultur<\/li>\n\n\n\n<li>Volle R\u00fcckerstattung im Falle schlechter Qualit\u00e4t<\/li>\n<\/ul>\n\n\n\n<p>Wir sind f\u00fchrender Hersteller f\u00fcr Bambusdeckel Vakuumflasche, Trinkwasser Filterflasche, Edelstahl Becher, Doppel Metallkappe Glas Wasserflasche, Griff Deckel Glas Wasserflasche, Bambus Thermosflasche Flasche, Keramik Teeflasche, Infusion Teeflasche, Edelstahl Kaffeebecher, Double Wall Edelstahl Becher, Edelstahl Becher mit Strohhalmen, Edelstahl Becher Gro\u00dfhandel, Edelstahl Vakuum isoliert Becher, Edelstahl Vakuum isolierte Flasche, Kaffeebecher Gro\u00dfhandel, Travel Water Vacuum Bottle Flask, Edelstahl und Keramik Thermosbecher.\u2665<\/p>\n\n\n\n<figure class=\"wp-block-table\"><table><tbody><tr><td>Name<\/td><td>GA5010 400ML\/14OZ Lebensmittelqualit\u00e4t Leder Gef\u00fchl Deckel Tee Doppelwand Infuser Glas Wasserflasche<\/td><\/tr><tr><td>Material<\/td><td>Borosilikatglas, doppelwandiges Glas, Bambusdeckel<\/td><\/tr><tr><td>Kapazit\u00e4t<\/td><td>400ml<\/td><\/tr><tr><td>Farbe<\/td><td>Kundenspezifisch<\/td><\/tr><tr><td>Drucken<\/td><td>Seidendruck, W\u00e4rme\u00fcbertragung, Wassertransferdruck und so weiter<\/td><\/tr><tr><td>Logo<\/td><td>Kundenspezifisch<\/td><\/tr><tr><td>MOQ<\/td><td>20 St\u00fcck<\/td><\/tr><tr><td>Probezeit<\/td><td>5-8 Tage<\/td><\/tr><tr><td>Einzelheiten zur Verpackung<\/td><td>1PC\/OPP, Eierkistenverpackung, farbige Schachtel, Zylinder, wei\u00dfe Schachtel, 25PCS\/CTN<\/td><\/tr><tr><td>Zahlungsfrist<\/td><td>30% Anzahlung, der Restbetrag vor dem Versand<\/td><\/tr><\/tbody><\/table><\/figure>\n\n\n\n<figure class=\"wp-block-image size-full\"><img loading=\"lazy\" decoding=\"async\" width=\"1000\" height=\"1000\" src=\"https:\/\/eco-drinkware.com\/wp-content\/uploads\/2022\/11\/HTB1Knt9X4WYBuNjy1zkq6xGGpXag.jpg_.webp\" alt=\"\" class=\"wp-image-1168\" srcset=\"https:\/\/eco-drinkware.com\/wp-content\/uploads\/2022\/11\/HTB1Knt9X4WYBuNjy1zkq6xGGpXag.jpg_.webp 1000w, https:\/\/eco-drinkware.com\/wp-content\/uploads\/2022\/11\/HTB1Knt9X4WYBuNjy1zkq6xGGpXag.jpg_-300x300.webp 300w, https:\/\/eco-drinkware.com\/wp-content\/uploads\/2022\/11\/HTB1Knt9X4WYBuNjy1zkq6xGGpXag.jpg_-150x150.webp 150w, https:\/\/eco-drinkware.com\/wp-content\/uploads\/2022\/11\/HTB1Knt9X4WYBuNjy1zkq6xGGpXag.jpg_-768x768.webp 768w, https:\/\/eco-drinkware.com\/wp-content\/uploads\/2022\/11\/HTB1Knt9X4WYBuNjy1zkq6xGGpXag.jpg_-600x600.webp 600w, https:\/\/eco-drinkware.com\/wp-content\/uploads\/2022\/11\/HTB1Knt9X4WYBuNjy1zkq6xGGpXag.jpg_-100x100.webp 100w\" sizes=\"auto, (max-width: 1000px) 100vw, 1000px\" \/><\/figure>\n\n\n\n<figure class=\"wp-block-image size-full\"><img loading=\"lazy\" decoding=\"async\" width=\"820\" height=\"820\" src=\"https:\/\/eco-drinkware.com\/wp-content\/uploads\/2022\/11\/HTB1NbqXX1OSBuNjy0Fdq6zDnVXav.jpg_.webp\" alt=\"\" class=\"wp-image-1169\" srcset=\"https:\/\/eco-drinkware.com\/wp-content\/uploads\/2022\/11\/HTB1NbqXX1OSBuNjy0Fdq6zDnVXav.jpg_.webp 820w, https:\/\/eco-drinkware.com\/wp-content\/uploads\/2022\/11\/HTB1NbqXX1OSBuNjy0Fdq6zDnVXav.jpg_-300x300.webp 300w, https:\/\/eco-drinkware.com\/wp-content\/uploads\/2022\/11\/HTB1NbqXX1OSBuNjy0Fdq6zDnVXav.jpg_-150x150.webp 150w, https:\/\/eco-drinkware.com\/wp-content\/uploads\/2022\/11\/HTB1NbqXX1OSBuNjy0Fdq6zDnVXav.jpg_-768x768.webp 768w, https:\/\/eco-drinkware.com\/wp-content\/uploads\/2022\/11\/HTB1NbqXX1OSBuNjy0Fdq6zDnVXav.jpg_-600x600.webp 600w, https:\/\/eco-drinkware.com\/wp-content\/uploads\/2022\/11\/HTB1NbqXX1OSBuNjy0Fdq6zDnVXav.jpg_-100x100.webp 100w\" sizes=\"auto, (max-width: 820px) 100vw, 820px\" \/><\/figure>\n\n\n\n<figure class=\"wp-block-image size-full\"><img loading=\"lazy\" decoding=\"async\" width=\"750\" height=\"750\" src=\"https:\/\/eco-drinkware.com\/wp-content\/uploads\/2022\/11\/HTB1_Bcmd6gy_uJjSZKbq6xXkXXa8.jpg_.webp\" alt=\"\" class=\"wp-image-1170\" srcset=\"https:\/\/eco-drinkware.com\/wp-content\/uploads\/2022\/11\/HTB1_Bcmd6gy_uJjSZKbq6xXkXXa8.jpg_.webp 750w, https:\/\/eco-drinkware.com\/wp-content\/uploads\/2022\/11\/HTB1_Bcmd6gy_uJjSZKbq6xXkXXa8.jpg_-300x300.webp 300w, https:\/\/eco-drinkware.com\/wp-content\/uploads\/2022\/11\/HTB1_Bcmd6gy_uJjSZKbq6xXkXXa8.jpg_-150x150.webp 150w, https:\/\/eco-drinkware.com\/wp-content\/uploads\/2022\/11\/HTB1_Bcmd6gy_uJjSZKbq6xXkXXa8.jpg_-600x600.webp 600w, https:\/\/eco-drinkware.com\/wp-content\/uploads\/2022\/11\/HTB1_Bcmd6gy_uJjSZKbq6xXkXXa8.jpg_-100x100.webp 100w\" sizes=\"auto, (max-width: 750px) 100vw, 750px\" \/><\/figure>\n\n\n\n<figure class=\"wp-block-image size-full\"><img loading=\"lazy\" decoding=\"async\" width=\"750\" height=\"506\" src=\"https:\/\/eco-drinkware.com\/wp-content\/uploads\/2022\/11\/HTB13J0veWLN8KJjSZFKq6z7NVXaM.jpg_.webp\" alt=\"\" class=\"wp-image-1171\" srcset=\"https:\/\/eco-drinkware.com\/wp-content\/uploads\/2022\/11\/HTB13J0veWLN8KJjSZFKq6z7NVXaM.jpg_.webp 750w, https:\/\/eco-drinkware.com\/wp-content\/uploads\/2022\/11\/HTB13J0veWLN8KJjSZFKq6z7NVXaM.jpg_-300x202.webp 300w, https:\/\/eco-drinkware.com\/wp-content\/uploads\/2022\/11\/HTB13J0veWLN8KJjSZFKq6z7NVXaM.jpg_-150x101.webp 150w, https:\/\/eco-drinkware.com\/wp-content\/uploads\/2022\/11\/HTB13J0veWLN8KJjSZFKq6z7NVXaM.jpg_-600x405.webp 600w\" sizes=\"auto, (max-width: 750px) 100vw, 750px\" \/><\/figure>\n\n\n\n<figure class=\"wp-block-image size-full\"><img loading=\"lazy\" decoding=\"async\" width=\"750\" height=\"750\" src=\"https:\/\/eco-drinkware.com\/wp-content\/uploads\/2022\/11\/HTB1lE7qd7fb_uJkSnhJq6zdDVXap.jpg_.webp\" alt=\"\" class=\"wp-image-1172\" srcset=\"https:\/\/eco-drinkware.com\/wp-content\/uploads\/2022\/11\/HTB1lE7qd7fb_uJkSnhJq6zdDVXap.jpg_.webp 750w, https:\/\/eco-drinkware.com\/wp-content\/uploads\/2022\/11\/HTB1lE7qd7fb_uJkSnhJq6zdDVXap.jpg_-300x300.webp 300w, https:\/\/eco-drinkware.com\/wp-content\/uploads\/2022\/11\/HTB1lE7qd7fb_uJkSnhJq6zdDVXap.jpg_-150x150.webp 150w, https:\/\/eco-drinkware.com\/wp-content\/uploads\/2022\/11\/HTB1lE7qd7fb_uJkSnhJq6zdDVXap.jpg_-600x600.webp 600w, https:\/\/eco-drinkware.com\/wp-content\/uploads\/2022\/11\/HTB1lE7qd7fb_uJkSnhJq6zdDVXap.jpg_-100x100.webp 100w\" sizes=\"auto, (max-width: 750px) 100vw, 750px\" \/><\/figure>\n\n\n\n<p><\/p>","protected":false},"excerpt":{"rendered":"<p>Mit 15 Jahren Erfahrung in der Flaschenproduktion haben wir OEM- und ODM-Arbeiten f\u00fcr viele ber\u00fchmte Marken in der ganzen Welt durchgef\u00fchrt. Hauptproduktionslinie ist Tee Infuser Flasche, Kaffee Becher, Thermoskanne. Qualit\u00e4t ist unsere Kultur. Unsere Mission ist es, die Erde sauberer und besser zu machen.<\/p>","protected":false},"featured_media":1169,"template":"","meta":{"_acf_changed":false,"_seopress_robots_primary_cat":"","_seopress_titles_title":"","_seopress_titles_desc":"","_seopress_robots_index":"","_uag_custom_page_level_css":""},"product_brand":[],"product_cat":[36,42,25,22,54],"product_tag":[],"class_list":{"0":"post-631","1":"product","2":"type-product","3":"status-publish","4":"has-post-thumbnail","6":"product_cat-double-wall-gass-bottle","7":"product_cat-glass-tumbler","8":"product_cat-glass-tumbler-mugs","9":"product_cat-glass-water-bottle","10":"product_cat-tea-bottle-coffee-tumblers","12":"first","13":"instock","14":"shipping-taxable","15":"product-type-simple"},"acf":[],"uagb_featured_image_src":{"full":["https:\/\/eco-drinkware.com\/wp-content\/uploads\/2022\/11\/HTB1NbqXX1OSBuNjy0Fdq6zDnVXav.jpg_.webp",820,820,false],"thumbnail":["https:\/\/eco-drinkware.com\/wp-content\/uploads\/2022\/11\/HTB1NbqXX1OSBuNjy0Fdq6zDnVXav.jpg_-150x150.webp",150,150,true],"medium":["https:\/\/eco-drinkware.com\/wp-content\/uploads\/2022\/11\/HTB1NbqXX1OSBuNjy0Fdq6zDnVXav.jpg_-300x300.webp",300,300,true],"medium_large":["https:\/\/eco-drinkware.com\/wp-content\/uploads\/2022\/11\/HTB1NbqXX1OSBuNjy0Fdq6zDnVXav.jpg_-768x768.webp",768,768,true],"large":["https:\/\/eco-drinkware.com\/wp-content\/uploads\/2022\/11\/HTB1NbqXX1OSBuNjy0Fdq6zDnVXav.jpg_.webp",820,820,false],"1536x1536":["https:\/\/eco-drinkware.com\/wp-content\/uploads\/2022\/11\/HTB1NbqXX1OSBuNjy0Fdq6zDnVXav.jpg_.webp",820,820,false],"2048x2048":["https:\/\/eco-drinkware.com\/wp-content\/uploads\/2022\/11\/HTB1NbqXX1OSBuNjy0Fdq6zDnVXav.jpg_.webp",820,820,false],"trp-custom-language-flag":["https:\/\/eco-drinkware.com\/wp-content\/uploads\/2022\/11\/HTB1NbqXX1OSBuNjy0Fdq6zDnVXav.jpg_.webp",12,12,false],"woocommerce_thumbnail":["https:\/\/eco-drinkware.com\/wp-content\/uploads\/2022\/11\/HTB1NbqXX1OSBuNjy0Fdq6zDnVXav.jpg_-300x300.webp",300,300,true],"woocommerce_single":["https:\/\/eco-drinkware.com\/wp-content\/uploads\/2022\/11\/HTB1NbqXX1OSBuNjy0Fdq6zDnVXav.jpg_-600x600.webp",600,600,true],"woocommerce_gallery_thumbnail":["https:\/\/eco-drinkware.com\/wp-content\/uploads\/2022\/11\/HTB1NbqXX1OSBuNjy0Fdq6zDnVXav.jpg_-100x100.webp",100,100,true]},"uagb_author_info":{"display_name":"Amy","author_link":"https:\/\/eco-drinkware.com\/de\/author\/"},"uagb_comment_info":0,"uagb_excerpt":"With 15 years bottle production experience ,have done OEM and ODM work for many famous brand all over the world . Main production line is tea infuser bottle ,coffee tumbler , thermos . Quality is our culture . Our mission is make the earth cleaner and better.","_links":{"self":[{"href":"https:\/\/eco-drinkware.com\/de\/wp-json\/wp\/v2\/product\/631","targetHints":{"allow":["GET"]}}],"collection":[{"href":"https:\/\/eco-drinkware.com\/de\/wp-json\/wp\/v2\/product"}],"about":[{"href":"https:\/\/eco-drinkware.com\/de\/wp-json\/wp\/v2\/types\/product"}],"wp:featuredmedia":[{"embeddable":true,"href":"https:\/\/eco-drinkware.com\/de\/wp-json\/wp\/v2\/media\/1169"}],"wp:attachment":[{"href":"https:\/\/eco-drinkware.com\/de\/wp-json\/wp\/v2\/media?parent=631"}],"wp:term":[{"taxonomy":"product_brand","embeddable":true,"href":"https:\/\/eco-drinkware.com\/de\/wp-json\/wp\/v2\/product_brand?post=631"},{"taxonomy":"product_cat","embeddable":true,"href":"https:\/\/eco-drinkware.com\/de\/wp-json\/wp\/v2\/product_cat?post=631"},{"taxonomy":"product_tag","embeddable":true,"href":"https:\/\/eco-drinkware.com\/de\/wp-json\/wp\/v2\/product_tag?post=631"}],"curies":[{"name":"wp","href":"https:\/\/api.w.org\/{rel}","templated":true}]}}