{"id":635,"date":"2022-11-03T16:15:56","date_gmt":"2022-11-03T08:15:56","guid":{"rendered":"https:\/\/eco-drinkware.com\/?post_type=product&#038;p=635"},"modified":"2022-12-02T17:57:01","modified_gmt":"2022-12-02T09:57:01","slug":"50-bpa-frei-ga6080-450ml16oz-glanzenden-griff-deckel-doppelwand-borosilikatglas-tee-infuser-wasserflasche-mit-teefilter-50","status":"publish","type":"product","link":"https:\/\/eco-drinkware.com\/de\/product\/50-bpa-frei-ga6080-450ml16oz-glanzenden-griff-deckel-doppelwand-borosilikatglas-tee-infuser-wasserflasche-mit-teefilter-50\/","title":{"rendered":"BPA frei GA6080 450ML\/16OZ gl\u00e4nzenden Griff Deckel Doppelwand Borosilikatglas Tee Infuser Wasserflasche mit Teefilter"},"content":{"rendered":"<p>Diese doppelwandige Glasflasche wird von unseren Kunden wegen des speziellen bunten Deckels sehr gesch\u00e4tzt. Doppelt dicker Boden, leicht zu bestehen L\u00f6ffel und Eis-Test. Die Qualit\u00e4t ist wirklich gut!<\/p>\n\n\n\n<figure class=\"wp-block-table\"><table><tbody><tr><td>Kapazit\u00e4t<\/td><td>500ml<\/td><\/tr><tr><td>Farbe f\u00fcr Deckel<\/td><td>Ros\u00e9gold, Gold, Silber, Schwarz<\/td><\/tr><tr><td>MOQ<\/td><td>25St\u00fcck<\/td><\/tr><tr><td>Logo<\/td><td>Individuelles Abziehbild-Logo auf dem Glas<\/td><\/tr><tr><td>Material<\/td><td>Hochborosilikatglas, Edelstahl 304, neues pp<\/td><\/tr><tr><td>Verpacken<\/td><td>25St\u00fcck\/CTN<\/td><\/tr><tr><td>Probezeit<\/td><td>5-8 Tage<\/td><\/tr><\/tbody><\/table><\/figure>\n\n\n\n<figure class=\"wp-block-image size-full\"><img loading=\"lazy\" decoding=\"async\" width=\"1000\" height=\"1000\" src=\"https:\/\/eco-drinkware.com\/wp-content\/uploads\/2022\/11\/HTB1OL7ug77mBKNjSZFyq6zydFXaf.jpg_.webp\" alt=\"\" class=\"wp-image-1181\" srcset=\"https:\/\/eco-drinkware.com\/wp-content\/uploads\/2022\/11\/HTB1OL7ug77mBKNjSZFyq6zydFXaf.jpg_.webp 1000w, https:\/\/eco-drinkware.com\/wp-content\/uploads\/2022\/11\/HTB1OL7ug77mBKNjSZFyq6zydFXaf.jpg_-300x300.webp 300w, https:\/\/eco-drinkware.com\/wp-content\/uploads\/2022\/11\/HTB1OL7ug77mBKNjSZFyq6zydFXaf.jpg_-150x150.webp 150w, https:\/\/eco-drinkware.com\/wp-content\/uploads\/2022\/11\/HTB1OL7ug77mBKNjSZFyq6zydFXaf.jpg_-768x768.webp 768w, https:\/\/eco-drinkware.com\/wp-content\/uploads\/2022\/11\/HTB1OL7ug77mBKNjSZFyq6zydFXaf.jpg_-600x600.webp 600w, https:\/\/eco-drinkware.com\/wp-content\/uploads\/2022\/11\/HTB1OL7ug77mBKNjSZFyq6zydFXaf.jpg_-100x100.webp 100w\" sizes=\"auto, (max-width: 1000px) 100vw, 1000px\" \/><\/figure>\n\n\n\n<figure class=\"wp-block-image size-full\"><img loading=\"lazy\" decoding=\"async\" width=\"750\" height=\"750\" src=\"https:\/\/eco-drinkware.com\/wp-content\/uploads\/2022\/11\/HTB1jKQLntnJ8KJjSszdq6yxuFXaC.jpg_.webp\" alt=\"\" class=\"wp-image-1182\" srcset=\"https:\/\/eco-drinkware.com\/wp-content\/uploads\/2022\/11\/HTB1jKQLntnJ8KJjSszdq6yxuFXaC.jpg_.webp 750w, https:\/\/eco-drinkware.com\/wp-content\/uploads\/2022\/11\/HTB1jKQLntnJ8KJjSszdq6yxuFXaC.jpg_-300x300.webp 300w, https:\/\/eco-drinkware.com\/wp-content\/uploads\/2022\/11\/HTB1jKQLntnJ8KJjSszdq6yxuFXaC.jpg_-150x150.webp 150w, https:\/\/eco-drinkware.com\/wp-content\/uploads\/2022\/11\/HTB1jKQLntnJ8KJjSszdq6yxuFXaC.jpg_-600x600.webp 600w, https:\/\/eco-drinkware.com\/wp-content\/uploads\/2022\/11\/HTB1jKQLntnJ8KJjSszdq6yxuFXaC.jpg_-100x100.webp 100w\" sizes=\"auto, (max-width: 750px) 100vw, 750px\" \/><\/figure>\n\n\n\n<figure class=\"wp-block-image size-full\"><img loading=\"lazy\" decoding=\"async\" width=\"750\" height=\"750\" src=\"https:\/\/eco-drinkware.com\/wp-content\/uploads\/2022\/11\/HTB1czbZntrJ8KJjSspaq6xuKpXaq.jpg_.webp\" alt=\"\" class=\"wp-image-1183\" srcset=\"https:\/\/eco-drinkware.com\/wp-content\/uploads\/2022\/11\/HTB1czbZntrJ8KJjSspaq6xuKpXaq.jpg_.webp 750w, https:\/\/eco-drinkware.com\/wp-content\/uploads\/2022\/11\/HTB1czbZntrJ8KJjSspaq6xuKpXaq.jpg_-300x300.webp 300w, https:\/\/eco-drinkware.com\/wp-content\/uploads\/2022\/11\/HTB1czbZntrJ8KJjSspaq6xuKpXaq.jpg_-150x150.webp 150w, https:\/\/eco-drinkware.com\/wp-content\/uploads\/2022\/11\/HTB1czbZntrJ8KJjSspaq6xuKpXaq.jpg_-600x600.webp 600w, https:\/\/eco-drinkware.com\/wp-content\/uploads\/2022\/11\/HTB1czbZntrJ8KJjSspaq6xuKpXaq.jpg_-100x100.webp 100w\" sizes=\"auto, (max-width: 750px) 100vw, 750px\" \/><\/figure>\n\n\n\n<figure class=\"wp-block-image size-full\"><img loading=\"lazy\" decoding=\"async\" width=\"750\" height=\"800\" src=\"https:\/\/eco-drinkware.com\/wp-content\/uploads\/2022\/11\/HTB1XyIgnBDH8KJjSspnq6zNAVXaC.jpg_.webp\" alt=\"\" class=\"wp-image-1184\" srcset=\"https:\/\/eco-drinkware.com\/wp-content\/uploads\/2022\/11\/HTB1XyIgnBDH8KJjSspnq6zNAVXaC.jpg_.webp 750w, https:\/\/eco-drinkware.com\/wp-content\/uploads\/2022\/11\/HTB1XyIgnBDH8KJjSspnq6zNAVXaC.jpg_-281x300.webp 281w, https:\/\/eco-drinkware.com\/wp-content\/uploads\/2022\/11\/HTB1XyIgnBDH8KJjSspnq6zNAVXaC.jpg_-141x150.webp 141w, https:\/\/eco-drinkware.com\/wp-content\/uploads\/2022\/11\/HTB1XyIgnBDH8KJjSspnq6zNAVXaC.jpg_-600x640.webp 600w\" sizes=\"auto, (max-width: 750px) 100vw, 750px\" \/><\/figure>\n\n\n\n<p><\/p>","protected":false},"excerpt":{"rendered":"<p>Diese doppelwandige Glasflasche wird von unseren Kunden wegen des speziellen bunten Deckels sehr gesch\u00e4tzt. Doppelt dicker Boden, leicht zu bestehen L\u00f6ffel und Eis-Test. Die Qualit\u00e4t ist wirklich gut!<\/p>","protected":false},"featured_media":1185,"template":"","meta":{"_acf_changed":false,"_seopress_robots_primary_cat":"","_seopress_titles_title":"","_seopress_titles_desc":"","_seopress_robots_index":"","_uag_custom_page_level_css":""},"product_brand":[],"product_cat":[36,42,25,22,54],"product_tag":[],"class_list":{"0":"post-635","1":"product","2":"type-product","3":"status-publish","4":"has-post-thumbnail","6":"product_cat-double-wall-gass-bottle","7":"product_cat-glass-tumbler","8":"product_cat-glass-tumbler-mugs","9":"product_cat-glass-water-bottle","10":"product_cat-tea-bottle-coffee-tumblers","12":"first","13":"instock","14":"shipping-taxable","15":"product-type-simple"},"acf":[],"uagb_featured_image_src":{"full":["https:\/\/eco-drinkware.com\/wp-content\/uploads\/2022\/11\/50_0.webp",1000,1000,false],"thumbnail":["https:\/\/eco-drinkware.com\/wp-content\/uploads\/2022\/11\/50_0-150x150.webp",150,150,true],"medium":["https:\/\/eco-drinkware.com\/wp-content\/uploads\/2022\/11\/50_0-300x300.webp",300,300,true],"medium_large":["https:\/\/eco-drinkware.com\/wp-content\/uploads\/2022\/11\/50_0-768x768.webp",768,768,true],"large":["https:\/\/eco-drinkware.com\/wp-content\/uploads\/2022\/11\/50_0.webp",1000,1000,false],"1536x1536":["https:\/\/eco-drinkware.com\/wp-content\/uploads\/2022\/11\/50_0.webp",1000,1000,false],"2048x2048":["https:\/\/eco-drinkware.com\/wp-content\/uploads\/2022\/11\/50_0.webp",1000,1000,false],"trp-custom-language-flag":["https:\/\/eco-drinkware.com\/wp-content\/uploads\/2022\/11\/50_0.webp",12,12,false],"woocommerce_thumbnail":["https:\/\/eco-drinkware.com\/wp-content\/uploads\/2022\/11\/50_0-300x300.webp",300,300,true],"woocommerce_single":["https:\/\/eco-drinkware.com\/wp-content\/uploads\/2022\/11\/50_0-600x600.webp",600,600,true],"woocommerce_gallery_thumbnail":["https:\/\/eco-drinkware.com\/wp-content\/uploads\/2022\/11\/50_0-100x100.webp",100,100,true]},"uagb_author_info":{"display_name":"Amy","author_link":"https:\/\/eco-drinkware.com\/de\/author\/"},"uagb_comment_info":0,"uagb_excerpt":"This double wall glass bottle is welcomed by our customers because of the special colorful lid. Double thick bottom, easy to pass spoon and ice test. Quality is really good!","_links":{"self":[{"href":"https:\/\/eco-drinkware.com\/de\/wp-json\/wp\/v2\/product\/635","targetHints":{"allow":["GET"]}}],"collection":[{"href":"https:\/\/eco-drinkware.com\/de\/wp-json\/wp\/v2\/product"}],"about":[{"href":"https:\/\/eco-drinkware.com\/de\/wp-json\/wp\/v2\/types\/product"}],"wp:featuredmedia":[{"embeddable":true,"href":"https:\/\/eco-drinkware.com\/de\/wp-json\/wp\/v2\/media\/1185"}],"wp:attachment":[{"href":"https:\/\/eco-drinkware.com\/de\/wp-json\/wp\/v2\/media?parent=635"}],"wp:term":[{"taxonomy":"product_brand","embeddable":true,"href":"https:\/\/eco-drinkware.com\/de\/wp-json\/wp\/v2\/product_brand?post=635"},{"taxonomy":"product_cat","embeddable":true,"href":"https:\/\/eco-drinkware.com\/de\/wp-json\/wp\/v2\/product_cat?post=635"},{"taxonomy":"product_tag","embeddable":true,"href":"https:\/\/eco-drinkware.com\/de\/wp-json\/wp\/v2\/product_tag?post=635"}],"curies":[{"name":"wp","href":"https:\/\/api.w.org\/{rel}","templated":true}]}}