{"id":638,"date":"2022-11-03T16:16:35","date_gmt":"2022-11-03T16:16:35","guid":{"rendered":"https:\/\/eco-drinkware.com\/?post_type=product&#038;p=638"},"modified":"2022-11-25T08:53:52","modified_gmt":"2022-11-25T08:53:52","slug":"48-benutzerdefinierte-logo-borosilikatglas-infuser-trinkflasche-mit-bambus-deckel-500ml-48","status":"publish","type":"product","link":"https:\/\/eco-drinkware.com\/de\/product\/48-benutzerdefinierte-logo-borosilikatglas-infuser-trinkflasche-mit-bambus-deckel-500ml-48\/","title":{"rendered":"Custom Logo Borosilikatglas Infuser Trinkflasche mit Bambus Deckel 500ml"},"content":{"rendered":"<p>Wir sind f\u00fchrender Hersteller f\u00fcr doppelwandige Glasflaschen, doppelwandige Teeflaschen, 500ml doppelwandige Glasflaschen, Teeflaschen, Teeflaschen zum Aufgie\u00dfen, Glasflaschen mit Bambusdeckel, Bambusflaschen, Bambusthermoskannen, Bambusbecher, Kaffeebecher, Kaffeetassen, Kaffeegeschirr, doppelwandige Becher mit passendem Strohhalm, Thermoskannen, Sportflaschen, doppelwandige Vakuumflaschen mit Bambusdeckel \u2665.<\/p>\n\n\n\n<figure class=\"wp-block-table\"><table><tbody><tr><td>Name<\/td><td>GA6050 Custom Logo Borosilikatglas Infuser Trinkflasche mit Bambusdeckel 400ml<\/td><\/tr><tr><td>Material<\/td><td>Borosilikatglas, doppelwandiges Glas, Bambusdeckel<\/td><\/tr><tr><td>Kapazit\u00e4t<\/td><td>400ml<\/td><\/tr><tr><td>Farbe<\/td><td>Kundenspezifisch<\/td><\/tr><tr><td>Drucken<\/td><td>Seidendruck, W\u00e4rme\u00fcbertragung, Wassertransferdruck und so weiter<\/td><\/tr><tr><td>Logo<\/td><td>Kundenspezifisch<\/td><\/tr><tr><td>MOQ<\/td><td>20 St\u00fcck<\/td><\/tr><tr><td>Probezeit<\/td><td>5-8 Tage<\/td><\/tr><tr><td>Einzelheiten zur Verpackung<\/td><td>1PC\/OPP, Eierkistenverpackung, farbige Schachtel, Zylinder, wei\u00dfe Schachtel, 25PCS\/CTN<\/td><\/tr><tr><td>Zahlungsfrist<\/td><td>30% Anzahlung, der Restbetrag vor dem Versand<\/td><\/tr><\/tbody><\/table><\/figure>\n\n\n\n<figure class=\"wp-block-image size-full\"><img loading=\"lazy\" decoding=\"async\" width=\"1000\" height=\"1000\" src=\"https:\/\/eco-drinkware.com\/wp-content\/uploads\/2022\/11\/HTB16T6Gom_I8KJjy0Foq6yFnVXac.jpg_.webp\" alt=\"\" class=\"wp-image-1193\" srcset=\"https:\/\/eco-drinkware.com\/wp-content\/uploads\/2022\/11\/HTB16T6Gom_I8KJjy0Foq6yFnVXac.jpg_.webp 1000w, https:\/\/eco-drinkware.com\/wp-content\/uploads\/2022\/11\/HTB16T6Gom_I8KJjy0Foq6yFnVXac.jpg_-300x300.webp 300w, https:\/\/eco-drinkware.com\/wp-content\/uploads\/2022\/11\/HTB16T6Gom_I8KJjy0Foq6yFnVXac.jpg_-150x150.webp 150w, https:\/\/eco-drinkware.com\/wp-content\/uploads\/2022\/11\/HTB16T6Gom_I8KJjy0Foq6yFnVXac.jpg_-768x768.webp 768w, https:\/\/eco-drinkware.com\/wp-content\/uploads\/2022\/11\/HTB16T6Gom_I8KJjy0Foq6yFnVXac.jpg_-600x600.webp 600w, https:\/\/eco-drinkware.com\/wp-content\/uploads\/2022\/11\/HTB16T6Gom_I8KJjy0Foq6yFnVXac.jpg_-100x100.webp 100w\" sizes=\"auto, (max-width: 1000px) 100vw, 1000px\" \/><\/figure>\n\n\n\n<figure class=\"wp-block-image size-full\"><img loading=\"lazy\" decoding=\"async\" width=\"750\" height=\"750\" src=\"https:\/\/eco-drinkware.com\/wp-content\/uploads\/2022\/11\/HTB1Eu5XnsbI8KJjy1zdq6ze1VXaV.jpg_.webp\" alt=\"\" class=\"wp-image-1200\" srcset=\"https:\/\/eco-drinkware.com\/wp-content\/uploads\/2022\/11\/HTB1Eu5XnsbI8KJjy1zdq6ze1VXaV.jpg_.webp 750w, https:\/\/eco-drinkware.com\/wp-content\/uploads\/2022\/11\/HTB1Eu5XnsbI8KJjy1zdq6ze1VXaV.jpg_-300x300.webp 300w, https:\/\/eco-drinkware.com\/wp-content\/uploads\/2022\/11\/HTB1Eu5XnsbI8KJjy1zdq6ze1VXaV.jpg_-150x150.webp 150w, https:\/\/eco-drinkware.com\/wp-content\/uploads\/2022\/11\/HTB1Eu5XnsbI8KJjy1zdq6ze1VXaV.jpg_-600x600.webp 600w, https:\/\/eco-drinkware.com\/wp-content\/uploads\/2022\/11\/HTB1Eu5XnsbI8KJjy1zdq6ze1VXaV.jpg_-100x100.webp 100w\" sizes=\"auto, (max-width: 750px) 100vw, 750px\" \/><\/figure>\n\n\n\n<figure class=\"wp-block-image size-full\"><img loading=\"lazy\" decoding=\"async\" width=\"750\" height=\"750\" src=\"https:\/\/eco-drinkware.com\/wp-content\/uploads\/2022\/11\/HTB19a8fnx6I8KJjSszfq6yZVXXaK.jpg_.webp\" alt=\"\" class=\"wp-image-1195\" srcset=\"https:\/\/eco-drinkware.com\/wp-content\/uploads\/2022\/11\/HTB19a8fnx6I8KJjSszfq6yZVXXaK.jpg_.webp 750w, https:\/\/eco-drinkware.com\/wp-content\/uploads\/2022\/11\/HTB19a8fnx6I8KJjSszfq6yZVXXaK.jpg_-300x300.webp 300w, https:\/\/eco-drinkware.com\/wp-content\/uploads\/2022\/11\/HTB19a8fnx6I8KJjSszfq6yZVXXaK.jpg_-150x150.webp 150w, https:\/\/eco-drinkware.com\/wp-content\/uploads\/2022\/11\/HTB19a8fnx6I8KJjSszfq6yZVXXaK.jpg_-600x600.webp 600w, https:\/\/eco-drinkware.com\/wp-content\/uploads\/2022\/11\/HTB19a8fnx6I8KJjSszfq6yZVXXaK.jpg_-100x100.webp 100w\" sizes=\"auto, (max-width: 750px) 100vw, 750px\" \/><\/figure>\n\n\n\n<figure class=\"wp-block-image size-full\"><img loading=\"lazy\" decoding=\"async\" width=\"1000\" height=\"1000\" src=\"https:\/\/eco-drinkware.com\/wp-content\/uploads\/2022\/11\/HTB1DjpfnDTI8KJjSsphq6AFppXa5.jpg_.webp\" alt=\"\" class=\"wp-image-1196\" srcset=\"https:\/\/eco-drinkware.com\/wp-content\/uploads\/2022\/11\/HTB1DjpfnDTI8KJjSsphq6AFppXa5.jpg_.webp 1000w, https:\/\/eco-drinkware.com\/wp-content\/uploads\/2022\/11\/HTB1DjpfnDTI8KJjSsphq6AFppXa5.jpg_-300x300.webp 300w, https:\/\/eco-drinkware.com\/wp-content\/uploads\/2022\/11\/HTB1DjpfnDTI8KJjSsphq6AFppXa5.jpg_-150x150.webp 150w, https:\/\/eco-drinkware.com\/wp-content\/uploads\/2022\/11\/HTB1DjpfnDTI8KJjSsphq6AFppXa5.jpg_-768x768.webp 768w, https:\/\/eco-drinkware.com\/wp-content\/uploads\/2022\/11\/HTB1DjpfnDTI8KJjSsphq6AFppXa5.jpg_-600x600.webp 600w, https:\/\/eco-drinkware.com\/wp-content\/uploads\/2022\/11\/HTB1DjpfnDTI8KJjSsphq6AFppXa5.jpg_-100x100.webp 100w\" sizes=\"auto, (max-width: 1000px) 100vw, 1000px\" \/><\/figure>\n\n\n\n<figure class=\"wp-block-image size-full\"><img loading=\"lazy\" decoding=\"async\" width=\"800\" height=\"800\" src=\"https:\/\/eco-drinkware.com\/wp-content\/uploads\/2022\/11\/HTB1r3rmonTI8KJjSsphq6AFppXaL.jpg_.webp\" alt=\"\" class=\"wp-image-1197\" srcset=\"https:\/\/eco-drinkware.com\/wp-content\/uploads\/2022\/11\/HTB1r3rmonTI8KJjSsphq6AFppXaL.jpg_.webp 800w, https:\/\/eco-drinkware.com\/wp-content\/uploads\/2022\/11\/HTB1r3rmonTI8KJjSsphq6AFppXaL.jpg_-300x300.webp 300w, https:\/\/eco-drinkware.com\/wp-content\/uploads\/2022\/11\/HTB1r3rmonTI8KJjSsphq6AFppXaL.jpg_-150x150.webp 150w, https:\/\/eco-drinkware.com\/wp-content\/uploads\/2022\/11\/HTB1r3rmonTI8KJjSsphq6AFppXaL.jpg_-768x768.webp 768w, https:\/\/eco-drinkware.com\/wp-content\/uploads\/2022\/11\/HTB1r3rmonTI8KJjSsphq6AFppXaL.jpg_-600x600.webp 600w, https:\/\/eco-drinkware.com\/wp-content\/uploads\/2022\/11\/HTB1r3rmonTI8KJjSsphq6AFppXaL.jpg_-100x100.webp 100w\" sizes=\"auto, (max-width: 800px) 100vw, 800px\" \/><\/figure>\n\n\n\n<p><\/p>","protected":false},"excerpt":{"rendered":"<p>Mehr als 15 Jahre Erfahrung in der Flaschenproduktion, OEM und ODM Arbeit f\u00fcr viele ber\u00fchmte Marken in der ganzen Welt. Haupt poduction Linie ist Tee Infuser Flasche, Kaffee Becher, Thermoskanne. Qualit\u00e4t ist unsere Kultur. Unsere Mission ist es, die Erde sauberer und besser zu machen.<\/p>","protected":false},"featured_media":1197,"template":"","meta":{"_acf_changed":false,"_seopress_robots_primary_cat":"","_seopress_titles_title":"","_seopress_titles_desc":"","_seopress_robots_index":"","_uag_custom_page_level_css":""},"product_brand":[],"product_cat":[22],"product_tag":[],"class_list":{"0":"post-638","1":"product","2":"type-product","3":"status-publish","4":"has-post-thumbnail","6":"product_cat-glass-water-bottle","8":"first","9":"instock","10":"shipping-taxable","11":"product-type-simple"},"acf":[],"uagb_featured_image_src":{"full":["https:\/\/eco-drinkware.com\/wp-content\/uploads\/2022\/11\/HTB1r3rmonTI8KJjSsphq6AFppXaL.jpg_.webp",800,800,false],"thumbnail":["https:\/\/eco-drinkware.com\/wp-content\/uploads\/2022\/11\/HTB1r3rmonTI8KJjSsphq6AFppXaL.jpg_-150x150.webp",150,150,true],"medium":["https:\/\/eco-drinkware.com\/wp-content\/uploads\/2022\/11\/HTB1r3rmonTI8KJjSsphq6AFppXaL.jpg_-300x300.webp",300,300,true],"medium_large":["https:\/\/eco-drinkware.com\/wp-content\/uploads\/2022\/11\/HTB1r3rmonTI8KJjSsphq6AFppXaL.jpg_-768x768.webp",768,768,true],"large":["https:\/\/eco-drinkware.com\/wp-content\/uploads\/2022\/11\/HTB1r3rmonTI8KJjSsphq6AFppXaL.jpg_.webp",800,800,false],"1536x1536":["https:\/\/eco-drinkware.com\/wp-content\/uploads\/2022\/11\/HTB1r3rmonTI8KJjSsphq6AFppXaL.jpg_.webp",800,800,false],"2048x2048":["https:\/\/eco-drinkware.com\/wp-content\/uploads\/2022\/11\/HTB1r3rmonTI8KJjSsphq6AFppXaL.jpg_.webp",800,800,false],"trp-custom-language-flag":["https:\/\/eco-drinkware.com\/wp-content\/uploads\/2022\/11\/HTB1r3rmonTI8KJjSsphq6AFppXaL.jpg_.webp",12,12,false],"woocommerce_thumbnail":["https:\/\/eco-drinkware.com\/wp-content\/uploads\/2022\/11\/HTB1r3rmonTI8KJjSsphq6AFppXaL.jpg_-300x300.webp",300,300,true],"woocommerce_single":["https:\/\/eco-drinkware.com\/wp-content\/uploads\/2022\/11\/HTB1r3rmonTI8KJjSsphq6AFppXaL.jpg_-600x600.webp",600,600,true],"woocommerce_gallery_thumbnail":["https:\/\/eco-drinkware.com\/wp-content\/uploads\/2022\/11\/HTB1r3rmonTI8KJjSsphq6AFppXaL.jpg_-100x100.webp",100,100,true]},"uagb_author_info":{"display_name":"Amy","author_link":"https:\/\/eco-drinkware.com\/de\/author\/"},"uagb_comment_info":0,"uagb_excerpt":"Over 15 years bottle production experience ,have done OEM and ODM work for many famous brand all over th world . Main poduction line is tea infuser bottle ,coffee tumbler , thermos . Quality is our culture . Our mission is make the earth cleaner and better.","_links":{"self":[{"href":"https:\/\/eco-drinkware.com\/de\/wp-json\/wp\/v2\/product\/638","targetHints":{"allow":["GET"]}}],"collection":[{"href":"https:\/\/eco-drinkware.com\/de\/wp-json\/wp\/v2\/product"}],"about":[{"href":"https:\/\/eco-drinkware.com\/de\/wp-json\/wp\/v2\/types\/product"}],"wp:featuredmedia":[{"embeddable":true,"href":"https:\/\/eco-drinkware.com\/de\/wp-json\/wp\/v2\/media\/1197"}],"wp:attachment":[{"href":"https:\/\/eco-drinkware.com\/de\/wp-json\/wp\/v2\/media?parent=638"}],"wp:term":[{"taxonomy":"product_brand","embeddable":true,"href":"https:\/\/eco-drinkware.com\/de\/wp-json\/wp\/v2\/product_brand?post=638"},{"taxonomy":"product_cat","embeddable":true,"href":"https:\/\/eco-drinkware.com\/de\/wp-json\/wp\/v2\/product_cat?post=638"},{"taxonomy":"product_tag","embeddable":true,"href":"https:\/\/eco-drinkware.com\/de\/wp-json\/wp\/v2\/product_tag?post=638"}],"curies":[{"name":"wp","href":"https:\/\/api.w.org\/{rel}","templated":true}]}}