{"id":664,"date":"2022-11-03T16:22:33","date_gmt":"2022-11-03T16:22:33","guid":{"rendered":"https:\/\/eco-drinkware.com\/?post_type=product&#038;p=664"},"modified":"2022-11-25T08:35:33","modified_gmt":"2022-11-25T08:35:33","slug":"33-kein-minimum-umweltfreundlich-doppelwandige-edelstahl-reise-vakuumflasche-thermoskanne-33","status":"publish","type":"product","link":"https:\/\/eco-drinkware.com\/de\/product\/33-kein-minimum-umweltfreundlich-doppelwandige-edelstahl-reise-vakuumflasche-thermoskanne-33\/","title":{"rendered":"Kein Minimum Umweltfreundlich Doppelwandige Thermosflasche aus Edelstahl f\u00fcr Reisen"},"content":{"rendered":"<p>Wir sind f\u00fchrender Hersteller f\u00fcr doppelwandige Glasflaschen, doppelwandige Teeflaschen, 500ml doppelwandige Glasflaschen, Teeflaschen, Teeflaschen zum Aufgie\u00dfen, Glasflaschen mit Bambusdeckel, Bambusflaschen, Bambusthermoskannen, Bambusbecher, Kaffeebecher, Kaffeetassen, Kaffeegeschirr, doppelwandige Becher mit passendem Strohhalm, Thermoskannen, Sportflaschen, doppelwandige Vakuumflaschen mit Bambusdeckel \u2665.<\/p>\n\n\n\n<figure class=\"wp-block-table\"><table><tbody><tr><td>Name<\/td><td>Kein Minimum Umweltfreundlich Doppelwandige Thermosflasche aus Edelstahl f\u00fcr Reisen<\/td><\/tr><tr><td>Material<\/td><td>Innen aus Edelstahl 304, au\u00dfen aus Edelstahl 201<\/td><\/tr><tr><td>Kapazit\u00e4t<\/td><td>500ml<\/td><\/tr><tr><td>Farbe<\/td><td>Kundenspezifisch<\/td><\/tr><tr><td>Drucken<\/td><td>Seidendruck, W\u00e4rme\u00fcbertragung, Wasser\u00fcbertragungsdruck und so weiter<\/td><\/tr><tr><td>Logo<\/td><td>Kundenspezifisch<\/td><\/tr><tr><td>MOQ<\/td><td>1000 St\u00fcck<\/td><\/tr><tr><td>Probezeit<\/td><td>5-8 Tage<\/td><\/tr><tr><td>Einzelheiten zur Verpackung<\/td><td>1PC\/OPP, Eierkistenverpackung, farbige Schachtel, Zylinder, wei\u00dfe Schachtel, 25PCS\/CTN<\/td><\/tr><tr><td>Zahlungsfrist<\/td><td>30% Anzahlung, der Restbetrag vor dem Versand<\/td><\/tr><\/tbody><\/table><\/figure>\n\n\n\n<figure class=\"wp-block-image size-full\"><img loading=\"lazy\" decoding=\"async\" width=\"720\" height=\"1920\" src=\"https:\/\/eco-drinkware.com\/wp-content\/uploads\/2022\/11\/HTB1Zg5BpKOSBuNjy0Fdq6zDnVXah.jpg_-scaled.webp\" alt=\"\" class=\"wp-image-1272\" srcset=\"https:\/\/eco-drinkware.com\/wp-content\/uploads\/2022\/11\/HTB1Zg5BpKOSBuNjy0Fdq6zDnVXah.jpg_-scaled.webp 720w, https:\/\/eco-drinkware.com\/wp-content\/uploads\/2022\/11\/HTB1Zg5BpKOSBuNjy0Fdq6zDnVXah.jpg_-113x300.webp 113w, https:\/\/eco-drinkware.com\/wp-content\/uploads\/2022\/11\/HTB1Zg5BpKOSBuNjy0Fdq6zDnVXah.jpg_-56x150.webp 56w, https:\/\/eco-drinkware.com\/wp-content\/uploads\/2022\/11\/HTB1Zg5BpKOSBuNjy0Fdq6zDnVXah.jpg_-576x1536.webp 576w, https:\/\/eco-drinkware.com\/wp-content\/uploads\/2022\/11\/HTB1Zg5BpKOSBuNjy0Fdq6zDnVXah.jpg_-600x1600.webp 600w\" sizes=\"auto, (max-width: 720px) 100vw, 720px\" \/><\/figure>\n\n\n\n<figure class=\"wp-block-image size-full\"><img loading=\"lazy\" decoding=\"async\" width=\"740\" height=\"1486\" src=\"https:\/\/eco-drinkware.com\/wp-content\/uploads\/2022\/11\/2019-05-05-16-09-578.jpg\" alt=\"\" class=\"wp-image-1273\" srcset=\"https:\/\/eco-drinkware.com\/wp-content\/uploads\/2022\/11\/2019-05-05-16-09-578.jpg 740w, https:\/\/eco-drinkware.com\/wp-content\/uploads\/2022\/11\/2019-05-05-16-09-578-149x300.jpg 149w, https:\/\/eco-drinkware.com\/wp-content\/uploads\/2022\/11\/2019-05-05-16-09-578-75x150.jpg 75w, https:\/\/eco-drinkware.com\/wp-content\/uploads\/2022\/11\/2019-05-05-16-09-578-600x1205.jpg 600w\" sizes=\"auto, (max-width: 740px) 100vw, 740px\" \/><\/figure>\n\n\n\n<figure class=\"wp-block-image size-full\"><img loading=\"lazy\" decoding=\"async\" width=\"750\" height=\"760\" src=\"https:\/\/eco-drinkware.com\/wp-content\/uploads\/2022\/11\/2019-05-09-16-51-153.jpg\" alt=\"\" class=\"wp-image-1042\" srcset=\"https:\/\/eco-drinkware.com\/wp-content\/uploads\/2022\/11\/2019-05-09-16-51-153.jpg 750w, https:\/\/eco-drinkware.com\/wp-content\/uploads\/2022\/11\/2019-05-09-16-51-153-296x300.jpg 296w, https:\/\/eco-drinkware.com\/wp-content\/uploads\/2022\/11\/2019-05-09-16-51-153-148x150.jpg 148w, https:\/\/eco-drinkware.com\/wp-content\/uploads\/2022\/11\/2019-05-09-16-51-153-600x608.jpg 600w, https:\/\/eco-drinkware.com\/wp-content\/uploads\/2022\/11\/2019-05-09-16-51-153-100x100.jpg 100w\" sizes=\"auto, (max-width: 750px) 100vw, 750px\" \/><\/figure>","protected":false},"excerpt":{"rendered":"<p>Mit 15 Jahren Erfahrung in der Flaschenproduktion haben wir OEM- und ODM-Arbeiten f\u00fcr viele ber\u00fchmte Marken in der ganzen Welt durchgef\u00fchrt. Hauptproduktionslinie ist Tee Infuser Flasche, Kaffee Becher, Thermoskanne. Qualit\u00e4t ist unsere Kultur. Unsere Mission ist es, die Erde sauberer und besser zu machen.<\/p>","protected":false},"featured_media":1274,"template":"","meta":{"_acf_changed":false,"_seopress_robots_primary_cat":"","_seopress_titles_title":"","_seopress_titles_desc":"","_seopress_robots_index":"","_uag_custom_page_level_css":""},"product_brand":[],"product_cat":[20],"product_tag":[],"class_list":{"0":"post-664","1":"product","2":"type-product","3":"status-publish","4":"has-post-thumbnail","6":"product_cat-vacuum-flask","8":"first","9":"instock","10":"shipping-taxable","11":"product-type-simple"},"acf":[],"uagb_featured_image_src":{"full":["https:\/\/eco-drinkware.com\/wp-content\/uploads\/2022\/11\/33_0.webp",800,800,false],"thumbnail":["https:\/\/eco-drinkware.com\/wp-content\/uploads\/2022\/11\/33_0-150x150.webp",150,150,true],"medium":["https:\/\/eco-drinkware.com\/wp-content\/uploads\/2022\/11\/33_0-300x300.webp",300,300,true],"medium_large":["https:\/\/eco-drinkware.com\/wp-content\/uploads\/2022\/11\/33_0-768x768.webp",768,768,true],"large":["https:\/\/eco-drinkware.com\/wp-content\/uploads\/2022\/11\/33_0.webp",800,800,false],"1536x1536":["https:\/\/eco-drinkware.com\/wp-content\/uploads\/2022\/11\/33_0.webp",800,800,false],"2048x2048":["https:\/\/eco-drinkware.com\/wp-content\/uploads\/2022\/11\/33_0.webp",800,800,false],"trp-custom-language-flag":["https:\/\/eco-drinkware.com\/wp-content\/uploads\/2022\/11\/33_0.webp",12,12,false],"woocommerce_thumbnail":["https:\/\/eco-drinkware.com\/wp-content\/uploads\/2022\/11\/33_0-300x300.webp",300,300,true],"woocommerce_single":["https:\/\/eco-drinkware.com\/wp-content\/uploads\/2022\/11\/33_0-600x600.webp",600,600,true],"woocommerce_gallery_thumbnail":["https:\/\/eco-drinkware.com\/wp-content\/uploads\/2022\/11\/33_0-100x100.webp",100,100,true]},"uagb_author_info":{"display_name":"Amy","author_link":"https:\/\/eco-drinkware.com\/de\/author\/"},"uagb_comment_info":0,"uagb_excerpt":"With 15 years bottle production experience ,have done OEM and ODM work for many famous brand all over the world . Main production line is tea infuser bottle ,coffee tumbler , thermos . Quality is our culture . Our mission is make the earth cleaner and better.","_links":{"self":[{"href":"https:\/\/eco-drinkware.com\/de\/wp-json\/wp\/v2\/product\/664","targetHints":{"allow":["GET"]}}],"collection":[{"href":"https:\/\/eco-drinkware.com\/de\/wp-json\/wp\/v2\/product"}],"about":[{"href":"https:\/\/eco-drinkware.com\/de\/wp-json\/wp\/v2\/types\/product"}],"wp:featuredmedia":[{"embeddable":true,"href":"https:\/\/eco-drinkware.com\/de\/wp-json\/wp\/v2\/media\/1274"}],"wp:attachment":[{"href":"https:\/\/eco-drinkware.com\/de\/wp-json\/wp\/v2\/media?parent=664"}],"wp:term":[{"taxonomy":"product_brand","embeddable":true,"href":"https:\/\/eco-drinkware.com\/de\/wp-json\/wp\/v2\/product_brand?post=664"},{"taxonomy":"product_cat","embeddable":true,"href":"https:\/\/eco-drinkware.com\/de\/wp-json\/wp\/v2\/product_cat?post=664"},{"taxonomy":"product_tag","embeddable":true,"href":"https:\/\/eco-drinkware.com\/de\/wp-json\/wp\/v2\/product_tag?post=664"}],"curies":[{"name":"wp","href":"https:\/\/api.w.org\/{rel}","templated":true}]}}