{"id":700,"date":"2022-11-03T16:30:40","date_gmt":"2022-11-03T16:30:40","guid":{"rendered":"https:\/\/eco-drinkware.com\/?post_type=product&#038;p=700"},"modified":"2022-11-25T08:30:50","modified_gmt":"2022-11-25T08:30:50","slug":"19-vorratige-doppelwandige-elektrolytische-regenbogen-sport-edelstahl-cola-vakuumflasche-19","status":"publish","type":"product","link":"https:\/\/eco-drinkware.com\/de\/product\/19-vorratige-doppelwandige-elektrolytische-regenbogen-sport-edelstahl-cola-vakuumflasche-19\/","title":{"rendered":"Swell Isolierte Wasserflasche aus Edelstahl"},"content":{"rendered":"<p><strong>Swell-Flaschengr\u00f6\u00dfen:<\/strong>350ml, 500ml, 750ml, 1000ml<br><br><strong>2 Arten von Deckeln:<\/strong>Der regul\u00e4re Deckel ist aus pp-Material mit Silikonring, um die Schwellwasserflasche auslaufsicher zu machen. Heutzutage bevorzugen mehr und mehr Kunden Deckel ohne Plastik. So haben wir neue Deckel mit allen Stahl und Silikon, kein Plastik, sehr umweltfreundlich.<br><\/p>\n\n\n\n<p><strong>So reinigen Sie die Schwellflasche:<\/strong>Die Schwellwasserflasche ist sp\u00fclmaschinenfest und kann mit einer Flaschenb\u00fcrste gereinigt werden.<br><\/p>\n\n\n\n<p><strong>Custom Swell Bottle:<\/strong>Benutzerdefinierte Farbe, Logo, Paket sind alle willkommen. Wir k\u00f6nnen Pulverbeschichtung, Spritzlackierung und Gummimalerei f\u00fcr diese Schwellwasserflasche tun. Luft\u00fcbertragung drucken, W\u00e4rme\u00fcbertragung drucken, Galvanotechnik sind auch ok zu tun.<br><\/p>\n\n\n\n<p><strong>Isolierte Doppelwand:<\/strong>BPA-freie Quellwasserflasche, Innenwand aus 304er Edelstahl, Au\u00dfenwand aus 201er Edelstahl. Halten Sie Wasser hei\u00df und kalt f\u00fcr 12-24 Stunden.<\/p>\n\n\n\n<figure class=\"wp-block-image size-full\"><img loading=\"lazy\" decoding=\"async\" width=\"750\" height=\"859\" src=\"https:\/\/eco-drinkware.com\/wp-content\/uploads\/2022\/11\/2022-01-14-15-57-513.webp\" alt=\"\" class=\"wp-image-1357\" srcset=\"https:\/\/eco-drinkware.com\/wp-content\/uploads\/2022\/11\/2022-01-14-15-57-513.webp 750w, https:\/\/eco-drinkware.com\/wp-content\/uploads\/2022\/11\/2022-01-14-15-57-513-262x300.webp 262w, https:\/\/eco-drinkware.com\/wp-content\/uploads\/2022\/11\/2022-01-14-15-57-513-131x150.webp 131w, https:\/\/eco-drinkware.com\/wp-content\/uploads\/2022\/11\/2022-01-14-15-57-513-600x687.webp 600w\" sizes=\"auto, (max-width: 750px) 100vw, 750px\" \/><\/figure>\n\n\n\n<figure class=\"wp-block-image size-full\"><img loading=\"lazy\" decoding=\"async\" width=\"800\" height=\"950\" src=\"https:\/\/eco-drinkware.com\/wp-content\/uploads\/2022\/11\/2022-01-14-15-58-178.webp\" alt=\"\" class=\"wp-image-1358\" srcset=\"https:\/\/eco-drinkware.com\/wp-content\/uploads\/2022\/11\/2022-01-14-15-58-178.webp 800w, https:\/\/eco-drinkware.com\/wp-content\/uploads\/2022\/11\/2022-01-14-15-58-178-253x300.webp 253w, https:\/\/eco-drinkware.com\/wp-content\/uploads\/2022\/11\/2022-01-14-15-58-178-126x150.webp 126w, https:\/\/eco-drinkware.com\/wp-content\/uploads\/2022\/11\/2022-01-14-15-58-178-768x912.webp 768w, https:\/\/eco-drinkware.com\/wp-content\/uploads\/2022\/11\/2022-01-14-15-58-178-600x713.webp 600w\" sizes=\"auto, (max-width: 800px) 100vw, 800px\" \/><\/figure>\n\n\n\n<figure class=\"wp-block-image size-full\"><img loading=\"lazy\" decoding=\"async\" width=\"750\" height=\"749\" src=\"https:\/\/eco-drinkware.com\/wp-content\/uploads\/2022\/11\/2022-01-14-15-59-322.webp\" alt=\"\" class=\"wp-image-1359\" srcset=\"https:\/\/eco-drinkware.com\/wp-content\/uploads\/2022\/11\/2022-01-14-15-59-322.webp 750w, https:\/\/eco-drinkware.com\/wp-content\/uploads\/2022\/11\/2022-01-14-15-59-322-300x300.webp 300w, https:\/\/eco-drinkware.com\/wp-content\/uploads\/2022\/11\/2022-01-14-15-59-322-150x150.webp 150w, https:\/\/eco-drinkware.com\/wp-content\/uploads\/2022\/11\/2022-01-14-15-59-322-600x599.webp 600w, https:\/\/eco-drinkware.com\/wp-content\/uploads\/2022\/11\/2022-01-14-15-59-322-100x100.webp 100w\" sizes=\"auto, (max-width: 750px) 100vw, 750px\" \/><\/figure>","protected":false},"excerpt":{"rendered":"<p>Edelstahl Wasserflasche Gro\u00dfhandel, einfach zu tun Anpassung. BPA frei und umweltfreundlich. Halten Sie Wasser hei\u00df und kalt f\u00fcr 12-24 Stunden.<\/p>","protected":false},"featured_media":1360,"template":"","meta":{"_acf_changed":false,"_seopress_robots_primary_cat":"","_seopress_titles_title":"","_seopress_titles_desc":"","_seopress_robots_index":"","_uag_custom_page_level_css":""},"product_brand":[],"product_cat":[19],"product_tag":[],"class_list":{"0":"post-700","1":"product","2":"type-product","3":"status-publish","4":"has-post-thumbnail","6":"product_cat-stainless-steel-water-bottle","8":"first","9":"instock","10":"shipping-taxable","11":"product-type-simple"},"acf":[],"uagb_featured_image_src":{"full":["https:\/\/eco-drinkware.com\/wp-content\/uploads\/2022\/11\/19_0.webp",1000,1000,false],"thumbnail":["https:\/\/eco-drinkware.com\/wp-content\/uploads\/2022\/11\/19_0-150x150.webp",150,150,true],"medium":["https:\/\/eco-drinkware.com\/wp-content\/uploads\/2022\/11\/19_0-300x300.webp",300,300,true],"medium_large":["https:\/\/eco-drinkware.com\/wp-content\/uploads\/2022\/11\/19_0-768x768.webp",768,768,true],"large":["https:\/\/eco-drinkware.com\/wp-content\/uploads\/2022\/11\/19_0.webp",1000,1000,false],"1536x1536":["https:\/\/eco-drinkware.com\/wp-content\/uploads\/2022\/11\/19_0.webp",1000,1000,false],"2048x2048":["https:\/\/eco-drinkware.com\/wp-content\/uploads\/2022\/11\/19_0.webp",1000,1000,false],"trp-custom-language-flag":["https:\/\/eco-drinkware.com\/wp-content\/uploads\/2022\/11\/19_0.webp",12,12,false],"woocommerce_thumbnail":["https:\/\/eco-drinkware.com\/wp-content\/uploads\/2022\/11\/19_0-300x300.webp",300,300,true],"woocommerce_single":["https:\/\/eco-drinkware.com\/wp-content\/uploads\/2022\/11\/19_0-600x600.webp",600,600,true],"woocommerce_gallery_thumbnail":["https:\/\/eco-drinkware.com\/wp-content\/uploads\/2022\/11\/19_0-100x100.webp",100,100,true]},"uagb_author_info":{"display_name":"Amy","author_link":"https:\/\/eco-drinkware.com\/de\/author\/"},"uagb_comment_info":0,"uagb_excerpt":"Stainless steel water bottle wholesale, easy to do customization. BPA free and eco friendly. Keep water hot and cold for 12-24 hours.","_links":{"self":[{"href":"https:\/\/eco-drinkware.com\/de\/wp-json\/wp\/v2\/product\/700","targetHints":{"allow":["GET"]}}],"collection":[{"href":"https:\/\/eco-drinkware.com\/de\/wp-json\/wp\/v2\/product"}],"about":[{"href":"https:\/\/eco-drinkware.com\/de\/wp-json\/wp\/v2\/types\/product"}],"wp:featuredmedia":[{"embeddable":true,"href":"https:\/\/eco-drinkware.com\/de\/wp-json\/wp\/v2\/media\/1360"}],"wp:attachment":[{"href":"https:\/\/eco-drinkware.com\/de\/wp-json\/wp\/v2\/media?parent=700"}],"wp:term":[{"taxonomy":"product_brand","embeddable":true,"href":"https:\/\/eco-drinkware.com\/de\/wp-json\/wp\/v2\/product_brand?post=700"},{"taxonomy":"product_cat","embeddable":true,"href":"https:\/\/eco-drinkware.com\/de\/wp-json\/wp\/v2\/product_cat?post=700"},{"taxonomy":"product_tag","embeddable":true,"href":"https:\/\/eco-drinkware.com\/de\/wp-json\/wp\/v2\/product_tag?post=700"}],"curies":[{"name":"wp","href":"https:\/\/api.w.org\/{rel}","templated":true}]}}