{"id":703,"date":"2022-11-03T16:32:26","date_gmt":"2022-11-03T16:32:26","guid":{"rendered":"https:\/\/eco-drinkware.com\/?post_type=product&#038;p=703"},"modified":"2023-06-02T22:35:55","modified_gmt":"2023-06-02T14:35:55","slug":"17-umweltfreundliche-thermoskannen-aus-rostfreiem-stahl-ohne-minimum-17","status":"publish","type":"product","link":"https:\/\/eco-drinkware.com\/de\/product\/17-umweltfreundliche-thermoskannen-aus-rostfreiem-stahl-ohne-minimum-17\/","title":{"rendered":"Lebensmittelqualit\u00e4t Contigo Stil Taste Release Wasser 500ml doppelwandige Edelstahlflasche"},"content":{"rendered":"<h2 class=\"wp-block-heading\">Produktmerkmale:<\/h2>\n\n\n\n<p><a><\/a>\u25cf Material: 18\/8 Edelstahl, wir nennen es auch 304 Edelstahl. Deckel: pp, Silikon. Strohhalm: pp. 100% BPA frei und gesundheitliche Sicherheit. Alle Materialien sind ungiftig. Es ist der Trend, dauerhafte Wasserflasche statt Einweg-Plastikflasche zu verwenden. So wird die Welt mehr sauber und sch\u00f6n sein.<\/p>\n\n\n\n<p class=\"has-black-color has-text-color\">\u25cf <a>Der Deckel ist auslaufsicher Deckel.Okay, um diese Flasche in Tasche oder Rucksack zu setzen. Kein Auslaufen.<\/a><\/p>\n\n\n\n<p><a><\/a>\u25cf Diese Edelstahl-Thermoskanne ist doppelwandig isoliert mit Kupfer beschichtet, wiederverwendbare Wasserflasche. Es ist doppelwandig isolierte Konstruktion, h\u00e4lt Wasser hei\u00df f\u00fcr 12 Stunden und kalt \u00fcber 24 hours.Use diese wiederverwendbare Wasserflasche und f\u00fchlen hydratisiert den ganzen Tag lang. Nehmen Sie mit unseren 40OZ Becher, f\u00fchlen sich k\u00fchl den ganzen Tag. .<\/p>\n\n\n\n<p><a><\/a>\u25cf 16OZ \/500ml Gr\u00f6\u00dfe ist die perfekte Gr\u00f6\u00dfe f\u00fcr unseren t\u00e4glichen Gebrauch. Einfach zum Mitnehmen oder in den Rucksack oder die Handtasche stecken.<\/p>\n\n\n\n<p><a><\/a>\u25cfColor: Wir k\u00f6nnen jede m\u00f6gliche Farbe f\u00fcr Kunden tun. PMS Farbe ist willkommen. Sowohl der K\u00f6rper als auch der Deckel k\u00f6nnen PMS-Farbe tun.<\/p>\n\n\n\n<p class=\"has-black-color has-text-color\">\u25cf <a>Dieser Becher ist gut f\u00fcr Erwachsene geeignet und l\u00e4sst sich leicht zum Campen, Spazierengehen, Laufen und so weiter mitnehmen.<\/a><\/p>\n\n\n\n<p>\u25cf<strong>Beschichtung:&nbsp;<\/strong>keine Beschichtung (geb\u00fcrsteter Edelstahl), Spritzlackierung, Pulverbeschichtung, Verkupferung, etc.<\/p>\n\n\n\n<p><a><\/a>\u25cf<strong>Muster:&nbsp;<\/strong>individuelle Muster k\u00f6nnen aufgedruckt werden, und zwar mit verschiedenen Drucktechniken: Siebdruck, Thermotransferdruck, Wassertransferdruck, Sublimationstransfer, usw.<\/p>\n\n\n\n<p>\u25cf<strong>Logo:&nbsp;<\/strong>Einfaches Bearbeiten von kundenspezifischen Logos. Logo-Optionen sind: Abziehbild Logo, Seidendruck, W\u00e4rme\u00fcbertragung, Sublimation, etc. Willkommen, um Ihr Logo zu teilen. Unser Team wird Mock up zur\u00fcck zu senden.<\/p>\n\n\n\n<p>\u25cf<strong>Verpackungsschachtel:&nbsp;<\/strong>wei\u00dfe Schachtel, individuell bedruckte Schachtel, zylindrische Schachtel, Luftpolstertasche, Geschenkschachtel, jedes kundenspezifische Designpaket ist willkommen, usw.<\/p>\n\n\n\n<p>\u25cfSp\u00fclmaschinen- und mikrowellengeeigneter Becher aus Edelstahl<\/p>\n\n\n\n<p>Der vakuumversiegelte Raum zwischen den W\u00e4nden wirkt wie eine Barriere, die verhindert, dass W\u00e4rme in die Flasche eindringt oder entweicht. Dadurch bleiben hei\u00dfe Getr\u00e4nke wie Kaffee, Tee oder Suppe mehrere Stunden lang hei\u00df, w\u00e4hrend kalte Getr\u00e4nke wie Wasser, Saft oder Limonade \u00fcber einen l\u00e4ngeren Zeitraum hinweg kalt bleiben.<\/p>\n\n\n\n<p><a><\/a>Isolierte Flaschen sind eine ausgezeichnete Wahl f\u00fcr Menschen, die ihre Getr\u00e4nke unterwegs auf einer konstanten Temperatur halten wollen, egal ob sie wandern, campen, reisen oder einfach nur zur Arbeit pendeln.<\/p>\n\n\n\n<p class=\"has-black-color has-text-color\"><a>\u25cf<\/a>Spezialisiert auf die Herstellung und den Export aller Arten von Trinkgeschirr wie Wasserflaschen, Gro\u00dfhandelsbecher, Lebensmittelbeh\u00e4lter, Hunden\u00e4pfe, Salatsch\u00fcsseln, Dosenk\u00fchler. Eco Drinkware verf\u00fcgt \u00fcber automatisierte und hocheffiziente Produktionslinien. Wir setzen auf Industrie 4.0 und bleiben in der Branche wettbewerbsf\u00e4hig. Die automatisierte Produktion macht unsere Produkte kosteng\u00fcnstiger und wettbewerbsf\u00e4higer im Preis.<\/p>\n\n\n\n<p><a><\/a>\u25cfEco Drinkware tun OEM &amp;ODM. Mit Top-Profi-Ingenieure mit mehr als 10 Jahre Wasserflasche Herstellung Industrie Erfahrung, einfach, um Ihre Idee in tats\u00e4chliche Produkte zu machen. herzlich willkommen, mit uns f\u00fcr Ihre Idee zu teilen.<\/p>\n\n\n\n<p><a><\/a>\u25cf Wir tun Qualit\u00e4tskontrolle auf Linie, um die Produktion sicherzustellen geht gut und kein Fehler. Wenn es Fehler gibt, k\u00f6nnen wir es auf Zeit korrigieren, um Kosten zu sparen. Qualit\u00e4t ist unsere Kultur, wir vertrauen darauf, dass Qualit\u00e4t mehr f\u00fcr Kunden und Hersteller bringt. Gehen Sie mit Eco Drinkware, werden Sie mehr Kunden und mehr Markt zu bekommen. Weil unser Team gl\u00fccklich ist, uns selbst und unsere Produkte zu verbessern, um in unserer Branche hervorragend zu sein.<\/p>\n\n\n\n<p>\u25cfVersandmethode: FOB, CIF, DDU, DDP per Bahn oder Schiff an Kunden weltweit.<\/p>\n\n\n\n<figure class=\"wp-block-image size-full\"><img loading=\"lazy\" decoding=\"async\" width=\"800\" height=\"800\" src=\"https:\/\/eco-drinkware.com\/wp-content\/uploads\/2022\/11\/gv001-main-pic-2.jpg\" alt=\"500ml contigo reise kaffee becher flasche wasser flasche\" class=\"wp-image-1889\" srcset=\"https:\/\/eco-drinkware.com\/wp-content\/uploads\/2022\/11\/gv001-main-pic-2.jpg 800w, https:\/\/eco-drinkware.com\/wp-content\/uploads\/2022\/11\/gv001-main-pic-2-300x300.jpg 300w, https:\/\/eco-drinkware.com\/wp-content\/uploads\/2022\/11\/gv001-main-pic-2-150x150.jpg 150w, https:\/\/eco-drinkware.com\/wp-content\/uploads\/2022\/11\/gv001-main-pic-2-768x768.jpg 768w, https:\/\/eco-drinkware.com\/wp-content\/uploads\/2022\/11\/gv001-main-pic-2-600x600.jpg 600w, https:\/\/eco-drinkware.com\/wp-content\/uploads\/2022\/11\/gv001-main-pic-2-100x100.jpg 100w\" sizes=\"auto, (max-width: 800px) 100vw, 800px\" \/><\/figure>\n\n\n\n<h2 class=\"wp-block-heading\">Produktspezifikationen:<\/h2>\n\n\n\n<p><\/p>\n\n\n\n<div class=\"wp-block-columns is-layout-flex wp-container-core-columns-is-layout-9d6595d7 wp-block-columns-is-layout-flex\">\n<div class=\"wp-block-column is-layout-flow wp-block-column-is-layout-flow\"><\/div>\n\n\n\n<div class=\"wp-block-column is-layout-flow wp-block-column-is-layout-flow\"><\/div>\n<\/div>\n\n\n\n<div class=\"wp-block-columns is-layout-flex wp-container-core-columns-is-layout-9d6595d7 wp-block-columns-is-layout-flex\">\n<div class=\"wp-block-column is-layout-flow wp-block-column-is-layout-flow\" style=\"flex-basis:100%\">\n<p><\/p>\n\n\n\n<figure class=\"wp-block-table is-style-stripes\"><table><tbody><tr><td>CItem-Nummer<\/td><td>GV001<\/td><\/tr><tr><td>Kapazit\u00e4t<\/td><td>17OZ \/500ml<\/td><\/tr><tr><td>Durchmesser<\/td><td>73 mm (2,87 Zoll) &nbsp;&nbsp;&nbsp;&nbsp;&nbsp;&nbsp;&nbsp;&nbsp;&nbsp;&nbsp;&nbsp;&nbsp;&nbsp;&nbsp;&nbsp;&nbsp;&nbsp;&nbsp;&nbsp;&nbsp;&nbsp;<\/td><\/tr><tr><td>H\u00f6he<\/td><td>250mm (13.8inch)<\/td><\/tr><tr><td>Farbe<\/td><td>Rot, Silber, Gr\u00fcn, Blau, Wei\u00df, Schwarz, Ros\u00e9gold, kundenspezifische Farbe, PMS-Farbe<\/td><\/tr><tr><td>Material<\/td><td>Innen aus Edelstahl 304 und au\u00dfen aus Edelstahl 201<\/td><\/tr><tr><td>Merkmal<\/td><td>Doppelwandige Vakuumflasche, gro\u00dfes Fassungsverm\u00f6gen, kundenspezifisches Design <\/td><\/tr><tr><td>Logo<\/td><td>Laser, Seidendruck, W\u00e4rme\u00fcbertragung, Wasser\u00fcbertragung, Gas\u00fcbertragung, 3D-Druck, Sublimation, etc.<\/td><\/tr><tr><td>Paket<\/td><td>wei\u00dfe Schachtel, individuell bedruckte Schachtel, Zylinderschachtel, Luftpolstertasche, Geschenkschachtel<\/td><\/tr><tr><td>Probezeit<\/td><td>3 Tage f\u00fcr Standardmuster, 7 Tage f\u00fcr individuelle Logomuster<\/td><\/tr><tr><td>Produktionszeit<\/td><td>10-35 Tage je nach Menge und Anforderungen<\/td><\/tr><tr><td>\u00dcber die Bezahlung<\/td><td>\u00dcberweisung, Paypal, Western Union, Handelsversicherung<\/td><\/tr><tr><td>Herkunftsland<\/td><td>Hergestellt in China<\/td><\/tr><\/tbody><\/table><\/figure>\n<\/div>\n<\/div>","protected":false},"excerpt":{"rendered":"<ul>\n<li>BPA frei umweltfreundlich 18\/8 Edelstahl Material. Kratzfestigkeit. Gut f\u00fcr unsere Gesundheit.<\/li>\n<li>Gro\u00dfe Mund\u00f6ffnung: Bequem zum Einlegen von Eisw\u00fcrfeln und Trinken<\/li>\n<li>Klicken Sie auf die Taste, um Wasser freizugeben und zu verschlie\u00dfen. Verwenden Sie Convenient Design. .<\/li>\n<li>H\u00e4lt das Wasser 12 Stunden lang hei\u00df und 24 Stunden lang kalt<\/li>\n<li><strong><b>rostfrei und <\/b><\/strong><strong><b>Auslaufen <\/b><\/strong><strong><b>Nachweis<\/b><\/strong><\/li>\n<li><strong><b>Kappe<\/b><\/strong>Inhalt:17OZ\/500ml \u00a0<\/li>\n<li>Gro\u00dfer Griff an der Seite f\u00fcr einfaches Tragen.<\/li>\n<li>Individuelle Farben und Designs sind willkommen.<\/li>\n<li><strong><b>Schwei\u00dffrei:<\/b><\/strong>\u00a0Diese Wasserflasche aus Edelstahl schwitzt nicht, wenn sie mit eiskaltem Wasser gef\u00fcllt ist, und verbrennt Ihre H\u00e4nde nicht, wenn sie mit hei\u00dfem Wasser gef\u00fcllt ist.<\/li>\n<\/ul>","protected":false},"featured_media":1368,"template":"","meta":{"_acf_changed":false,"_seopress_robots_primary_cat":"none","_seopress_titles_title":"","_seopress_titles_desc":"","_seopress_robots_index":"","_uag_custom_page_level_css":""},"product_brand":[],"product_cat":[40,54,20],"product_tag":[66,64,62,63,65],"class_list":{"0":"post-703","1":"product","2":"type-product","3":"status-publish","4":"has-post-thumbnail","6":"product_cat-stainless-steel-tumbler","7":"product_cat-tea-bottle-coffee-tumblers","8":"product_cat-vacuum-flask","9":"product_tag-500ml-bottle","10":"product_tag-coffee-tumbler","11":"product_tag-contigo","12":"product_tag-double-wall-thermos","13":"product_tag-thermos","15":"first","16":"instock","17":"shipping-taxable","18":"product-type-simple"},"acf":[],"uagb_featured_image_src":{"full":["https:\/\/eco-drinkware.com\/wp-content\/uploads\/2022\/11\/17_0.webp",800,800,false],"thumbnail":["https:\/\/eco-drinkware.com\/wp-content\/uploads\/2022\/11\/17_0-150x150.webp",150,150,true],"medium":["https:\/\/eco-drinkware.com\/wp-content\/uploads\/2022\/11\/17_0-300x300.webp",300,300,true],"medium_large":["https:\/\/eco-drinkware.com\/wp-content\/uploads\/2022\/11\/17_0-768x768.webp",768,768,true],"large":["https:\/\/eco-drinkware.com\/wp-content\/uploads\/2022\/11\/17_0.webp",800,800,false],"1536x1536":["https:\/\/eco-drinkware.com\/wp-content\/uploads\/2022\/11\/17_0.webp",800,800,false],"2048x2048":["https:\/\/eco-drinkware.com\/wp-content\/uploads\/2022\/11\/17_0.webp",800,800,false],"trp-custom-language-flag":["https:\/\/eco-drinkware.com\/wp-content\/uploads\/2022\/11\/17_0.webp",12,12,false],"woocommerce_thumbnail":["https:\/\/eco-drinkware.com\/wp-content\/uploads\/2022\/11\/17_0-300x300.webp",300,300,true],"woocommerce_single":["https:\/\/eco-drinkware.com\/wp-content\/uploads\/2022\/11\/17_0-600x600.webp",600,600,true],"woocommerce_gallery_thumbnail":["https:\/\/eco-drinkware.com\/wp-content\/uploads\/2022\/11\/17_0-100x100.webp",100,100,true]},"uagb_author_info":{"display_name":"Amy","author_link":"https:\/\/eco-drinkware.com\/de\/author\/"},"uagb_comment_info":0,"uagb_excerpt":"BPA Free eco friendly 18\/8 stainless steel material. scratching resistance. Good for our healthy. Big mouth opening: Convenient for putting ice cubes and drinking Click the button to release water and lock water. Use Convenient Design . Keeps water hot for 12 hours and cold for 24 hours Rust-proof and spill proof Capacity:17OZ\/500ml \u00a0 Big&hellip;","_links":{"self":[{"href":"https:\/\/eco-drinkware.com\/de\/wp-json\/wp\/v2\/product\/703","targetHints":{"allow":["GET"]}}],"collection":[{"href":"https:\/\/eco-drinkware.com\/de\/wp-json\/wp\/v2\/product"}],"about":[{"href":"https:\/\/eco-drinkware.com\/de\/wp-json\/wp\/v2\/types\/product"}],"wp:featuredmedia":[{"embeddable":true,"href":"https:\/\/eco-drinkware.com\/de\/wp-json\/wp\/v2\/media\/1368"}],"wp:attachment":[{"href":"https:\/\/eco-drinkware.com\/de\/wp-json\/wp\/v2\/media?parent=703"}],"wp:term":[{"taxonomy":"product_brand","embeddable":true,"href":"https:\/\/eco-drinkware.com\/de\/wp-json\/wp\/v2\/product_brand?post=703"},{"taxonomy":"product_cat","embeddable":true,"href":"https:\/\/eco-drinkware.com\/de\/wp-json\/wp\/v2\/product_cat?post=703"},{"taxonomy":"product_tag","embeddable":true,"href":"https:\/\/eco-drinkware.com\/de\/wp-json\/wp\/v2\/product_tag?post=703"}],"curies":[{"name":"wp","href":"https:\/\/api.w.org\/{rel}","templated":true}]}}