{"id":707,"date":"2022-11-03T16:33:30","date_gmt":"2022-11-03T16:33:30","guid":{"rendered":"https:\/\/eco-drinkware.com\/?post_type=product&#038;p=707"},"modified":"2022-11-25T08:53:40","modified_gmt":"2022-11-25T08:53:40","slug":"15-ga6005-kein-minimum-groshandel-benutzerdefinierte-logo-500ml-amazon-glasmaterial-infundiert-wasser-trinkflaschen-mit-tee-ei-15","status":"publish","type":"product","link":"https:\/\/eco-drinkware.com\/de\/product\/15-ga6005-kein-minimum-groshandel-benutzerdefinierte-logo-500ml-amazon-glasmaterial-infundiert-wasser-trinkflaschen-mit-tee-ei-15\/","title":{"rendered":"Gro\u00dfhandel benutzerdefinierte Logo 500ml doppelte Wand Glas Infuser Wasser Trinkflasche"},"content":{"rendered":"<p>Gro\u00dfhandel benutzerdefinierte Logo 500ml doppelte Wand Glas Infuser Wasser Trinkflasche<\/p>\n\n\n\n<h3 class=\"wp-block-heading\">Eigenschaften<\/h3>\n\n\n\n<p>1. Diese Doppelwand-Glasflasche scheint kurz, aber Kapazit\u00e4t ist 500ml<br>2. Es gibt 2 Arten von Deckel f\u00fcr Sie w\u00e4hlen, Bambus Deckel mit String und ohne String<br>3. Kundenspezifisches Logo: Laser-Logo auf Bambusdeckel, Abziehbild-Logo auf Glas<\/p>\n\n\n\n<figure class=\"wp-block-table\"><table><tbody><tr><td>MOQ<\/td><td>300St\u00fcck<\/td><\/tr><tr><td>Kapazit\u00e4t<\/td><td>500ml<\/td><\/tr><tr><td>Material<\/td><td>Hochborosilikatglas, Naturbambus, Edelstahl 304<\/td><\/tr><tr><td>Logo<\/td><td>kundenspezifisches Logo ist willkommen<\/td><\/tr><tr><td>Zahlungsbedingungen<\/td><td>T\/T, Paypal, West Union<\/td><\/tr><tr><td>Probezeit<\/td><td>5-7 Tage<\/td><\/tr><\/tbody><\/table><\/figure>\n\n\n\n<figure class=\"wp-block-image size-full\"><img loading=\"lazy\" decoding=\"async\" width=\"1000\" height=\"1000\" src=\"https:\/\/eco-drinkware.com\/wp-content\/uploads\/2022\/11\/16_1.webp\" alt=\"\" class=\"wp-image-1377\" srcset=\"https:\/\/eco-drinkware.com\/wp-content\/uploads\/2022\/11\/16_1.webp 1000w, https:\/\/eco-drinkware.com\/wp-content\/uploads\/2022\/11\/16_1-300x300.webp 300w, https:\/\/eco-drinkware.com\/wp-content\/uploads\/2022\/11\/16_1-150x150.webp 150w, https:\/\/eco-drinkware.com\/wp-content\/uploads\/2022\/11\/16_1-768x768.webp 768w, https:\/\/eco-drinkware.com\/wp-content\/uploads\/2022\/11\/16_1-600x600.webp 600w, https:\/\/eco-drinkware.com\/wp-content\/uploads\/2022\/11\/16_1-100x100.webp 100w\" sizes=\"auto, (max-width: 1000px) 100vw, 1000px\" \/><\/figure>\n\n\n\n<figure class=\"wp-block-image size-full\"><img loading=\"lazy\" decoding=\"async\" width=\"1000\" height=\"1000\" src=\"https:\/\/eco-drinkware.com\/wp-content\/uploads\/2022\/11\/2020-10-23-18-17-358.webp\" alt=\"\" class=\"wp-image-1374\" srcset=\"https:\/\/eco-drinkware.com\/wp-content\/uploads\/2022\/11\/2020-10-23-18-17-358.webp 1000w, https:\/\/eco-drinkware.com\/wp-content\/uploads\/2022\/11\/2020-10-23-18-17-358-300x300.webp 300w, https:\/\/eco-drinkware.com\/wp-content\/uploads\/2022\/11\/2020-10-23-18-17-358-150x150.webp 150w, https:\/\/eco-drinkware.com\/wp-content\/uploads\/2022\/11\/2020-10-23-18-17-358-768x768.webp 768w, https:\/\/eco-drinkware.com\/wp-content\/uploads\/2022\/11\/2020-10-23-18-17-358-600x600.webp 600w, https:\/\/eco-drinkware.com\/wp-content\/uploads\/2022\/11\/2020-10-23-18-17-358-100x100.webp 100w\" sizes=\"auto, (max-width: 1000px) 100vw, 1000px\" \/><\/figure>","protected":false},"excerpt":{"rendered":"<p>Diese doppelwandige Glasflasche scheint kurz zu sein, aber die Kapazit\u00e4t ist gro\u00df, n\u00e4mlich 500ml. Es gibt 2 Arten von Deckeln f\u00fcr Sie w\u00e4hlen, Bambusdeckel mit Schnur und ohne Schnur. Wenn Sie kurze doppelwandige Glasflasche mit gro\u00dfer Kapazit\u00e4t m\u00f6gen, ist dies eine gute Option!<\/p>","protected":false},"featured_media":1374,"template":"","meta":{"_acf_changed":false,"_seopress_robots_primary_cat":"","_seopress_titles_title":"","_seopress_titles_desc":"","_seopress_robots_index":"","_uag_custom_page_level_css":""},"product_brand":[],"product_cat":[21,22],"product_tag":[],"class_list":{"0":"post-707","1":"product","2":"type-product","3":"status-publish","4":"has-post-thumbnail","6":"product_cat-bamboo-water-bottle","7":"product_cat-glass-water-bottle","9":"first","10":"instock","11":"shipping-taxable","12":"product-type-simple"},"acf":[],"uagb_featured_image_src":{"full":["https:\/\/eco-drinkware.com\/wp-content\/uploads\/2022\/11\/2020-10-23-18-17-358.webp",1000,1000,false],"thumbnail":["https:\/\/eco-drinkware.com\/wp-content\/uploads\/2022\/11\/2020-10-23-18-17-358-150x150.webp",150,150,true],"medium":["https:\/\/eco-drinkware.com\/wp-content\/uploads\/2022\/11\/2020-10-23-18-17-358-300x300.webp",300,300,true],"medium_large":["https:\/\/eco-drinkware.com\/wp-content\/uploads\/2022\/11\/2020-10-23-18-17-358-768x768.webp",768,768,true],"large":["https:\/\/eco-drinkware.com\/wp-content\/uploads\/2022\/11\/2020-10-23-18-17-358.webp",1000,1000,false],"1536x1536":["https:\/\/eco-drinkware.com\/wp-content\/uploads\/2022\/11\/2020-10-23-18-17-358.webp",1000,1000,false],"2048x2048":["https:\/\/eco-drinkware.com\/wp-content\/uploads\/2022\/11\/2020-10-23-18-17-358.webp",1000,1000,false],"trp-custom-language-flag":["https:\/\/eco-drinkware.com\/wp-content\/uploads\/2022\/11\/2020-10-23-18-17-358.webp",12,12,false],"woocommerce_thumbnail":["https:\/\/eco-drinkware.com\/wp-content\/uploads\/2022\/11\/2020-10-23-18-17-358-300x300.webp",300,300,true],"woocommerce_single":["https:\/\/eco-drinkware.com\/wp-content\/uploads\/2022\/11\/2020-10-23-18-17-358-600x600.webp",600,600,true],"woocommerce_gallery_thumbnail":["https:\/\/eco-drinkware.com\/wp-content\/uploads\/2022\/11\/2020-10-23-18-17-358-100x100.webp",100,100,true]},"uagb_author_info":{"display_name":"Amy","author_link":"https:\/\/eco-drinkware.com\/de\/author\/"},"uagb_comment_info":0,"uagb_excerpt":"This double wall glass bottle seems short, but capacity is big, which is 500ml. There are 2 kinds of lids for you choose, bamboo lid with string and without string. If you like short double wall glass bottle with big capacity, this is a good option!","_links":{"self":[{"href":"https:\/\/eco-drinkware.com\/de\/wp-json\/wp\/v2\/product\/707","targetHints":{"allow":["GET"]}}],"collection":[{"href":"https:\/\/eco-drinkware.com\/de\/wp-json\/wp\/v2\/product"}],"about":[{"href":"https:\/\/eco-drinkware.com\/de\/wp-json\/wp\/v2\/types\/product"}],"wp:featuredmedia":[{"embeddable":true,"href":"https:\/\/eco-drinkware.com\/de\/wp-json\/wp\/v2\/media\/1374"}],"wp:attachment":[{"href":"https:\/\/eco-drinkware.com\/de\/wp-json\/wp\/v2\/media?parent=707"}],"wp:term":[{"taxonomy":"product_brand","embeddable":true,"href":"https:\/\/eco-drinkware.com\/de\/wp-json\/wp\/v2\/product_brand?post=707"},{"taxonomy":"product_cat","embeddable":true,"href":"https:\/\/eco-drinkware.com\/de\/wp-json\/wp\/v2\/product_cat?post=707"},{"taxonomy":"product_tag","embeddable":true,"href":"https:\/\/eco-drinkware.com\/de\/wp-json\/wp\/v2\/product_tag?post=707"}],"curies":[{"name":"wp","href":"https:\/\/api.w.org\/{rel}","templated":true}]}}