{"id":708,"date":"2022-11-03T16:33:04","date_gmt":"2022-11-03T16:33:04","guid":{"rendered":"https:\/\/eco-drinkware.com\/?post_type=product&#038;p=708"},"modified":"2022-11-25T08:53:43","modified_gmt":"2022-11-25T08:53:43","slug":"16-bpa-frei-fda-bestanden-frucht-infuser-wasserflasche-tee-glasflasche-mit-tee-infuser-filter-16","status":"publish","type":"product","link":"https:\/\/eco-drinkware.com\/de\/product\/16-bpa-frei-fda-bestanden-frucht-infuser-wasserflasche-tee-glasflasche-mit-tee-infuser-filter-16\/","title":{"rendered":"BPA-freie FDA-gepr\u00fcfte Fr\u00fcchteteeflasche Tee-Glaskolben mit Teefilter"},"content":{"rendered":"<p>Diese 500ml Teeglas-Trinkflaschen mit Bambusdeckel sind 7,8*19,5cm gro\u00df. Mit Doppelwand hoch Borosilikatglas. Dieses Glas Trinkflasche ist kurz und gro\u00df, leicht zu tragen. Gute Glas Wasser Trinkflasche Option f\u00fcr Outdoor-Aktivit\u00e4ten.&nbsp;<\/p>\n\n\n\n<p>Diese Teeglas-Trinkflasche ist mit 2 Deckeln, Bambusdeckel und Bambusdeckel mit Schnur.&nbsp;<\/p>\n\n\n\n<p>Das Material f\u00fcr diese Teeglas-Trinkflasche ist sehr umweltfreundlich.\u00a0<\/p>\n\n\n\n<figure class=\"wp-block-table\"><table><tbody><tr><td>Name<\/td><td>500ml Tee Glas Trinkflaschen mit Bambusdeckel<\/td><\/tr><tr><td>Kapazit\u00e4t<\/td><td>500ml<\/td><\/tr><tr><td>Gr\u00f6\u00dfe<\/td><td>7,8*19,5cm<\/td><\/tr><tr><td>Logo<\/td><td>angepasst<\/td><\/tr><tr><td>Paket<\/td><td>Einfache wei\u00dfe Schachtel, farbige Schachtel, runder Zylinder<\/td><\/tr><tr><td>Material<\/td><td>Hochborosilikatglas, Edelstahl 304, Bambus natur, Silikon, neues PP<\/td><\/tr><tr><td>Probezeit<\/td><td>5-7 Tage<\/td><\/tr><\/tbody><\/table><\/figure>\n\n\n\n<figure class=\"wp-block-image size-full\"><img loading=\"lazy\" decoding=\"async\" width=\"1000\" height=\"1000\" src=\"https:\/\/eco-drinkware.com\/wp-content\/uploads\/2022\/11\/2020-10-23-18-17-358.webp\" alt=\"\" class=\"wp-image-1374\" srcset=\"https:\/\/eco-drinkware.com\/wp-content\/uploads\/2022\/11\/2020-10-23-18-17-358.webp 1000w, https:\/\/eco-drinkware.com\/wp-content\/uploads\/2022\/11\/2020-10-23-18-17-358-300x300.webp 300w, https:\/\/eco-drinkware.com\/wp-content\/uploads\/2022\/11\/2020-10-23-18-17-358-150x150.webp 150w, https:\/\/eco-drinkware.com\/wp-content\/uploads\/2022\/11\/2020-10-23-18-17-358-768x768.webp 768w, https:\/\/eco-drinkware.com\/wp-content\/uploads\/2022\/11\/2020-10-23-18-17-358-600x600.webp 600w, https:\/\/eco-drinkware.com\/wp-content\/uploads\/2022\/11\/2020-10-23-18-17-358-100x100.webp 100w\" sizes=\"auto, (max-width: 1000px) 100vw, 1000px\" \/><\/figure>\n\n\n\n<figure class=\"wp-block-image size-full\"><img loading=\"lazy\" decoding=\"async\" width=\"1000\" height=\"1000\" src=\"https:\/\/eco-drinkware.com\/wp-content\/uploads\/2022\/11\/2020-10-23-18-19-197.webp\" alt=\"\" class=\"wp-image-1375\" srcset=\"https:\/\/eco-drinkware.com\/wp-content\/uploads\/2022\/11\/2020-10-23-18-19-197.webp 1000w, https:\/\/eco-drinkware.com\/wp-content\/uploads\/2022\/11\/2020-10-23-18-19-197-300x300.webp 300w, https:\/\/eco-drinkware.com\/wp-content\/uploads\/2022\/11\/2020-10-23-18-19-197-150x150.webp 150w, https:\/\/eco-drinkware.com\/wp-content\/uploads\/2022\/11\/2020-10-23-18-19-197-768x768.webp 768w, https:\/\/eco-drinkware.com\/wp-content\/uploads\/2022\/11\/2020-10-23-18-19-197-600x600.webp 600w, https:\/\/eco-drinkware.com\/wp-content\/uploads\/2022\/11\/2020-10-23-18-19-197-100x100.webp 100w\" sizes=\"auto, (max-width: 1000px) 100vw, 1000px\" \/><\/figure>\n\n\n\n<p><\/p>","protected":false},"excerpt":{"rendered":"<p>Diese 500ml Teeglas-Trinkflaschen mit Bambusdeckel sind 7,8*19,5cm gro\u00df. Mit Doppelwand hoch Borosilikatglas. Dieses Glas Trinkflasche ist kurz und gro\u00df, leicht zu tragen. Gute Glas Wasser Trinkflasche Option f\u00fcr Outdoor-Aktivit\u00e4ten.<\/p>","protected":false},"featured_media":1376,"template":"","meta":{"_acf_changed":false,"_seopress_robots_primary_cat":"","_seopress_titles_title":"","_seopress_titles_desc":"","_seopress_robots_index":"","_uag_custom_page_level_css":""},"product_brand":[],"product_cat":[21,22],"product_tag":[],"class_list":{"0":"post-708","1":"product","2":"type-product","3":"status-publish","4":"has-post-thumbnail","6":"product_cat-bamboo-water-bottle","7":"product_cat-glass-water-bottle","9":"first","10":"instock","11":"shipping-taxable","12":"product-type-simple"},"acf":[],"uagb_featured_image_src":{"full":["https:\/\/eco-drinkware.com\/wp-content\/uploads\/2022\/11\/16_0.webp",1000,1000,false],"thumbnail":["https:\/\/eco-drinkware.com\/wp-content\/uploads\/2022\/11\/16_0-150x150.webp",150,150,true],"medium":["https:\/\/eco-drinkware.com\/wp-content\/uploads\/2022\/11\/16_0-300x300.webp",300,300,true],"medium_large":["https:\/\/eco-drinkware.com\/wp-content\/uploads\/2022\/11\/16_0-768x768.webp",768,768,true],"large":["https:\/\/eco-drinkware.com\/wp-content\/uploads\/2022\/11\/16_0.webp",1000,1000,false],"1536x1536":["https:\/\/eco-drinkware.com\/wp-content\/uploads\/2022\/11\/16_0.webp",1000,1000,false],"2048x2048":["https:\/\/eco-drinkware.com\/wp-content\/uploads\/2022\/11\/16_0.webp",1000,1000,false],"trp-custom-language-flag":["https:\/\/eco-drinkware.com\/wp-content\/uploads\/2022\/11\/16_0.webp",12,12,false],"woocommerce_thumbnail":["https:\/\/eco-drinkware.com\/wp-content\/uploads\/2022\/11\/16_0-300x300.webp",300,300,true],"woocommerce_single":["https:\/\/eco-drinkware.com\/wp-content\/uploads\/2022\/11\/16_0-600x600.webp",600,600,true],"woocommerce_gallery_thumbnail":["https:\/\/eco-drinkware.com\/wp-content\/uploads\/2022\/11\/16_0-100x100.webp",100,100,true]},"uagb_author_info":{"display_name":"Amy","author_link":"https:\/\/eco-drinkware.com\/de\/author\/"},"uagb_comment_info":0,"uagb_excerpt":"This 500ml tea glass drinking bottles with bamboo lids is 7.8*19.5cm. With double wall high borosilicate glass. This glass drinking bottle is short and large, easy to carry. Good glass water drinking bottle option for outdoor activities.","_links":{"self":[{"href":"https:\/\/eco-drinkware.com\/de\/wp-json\/wp\/v2\/product\/708","targetHints":{"allow":["GET"]}}],"collection":[{"href":"https:\/\/eco-drinkware.com\/de\/wp-json\/wp\/v2\/product"}],"about":[{"href":"https:\/\/eco-drinkware.com\/de\/wp-json\/wp\/v2\/types\/product"}],"wp:featuredmedia":[{"embeddable":true,"href":"https:\/\/eco-drinkware.com\/de\/wp-json\/wp\/v2\/media\/1376"}],"wp:attachment":[{"href":"https:\/\/eco-drinkware.com\/de\/wp-json\/wp\/v2\/media?parent=708"}],"wp:term":[{"taxonomy":"product_brand","embeddable":true,"href":"https:\/\/eco-drinkware.com\/de\/wp-json\/wp\/v2\/product_brand?post=708"},{"taxonomy":"product_cat","embeddable":true,"href":"https:\/\/eco-drinkware.com\/de\/wp-json\/wp\/v2\/product_cat?post=708"},{"taxonomy":"product_tag","embeddable":true,"href":"https:\/\/eco-drinkware.com\/de\/wp-json\/wp\/v2\/product_tag?post=708"}],"curies":[{"name":"wp","href":"https:\/\/api.w.org\/{rel}","templated":true}]}}