{"id":1487,"date":"2022-11-30T20:45:56","date_gmt":"2022-11-30T12:45:56","guid":{"rendered":"https:\/\/eco-drinkware.com\/?post_type=product&#038;p=1487"},"modified":"2022-12-01T09:44:55","modified_gmt":"2022-12-01T01:44:55","slug":"650ml-22oz-bpa-free-cola-shape-borosilicate-glass-water-bottle","status":"publish","type":"product","link":"https:\/\/eco-drinkware.com\/es\/product\/650ml-22oz-bpa-free-cola-shape-borosilicate-glass-water-bottle\/","title":{"rendered":"Botella de agua de vidrio borosilicato 650ml \/22OZ SIN BPA con forma de cola"},"content":{"rendered":"<h2 class=\"wp-block-heading\">Caracter\u00edsticas del producto:<\/h2>\n\n\n\n<p><strong>Material<\/strong>Cuerpo de vidrio de borosilicato de alto brillo y gran transparencia. Tapa: nuevo pl\u00e1stico PP, acero inoxidable y silicona.<\/p>\n\n\n\n<p>Con funda de neopreno de f\u00e1cil transporte, el cliente puede quitar esta funda si no le gusta.<\/p>\n\n\n\n<p><strong>Color<\/strong>Botella de vidrio: normalmente en color claro. Eco Drinkware puede hacer botella colorida por pintura en aerosol, UV galvanoplastia habilidad.<\/p>\n\n\n\n<p><strong>Patr\u00f3n:&nbsp;<\/strong>Se pueden imprimir motivos personalizados mediante diversas t\u00e9cnicas de impresi\u00f3n: serigraf\u00eda, impresi\u00f3n por transferencia de calor, impresi\u00f3n por transferencia de agua, transferencia por sublimaci\u00f3n, etc.<\/p>\n\n\n\n<p><strong>Logotipo:&nbsp;<\/strong>F\u00e1cil de trabajar en el logotipo personalizado. Las opciones del logotipo incluyen: logotipo de la calcoman\u00eda, impresi\u00f3n de seda, transferencia de calor, sublimaci\u00f3n, etc.<\/p>\n\n\n\n<p>Apto para lavavajillas y microondas.<\/p>\n\n\n\n<p><strong>Caja de embalaje:&nbsp;<\/strong>caja blanca, caja impresa personalizada, caja cil\u00edndrica, bolsa de burbujas, caja de regalo, cualquier paquete de dise\u00f1o personalizado es bienvenido, etc.<\/p>\n\n\n\n<p><strong>Forma de env\u00edo<\/strong>: FOB, CIF, DDU, DDP por tren o mar a clientes de todo el mundo.<\/p>\n\n\n\n<p>F\u00e1cil de hacer botella de forma personalizada, por favor no dude en compartir su idea.<\/p>\n\n\n\n<figure class=\"wp-block-image size-full\"><img loading=\"lazy\" decoding=\"async\" width=\"1000\" height=\"1000\" src=\"https:\/\/eco-drinkware.com\/wp-content\/uploads\/2022\/11\/GA0001-ECO-DRINKWARE-Glass-Water-Bottle-5.webp\" alt=\"\" class=\"wp-image-1494\" srcset=\"https:\/\/eco-drinkware.com\/wp-content\/uploads\/2022\/11\/GA0001-ECO-DRINKWARE-Glass-Water-Bottle-5.webp 1000w, https:\/\/eco-drinkware.com\/wp-content\/uploads\/2022\/11\/GA0001-ECO-DRINKWARE-Glass-Water-Bottle-5-300x300.webp 300w, https:\/\/eco-drinkware.com\/wp-content\/uploads\/2022\/11\/GA0001-ECO-DRINKWARE-Glass-Water-Bottle-5-150x150.webp 150w, https:\/\/eco-drinkware.com\/wp-content\/uploads\/2022\/11\/GA0001-ECO-DRINKWARE-Glass-Water-Bottle-5-768x768.webp 768w, https:\/\/eco-drinkware.com\/wp-content\/uploads\/2022\/11\/GA0001-ECO-DRINKWARE-Glass-Water-Bottle-5-600x600.webp 600w, https:\/\/eco-drinkware.com\/wp-content\/uploads\/2022\/11\/GA0001-ECO-DRINKWARE-Glass-Water-Bottle-5-100x100.webp 100w\" sizes=\"auto, (max-width: 1000px) 100vw, 1000px\" \/><\/figure>\n\n\n\n<h2 class=\"wp-block-heading\">Especificaciones del producto:<\/h2>\n\n\n\n<figure class=\"wp-block-table\"><table><tbody><tr><td>Capacidad<\/td><td>650ml\/18OZ<\/td><\/tr><tr><td>MOQ<\/td><td>100 unidades para la impresi\u00f3n de logotipos personalizados<\/td><\/tr><tr><td>Di\u00e1metro<\/td><td>Di\u00e1metro: 70 mm (2,76 pulgadas)&nbsp;&nbsp;&nbsp;&nbsp;&nbsp;&nbsp;&nbsp;&nbsp;&nbsp;&nbsp;&nbsp;&nbsp;&nbsp;&nbsp;&nbsp;&nbsp;&nbsp;&nbsp;&nbsp;&nbsp;&nbsp;<\/td><\/tr><tr><td>Altura<\/td><td>260 mm (10,24 pulgadas)<\/td><\/tr><tr><td>Color<\/td><td>Transparente, color personalizado<\/td><\/tr><tr><td>Logotipo<\/td><td>calcoman\u00eda logo, serigraf\u00eda, transferencia t\u00e9rmica, sublimaci\u00f3n, etc.<\/td><\/tr><tr><td>Paquete<\/td><td>caja blanca, caja impresa personalizada, caja cil\u00edndrica, bolsa de burbujas, caja de regalo<\/td><\/tr><tr><td>Tiempo de muestreo<\/td><td>3 d\u00edas para muestra de stock, 7 d\u00edas para muestra de logotipo personalizado<\/td><\/tr><tr><td>Tiempo de producci\u00f3n<\/td><td>10-35 d\u00edas dependiendo de la cantidad y los requisitos<\/td><\/tr><tr><td>Sobre el pago<\/td><td>Transferencia bancaria, paypal, western union<\/td><\/tr><tr><td>Pa\u00eds de origen<\/td><td>Fabricado en China<\/td><\/tr><\/tbody><\/table><\/figure>","protected":false},"excerpt":{"rendered":"<p>Botella de vidrio de borosilicato sin BPA en forma de cola, con funda de neopreno, f\u00e1cil de transportar y con un aspecto muy especial. Patr\u00f3n personalizado y el dise\u00f1o son bienvenidos.<\/p>\n<ul>\n<li>Sin BPA, aprueba las pruebas de la FDA y la LFGB<\/li>\n<li>A prueba de fugas<\/li>\n<li>Reutilizable<\/li>\n<li>Apto para congelador<\/li>\n<\/ul>\n<p>Capacidad: 650ml\/22OZ<\/p>\n<p>Material de alto brillo y alta transparencia. apto para soportar -20\u2103 a 500\u2103 de diferencia brusca de temperatura.<\/p>\n<p>Apto para todos los soportes , soporte de coche , soporte de mochila y soporte de bicicleta.<\/p>","protected":false},"featured_media":1490,"template":"","meta":{"_acf_changed":false,"_seopress_robots_primary_cat":"","_seopress_titles_title":"","_seopress_titles_desc":"","_seopress_robots_index":"","_uag_custom_page_level_css":""},"product_brand":[],"product_cat":[22,35],"product_tag":[59,58,60],"class_list":{"0":"post-1487","1":"product","2":"type-product","3":"status-publish","4":"has-post-thumbnail","6":"product_cat-glass-water-bottle","7":"product_cat-single-wall-gass-bottle","8":"product_tag-bpa-free","9":"product_tag-glass-water-bottle","10":"product_tag-water-bottle","12":"first","13":"instock","14":"featured","15":"shipping-taxable","16":"product-type-simple"},"acf":[],"uagb_featured_image_src":{"full":["https:\/\/eco-drinkware.com\/wp-content\/uploads\/2022\/11\/GA0001-ECO-DRINKWARE-Glass-Water-Bottle-1.webp",600,600,false],"thumbnail":["https:\/\/eco-drinkware.com\/wp-content\/uploads\/2022\/11\/GA0001-ECO-DRINKWARE-Glass-Water-Bottle-1-150x150.webp",150,150,true],"medium":["https:\/\/eco-drinkware.com\/wp-content\/uploads\/2022\/11\/GA0001-ECO-DRINKWARE-Glass-Water-Bottle-1-300x300.webp",300,300,true],"medium_large":["https:\/\/eco-drinkware.com\/wp-content\/uploads\/2022\/11\/GA0001-ECO-DRINKWARE-Glass-Water-Bottle-1.webp",600,600,false],"large":["https:\/\/eco-drinkware.com\/wp-content\/uploads\/2022\/11\/GA0001-ECO-DRINKWARE-Glass-Water-Bottle-1.webp",600,600,false],"1536x1536":["https:\/\/eco-drinkware.com\/wp-content\/uploads\/2022\/11\/GA0001-ECO-DRINKWARE-Glass-Water-Bottle-1.webp",600,600,false],"2048x2048":["https:\/\/eco-drinkware.com\/wp-content\/uploads\/2022\/11\/GA0001-ECO-DRINKWARE-Glass-Water-Bottle-1.webp",600,600,false],"trp-custom-language-flag":["https:\/\/eco-drinkware.com\/wp-content\/uploads\/2022\/11\/GA0001-ECO-DRINKWARE-Glass-Water-Bottle-1.webp",12,12,false],"woocommerce_thumbnail":["https:\/\/eco-drinkware.com\/wp-content\/uploads\/2022\/11\/GA0001-ECO-DRINKWARE-Glass-Water-Bottle-1-300x300.webp",300,300,true],"woocommerce_single":["https:\/\/eco-drinkware.com\/wp-content\/uploads\/2022\/11\/GA0001-ECO-DRINKWARE-Glass-Water-Bottle-1.webp",600,600,false],"woocommerce_gallery_thumbnail":["https:\/\/eco-drinkware.com\/wp-content\/uploads\/2022\/11\/GA0001-ECO-DRINKWARE-Glass-Water-Bottle-1-100x100.webp",100,100,true]},"uagb_author_info":{"display_name":"Amy","author_link":"https:\/\/eco-drinkware.com\/es\/author\/"},"uagb_comment_info":0,"uagb_excerpt":"BPA free borosilicate glass bottlein cola shape, comes with neoprene sleeve .Easy to take away .Cola shaped bottle which looks very special . Custom pattern and design are welcome . BPA Free, okay to pass FDA and LFGB testing Leak proof Reusable Freezer Safe Capacity: 650ml\/22OZ High bright and high transparent material .Okay to stand&hellip;","_links":{"self":[{"href":"https:\/\/eco-drinkware.com\/es\/wp-json\/wp\/v2\/product\/1487","targetHints":{"allow":["GET"]}}],"collection":[{"href":"https:\/\/eco-drinkware.com\/es\/wp-json\/wp\/v2\/product"}],"about":[{"href":"https:\/\/eco-drinkware.com\/es\/wp-json\/wp\/v2\/types\/product"}],"wp:featuredmedia":[{"embeddable":true,"href":"https:\/\/eco-drinkware.com\/es\/wp-json\/wp\/v2\/media\/1490"}],"wp:attachment":[{"href":"https:\/\/eco-drinkware.com\/es\/wp-json\/wp\/v2\/media?parent=1487"}],"wp:term":[{"taxonomy":"product_brand","embeddable":true,"href":"https:\/\/eco-drinkware.com\/es\/wp-json\/wp\/v2\/product_brand?post=1487"},{"taxonomy":"product_cat","embeddable":true,"href":"https:\/\/eco-drinkware.com\/es\/wp-json\/wp\/v2\/product_cat?post=1487"},{"taxonomy":"product_tag","embeddable":true,"href":"https:\/\/eco-drinkware.com\/es\/wp-json\/wp\/v2\/product_tag?post=1487"}],"curies":[{"name":"wp","href":"https:\/\/api.w.org\/{rel}","templated":true}]}}