{"id":1514,"date":"2022-12-01T10:15:16","date_gmt":"2022-12-01T02:15:16","guid":{"rendered":"https:\/\/eco-drinkware.com\/?post_type=product&#038;p=1514"},"modified":"2023-07-04T15:46:41","modified_gmt":"2023-07-04T07:46:41","slug":"16-oz-personalizado-de-acero-inoxidable-de-bambu-taza-de-viaje-a-prueba-de-fugas-tapa-aislada-taza-de-cafe","status":"publish","type":"product","link":"https:\/\/eco-drinkware.com\/es\/product\/16-oz-personalizado-de-acero-inoxidable-de-bambu-taza-de-viaje-a-prueba-de-fugas-tapa-aislada-taza-de-cafe\/","title":{"rendered":"Taza de viaje de bamb\u00fa de acero inoxidable personalizada de 16 oz - Tapa a prueba de fugas y taza de caf\u00e9 aislada"},"content":{"rendered":"<h2 class=\"wp-block-heading\">Especificaci\u00f3n del producto<\/h2>\n\n\n\n<figure class=\"wp-block-table is-style-stripes\"><table><tbody><tr><td>Capacidad<\/td><td>450ml\/16OZ<\/td><\/tr><tr><td>MOQ<\/td><td>100 unidades para impresi\u00f3n de logotipo personalizado, 50 unidades para logotipo l\u00e1ser<\/td><\/tr><tr><td>Di\u00e1metro<\/td><td>Di\u00e1metro: 80 mm (3,15 pulgadas)&nbsp;&nbsp;&nbsp;&nbsp;&nbsp;&nbsp;&nbsp;&nbsp;&nbsp;&nbsp;&nbsp;&nbsp;&nbsp;&nbsp;&nbsp;&nbsp;&nbsp;&nbsp;&nbsp;&nbsp;&nbsp;<\/td><\/tr><tr><td>Altura<\/td><td>180 mm (7,09 pulgadas)<\/td><\/tr><tr><td>Color<\/td><td>Color bamb\u00fa natural<\/td><\/tr><tr><td>Logotipo<\/td><td>serigraf\u00eda, transferencia t\u00e9rmica, l\u00e1ser, etc.<\/td><\/tr><tr><td>Paquete<\/td><td>caja blanca, caja impresa personalizada, caja cil\u00edndrica, bolsa de burbujas, caja de regalo<\/td><\/tr><tr><td>Tiempo de muestreo<\/td><td>3 d\u00edas para muestra de stock, 7 d\u00edas para muestra de logotipo personalizado<\/td><\/tr><tr><td>Tiempo de producci\u00f3n<\/td><td>10-35 d\u00edas dependiendo de la cantidad y los requisitos<\/td><\/tr><tr><td>Sobre el pago<\/td><td>Transferencia bancaria , paypal, western union<\/td><\/tr><tr><td>Pa\u00eds de origen<\/td><td>Fabricado en China<\/td><\/tr><tr><td>Certificado de origen<\/td><td>S\u00ed, podemos ofrecer<\/td><\/tr><tr><td>Nuevo dise\u00f1o personalizado<\/td><td>S\u00ed, podemos trabajar en ello.<\/td><\/tr><tr><td>Taza troquelada<\/td><td>Disponible<\/td><\/tr><tr><td>Plantilla de paquete<\/td><td>Disponible<\/td><\/tr><\/tbody><\/table><\/figure>\n\n\n\n<h2 class=\"wp-block-heading\">Caracter\u00edsticas del producto<\/h2>\n\n\n\n<p><strong>Material <\/strong>Tapa: nuevo pl\u00e1stico PP y silicona, cuerpo de la taza: acero inoxidable 304 y bamb\u00fa natural.<\/p>\n\n\n\n<p><strong>Color <\/strong>: Color bamb\u00fa natural, con piel de bamb\u00fa, estilo de vida muy respetuoso con el medio ambiente.<br>Patr\u00f3n: se puede imprimir un patr\u00f3n personalizado y se puede hacer mediante varias t\u00e9cnicas de impresi\u00f3n: serigraf\u00eda, impresi\u00f3n por transferencia t\u00e9rmica<\/p>\n\n\n\n<p><strong>Talla<\/strong>Tama\u00f1o: 80*180mm , capacidad: 450ml\/16OZ .F\u00e1cil de sostener con nuestra mano. Tama\u00f1o perfecto para beber.<br>Logotipo: F\u00e1cil de trabajar el logotipo personalizado. Pero logo l\u00e1ser se ve mejor en bamb\u00fa. Porque esta habilidad quemar la superficie, se ve de alto grado. .<br>Apto para lavavajillas, no microondas<\/p>\n\n\n\n<p><strong>Caja de embalaje<\/strong>Caja blanca, caja impresa personalizada, caja cil\u00edndrica, bolsa de burbujas, caja de regalo, cualquier paquete de dise\u00f1o personalizado es bienvenido, etc.<br>F\u00e1cil de hacer botella de forma personalizada, por favor no dude en compartir su idea.<\/p>\n\n\n\n<p>[Hecha a mano con bamb\u00fa cultivado org\u00e1nicamente - Bonita, natural y respetuosa con el medio ambiente, esta taza combina dos materiales de hoja perenne para crear una taza resistente y excepcional, perfecta para un bebedor de caf\u00e9 o t\u00e9. Este es el tipo de taza que siempre es elogiado y notado donde quiera que vaya.<\/p>\n\n\n\n<p>[Tapa a prueba de salpicaduras - Lleve su bebida de viaje de forma segura] - Con un asa resistente que facilita su sujeci\u00f3n, esta taza es perfecta para llevar su bebida caliente de viaje. La tapa garantiza que la bebida no salpicar\u00e1 y hace que la experiencia de beber sea c\u00f3moda.<\/p>\n\n\n\n<p>[Duradera, pero ligera] - Nuestra taza ecol\u00f3gica es a menudo la mejor opci\u00f3n para acampar y hacer senderismo. La construcci\u00f3n fuerte y el tama\u00f1o medio hace que sea un gran compa\u00f1ero de viaje de esa pausa para el caf\u00e9 con una vista. Con 100% alimentos grado 18\/8 de acero inoxidable y bamb\u00fa limpio, esto hace que para una gran taza de caf\u00e9 elecci\u00f3n.<\/p>\n\n\n\n<p>[ Regala ser diferente ] - Haz que tus seres queridos se sientan especiales cada d\u00eda. Ll\u00e9veles alegr\u00eda y un trozo de madera artesanal en su taza de caf\u00e9 de viaje favorita de cada d\u00eda.<br>Eco Drinkwaredo OEM &amp;ODM. Con los mejores ingenieros profesionales con m\u00e1s de 10 a\u00f1os de experiencia en la industria de fabricaci\u00f3n de botellas de agua, f\u00e1cil de hacer su idea en productos reales. una calurosa bienvenida a compartir con nosotros para su idea.<br>Hacemos la inspecci\u00f3n de la calidad en l\u00ednea para asegurarnos de que la producci\u00f3n va bien y no cualquier error. Si hay alg\u00fan error, podemos corregirlo a tiempo para ahorrar costes. La calidad es nuestra cultura, confiamos en que la calidad aporte m\u00e1s a los clientes y fabricantes.<br>F\u00e1cil de hacer botella de forma custmized, por favor no dude en compartir su idea.<br><strong>Forma de env\u00edo<\/strong> : FOB, CIF, DDU, DDP por tren o mar a clientes de todo el mundo.<br>Especializada en la fabricaci\u00f3n y exportaci\u00f3n de todo tipo de art\u00edculos de bebida, como botellas de agua, vasos al por mayor, recipientes para alimentos, cuencos para perros, ensaladeras y enfriadores de latas. <\/p>\n\n\n\n<p>Eco Drinkware posee l\u00edneas de producci\u00f3n automatizadas y altamente eficientes. Adoptamos Industry4.0 y seguimos siendo competitivos en el sector. La producci\u00f3n automatizada hace que nuestros productos sean m\u00e1s baratos y competitivos en precio.<\/p>","protected":false},"excerpt":{"rendered":"<p>BPA libre 450ml 16OZ personalizado logotipo personalizado de acero inoxidable de bamb\u00fa taza de viaje con tapa a prueba de fugas, viene con el paquete personalizado. 10 + a\u00f1os de experiencia en la producci\u00f3n .<\/p>\n<p>Sin BPA, aprueba las pruebas de la FDA y la LFGB<br \/>\nNuestras tazas de alta capacidad de 16 oz est\u00e1n hechas de bamb\u00fa y acero inoxidable, d\u00e1ndoles un aspecto \u00fanico y elegante. \u00a1Debido a que es de bamb\u00fa real, no hay dos exactamente iguales, y cada uno que usted compra es \u00fanico para usted!<br \/>\nF\u00e1cil de limpiar: La tapa se desenrosca para facilitar la limpieza. S\u00f3lo lavar a mano<br \/>\n2 diferentes tipos de tapas disponibles, uno es la tapa de diapositivas, uno es tapa flip. Tambi\u00e9n est\u00e1 bien para ordenar 2 tapas junto con esta taza de bamb\u00fa, por lo que el cliente final puede elegir la tapa que \u00e9l prefiere. .<br \/>\nCapacidad:450ml\/16OZ<br \/>\nIdeal para preparar t\u00e9 o caf\u00e9<br \/>\nEst\u00e1 bien para poner en el congelador.<\/p>","protected":false},"featured_media":1519,"template":"","meta":{"_acf_changed":false,"_seopress_robots_primary_cat":"","_seopress_titles_title":"","_seopress_titles_desc":"BPA free 450ml 16OZ personalized custom logo Stainless Steel Bamboo Travel Mug with leak proof lid, comes with custom package . 10+ years production experience .","_seopress_robots_index":"","_uag_custom_page_level_css":""},"product_brand":[],"product_cat":[34,21],"product_tag":[],"class_list":{"0":"post-1514","1":"product","2":"type-product","3":"status-publish","4":"has-post-thumbnail","6":"product_cat-bamboo-tumbler","7":"product_cat-bamboo-water-bottle","9":"first","10":"instock","11":"featured","12":"shipping-taxable","13":"product-type-simple"},"acf":[],"uagb_featured_image_src":{"full":["https:\/\/eco-drinkware.com\/wp-content\/uploads\/2022\/12\/personalized-Stainless-Steel-Bamboo-Travel-Mug-4.webp",1000,1000,false],"thumbnail":["https:\/\/eco-drinkware.com\/wp-content\/uploads\/2022\/12\/personalized-Stainless-Steel-Bamboo-Travel-Mug-4-150x150.webp",150,150,true],"medium":["https:\/\/eco-drinkware.com\/wp-content\/uploads\/2022\/12\/personalized-Stainless-Steel-Bamboo-Travel-Mug-4-300x300.webp",300,300,true],"medium_large":["https:\/\/eco-drinkware.com\/wp-content\/uploads\/2022\/12\/personalized-Stainless-Steel-Bamboo-Travel-Mug-4-768x768.webp",768,768,true],"large":["https:\/\/eco-drinkware.com\/wp-content\/uploads\/2022\/12\/personalized-Stainless-Steel-Bamboo-Travel-Mug-4.webp",1000,1000,false],"1536x1536":["https:\/\/eco-drinkware.com\/wp-content\/uploads\/2022\/12\/personalized-Stainless-Steel-Bamboo-Travel-Mug-4.webp",1000,1000,false],"2048x2048":["https:\/\/eco-drinkware.com\/wp-content\/uploads\/2022\/12\/personalized-Stainless-Steel-Bamboo-Travel-Mug-4.webp",1000,1000,false],"trp-custom-language-flag":["https:\/\/eco-drinkware.com\/wp-content\/uploads\/2022\/12\/personalized-Stainless-Steel-Bamboo-Travel-Mug-4.webp",12,12,false],"woocommerce_thumbnail":["https:\/\/eco-drinkware.com\/wp-content\/uploads\/2022\/12\/personalized-Stainless-Steel-Bamboo-Travel-Mug-4-300x300.webp",300,300,true],"woocommerce_single":["https:\/\/eco-drinkware.com\/wp-content\/uploads\/2022\/12\/personalized-Stainless-Steel-Bamboo-Travel-Mug-4-600x600.webp",600,600,true],"woocommerce_gallery_thumbnail":["https:\/\/eco-drinkware.com\/wp-content\/uploads\/2022\/12\/personalized-Stainless-Steel-Bamboo-Travel-Mug-4-100x100.webp",100,100,true]},"uagb_author_info":{"display_name":"Amy","author_link":"https:\/\/eco-drinkware.com\/es\/author\/"},"uagb_comment_info":0,"uagb_excerpt":"BPA free 450ml 16OZ personalized custom logo Stainless Steel Bamboo Travel Mug with leak proof lid, comes with custom package . 10+ years production experience . BPA Free, okay to pass FDA and LFGB testing Unique nature bamboo design ,eco friendly life style.Our high capacity 16oz mugs are made of bamboo and stainless steel, giving&hellip;","_links":{"self":[{"href":"https:\/\/eco-drinkware.com\/es\/wp-json\/wp\/v2\/product\/1514","targetHints":{"allow":["GET"]}}],"collection":[{"href":"https:\/\/eco-drinkware.com\/es\/wp-json\/wp\/v2\/product"}],"about":[{"href":"https:\/\/eco-drinkware.com\/es\/wp-json\/wp\/v2\/types\/product"}],"wp:featuredmedia":[{"embeddable":true,"href":"https:\/\/eco-drinkware.com\/es\/wp-json\/wp\/v2\/media\/1519"}],"wp:attachment":[{"href":"https:\/\/eco-drinkware.com\/es\/wp-json\/wp\/v2\/media?parent=1514"}],"wp:term":[{"taxonomy":"product_brand","embeddable":true,"href":"https:\/\/eco-drinkware.com\/es\/wp-json\/wp\/v2\/product_brand?post=1514"},{"taxonomy":"product_cat","embeddable":true,"href":"https:\/\/eco-drinkware.com\/es\/wp-json\/wp\/v2\/product_cat?post=1514"},{"taxonomy":"product_tag","embeddable":true,"href":"https:\/\/eco-drinkware.com\/es\/wp-json\/wp\/v2\/product_tag?post=1514"}],"curies":[{"name":"wp","href":"https:\/\/api.w.org\/{rel}","templated":true}]}}