{"id":1521,"date":"2022-12-01T10:28:31","date_gmt":"2022-12-01T02:28:31","guid":{"rendered":"https:\/\/eco-drinkware.com\/?post_type=product&#038;p=1521"},"modified":"2022-12-01T11:18:50","modified_gmt":"2022-12-01T03:18:50","slug":"vaso-de-bambu-aislado-de-doble-pared-de-450-ml-y-16-oz-con-tapa-deslizante-a-prueba-de-fugas","status":"publish","type":"product","link":"https:\/\/eco-drinkware.com\/es\/product\/vaso-de-bambu-aislado-de-doble-pared-de-450-ml-y-16-oz-con-tapa-deslizante-a-prueba-de-fugas\/","title":{"rendered":"450ml 16OZ Vaso de bamb\u00fa aislado de doble pared con tapa deslizante a prueba de fugas"},"content":{"rendered":"<h2 class=\"wp-block-heading\">Especificaciones del producto<\/h2>\n\n\n\n<figure class=\"wp-block-table is-style-stripes\"><table><tbody><tr><td>N\u00famero de art\u00edculo<\/td><td>GB8025<\/td><\/tr><tr><td>Capacidad<\/td><td>500ml\/16OZ<\/td><\/tr><tr><td>MOQ<\/td><td>100 unidades para impresi\u00f3n de logotipo personalizado, 50 unidades para logotipo l\u00e1ser<\/td><\/tr><tr><td>Di\u00e1metro<\/td><td>Di\u00e1metro :75 mm (2,95 pulgadas)&nbsp;&nbsp;&nbsp;&nbsp;&nbsp;&nbsp;&nbsp;&nbsp;&nbsp;&nbsp;&nbsp;&nbsp;&nbsp;&nbsp;&nbsp;&nbsp;&nbsp;&nbsp;&nbsp;&nbsp;&nbsp;<\/td><\/tr><tr><td>Altura<\/td><td>185 mm (7,28 pulgadas)<\/td><\/tr><tr><td>Color<\/td><td>Color bamb\u00fa natural, parte de acero inoxidable: rosa, plata, negro, azul<\/td><\/tr><tr><td>Logotipo<\/td><td>serigraf\u00eda, transferencia t\u00e9rmica, l\u00e1ser, etc.<\/td><\/tr><tr><td>Paquete<\/td><td>caja blanca, caja impresa personalizada, caja cil\u00edndrica, bolsa de burbujas, caja de regalo<\/td><\/tr><tr><td>Tiempo de muestreo<\/td><td>3 d\u00edas para muestra de stock, 7 d\u00edas para muestra de logotipo personalizado<\/td><\/tr><tr><td>Tiempo de producci\u00f3n<\/td><td>10-35 d\u00edas dependiendo de la cantidad y los requisitos<\/td><\/tr><tr><td>Sobre el pago<\/td><td>Transferencia bancaria , paypal, western union<\/td><\/tr><tr><td>Pa\u00eds de origen<\/td><td>Fabricado en China<\/td><\/tr><tr><td>Certificado de origen<\/td><td>S\u00ed, podemos ofrecer<\/td><\/tr><tr><td>Nuevo dise\u00f1o personalizado<\/td><td>S\u00ed, podemos trabajar en ello.<\/td><\/tr><tr><td>Taza troquelada<\/td><td>Disponible<\/td><\/tr><\/tbody><\/table><\/figure>\n\n\n\n<h2 class=\"wp-block-heading\">Caracter\u00edsticas del producto<\/h2>\n\n\n\n<p><strong>Material<\/strong>Tapa: nuevo pl\u00e1stico PP y silicona, cuerpo de la taza: acero inoxidable 304 y bamb\u00fa natural.<\/p>\n\n\n\n<p><strong>Color<\/strong>: Color bamb\u00fa natural, con piel de bamb\u00fa, estilo de vida muy respetuoso con el medio ambiente. Parte de acero inoxidable puede ser de cualquier color.<\/p>\n\n\n\n<p>[Hecha a mano con bamb\u00fa cultivado org\u00e1nicamente - Bonita, natural y respetuosa con el medio ambiente, esta taza combina dos materiales de hoja perenne para crear una taza resistente y excepcional, perfecta para un bebedor de caf\u00e9 o t\u00e9. Este es el tipo de taza que siempre es elogiado y notado donde quiera que vaya.<br><strong>Patr\u00f3n<\/strong>Dise\u00f1o personalizado: puede imprimirse mediante diversas t\u00e9cnicas de impresi\u00f3n: serigraf\u00eda, termotransferencia...<br><strong>Sin sudor<\/strong>Esta botella reutilizable no suda cuando se llena de agua helada y no quema las manos cuando se llena de agua caliente.<br><strong>Talla<\/strong>: 75*185mm , <strong>capacidad<\/strong>: 450ml\/16OZ. F\u00e1cil de sostener con la mano. Tama\u00f1o perfecto para beber.<br><strong>Logotipo<\/strong>: F\u00e1cil de trabajar con logotipos personalizados. Pero el logotipo del laser parece el mejor en bamb\u00fa. Porque esta habilidad quemar la superficie, se ve de alto grado.<br>Apto para lavavajillas, no microondas<br><strong>Caja de embalaje<\/strong>Caja blanca, caja impresa personalizada, caja cil\u00edndrica, bolsa de burbujas, caja de regalo, cualquier paquete de dise\u00f1o personalizado es bienvenido, etc.<br>F\u00e1cil de hacer botella de forma personalizada, por favor no dude en compartir su idea.<\/p>\n\n\n\n<p>[ Regala ser diferente ] - Haz que tus seres queridos se sientan especiales cada d\u00eda. Ll\u00e9veles alegr\u00eda y un trozo de madera artesanal en su taza de caf\u00e9 de viaje favorita de cada d\u00eda.<br>Eco Drinkware hacer OEM y ODM. Con los mejores ingenieros profesionales con m\u00e1s de 10 a\u00f1os de experiencia en la industria de fabricaci\u00f3n de botellas de agua, f\u00e1cil de hacer su idea en productos reales. una calurosa bienvenida a compartir con nosotros para su idea.<br>Hacemos la inspecci\u00f3n de la calidad en l\u00ednea para asegurarnos de que la producci\u00f3n va bien y no cualquier error. Si hay alg\u00fan error, podemos corregirlo a tiempo para ahorrar costes. La calidad es nuestra cultura, confiamos en que la calidad aporte m\u00e1s a los clientes y fabricantes.<br>F\u00e1cil de hacer botella de forma custmized, por favor no dude en compartir su idea.<br>M\u00e9todo de env\u00edo : FOB,CIF, DDU, DDP por tren o mar a clientes de todo el mundo.<br>Especializada en la fabricaci\u00f3n y exportaci\u00f3n de todo tipo de art\u00edculos de bebida, como botellas de agua, vasos al por mayor, recipientes para alimentos, cuencos para perros, ensaladeras y enfriadores de latas. Eco Drinkware posee l\u00edneas de producci\u00f3n automatizadas y de alta eficiencia. Adoptamos Industry4.0 y seguimos siendo competitivos en la industria. La producci\u00f3n automatizada hace que nuestros productos sean m\u00e1s baratos y competitivos en precio.<br>Su consulta ser\u00e1 respondida en 24 horas.<\/p>","protected":false},"excerpt":{"rendered":"<p>Libre de BPA, aprobado por la FDA y LFGB Todos los materiales son ecol\u00f3gicos y seguros para los alimentos.<br \/>Nuestras tazas de alta capacidad de 450 ml est\u00e1n hechas de bamb\u00fa y acero inoxidable, lo que les da un aspecto \u00fanico y elegante. \u00a1Debido a que es de bamb\u00fa real, no hay dos exactamente iguales, y cada uno que usted compra es \u00fanico para usted!<\/p>\n<ul>\n<li>Esta taza de bamb\u00fa es la mitad de acero inoxidable y la mitad de la naturaleza de bamb\u00fa. buena combinaci\u00f3n de acero inoxidable y bamb\u00fa. por lo tanto, la parte de acero inoxidable puede viene con diferentes colores, como el rosa, rojo, azul, plata. color Pantone tambi\u00e9n es bienvenido.<\/li>\n<li>El termo aislante de doble pared mantiene el agua caliente durante 24 horas y fr\u00eda durante 12. Por lo tanto, si se pone caf\u00e9 fr\u00edo dentro, el caf\u00e9 siempre estar\u00e1 fr\u00edo durante el d\u00eda.<br \/>Paja de acero inoxidable y cepillo de paja pueden ser emparejados y embalados en la caja. H\u00e1ganoslo saber si lo necesita.<\/li>\n<li>F\u00e1cil de limpiar: La tapa se desenrosca para facilitar la limpieza. S\u00f3lo lavar a mano<\/li>\n<li>Gire la tapa para obtener agua o desenrosque la tapa para beber agua directamente .<\/li>\n<li>Capacidad:450ml\/16OZ<\/li>\n<li>Ideal para preparar t\u00e9 o caf\u00e9 <\/li>\n<li>A prueba de \u00f3xido y fugas<\/li>\n<li>Se puede meter en el congelador. Se puede lavar en el lavavajillas.<\/li>\n<li>Apto para todos los soportes , soporte de coche , soporte de mochila y soporte de bicicleta.<\/li>\n<\/ul>","protected":false},"featured_media":1527,"template":"","meta":{"_acf_changed":false,"_seopress_robots_primary_cat":"none","_seopress_titles_title":"","_seopress_titles_desc":"Profession OEM and ODM bamboo mug supplier and designer from China. More than 10 years production experience . Custom logo on mug and package . Food safe certificate available.","_seopress_robots_index":"","_uag_custom_page_level_css":""},"product_brand":[],"product_cat":[34,21],"product_tag":[],"class_list":{"0":"post-1521","1":"product","2":"type-product","3":"status-publish","4":"has-post-thumbnail","6":"product_cat-bamboo-tumbler","7":"product_cat-bamboo-water-bottle","9":"first","10":"instock","11":"featured","12":"shipping-taxable","13":"product-type-simple"},"acf":[],"uagb_featured_image_src":{"full":["https:\/\/eco-drinkware.com\/wp-content\/uploads\/2022\/12\/16OZ-double-wall-insulated-bamboo-tumbler-3.webp",1000,1000,false],"thumbnail":["https:\/\/eco-drinkware.com\/wp-content\/uploads\/2022\/12\/16OZ-double-wall-insulated-bamboo-tumbler-3-150x150.webp",150,150,true],"medium":["https:\/\/eco-drinkware.com\/wp-content\/uploads\/2022\/12\/16OZ-double-wall-insulated-bamboo-tumbler-3-300x300.webp",300,300,true],"medium_large":["https:\/\/eco-drinkware.com\/wp-content\/uploads\/2022\/12\/16OZ-double-wall-insulated-bamboo-tumbler-3-768x768.webp",768,768,true],"large":["https:\/\/eco-drinkware.com\/wp-content\/uploads\/2022\/12\/16OZ-double-wall-insulated-bamboo-tumbler-3.webp",1000,1000,false],"1536x1536":["https:\/\/eco-drinkware.com\/wp-content\/uploads\/2022\/12\/16OZ-double-wall-insulated-bamboo-tumbler-3.webp",1000,1000,false],"2048x2048":["https:\/\/eco-drinkware.com\/wp-content\/uploads\/2022\/12\/16OZ-double-wall-insulated-bamboo-tumbler-3.webp",1000,1000,false],"trp-custom-language-flag":["https:\/\/eco-drinkware.com\/wp-content\/uploads\/2022\/12\/16OZ-double-wall-insulated-bamboo-tumbler-3.webp",12,12,false],"woocommerce_thumbnail":["https:\/\/eco-drinkware.com\/wp-content\/uploads\/2022\/12\/16OZ-double-wall-insulated-bamboo-tumbler-3-300x300.webp",300,300,true],"woocommerce_single":["https:\/\/eco-drinkware.com\/wp-content\/uploads\/2022\/12\/16OZ-double-wall-insulated-bamboo-tumbler-3-600x600.webp",600,600,true],"woocommerce_gallery_thumbnail":["https:\/\/eco-drinkware.com\/wp-content\/uploads\/2022\/12\/16OZ-double-wall-insulated-bamboo-tumbler-3-100x100.webp",100,100,true]},"uagb_author_info":{"display_name":"Amy","author_link":"https:\/\/eco-drinkware.com\/es\/author\/"},"uagb_comment_info":0,"uagb_excerpt":"BPA Free, okay to pass FDA and LFGB testing.All materials are eco friendly and food safe.Unique nature bamboo design ,eco friendly life style.Our high capacity 450ml mugs are made of bamboo and stainless steel, giving them a unique and stylish look. Because it's real bamboo, no two are exactly the same, and each one you&hellip;","_links":{"self":[{"href":"https:\/\/eco-drinkware.com\/es\/wp-json\/wp\/v2\/product\/1521","targetHints":{"allow":["GET"]}}],"collection":[{"href":"https:\/\/eco-drinkware.com\/es\/wp-json\/wp\/v2\/product"}],"about":[{"href":"https:\/\/eco-drinkware.com\/es\/wp-json\/wp\/v2\/types\/product"}],"wp:featuredmedia":[{"embeddable":true,"href":"https:\/\/eco-drinkware.com\/es\/wp-json\/wp\/v2\/media\/1527"}],"wp:attachment":[{"href":"https:\/\/eco-drinkware.com\/es\/wp-json\/wp\/v2\/media?parent=1521"}],"wp:term":[{"taxonomy":"product_brand","embeddable":true,"href":"https:\/\/eco-drinkware.com\/es\/wp-json\/wp\/v2\/product_brand?post=1521"},{"taxonomy":"product_cat","embeddable":true,"href":"https:\/\/eco-drinkware.com\/es\/wp-json\/wp\/v2\/product_cat?post=1521"},{"taxonomy":"product_tag","embeddable":true,"href":"https:\/\/eco-drinkware.com\/es\/wp-json\/wp\/v2\/product_tag?post=1521"}],"curies":[{"name":"wp","href":"https:\/\/api.w.org\/{rel}","templated":true}]}}