{"id":1528,"date":"2022-12-01T10:41:15","date_gmt":"2022-12-01T02:41:15","guid":{"rendered":"https:\/\/eco-drinkware.com\/?post_type=product&#038;p=1528"},"modified":"2022-12-01T11:18:46","modified_gmt":"2022-12-01T03:18:46","slug":"termo-de-bambu-premium-aislado-de-triple-pared-de-500-ml-380-ml-330-ml-con-colador-infusor-de-te","status":"publish","type":"product","link":"https:\/\/eco-drinkware.com\/es\/product\/termo-de-bambu-premium-aislado-de-triple-pared-de-500-ml-380-ml-330-ml-con-colador-infusor-de-te\/","title":{"rendered":"Termo de bamb\u00fa premium aislado de triple pared de 500 ml 380 ml 330 ml con infusor de t\u00e9 y colador"},"content":{"rendered":"<h2 class=\"wp-block-heading\">Especificaci\u00f3n del producto<\/h2>\n\n\n\n<figure class=\"wp-block-table is-style-stripes\"><table><tbody><tr><td>N\u00famero de art\u00edculo<\/td><td>GB8060<\/td><\/tr><tr><td>Capacidad<\/td><td>330ml\/12OZ 380ml\/14OZ 500ml\/17OZ<\/td><\/tr><tr><td>MOQ<\/td><td>100 unidades para impresi\u00f3n de logotipo personalizado, 50 unidades para logotipo l\u00e1ser<\/td><\/tr><tr><td>Tama\u00f1o de 330 ml<\/td><td>Di\u00e1metro :66 mm (2,6 pulgadas) , altura 200 mm (7,87 pulgadas)&nbsp;&nbsp;&nbsp;&nbsp;&nbsp;&nbsp;&nbsp;&nbsp;&nbsp;&nbsp;&nbsp;&nbsp;&nbsp;&nbsp;&nbsp;<\/td><\/tr><tr><td>380 ml<\/td><td>Di\u00e1metro :70 mm (2,76 pulgadas) , altura 200 mm (7,87 pulgadas)<\/td><\/tr><tr><td>500 ml<\/td><td>Di\u00e1metro :70 mm (2,76 pulgadas) , altura 230 mm (9,06 pulgadas)<\/td><\/tr><tr><td>Color<\/td><td>Color bamb\u00fa natural<\/td><\/tr><tr><td>Logotipo<\/td><td>Serigraf\u00eda, transferencia t\u00e9rmica, l\u00e1ser, etc.<\/td><\/tr><tr><td>Paquete<\/td><td>caja blanca, caja impresa personalizada, caja cil\u00edndrica, bolsa de burbujas, caja de regalo<\/td><\/tr><tr><td>Tiempo de muestreo<\/td><td>3 d\u00edas para muestra de stock, 7 d\u00edas para muestra de logotipo personalizado<\/td><\/tr><tr><td>Tiempo de producci\u00f3n<\/td><td>10-35 d\u00edas dependiendo de la cantidad y los requisitos<\/td><\/tr><\/tbody><\/table><\/figure>\n\n\n\n<h2 class=\"wp-block-heading\">Caracter\u00edsticas del producto<\/h2>\n\n\n\n<p><strong>Material<\/strong>Tapa: nuevo pl\u00e1stico PP y silicona, cuerpo de la taza: acero inoxidable 304 y bamb\u00fa natural.<br><strong>Color<\/strong>: Color bamb\u00fa natural, con piel de bamb\u00fa, estilo de vida muy respetuoso con el medio ambiente. Parte de acero inoxidable puede ser de cualquier color.<br>Materiales no t\u00f3xicos: la botella infusora de t\u00e9 de bamb\u00fa es una elecci\u00f3n inteligente y respetuosa con el medio ambiente, ya que ayuda a reducir el impacto medioambiental de los residuos pl\u00e1sticos. Ahorra cientos de vasos y botellas de pl\u00e1stico utilizando esta taza infusora de t\u00e9 a diario. No t\u00f3xica, esta botella infusora no contiene pl\u00e1stico nocivo, olores qu\u00edmicos ni toxinas que entren en contacto con tus bebidas. Todas las tazas de viaje se someten a las pruebas m\u00e1s exigentes y no contienen BPA ni plomo.<\/p>\n\n\n\n<p>[Hecha a mano con bamb\u00fa cultivado org\u00e1nicamente - Bonita, natural y respetuosa con el medio ambiente, esta taza combina dos materiales de hoja perenne para crear una taza resistente y excepcional, perfecta para un bebedor de caf\u00e9 o t\u00e9. Este es el tipo de taza que siempre es elogiado y notado donde quiera que vaya.<\/p>\n\n\n\n<p><strong>Patr\u00f3n<\/strong>Dise\u00f1o personalizado: puede imprimirse mediante diversas t\u00e9cnicas de impresi\u00f3n: serigraf\u00eda, termotransferencia...<br><strong>Sin sudor<\/strong>Esta botella reutilizable no suda cuando se llena de agua helada y no quema las manos cuando se llena de agua caliente.<br><strong>Talla<\/strong>: 330ml\/ 66<em>200mm ,380ml\/70<\/em>200mm, 500ml\/70*230 mm. F\u00e1cil de sujetar con la mano. Tama\u00f1o perfecto para beber.<br><strong>Logotipo<\/strong>: F\u00e1cil de trabajar con logotipos personalizados. Pero el logotipo del laser parece el mejor en bamb\u00fa. Porque esta habilidad quemar la superficie, se ve de alto grado.<br>Apto para lavavajillas, no microondas<br><strong>Caja de embalaje<\/strong>Caja blanca, caja impresa personalizada, caja cil\u00edndrica, bolsa de burbujas, caja de regalo, cualquier paquete de dise\u00f1o personalizado es bienvenido, etc.<br>F\u00e1cil de hacer botella de forma personalizada, por favor no dude en compartir su idea.<\/p>\n\n\n\n<p>[ Regala ser diferente ] - Haz que tus seres queridos se sientan especiales cada d\u00eda. Ll\u00e9veles alegr\u00eda y un trozo de madera artesanal en su taza de caf\u00e9 de viaje favorita de cada d\u00eda.<br>Eco Drinkware hacer OEM y ODM. Con los mejores ingenieros profesionales con m\u00e1s de 10 a\u00f1os de experiencia en la industria de fabricaci\u00f3n de botellas de agua, f\u00e1cil de hacer su idea en productos reales. una calurosa bienvenida a compartir con nosotros para su idea.<br>Hacemos la inspecci\u00f3n de la calidad en l\u00ednea para asegurarnos de que la producci\u00f3n va bien y no cualquier error. Si hay alg\u00fan error, podemos corregirlo a tiempo para ahorrar costes. La calidad es nuestra cultura, confiamos en que la calidad aporte m\u00e1s a los clientes y fabricantes.<br>F\u00e1cil de hacer botella de forma custmized, por favor no dude en compartir su idea.<\/p>\n\n\n\n<p><strong>Forma de env\u00edo<\/strong>: FOB, CIF, DDU, DDP por tren o mar a clientes de todo el mundo.<br>Especializada en la fabricaci\u00f3n y exportaci\u00f3n de todo tipo de art\u00edculos de bebida, como botellas de agua, vasos al por mayor, recipientes para alimentos, cuencos para perros, ensaladeras y enfriadores de latas. Eco Drinkware posee l\u00edneas de producci\u00f3n automatizadas y de alta eficiencia. Adoptamos Industry4.0 y seguimos siendo competitivos en la industria. La producci\u00f3n automatizada hace que nuestros productos sean m\u00e1s baratos y competitivos en precio.<\/p>\n\n\n\n<p>Su consulta ser\u00e1 respondida en 24 horas.<\/p>","protected":false},"excerpt":{"rendered":"<ul>\n<li>Libre de BPA, aprobado por la FDA y LFGB Todos los materiales son ecol\u00f3gicos y seguros para los alimentos.<\/li>\n<li>Hecho de bamb\u00fa y acero inoxidable, d\u00e1ndoles un aspecto \u00fanico y elegante. \u00a1Porque es de bamb\u00fa real, no hay dos exactamente iguales, y cada uno que usted compra es \u00fanico para usted!<\/li>\n<li>Infusor peque\u00f1o e infusor de cesta opcionales, elija el que prefiera. <\/li>\n<li>El termo aislante de doble pared mantiene el agua caliente durante 24 horas y fr\u00eda durante 12. Por lo tanto, si se pone caf\u00e9 fr\u00edo dentro, el caf\u00e9 siempre estar\u00e1 fr\u00edo durante el d\u00eda.<br \/>Paja de acero inoxidable y cepillo de paja pueden ser emparejados y embalados en la caja. H\u00e1ganoslo saber si lo necesita.<\/li>\n<li>F\u00e1cil de limpiar: La tapa se desenrosca para facilitar la limpieza. S\u00f3lo lavar a mano<\/li>\n<li>Gire la tapa para obtener agua o desenrosque la tapa para beber agua directamente .<\/li>\n<li>Capacidad:330ml\/12OZ 380ml\/14OZ 500ml\/17OZ<\/li>\n<li>Ideal para preparar t\u00e9 o caf\u00e9 <\/li>\n<li>A prueba de \u00f3xido y fugas<\/li>\n<li>Se puede meter en el congelador. Se puede lavar en el lavavajillas.<\/li>\n<li>Apto para todos los soportes , soporte de coche , soporte de mochila y soporte de bicicleta.<\/li>\n<\/ul>","protected":false},"featured_media":1534,"template":"","meta":{"_acf_changed":false,"_seopress_robots_primary_cat":"none","_seopress_titles_title":"","_seopress_titles_desc":"Eco friendly bamboo flask from China, made of nature bamboo .Multi capacity available.Custom logo and package welcome . DDP shipping to final customer.More than 10 years expert experience.","_seopress_robots_index":"","_uag_custom_page_level_css":""},"product_brand":[],"product_cat":[34,21],"product_tag":[],"class_list":{"0":"post-1528","1":"product","2":"type-product","3":"status-publish","4":"has-post-thumbnail","6":"product_cat-bamboo-tumbler","7":"product_cat-bamboo-water-bottle","9":"first","10":"instock","11":"featured","12":"shipping-taxable","13":"product-type-simple"},"acf":[],"uagb_featured_image_src":{"full":["https:\/\/eco-drinkware.com\/wp-content\/uploads\/2022\/12\/Bamboo-Thermos-with-Tea-Infuser-Strainer-1.webp",800,800,false],"thumbnail":["https:\/\/eco-drinkware.com\/wp-content\/uploads\/2022\/12\/Bamboo-Thermos-with-Tea-Infuser-Strainer-1-150x150.webp",150,150,true],"medium":["https:\/\/eco-drinkware.com\/wp-content\/uploads\/2022\/12\/Bamboo-Thermos-with-Tea-Infuser-Strainer-1-300x300.webp",300,300,true],"medium_large":["https:\/\/eco-drinkware.com\/wp-content\/uploads\/2022\/12\/Bamboo-Thermos-with-Tea-Infuser-Strainer-1-768x768.webp",768,768,true],"large":["https:\/\/eco-drinkware.com\/wp-content\/uploads\/2022\/12\/Bamboo-Thermos-with-Tea-Infuser-Strainer-1.webp",800,800,false],"1536x1536":["https:\/\/eco-drinkware.com\/wp-content\/uploads\/2022\/12\/Bamboo-Thermos-with-Tea-Infuser-Strainer-1.webp",800,800,false],"2048x2048":["https:\/\/eco-drinkware.com\/wp-content\/uploads\/2022\/12\/Bamboo-Thermos-with-Tea-Infuser-Strainer-1.webp",800,800,false],"trp-custom-language-flag":["https:\/\/eco-drinkware.com\/wp-content\/uploads\/2022\/12\/Bamboo-Thermos-with-Tea-Infuser-Strainer-1.webp",12,12,false],"woocommerce_thumbnail":["https:\/\/eco-drinkware.com\/wp-content\/uploads\/2022\/12\/Bamboo-Thermos-with-Tea-Infuser-Strainer-1-300x300.webp",300,300,true],"woocommerce_single":["https:\/\/eco-drinkware.com\/wp-content\/uploads\/2022\/12\/Bamboo-Thermos-with-Tea-Infuser-Strainer-1-600x600.webp",600,600,true],"woocommerce_gallery_thumbnail":["https:\/\/eco-drinkware.com\/wp-content\/uploads\/2022\/12\/Bamboo-Thermos-with-Tea-Infuser-Strainer-1-100x100.webp",100,100,true]},"uagb_author_info":{"display_name":"Amy","author_link":"https:\/\/eco-drinkware.com\/es\/author\/"},"uagb_comment_info":0,"uagb_excerpt":"BPA Free, okay to pass FDA and LFGB testing.All materials are eco friendly and food safe. Unique nature bamboo design ,eco friendly life style.Made of bamboo and stainless steel, giving them a unique and stylish look. Because it's real bamboo, no two are exactly the same, and each one you buy is UNIQUE to YOU!&hellip;","_links":{"self":[{"href":"https:\/\/eco-drinkware.com\/es\/wp-json\/wp\/v2\/product\/1528","targetHints":{"allow":["GET"]}}],"collection":[{"href":"https:\/\/eco-drinkware.com\/es\/wp-json\/wp\/v2\/product"}],"about":[{"href":"https:\/\/eco-drinkware.com\/es\/wp-json\/wp\/v2\/types\/product"}],"wp:featuredmedia":[{"embeddable":true,"href":"https:\/\/eco-drinkware.com\/es\/wp-json\/wp\/v2\/media\/1534"}],"wp:attachment":[{"href":"https:\/\/eco-drinkware.com\/es\/wp-json\/wp\/v2\/media?parent=1528"}],"wp:term":[{"taxonomy":"product_brand","embeddable":true,"href":"https:\/\/eco-drinkware.com\/es\/wp-json\/wp\/v2\/product_brand?post=1528"},{"taxonomy":"product_cat","embeddable":true,"href":"https:\/\/eco-drinkware.com\/es\/wp-json\/wp\/v2\/product_cat?post=1528"},{"taxonomy":"product_tag","embeddable":true,"href":"https:\/\/eco-drinkware.com\/es\/wp-json\/wp\/v2\/product_tag?post=1528"}],"curies":[{"name":"wp","href":"https:\/\/api.w.org\/{rel}","templated":true}]}}