{"id":1947,"date":"2023-07-04T17:09:11","date_gmt":"2023-07-04T09:09:11","guid":{"rendered":"https:\/\/eco-drinkware.com\/?post_type=product&#038;p=1947"},"modified":"2023-08-14T14:25:38","modified_gmt":"2023-08-14T06:25:38","slug":"gv030-custom16-oz-davids-tea-insulated-infuser-bottle-with-handle-lid","status":"publish","type":"product","link":"https:\/\/eco-drinkware.com\/es\/product\/gv030-custom16-oz-davids-tea-insulated-infuser-bottle-with-handle-lid\/","title":{"rendered":"GV030 Custom16 OZ David's tea frasco infusor isot\u00e9rmico con asa tapa"},"content":{"rendered":"<h2 class=\"wp-block-heading\">Caracter\u00edsticas del producto:<\/h2>\n\n\n\n<p>\u25cf Material: 18\/8 acero inoxidable, tambi\u00e9n lo llamamos 304 acero inoxidable. Tapa:pp, silicona .<br>100% Sin BPA y seguro para la salud. Todos los materiales son at\u00f3xicos. Es la tendencia a utilizar botellas de agua duraderas en lugar de botellas de pl\u00e1stico desechables, por lo que el mundo ser\u00e1 m\u00e1s limpio y hermoso.<br>\u25cf La tapa es a prueba de fugas .No hay fugas .<br>Esta botella de t\u00e9 de acero inoxidable es de doble pared aislada con recubrimiento de cobre, botella de agua reutilizable. Es la construcci\u00f3n de doble pared aislada, mantiene el agua caliente durante 12 horas y fr\u00eda durante 24 horas.Utilice esta botella de agua reutilizable y sentirse hidratado durante todo el d\u00eda. Ll\u00e9vela con nuestro vaso de 450ml y si\u00e9ntase fresco todo el d\u00eda. .<br>\u25cf La tapa con asa es perfecta para llevar. Es bueno para el gimnasio, senderismo y as\u00ed sucesivamente. <br>\u25cf Dise\u00f1o simple y forma cl\u00e1sica,perfecto para la vida moderna simple.Muy buena botella de t\u00e9 para promociones de marca.<\/p>\n\n\n\n<p>\u25cf Con tornillo infusor en la tapa. Perfecto para hacer t\u00e9. S\u00f3lo hay que poner el t\u00e9 en el interior del infusor. Tornillo en la tapa y poner en la botella. Pocos minutos despu\u00e9s, simplemente disfrutar de su equipo.<br>Color: Podemos hacer cualquier color para los clientes. El color de PMS es agradable. El cuerpo y la tapa pueden hacer color de PMS.<br>\u25cf Esta botella de t\u00e9 de forma recta es buena para adultos, f\u00e1cil de llevar para acampar, caminar, correr, etc. Perfecta para beber agua, t\u00e9, zumo y caf\u00e9.<br>Recubrimiento: sin recubrimiento (acero inoxidable cepillado), pintura en aerosol, recubrimiento en polvo, cobreado, etc.<br>\u25cfPattern: patr\u00f3n personalizado puede ser impreso y se puede hacer por varias t\u00e9cnicas de impresi\u00f3n: serigraf\u00eda, impresi\u00f3n de transferencia de calor, impresi\u00f3n de transferencia de agua, transferencia de sublimaci\u00f3n, etc..<br>\u25cfLogo: F\u00e1cil de trabajar en el logotipo personalizado. Las opciones del logotipo incluyen: logotipo de la calcoman\u00eda, impresi\u00f3n de seda, transferencia de calor, sublimaci\u00f3n, etc. Bienvenido a compartir su logotipo. Nuestro equipo enviar\u00e1 maqueta de vuelta.<br>\u25cfCaja de embalaje: caja blanca, caja impresa personalizada, caja cil\u00edndrica, bolsa de burbujas, caja de regalo, cualquier paquete de dise\u00f1o personalizado es bienvenido, etc.<br>\u25cfBotella de t\u00e9 de acero inoxidable apta para lavavajillas.Se puede lavar a m\u00e1quina.<br>Una botella isot\u00e9rmica de doble pared es un recipiente dise\u00f1ado para mantener las bebidas carbonatadas, como los refrescos o los refrescos de cola, a una temperatura constante durante los desplazamientos. La botella suele ser de doble pared, con un espacio sellado al vac\u00edo entre la pared interior y la exterior, lo que le confiere excelentes propiedades aislantes.<br>\u25cfEl espacio sellado al vac\u00edo entre las paredes act\u00faa como barrera para evitar que el calor entre o salga de la botella. Esto ayuda a mantener calientes bebidas como el caf\u00e9, el t\u00e9 o la sopa durante varias horas, mientras que las bebidas fr\u00edas como el agua, el zumo o los refrescos permanecen fr\u00edas durante un periodo prolongado.<br>Las botellas isot\u00e9rmicas son una opci\u00f3n excelente para quienes desean mantener sus bebidas a una temperatura constante mientras se desplazan, ya sea de excursi\u00f3n, acampada, viaje o simplemente para ir al trabajo.<br>\u25cfSpecialized en la fabricaci\u00f3n y exportaci\u00f3n de todo tipo de drinkware tales como botellas de agua, vasos al por mayor, contenedores de alimentos, cuencos para perros, ensaladeras, enfriadores de latas. Eco Drinkware posee l\u00edneas de producci\u00f3n automatizadas y de alta eficiencia. Adoptamos Industry4.0 y seguimos siendo competitivos en la industria. La producci\u00f3n automatizada hace que nuestros productos sean m\u00e1s baratos y competitivos en precio.<br>\u25cfEco Drinkware hacer OEM y ODM. Con los mejores ingenieros profesionales con m\u00e1s de 10 a\u00f1os de experiencia en la industria de fabricaci\u00f3n de botellas de agua, f\u00e1cil de hacer su idea en productos reales. una calurosa bienvenida a compartir con nosotros para su idea.<br>Hacemos la inspecci\u00f3n de la calidad en l\u00ednea para asegurarnos de que la producci\u00f3n va bien y no cualquier error. Si hay error, podemos corregirlo a tiempo para ahorrar coste. Confiamos en que la calidad traer\u00e1 m\u00e1s para los clientes y fabricantes. Con Eco Drinkware, obtendr\u00e1 m\u00e1s clientes y m\u00e1s mercado, tambi\u00e9n obtendr\u00e1 una buena reputaci\u00f3n de los clientes. Porque nuestro equipo feliz de mejorar nosotros mismos y los productos a ser excelente en nuestra industria.<br>\u25cfM\u00e9todo de env\u00edo : FOB,CIF, DDU, DDP por tren o mar a clientes globales.<\/p>\n\n\n\n<div class=\"wp-block-uagb-image uagb-block-2ec4c5db wp-block-uagb-image--layout-default wp-block-uagb-image--effect-static wp-block-uagb-image--align-none\"><figure class=\"wp-block-uagb-image__figure\"><img decoding=\"async\" src=\"https:\/\/eco-drinkware.com\/wp-content\/uploads\/2023\/07\/gv030-5.jpg\" alt=\"\" width=\"1000\" height=\"1000\" title=\"\" loading=\"lazy\" \/><\/figure><\/div>\n\n\n\n<h2 class=\"wp-block-heading\">Especificaciones del producto:<\/h2>\n\n\n\n<p><\/p>\n\n\n\n<div class=\"wp-block-columns is-layout-flex wp-container-core-columns-is-layout-9d6595d7 wp-block-columns-is-layout-flex\">\n<div class=\"wp-block-column is-layout-flow wp-block-column-is-layout-flow\"><\/div>\n\n\n\n<div class=\"wp-block-column is-layout-flow wp-block-column-is-layout-flow\"><\/div>\n<\/div>\n\n\n\n<div class=\"wp-block-columns is-layout-flex wp-container-core-columns-is-layout-9d6595d7 wp-block-columns-is-layout-flex\">\n<div class=\"wp-block-column is-layout-flow wp-block-column-is-layout-flow\" style=\"flex-basis:100%\">\n<p><\/p>\n\n\n\n<figure class=\"wp-block-table is-style-stripes\"><table><tbody><tr><td>N\u00famero de art\u00edculo<\/td><td>GV030<\/td><\/tr><tr><td>Capacidad<\/td><td>16OZ \/450ml<\/td><\/tr><tr><td>Aislamiento<\/td><td>S\u00ed&nbsp;&nbsp;&nbsp;&nbsp;&nbsp;&nbsp;&nbsp;&nbsp;&nbsp;&nbsp;&nbsp;&nbsp;&nbsp;<\/td><\/tr><tr><td>Posici\u00f3n del logotipo<\/td><td>Cuerpo de la botella<\/td><\/tr><tr><td>Color<\/td><td>Rojo, plata, verde, azul, blanco, negro, oro rosa, color personalizado, color PMS<\/td><\/tr><tr><td>Material<\/td><td>Acero inoxidable 304 interior y exterior, nueva tapa de pl\u00e1stico pp, junta de silicona<\/td><\/tr><tr><td>Caracter\u00edstica<\/td><td>Termo de doble pared, gran capacidad, dise\u00f1o personalizado <\/td><\/tr><tr><td>MOQ<\/td><td>2000 unidades<\/td><\/tr><tr><td>Logotipo<\/td><td>L\u00e1ser, serigraf\u00eda, transferencia de calor, transferencia de agua, transferencia de gas, impresi\u00f3n 3D, sublimaci\u00f3n, etc.<\/td><\/tr><tr><td>Paquete<\/td><td>caja blanca, caja impresa personalizada, caja cil\u00edndrica, bolsa de burbujas, caja de regalo<\/td><\/tr><tr><td>Tiempo de muestreo<\/td><td>3 d\u00edas para muestra de stock, 7 d\u00edas para muestra de logotipo personalizado<\/td><\/tr><tr><td>Tiempo de producci\u00f3n<\/td><td>10-35 d\u00edas dependiendo de la cantidad y los requisitos<\/td><\/tr><tr><td>Sobre el pago<\/td><td>Transferencia bancaria , paypal, western union , trade assurance<\/td><\/tr><tr><td>Pa\u00eds de origen<\/td><td>Fabricado en China<\/td><\/tr><tr><td>Origen del certificado<\/td><td>S\u00ed, podemos ofrecer<\/td><\/tr><tr><td>Nuevo molde de botella<\/td><td>S\u00ed, tenemos un nuevo equipo de desarrollo de moldes<\/td><\/tr><tr><td>T\u00e9rminos<\/td><td>EXW,FOB,CIF, DDU, DDP<\/td><\/tr><\/tbody><\/table><\/figure>\n<\/div>\n<\/div>","protected":false},"excerpt":{"rendered":"<p>Botella de t\u00e9 de calidad con precio competitivo, dise\u00f1o elegante con infusor.perfecto para la marca de t\u00e9 al por mayor<\/p>\n<ul>\n<li>Material de acero inoxidable 18\/8 sin BPA y respetuoso con el medio ambiente. Bueno para nuestra salud.<\/li>\n<li>Boca ancha para beber f\u00e1cilmente. Se puede poner hielo dentro.<\/li>\n<li>Dise\u00f1o aislante de doble pared, mantiene el t\u00e9 fr\u00edo o caliente durante mucho tiempo.<\/li>\n<li>La tapa con asa es perfecta para llevar. Es bueno para el gimnasio, senderismo y as\u00ed sucesivamente.<\/li>\n<li>Con infusor para preparar t\u00e9,perfecto para vender con t\u00e9 u otros productos<\/li>\n<li>A prueba de \u00f3xido y derrames.\u00a0<\/li>\n<li>Tama\u00f1o de 450 ml, perfecto para preparar t\u00e9.<\/li>\n<li>Se admiten colores y dise\u00f1os personalizados.<\/li>\n<li>Admite paquetes personalizados<\/li>\n<li>Sin sudor: Esta botella de agua de acero inoxidable nunca suda cuando se llena de agua helada y no quema las manos cuando se llena de agua caliente.<\/li>\n<li>Duradera y resistente: esta botella de agua aislada de acero inoxidable est\u00e1 fabricada con una estructura de acero inoxidable de doble pared, que es resistente y duradera.<\/li>\n<li>Varios colores est\u00e1n disponibles, apoyar el trabajo de color personalizado<\/li>\n<li>apto para lavavajillas, apto para todos los soportes, soporte para coche, soporte para mochila y soporte para bicicleta.<\/li>\n<\/ul>","protected":false},"featured_media":1948,"template":"","meta":{"_acf_changed":false,"_seopress_robots_primary_cat":"none","_seopress_titles_title":"","_seopress_titles_desc":"","_seopress_robots_index":"","_uag_custom_page_level_css":""},"product_brand":[],"product_cat":[32,40,38,54,20],"product_tag":[68,81,70,83,82],"class_list":{"0":"post-1947","1":"product","2":"type-product","3":"status-publish","4":"has-post-thumbnail","6":"product_cat-insulated-water-bottle","7":"product_cat-stainless-steel-tumbler","8":"product_cat-sublimation-tumbler","9":"product_cat-tea-bottle-coffee-tumblers","10":"product_cat-vacuum-flask","11":"product_tag-500ml-thermos","12":"product_tag-davidstea-bottle","13":"product_tag-double-wall-insulated-flask","14":"product_tag-infused-water-bottle","15":"product_tag-tea-infuser-bottle","17":"first","18":"instock","19":"shipping-taxable","20":"product-type-simple"},"acf":[],"uagb_featured_image_src":{"full":["https:\/\/eco-drinkware.com\/wp-content\/uploads\/2023\/07\/gv030-2.jpg",1000,1000,false],"thumbnail":["https:\/\/eco-drinkware.com\/wp-content\/uploads\/2023\/07\/gv030-2-150x150.jpg",150,150,true],"medium":["https:\/\/eco-drinkware.com\/wp-content\/uploads\/2023\/07\/gv030-2-300x300.jpg",300,300,true],"medium_large":["https:\/\/eco-drinkware.com\/wp-content\/uploads\/2023\/07\/gv030-2-768x768.jpg",768,768,true],"large":["https:\/\/eco-drinkware.com\/wp-content\/uploads\/2023\/07\/gv030-2.jpg",1000,1000,false],"1536x1536":["https:\/\/eco-drinkware.com\/wp-content\/uploads\/2023\/07\/gv030-2.jpg",1000,1000,false],"2048x2048":["https:\/\/eco-drinkware.com\/wp-content\/uploads\/2023\/07\/gv030-2.jpg",1000,1000,false],"trp-custom-language-flag":["https:\/\/eco-drinkware.com\/wp-content\/uploads\/2023\/07\/gv030-2.jpg",12,12,false],"woocommerce_thumbnail":["https:\/\/eco-drinkware.com\/wp-content\/uploads\/2023\/07\/gv030-2-300x300.jpg",300,300,true],"woocommerce_single":["https:\/\/eco-drinkware.com\/wp-content\/uploads\/2023\/07\/gv030-2-600x600.jpg",600,600,true],"woocommerce_gallery_thumbnail":["https:\/\/eco-drinkware.com\/wp-content\/uploads\/2023\/07\/gv030-2-100x100.jpg",100,100,true]},"uagb_author_info":{"display_name":"Amy","author_link":"https:\/\/eco-drinkware.com\/es\/author\/"},"uagb_comment_info":0,"uagb_excerpt":"Quality tea bottle with competitive price, Elegent design with infuser.Perfect for tea brand wholesale BPA Free eco friendly 18\/8 stainless steel material. scratching resistance. Good for our healthy. Wide mouth for easy drinking. Okay to put ice inside. Double wall insulated design,keeps your tea cool or hot for long time. Handle lid is perfect to&hellip;","_links":{"self":[{"href":"https:\/\/eco-drinkware.com\/es\/wp-json\/wp\/v2\/product\/1947","targetHints":{"allow":["GET"]}}],"collection":[{"href":"https:\/\/eco-drinkware.com\/es\/wp-json\/wp\/v2\/product"}],"about":[{"href":"https:\/\/eco-drinkware.com\/es\/wp-json\/wp\/v2\/types\/product"}],"wp:featuredmedia":[{"embeddable":true,"href":"https:\/\/eco-drinkware.com\/es\/wp-json\/wp\/v2\/media\/1948"}],"wp:attachment":[{"href":"https:\/\/eco-drinkware.com\/es\/wp-json\/wp\/v2\/media?parent=1947"}],"wp:term":[{"taxonomy":"product_brand","embeddable":true,"href":"https:\/\/eco-drinkware.com\/es\/wp-json\/wp\/v2\/product_brand?post=1947"},{"taxonomy":"product_cat","embeddable":true,"href":"https:\/\/eco-drinkware.com\/es\/wp-json\/wp\/v2\/product_cat?post=1947"},{"taxonomy":"product_tag","embeddable":true,"href":"https:\/\/eco-drinkware.com\/es\/wp-json\/wp\/v2\/product_tag?post=1947"}],"curies":[{"name":"wp","href":"https:\/\/api.w.org\/{rel}","templated":true}]}}