{"id":2521,"date":"2024-09-29T16:23:29","date_gmt":"2024-09-29T08:23:29","guid":{"rendered":"https:\/\/eco-drinkware.com\/?post_type=product&#038;p=2521"},"modified":"2025-08-20T16:49:57","modified_gmt":"2025-08-20T08:49:57","slug":"botella-de-te-personalizada-de-vidrio-borosilicato-de-600-ml-con-infusor-y-funda-de-silicona-y-tapa-de-asa","status":"publish","type":"product","link":"https:\/\/eco-drinkware.com\/es\/product\/botella-de-te-personalizada-de-vidrio-borosilicato-de-600-ml-con-infusor-y-funda-de-silicona-y-tapa-de-asa\/","title":{"rendered":"Botella de t\u00e9 personalizada de vidrio borosilicato de 600 ml con infusor, funda de silicona y tapa de mango"},"content":{"rendered":"<h2 class=\"wp-block-heading\">Botella de t\u00e9 de vidrio personalizada con infusor para la preparaci\u00f3n de t\u00e9.<\/h2>\n\n\n\n<p>\u25cf Material :acero inoxidable 18\/8 ,tambi\u00e9n lo llamamos acero inoxidable 304 ,cristal de borosilicato de alta .Tapa:pp, silicona .<br>100% Sin BPA y seguro para la salud. Todos los materiales son at\u00f3xicos. Es la tendencia a utilizar botellas de agua duraderas en lugar de botellas de pl\u00e1stico desechables, por lo que el mundo ser\u00e1 m\u00e1s limpio y hermoso.<br>\u25cf La tapa es a prueba de fugas .No hay fugas .Con asa grande para facilitar su transporte. Su botella para llevar.<br>\u25cf La tapa con asa es perfecta para llevar. Es bueno para el gimnasio, senderismo y as\u00ed sucesivamente.<br>\u25cf Dise\u00f1o simple y forma cl\u00e1sica,perfecto para la vida moderna simple.Muy buena botella de t\u00e9 para promociones de marca o al por mayor.<\/p>\n\n\n\n<p>\u25cf Con infusor atatched en la tapa. Perfecto para hacer t\u00e9. S\u00f3lo hay que poner el t\u00e9 en el interior del infusor. Tornillo en la tapa y poner en la botella. Pocos minutos despu\u00e9s, simplemente disfrutar de su equipo.<br>Color: Podemos hacer cualquier color para los clientes. PMS color es bienvenido. Tanto el cuerpo y la tapa puede hacer PMS color. equipo Eco Drinkware puede ofrecer maqueta con dise\u00f1o personalizado.<br>\u25cf Esta botella de t\u00e9 de forma recta es buena para adultos, f\u00e1cil de llevar para acampar, caminar, correr, etc. Perfecta para beber agua, t\u00e9, zumo y caf\u00e9.<br>Recubrimiento: sin recubrimiento (color de vidrio transparente), pintura en aerosol, cobreado, etc.<br>\u25cfPattern: patr\u00f3n personalizado puede ser impreso y se puede hacer por varias t\u00e9cnicas de impresi\u00f3n: serigraf\u00eda, impresi\u00f3n de transferencia de calor, impresi\u00f3n de transferencia de agua, transferencia de sublimaci\u00f3n, etc..<br>\u25cfLogo: F\u00e1cil de trabajar en el logotipo personalizado. Las opciones del logotipo incluyen: logotipo de la calcoman\u00eda, impresi\u00f3n de seda, transferencia de calor, sublimaci\u00f3n, etc. Bienvenido a compartir su logotipo. Nuestro equipo enviar\u00e1 maqueta de vuelta.<br>\u25cfCaja de embalaje: caja blanca, caja impresa personalizada, caja cil\u00edndrica, bolsa de burbujas, caja de regalo, cualquier paquete de dise\u00f1o personalizado es bienvenido, etc.<br>Botella de t\u00e9 de cristal apta para lavavajillas.<br>\u25cf Esta botella infusora de vidrio de borosilicato es una excelente opci\u00f3n para las personas que desean mantener sus bebidas a una temperatura constante mientras est\u00e1n en movimiento, ya sea que est\u00e9n de excursi\u00f3n, acampando, viajando o simplemente yendo al trabajo.<br>\u25cfSpecialized en la fabricaci\u00f3n y exportaci\u00f3n de todo tipo de drinkware como botellas de agua, botella de vidrio, vaso de vidrio, vasos al por mayor, contenedores de alimentos, cuencos de perro, ensaladeras, puede enfriadores, botella de vidrio, botellas de bamb\u00fa. Eco Drinkware posee l\u00edneas de producci\u00f3n automatizadas y de alta eficiencia. Adoptamos Industry4.0 y mantener la competitividad en la industria. La producci\u00f3n automatizada hace que nuestros productos sean m\u00e1s baratos y competitivos en precio.<br>\u25cfEco Drinkware hacer OEM y ODM. Con los mejores ingenieros profesionales con m\u00e1s de 10 a\u00f1os de experiencia en la industria de fabricaci\u00f3n de botellas de agua, f\u00e1cil de hacer su idea en productos reales. una calurosa bienvenida a compartir con nosotros para su idea.<br>Hacemos la inspecci\u00f3n de la calidad en l\u00ednea para asegurarnos de que la producci\u00f3n va bien y no cualquier error. Si hay error, podemos corregirlo a tiempo para ahorrar coste. Confiamos en que la calidad trae m\u00e1s para los clientes y fabricantes. Con Eco Drinkware, obtendr\u00e1 m\u00e1s clientes y m\u00e1s mercado, tambi\u00e9n obtendr\u00e1 una buena reputaci\u00f3n de los clientes. Porque nuestro equipo feliz de mejorar nosotros mismos y los productos a ser excelente en nuestra industria.<br>\u25cfM\u00e9todo de env\u00edo : FOB,CIF, DDU, DDP por tren o mar a clientes globales.<\/p>\n\n\n\n<figure class=\"wp-block-image size-full\"><img loading=\"lazy\" decoding=\"async\" width=\"700\" height=\"700\" src=\"https:\/\/eco-drinkware.com\/wp-content\/uploads\/2024\/09\/custom-glass-tea-bottle-600ml-1.jpg\" alt=\"botella de t\u00e9 personalizada de vidrio borosilicato de 600 ml con infusor y funda de silicona y tapa de asa\" class=\"wp-image-2527\" srcset=\"https:\/\/eco-drinkware.com\/wp-content\/uploads\/2024\/09\/custom-glass-tea-bottle-600ml-1.jpg 700w, https:\/\/eco-drinkware.com\/wp-content\/uploads\/2024\/09\/custom-glass-tea-bottle-600ml-1-300x300.jpg 300w, https:\/\/eco-drinkware.com\/wp-content\/uploads\/2024\/09\/custom-glass-tea-bottle-600ml-1-150x150.jpg 150w, https:\/\/eco-drinkware.com\/wp-content\/uploads\/2024\/09\/custom-glass-tea-bottle-600ml-1-600x600.jpg 600w, https:\/\/eco-drinkware.com\/wp-content\/uploads\/2024\/09\/custom-glass-tea-bottle-600ml-1-100x100.jpg 100w\" sizes=\"auto, (max-width: 700px) 100vw, 700px\" \/><\/figure>\n\n\n\n<p>Descripci\u00f3n del producto<\/p>\n\n\n\n<figure class=\"wp-block-table\"><table class=\"has-fixed-layout\"><tbody><tr><td>Capacidad<\/td><td>600ml\/20OZ<\/td><\/tr><tr><td>MOQ<\/td><td>100 unidades para la impresi\u00f3n de logotipos personalizados<\/td><\/tr><tr><td>Di\u00e1metro<\/td><td>Di\u00e1metro: 70 mm (2,76 pulgadas)&nbsp;&nbsp;&nbsp;&nbsp;&nbsp;&nbsp;&nbsp;&nbsp;&nbsp;&nbsp;&nbsp;&nbsp;&nbsp;&nbsp;&nbsp;&nbsp;&nbsp;&nbsp;&nbsp;&nbsp;&nbsp;<\/td><\/tr><tr><td>Altura<\/td><td>275 mm (10,83 pulgadas)<\/td><\/tr><tr><td>Color<\/td><td>Transparente, color personalizado<\/td><\/tr><tr><td>Logotipo<\/td><td>calcoman\u00eda logo, serigraf\u00eda, transferencia t\u00e9rmica, sublimaci\u00f3n, etc.<\/td><\/tr><tr><td>Paquete<\/td><td>caja blanca, caja impresa personalizada, caja cil\u00edndrica, bolsa de burbujas, caja de regalo<\/td><\/tr><tr><td>Tiempo de muestreo<\/td><td>3 d\u00edas para muestra de stock, 7 d\u00edas para muestra de logotipo personalizado<\/td><\/tr><tr><td>Tiempo de producci\u00f3n<\/td><td>10-35 d\u00edas dependiendo de la cantidad y los requisitos<\/td><\/tr><tr><td>Sobre el pago<\/td><td>Transferencia bancaria, paypal, western union<\/td><\/tr><tr><td>Pa\u00eds de origen<\/td><td>Fabricado en China<\/td><\/tr><\/tbody><\/table><\/figure>","protected":false},"excerpt":{"rendered":"<p><!-- wp:heading --><\/p>\n<p><!-- \/wp:heading --><\/p>\n<p><!-- wp:paragraph --><\/p>\n<p>Botella de t\u00e9 de vidrio de calidad personalizada con precio competitivo, dise\u00f1o elegante con infusor.perfecto para la marca de t\u00e9 al por mayor<br \/><strong>\u25cf Material<\/strong>Cuerpo de vidrio de borosilicato de alto brillo y gran transparencia, silicona, tapa: nuevo pl\u00e1stico PP, acero inoxidable y silicona.<br \/><strong>\u25cf <\/strong>Con funda de silicona de f\u00e1cil transporte. Esta manga toc\u00f3 softt y puede proteger la botella de t\u00e9 de vidrio bien<br \/><strong>\u25cf Color<\/strong>Botella de vidrio: normalmente en color claro. Eco Drinkware puede hacer botella colorida por pintura en aerosol, UV galvanoplastia habilidad.<br \/><strong>\u25cf Funci\u00f3n especial:<\/strong>con colador de malla fina de acero inoxidable en el interior de la botella. El cliente puede poner el t\u00e9 en el interior para hacer t\u00e9, caf\u00e9 o t\u00e9 de frutas. Muy conveniente para disfrutar de la vida de t\u00e9.<br \/><strong>\u25cf Patr\u00f3n: <\/strong>Se pueden imprimir motivos personalizados mediante diversas t\u00e9cnicas de impresi\u00f3n: serigraf\u00eda, impresi\u00f3n por transferencia de calor, impresi\u00f3n por transferencia de agua, transferencia por sublimaci\u00f3n, etc.<br \/><strong>\u25cf Logotipo: <\/strong>F\u00e1cil de trabajar en el logotipo personalizado. Las opciones del logotipo incluyen: logotipo de la calcoman\u00eda, impresi\u00f3n de seda, transferencia de calor, sublimaci\u00f3n, etc. Es bueno para la marca builing, la publicidad y la impresi\u00f3n de regalos.<br \/>\u25cf Apto para lavavajillas y microondas.<br \/><strong>\u25cf Caja de embalaje: <\/strong>caja blanca, caja impresa personalizada, caja cil\u00edndrica, bolsa de burbujas, caja de regalo, cualquier paquete de dise\u00f1o personalizado es bienvenido, etc.\u00a0<\/p>\n<p><!-- \/wp:paragraph --><\/p>","protected":false},"featured_media":2523,"template":"","meta":{"_acf_changed":false,"_seopress_robots_primary_cat":"none","_seopress_titles_title":"Customized 600ml borosilicate glass tea bottle with infuser and silicone sleeve and hanle lid","_seopress_titles_desc":"Perfect for tea brand wholesale. Support custom design and package. Food safe materials. Diswasher safe. Whatsapp:0086 13567428830.","_seopress_robots_index":"","_uag_custom_page_level_css":""},"product_brand":[],"product_cat":[22,35],"product_tag":[59,100,101,99,98,97,58,102],"class_list":{"0":"post-2521","1":"product","2":"type-product","3":"status-publish","4":"has-post-thumbnail","6":"product_cat-glass-water-bottle","7":"product_cat-single-wall-gass-bottle","8":"product_tag-bpa-free","9":"product_tag-custom-glass-bottle","10":"product_tag-glass-bottle-with-silicone-sleeve","11":"product_tag-glass-bottle-with-strainer","12":"product_tag-glass-infuser-bottle","13":"product_tag-glass-tea-bottle","14":"product_tag-glass-water-bottle","15":"product_tag-handle-lid-glass-tea-bottle","17":"first","18":"instock","19":"shipping-taxable","20":"product-type-simple"},"acf":[],"uagb_featured_image_src":{"full":["https:\/\/eco-drinkware.com\/wp-content\/uploads\/2024\/09\/custom-glass-tea-bottle-color.jpg",700,700,false],"thumbnail":["https:\/\/eco-drinkware.com\/wp-content\/uploads\/2024\/09\/custom-glass-tea-bottle-color-150x150.jpg",150,150,true],"medium":["https:\/\/eco-drinkware.com\/wp-content\/uploads\/2024\/09\/custom-glass-tea-bottle-color-300x300.jpg",300,300,true],"medium_large":["https:\/\/eco-drinkware.com\/wp-content\/uploads\/2024\/09\/custom-glass-tea-bottle-color.jpg",700,700,false],"large":["https:\/\/eco-drinkware.com\/wp-content\/uploads\/2024\/09\/custom-glass-tea-bottle-color.jpg",700,700,false],"1536x1536":["https:\/\/eco-drinkware.com\/wp-content\/uploads\/2024\/09\/custom-glass-tea-bottle-color.jpg",700,700,false],"2048x2048":["https:\/\/eco-drinkware.com\/wp-content\/uploads\/2024\/09\/custom-glass-tea-bottle-color.jpg",700,700,false],"trp-custom-language-flag":["https:\/\/eco-drinkware.com\/wp-content\/uploads\/2024\/09\/custom-glass-tea-bottle-color.jpg",12,12,false],"woocommerce_thumbnail":["https:\/\/eco-drinkware.com\/wp-content\/uploads\/2024\/09\/custom-glass-tea-bottle-color-300x300.jpg",300,300,true],"woocommerce_single":["https:\/\/eco-drinkware.com\/wp-content\/uploads\/2024\/09\/custom-glass-tea-bottle-color-600x600.jpg",600,600,true],"woocommerce_gallery_thumbnail":["https:\/\/eco-drinkware.com\/wp-content\/uploads\/2024\/09\/custom-glass-tea-bottle-color-100x100.jpg",100,100,true]},"uagb_author_info":{"display_name":"Amy","author_link":"https:\/\/eco-drinkware.com\/es\/author\/"},"uagb_comment_info":0,"uagb_excerpt":"Quality custom glass tea bottle with competitive price, elegent design with infuser.Perfect for tea brand wholesale\u25cf Material: high bright high clear borosilicate glass body ,silicone, lid :new pp plastic ,stainless steel and silicone\u25cf With easy carry handle silicone sleeve. This sleeve touched softt and can protect the glass tea bottle well\u25cf Color: glass bottle normally&hellip;","_links":{"self":[{"href":"https:\/\/eco-drinkware.com\/es\/wp-json\/wp\/v2\/product\/2521","targetHints":{"allow":["GET"]}}],"collection":[{"href":"https:\/\/eco-drinkware.com\/es\/wp-json\/wp\/v2\/product"}],"about":[{"href":"https:\/\/eco-drinkware.com\/es\/wp-json\/wp\/v2\/types\/product"}],"wp:featuredmedia":[{"embeddable":true,"href":"https:\/\/eco-drinkware.com\/es\/wp-json\/wp\/v2\/media\/2523"}],"wp:attachment":[{"href":"https:\/\/eco-drinkware.com\/es\/wp-json\/wp\/v2\/media?parent=2521"}],"wp:term":[{"taxonomy":"product_brand","embeddable":true,"href":"https:\/\/eco-drinkware.com\/es\/wp-json\/wp\/v2\/product_brand?post=2521"},{"taxonomy":"product_cat","embeddable":true,"href":"https:\/\/eco-drinkware.com\/es\/wp-json\/wp\/v2\/product_cat?post=2521"},{"taxonomy":"product_tag","embeddable":true,"href":"https:\/\/eco-drinkware.com\/es\/wp-json\/wp\/v2\/product_tag?post=2521"}],"curies":[{"name":"wp","href":"https:\/\/api.w.org\/{rel}","templated":true}]}}