{"id":2584,"date":"2024-10-31T15:22:16","date_gmt":"2024-10-31T07:22:16","guid":{"rendered":"https:\/\/eco-drinkware.com\/?post_type=product&#038;p=2584"},"modified":"2025-08-20T15:15:12","modified_gmt":"2025-08-20T07:15:12","slug":"gt010-gotero-inferior-de-plastico-handy-brew-hoja-suelta-perfect-steeper-tea-maker","status":"publish","type":"product","link":"https:\/\/eco-drinkware.com\/es\/product\/gt010-gotero-inferior-de-plastico-handy-brew-hoja-suelta-perfect-steeper-tea-maker\/","title":{"rendered":"GT010 Goteador de fondo de pl\u00e1stico Handy Brew Loose Leaf Perfect Tea Steeper tetera Dispensador de fondo"},"content":{"rendered":"<h2 class=\"wp-block-heading\">Caracter\u00edsticas del producto:<\/h2>\n\n\n\n<p>\u25cf Material : pl\u00e1stico PC, tamiz de acero inoxidable 304.<br>100% Sin BPA y seguro para la salud. Todos los materiales son at\u00f3xicos. <br>\u25cf \u00bfC\u00f3mo utilizar este vaporizador de t\u00e9? Tetera perfecta para hacer t\u00e9. Poner el t\u00e9 y el agua dentro de la tetera . Espere unos minutos. Cuando usted piensa que el t\u00e9 est\u00e1 bien. S\u00f3lo hay que poner la tetera sobre la taza de t\u00e9. El t\u00e9 se liberar\u00e1 desde el fondo de la tetera a la taza de t\u00e9. Quita la tetera y disfruta de tu t\u00e9. <br>\u25cf con asa grande ,f\u00e1cil de llevar la tetera a cualquier parte. Muy conveniente para sostener la mano y los dedos.<br>\u25cf Dise\u00f1o simple y forma cl\u00e1sica,perfecto para la vida moderna simple.Muy buena tetera para promociones de marca o venta al por mayor.<\/p>\n\n\n\n<p>\u25cf Con atatch infusor en la parte inferior. Perfecto para hacer t\u00e9. Es muy peque\u00f1a malla agujero para infundir el tea.just dejar el agua del t\u00e9 en el interior de la taza. <br>Color: Podemos hacer cualquier color para los clientes. PMS color es bienvenido. Tanto el cuerpo y la tapa puede hacer PMS color. equipo Eco Drinkware puede ofrecer maqueta con dise\u00f1o personalizado. Stock color: transparente, negro, marr\u00f3n. .<br>\u25cfPattern: patr\u00f3n personalizado se puede imprimir y se puede hacer por varias t\u00e9cnicas de impresi\u00f3n: serigraf\u00eda, transferencia de calor printingetc.<br>\u25cfLogo: F\u00e1cil de trabajar en el logotipo personalizado. Las opciones del logotipo incluyen: impresi\u00f3n de seda, transferencia de calor, sublimaci\u00f3n, etc. Bienvenido a compartir su logotipo. Nuestro equipo enviar\u00e1 la maqueta detr\u00e1s.<br>\u25cfCaja de embalaje: caja blanca, caja impresa personalizada, caja cil\u00edndrica, bolsa de burbujas, caja de regalo, cualquier paquete de dise\u00f1o personalizado es bienvenido, etc.<br>Se puede lavar en lavavajillas.<br>Una botella isot\u00e9rmica de doble pared es un recipiente dise\u00f1ado para mantener las bebidas carbonatadas, como los refrescos o los refrescos de cola, a una temperatura constante durante los desplazamientos. La botella suele ser de doble pared, con un espacio sellado al vac\u00edo entre la pared interior y la exterior, lo que le confiere excelentes propiedades aislantes.<br>\u25cfEste fabricante de t\u00e9 es muy bonito dise\u00f1o para hacer t\u00e9, disfrutar de la vida de t\u00e9. Es muy bueno para la venta en tienda de t\u00e9. Buen accesorio para la marca de t\u00e9. Imprimir su marca en \u00e9l y ofrecer m\u00e1s opciones para el cliente final.<br>\u25cfSpecialized en la fabricaci\u00f3n y exportaci\u00f3n de todo tipo de drinkware como botellas de agua, vasos al por mayor, contenedores de alimentos, cuencos de perro, ensaladeras, puede enfriadores, botella de vidrio, botellas de bamb\u00fa. Eco Drinkware posee l\u00edneas de producci\u00f3n automatizadas y de alta eficiencia. Adoptamos Industry4.0 y seguimos siendo competitivos en la industria. La producci\u00f3n automatizada hace que nuestros productos sean m\u00e1s baratos y competitivos en precio.<br>\u25cfEco Drinkware hacer OEM y ODM. Con los mejores ingenieros profesionales con m\u00e1s de 10 a\u00f1os de experiencia en la industria de fabricaci\u00f3n de botellas de agua, f\u00e1cil de hacer su idea en productos reales. una calurosa bienvenida a compartir con nosotros para su idea.<br>Hacemos la inspecci\u00f3n de la calidad en l\u00ednea para asegurarnos de que la producci\u00f3n va bien y no cualquier error. Si hay error, podemos corregirlo a tiempo para ahorrar coste. Confiamos en que la calidad trae m\u00e1s para los clientes y fabricantes. Con Eco Drinkware, obtendr\u00e1 m\u00e1s clientes y m\u00e1s mercado, tambi\u00e9n obtendr\u00e1 una buena reputaci\u00f3n de los clientes. Porque nuestro equipo feliz de mejorar nosotros mismos y los productos a ser excelente en nuestra industria.<br>\u25cfM\u00e9todo de env\u00edo : FOB,CIF, DDU, DDP por tren o mar a clientes globales.<\/p>\n\n\n\n<div class=\"wp-block-uagb-image uagb-block-ebf0aa1f wp-block-uagb-image--layout-default wp-block-uagb-image--effect-static wp-block-uagb-image--align-none\"><figure class=\"wp-block-uagb-image__figure\"><img decoding=\"async\" srcset=\"https:\/\/eco-drinkware.com\/wp-content\/uploads\/2024\/10\/bottom-dripper-tea-steeper-2.jpg ,https:\/\/eco-drinkware.com\/wp-content\/uploads\/2024\/10\/bottom-dripper-tea-steeper-2.jpg 780w, https:\/\/eco-drinkware.com\/wp-content\/uploads\/2024\/10\/bottom-dripper-tea-steeper-2.jpg 360w\" sizes=\"auto, (max-width: 480px) 150px\" src=\"https:\/\/eco-drinkware.com\/wp-content\/uploads\/2024\/10\/bottom-dripper-tea-steeper-2.jpg\" alt=\"gt010 gotero inferior de pl\u00e1stico handy brew hoja suelta perfect steeper tea maker\" class=\"uag-image-2585\" width=\"1000\" height=\"1000\" title=\"gt010 gotero inferior de pl\u00e1stico handy brew hoja suelta perfect steeper tea maker\" loading=\"lazy\" role=\"img\"\/><\/figure><\/div>\n\n\n\n<figure class=\"wp-block-table\"><table class=\"has-fixed-layout\"><tbody><tr><td>N\u00famero de art\u00edculo<\/td><td>GT010<\/td><\/tr><tr><td>Capacidad<\/td><td>20OZ \/600ml<\/td><\/tr><tr><td>Aislamiento<\/td><td>no&nbsp;&nbsp;&nbsp;&nbsp;&nbsp;&nbsp;&nbsp;&nbsp;&nbsp;&nbsp;&nbsp;&nbsp;<\/td><\/tr><tr><td>Posici\u00f3n del logotipo<\/td><td>Cuerpo de la botella<\/td><\/tr><tr><td>Color<\/td><td>transparente, negro, marr\u00f3n .color personalizado,color PMS<\/td><\/tr><tr><td>Material<\/td><td>Pl\u00e1stico, acero inoxidable 304 <\/td><\/tr><tr><td>Caracter\u00edstica<\/td><td>Con dise\u00f1o de gotero inferior para liberar el t\u00e9<\/td><\/tr><tr><td>MOQ<\/td><td>100 unidades<\/td><\/tr><tr><td>Logotipo<\/td><td>serigraf\u00eda, termotransferencia, etc.<\/td><\/tr><tr><td>Paquete<\/td><td>caja blanca, caja impresa personalizada, caja cil\u00edndrica, bolsa de burbujas, caja de regalo<\/td><\/tr><tr><td>Tiempo de muestreo<\/td><td>3 d\u00edas para muestra de stock, 7 d\u00edas para muestra de logotipo personalizado<\/td><\/tr><tr><td>Tiempo de producci\u00f3n<\/td><td>10-35 d\u00edas dependiendo de la cantidad y los requisitos<\/td><\/tr><tr><td>Sobre el pago<\/td><td>Transferencia bancaria , paypal, western union , trade assurance<\/td><\/tr><tr><td>Pa\u00eds de origen<\/td><td>Fabricado en China<\/td><\/tr><tr><td>Origen del certificado<\/td><td>S\u00ed, podemos ofrecer<\/td><\/tr><tr><td>Nuevo molde de botella<\/td><td>S\u00ed, tenemos un nuevo equipo de desarrollo de moldes<\/td><\/tr><tr><td>T\u00e9rminos<\/td><td>EXW,FOB,CIF, DDU, DDP<\/td><\/tr><\/tbody><\/table><\/figure>\n\n\n\n<p><\/p>","protected":false},"excerpt":{"rendered":"<p>Calidad inferior gotero fabricante de t\u00e9 para el t\u00e9 steeper marca de t\u00e9 al por mayor<\/p>\n<ul>\n<li>Libre de BPA alimentos seguros ecofriendly l material. resistencia a los ara\u00f1azos. Bueno para nuestra salud.<\/li>\n<li>Boca ancha para verter agua. Bueno para poner tubo de hielo dentro. Tambi\u00e9n bueno para t\u00e9 helado.<\/li>\n<li>Gran asa lateral, f\u00e1cil de quitar.<\/li>\n<li>Con infusor en la parte inferior para liberar el agua a la taza de t\u00e9 por la presi\u00f3n del peso.\u00a0<\/li>\n<li>A prueba de \u00f3xido y derrames.<\/li>\n<li>Disponible en tama\u00f1o de 600 ml, perfecto para preparar t\u00e9.<\/li>\n<li>Se admiten colores y dise\u00f1os personalizados.<\/li>\n<li>Admite paquetes personalizados<\/li>\n<li>Varios colores est\u00e1n disponibles, apoyar el trabajo de color personalizado<\/li>\n<li>apto para lavavajillas,apto para lavadora<\/li>\n<\/ul>","protected":false},"featured_media":2585,"template":"","meta":{"_acf_changed":true,"_seopress_robots_primary_cat":"none","_seopress_titles_title":"Bottom Dripper Plastic Handy Brew Loose Leaf Perfect Tea Steeper tea maker Bottom Dispensing","_seopress_titles_desc":"Food safe and BPA free material, custom color and design is welcome. Profession manufacturer in China. DDP worldwide delivery. Whatsapp:0086 13567428830","_seopress_robots_index":"","_uag_custom_page_level_css":""},"product_brand":[],"product_cat":[54],"product_tag":[],"class_list":{"0":"post-2584","1":"product","2":"type-product","3":"status-publish","4":"has-post-thumbnail","6":"product_cat-tea-bottle-coffee-tumblers","8":"first","9":"instock","10":"shipping-taxable","11":"product-type-simple"},"acf":[],"uagb_featured_image_src":{"full":["https:\/\/eco-drinkware.com\/wp-content\/uploads\/2024\/10\/bottom-dripper-tea-steeper-2.jpg",1315,1500,false],"thumbnail":["https:\/\/eco-drinkware.com\/wp-content\/uploads\/2024\/10\/bottom-dripper-tea-steeper-2-132x150.jpg",132,150,true],"medium":["https:\/\/eco-drinkware.com\/wp-content\/uploads\/2024\/10\/bottom-dripper-tea-steeper-2-263x300.jpg",263,300,true],"medium_large":["https:\/\/eco-drinkware.com\/wp-content\/uploads\/2024\/10\/bottom-dripper-tea-steeper-2-768x876.jpg",768,876,true],"large":["https:\/\/eco-drinkware.com\/wp-content\/uploads\/2024\/10\/bottom-dripper-tea-steeper-2.jpg",1315,1500,false],"1536x1536":["https:\/\/eco-drinkware.com\/wp-content\/uploads\/2024\/10\/bottom-dripper-tea-steeper-2.jpg",1315,1500,false],"2048x2048":["https:\/\/eco-drinkware.com\/wp-content\/uploads\/2024\/10\/bottom-dripper-tea-steeper-2.jpg",1315,1500,false],"trp-custom-language-flag":["https:\/\/eco-drinkware.com\/wp-content\/uploads\/2024\/10\/bottom-dripper-tea-steeper-2.jpg",11,12,false],"woocommerce_thumbnail":["https:\/\/eco-drinkware.com\/wp-content\/uploads\/2024\/10\/bottom-dripper-tea-steeper-2-300x300.jpg",300,300,true],"woocommerce_single":["https:\/\/eco-drinkware.com\/wp-content\/uploads\/2024\/10\/bottom-dripper-tea-steeper-2-600x684.jpg",600,684,true],"woocommerce_gallery_thumbnail":["https:\/\/eco-drinkware.com\/wp-content\/uploads\/2024\/10\/bottom-dripper-tea-steeper-2-100x100.jpg",100,100,true]},"uagb_author_info":{"display_name":"Amy","author_link":"https:\/\/eco-drinkware.com\/es\/author\/"},"uagb_comment_info":0,"uagb_excerpt":"Quality bottom dripper tea maker for tea steeper tea brand wholesale BPA Free food safe ecofriendly l material. scratching resistance. Good for our healthy. Wide mouth for water pouring. Okay to put ice tube inside. Also good for ice tea. Big handle at side, easy to take away. With infuser at bottom to release water&hellip;","_links":{"self":[{"href":"https:\/\/eco-drinkware.com\/es\/wp-json\/wp\/v2\/product\/2584","targetHints":{"allow":["GET"]}}],"collection":[{"href":"https:\/\/eco-drinkware.com\/es\/wp-json\/wp\/v2\/product"}],"about":[{"href":"https:\/\/eco-drinkware.com\/es\/wp-json\/wp\/v2\/types\/product"}],"wp:featuredmedia":[{"embeddable":true,"href":"https:\/\/eco-drinkware.com\/es\/wp-json\/wp\/v2\/media\/2585"}],"wp:attachment":[{"href":"https:\/\/eco-drinkware.com\/es\/wp-json\/wp\/v2\/media?parent=2584"}],"wp:term":[{"taxonomy":"product_brand","embeddable":true,"href":"https:\/\/eco-drinkware.com\/es\/wp-json\/wp\/v2\/product_brand?post=2584"},{"taxonomy":"product_cat","embeddable":true,"href":"https:\/\/eco-drinkware.com\/es\/wp-json\/wp\/v2\/product_cat?post=2584"},{"taxonomy":"product_tag","embeddable":true,"href":"https:\/\/eco-drinkware.com\/es\/wp-json\/wp\/v2\/product_tag?post=2584"}],"curies":[{"name":"wp","href":"https:\/\/api.w.org\/{rel}","templated":true}]}}