{"id":2735,"date":"2024-12-24T16:15:23","date_gmt":"2024-12-24T08:15:23","guid":{"rendered":"https:\/\/eco-drinkware.com\/?post_type=product&#038;p=2735"},"modified":"2025-08-20T14:34:24","modified_gmt":"2025-08-20T06:34:24","slug":"gt011-infusor-de-te-handy-brew-goteador-de-te-de-cristal","status":"publish","type":"product","link":"https:\/\/eco-drinkware.com\/es\/product\/gt011-infusor-de-te-handy-brew-goteador-de-te-de-cristal\/","title":{"rendered":"GT011 Tetera Handy Brew Tea Glass Tetera Gotero Tetera Dispensador de Fondo-13oz transparente"},"content":{"rendered":"<h2 class=\"wp-block-heading\">Caracter\u00edsticas del producto:<\/h2>\n\n\n\n<p>\u25cf Material : vidrio de alto borosilicato, tamiz de acero inoxidable 304.<br>100% Libre de BPA y seguro para la salud. Todos los materiales son no t\u00f3xicos y seguros para los alimentos. <br>\u25cf \u00bfC\u00f3mo utilizar este vaporizador de t\u00e9? Tetera perfecta para hacer t\u00e9. Poner el t\u00e9 y el agua dentro de la tetera . Espere unos minutos. Cuando usted piensa que el t\u00e9 est\u00e1 bien. S\u00f3lo hay que poner la tetera sobre la taza de t\u00e9. El t\u00e9 saldr\u00e1 por la parte inferior de la tetera hacia la taza. Retira la tetera y disfruta de tu t\u00e9. <br>\u25cf con asa grande ,f\u00e1cil de llevar la tetera a cualquier parte. Muy conveniente para sostener la mano y los dedos.<br>\u25cf Dise\u00f1o simple y forma cl\u00e1sica,perfecto para la vida moderna simple.Muy buena Tetera dispensadora de fondo para promociones de marca o venta al por mayor.<\/p>\n\n\n\n<p>\u25cf Con infusor atatched en la parte inferior. Perfecto para hacer t\u00e9. Es muy peque\u00f1a malla agujero para infundir el tea.Just dejar el agua del t\u00e9 en el interior de la taza. Parte del inter\u00e9s de esta tetera es que cuenta con un sistema de apagado autom\u00e1tico, proporcionando a los bebedores de t\u00e9 (y caf\u00e9) una forma muy sencilla y sin complicaciones de disfrutar de su t\u00e9 o caf\u00e9 reci\u00e9n hecho.  Es ideal para preparar t\u00e9 en hojas sueltas, pero tambi\u00e9n puede utilizarse para preparar caf\u00e9 molido.  Es muy f\u00e1cil de usar y mantiene todo muy limpio y ordenado.<br>\u25cfColor: El color normal es el color claro. El mango puede ser de color personalizado. Eco Drinkware equipo puede ofrecer maqueta con dise\u00f1o personalizado. Stock color: transparente<br>\u25cfPattern: patr\u00f3n personalizado puede ser impreso y puede ser hecho por varias t\u00e9cnicas de impresi\u00f3n: serigraf\u00eda y calcoman\u00eda etc..<br>\u25cfLogo: F\u00e1cil de trabajar en el logotipo personalizado. Las opciones del logotipo incluyen: impresi\u00f3n de seda, transferencia de calor, sublimaci\u00f3n, etc. Bienvenido a compartir su logotipo. Nuestro equipo enviar\u00e1 la maqueta detr\u00e1s.<br>\u25cfCaja de embalaje: caja blanca, caja impresa personalizada, caja cil\u00edndrica, bolsa de burbujas, caja de regalo, cualquier paquete de dise\u00f1o personalizado es bienvenido, etc.<br>Se puede lavar en el lavavajillas.<br>\u25cfEste fabricante de t\u00e9 es muy bonito dise\u00f1o para hacer t\u00e9, disfrutar de la vida de t\u00e9. Es muy bueno para la venta en tienda de t\u00e9. Buen accesorio para la marca de t\u00e9. Imprimir su marca en \u00e9l y ofrecer m\u00e1s opciones para los clientes.<br>Especializada en la fabricaci\u00f3n y exportaci\u00f3n de todo tipo de bebidas, tales como botellas de t\u00e9, vasos al por mayor, contenedores de alimentos, cuencos para perros, ensaladeras, enfriadores de latas, botellas de vidrio, botellas de bamb\u00fa. Eco Drinkware posee l\u00edneas de producci\u00f3n automatizadas y de alta eficiencia. Adoptamos Industry4.0 y seguimos siendo competitivos en la industria. La producci\u00f3n automatizada hace que nuestros productos sean m\u00e1s baratos y competitivos en precio.<br>\u25cfEco Drinkware hacer OEM y ODM. Con los mejores ingenieros profesionales con m\u00e1s de 10 a\u00f1os de experiencia en la industria de fabricaci\u00f3n de botellas de agua, f\u00e1cil de hacer su idea en productos reales. una calurosa bienvenida a compartir con nosotros para su idea.<br>Hacemos la inspecci\u00f3n de la calidad en l\u00ednea para asegurarnos de que la producci\u00f3n va bien y no cualquier error. Si hay error, podemos corregirlo a tiempo para ahorrar coste. Confiamos en que la calidad trae m\u00e1s para los clientes y fabricantes. Con Eco Drinkware, obtendr\u00e1 m\u00e1s clientes y m\u00e1s mercado, tambi\u00e9n obtendr\u00e1 una buena reputaci\u00f3n de los clientes. Porque nuestro equipo feliz de mejorar nosotros mismos y los productos a ser excelente en nuestra industria.<br>\u25cfM\u00e9todo de env\u00edo : FOB,CIF, DDU, DDP por tren o mar a clientes globales.<\/p>\n\n\n\n<figure class=\"wp-block-image size-full\"><img loading=\"lazy\" decoding=\"async\" width=\"1000\" height=\"1000\" src=\"https:\/\/eco-drinkware.com\/wp-content\/uploads\/2024\/12\/tea-maker-gift-box-pic-5.jpg\" alt=\"gt011 infusor de t\u00e9 handy brew goteador de t\u00e9 de cristal\" class=\"wp-image-2736\" srcset=\"https:\/\/eco-drinkware.com\/wp-content\/uploads\/2024\/12\/tea-maker-gift-box-pic-5.jpg 1000w, https:\/\/eco-drinkware.com\/wp-content\/uploads\/2024\/12\/tea-maker-gift-box-pic-5-300x300.jpg 300w, https:\/\/eco-drinkware.com\/wp-content\/uploads\/2024\/12\/tea-maker-gift-box-pic-5-150x150.jpg 150w, https:\/\/eco-drinkware.com\/wp-content\/uploads\/2024\/12\/tea-maker-gift-box-pic-5-768x768.jpg 768w, https:\/\/eco-drinkware.com\/wp-content\/uploads\/2024\/12\/tea-maker-gift-box-pic-5-600x600.jpg 600w, https:\/\/eco-drinkware.com\/wp-content\/uploads\/2024\/12\/tea-maker-gift-box-pic-5-100x100.jpg 100w\" sizes=\"auto, (max-width: 1000px) 100vw, 1000px\" \/><\/figure>\n\n\n\n<figure class=\"wp-block-table\"><table class=\"has-fixed-layout\"><tbody><tr><td>N\u00famero de art\u00edculo<\/td><td>GT011<\/td><\/tr><tr><td>Capacidad<\/td><td>13OZ \/400ml<\/td><\/tr><tr><td>Aislamiento<\/td><td>no&nbsp;&nbsp;&nbsp;&nbsp;&nbsp;&nbsp;&nbsp;&nbsp;&nbsp;&nbsp;&nbsp;&nbsp;<\/td><\/tr><tr><td>Posici\u00f3n del logotipo<\/td><td>Cuerpo de la botella<\/td><\/tr><tr><td>Color<\/td><td>transparente<\/td><\/tr><tr><td>Material<\/td><td>vidrio de borosilicato de alta calidad, acero inoxidable 304<\/td><\/tr><tr><td>Caracter\u00edstica<\/td><td>Con dise\u00f1o de gotero inferior para liberar el t\u00e9<\/td><\/tr><tr><td>MOQ<\/td><td>100 unidades<\/td><\/tr><tr><td>Logotipo<\/td><td>calcoman\u00eda, etc<\/td><\/tr><tr><td>Paquete<\/td><td>caja blanca, caja impresa personalizada, caja cil\u00edndrica, bolsa de burbujas, caja de regalo<\/td><\/tr><tr><td>Tiempo de muestreo<\/td><td>3 d\u00edas para muestra de stock, 7 d\u00edas para muestra de logotipo personalizado<\/td><\/tr><tr><td>Tiempo de producci\u00f3n<\/td><td>10-35 d\u00edas dependiendo de la cantidad y los requisitos<\/td><\/tr><tr><td>Sobre el pago<\/td><td>Transferencia bancaria , paypal, western union , trade assurance<\/td><\/tr><tr><td>Pa\u00eds de origen<\/td><td>Fabricado en China<\/td><\/tr><tr><td>Origen del certificado<\/td><td>S\u00ed, podemos ofrecer<\/td><\/tr><tr><td>Nuevo molde de botella<\/td><td>S\u00ed, tenemos un nuevo equipo de desarrollo de moldes<\/td><\/tr><tr><td>T\u00e9rminos<\/td><td>EXW,FOB,CIF, DDU, DDP<\/td><\/tr><\/tbody><\/table><\/figure>\n\n\n\n<p><\/p>","protected":false},"excerpt":{"rendered":"<p>Calidad Handy Brew Tetera y Cafetera Tetera dispensadora de fondo al por mayor<\/p>\n<ul>\n<li>Materiales ecol\u00f3gicos libres de BPA y seguros para los alimentos. Bueno para nuestra salud.<\/li>\n<li>Boca ancha para verter agua. Bueno para poner tubo de hielo dentro. Tambi\u00e9n bueno para t\u00e9 helado.<\/li>\n<li>Gran asa lateral, f\u00e1cil de quitar.<\/li>\n<li>Con infusor en la parte inferior para liberar el agua a la taza de t\u00e9 por la presi\u00f3n del peso.\u00a0<\/li>\n<li>A prueba de \u00f3xido y derrames.<\/li>\n<li>Disponible en tama\u00f1o de 400 ml, perfecto para preparar t\u00e9.<\/li>\n<li>Se admiten colores y dise\u00f1os personalizados.<\/li>\n<li>Admite paquetes personalizados<\/li>\n<li>Logotipo y marca personalizados imprimibles<\/li>\n<li>apto para lavavajillas,apto para lavadora<\/li>\n<\/ul>","protected":false},"featured_media":2736,"template":"","meta":{"_acf_changed":true,"_seopress_robots_primary_cat":"none","_seopress_titles_title":"Food safe Glass Tea dripper tea maker Bottom Dispensing Teapot","_seopress_titles_desc":"BPA free and food safe materials. Custom deisgn and package supported.Reliable drinkware supplier in China, global shipping. Whatsapp: 0086 13567428830","_seopress_robots_index":"","_uag_custom_page_level_css":""},"product_brand":[],"product_cat":[43,25,22,35,54],"product_tag":[],"class_list":{"0":"post-2735","1":"product","2":"type-product","3":"status-publish","4":"has-post-thumbnail","6":"product_cat-glass-mugs","7":"product_cat-glass-tumbler-mugs","8":"product_cat-glass-water-bottle","9":"product_cat-single-wall-gass-bottle","10":"product_cat-tea-bottle-coffee-tumblers","12":"first","13":"instock","14":"shipping-taxable","15":"product-type-simple"},"acf":[],"uagb_featured_image_src":{"full":["https:\/\/eco-drinkware.com\/wp-content\/uploads\/2024\/12\/tea-maker-gift-box-pic-5.jpg",1000,1000,false],"thumbnail":["https:\/\/eco-drinkware.com\/wp-content\/uploads\/2024\/12\/tea-maker-gift-box-pic-5-150x150.jpg",150,150,true],"medium":["https:\/\/eco-drinkware.com\/wp-content\/uploads\/2024\/12\/tea-maker-gift-box-pic-5-300x300.jpg",300,300,true],"medium_large":["https:\/\/eco-drinkware.com\/wp-content\/uploads\/2024\/12\/tea-maker-gift-box-pic-5-768x768.jpg",768,768,true],"large":["https:\/\/eco-drinkware.com\/wp-content\/uploads\/2024\/12\/tea-maker-gift-box-pic-5.jpg",1000,1000,false],"1536x1536":["https:\/\/eco-drinkware.com\/wp-content\/uploads\/2024\/12\/tea-maker-gift-box-pic-5.jpg",1000,1000,false],"2048x2048":["https:\/\/eco-drinkware.com\/wp-content\/uploads\/2024\/12\/tea-maker-gift-box-pic-5.jpg",1000,1000,false],"trp-custom-language-flag":["https:\/\/eco-drinkware.com\/wp-content\/uploads\/2024\/12\/tea-maker-gift-box-pic-5.jpg",12,12,false],"woocommerce_thumbnail":["https:\/\/eco-drinkware.com\/wp-content\/uploads\/2024\/12\/tea-maker-gift-box-pic-5-300x300.jpg",300,300,true],"woocommerce_single":["https:\/\/eco-drinkware.com\/wp-content\/uploads\/2024\/12\/tea-maker-gift-box-pic-5-600x600.jpg",600,600,true],"woocommerce_gallery_thumbnail":["https:\/\/eco-drinkware.com\/wp-content\/uploads\/2024\/12\/tea-maker-gift-box-pic-5-100x100.jpg",100,100,true]},"uagb_author_info":{"display_name":"Amy","author_link":"https:\/\/eco-drinkware.com\/es\/author\/"},"uagb_comment_info":0,"uagb_excerpt":"Quality Handy Brew Tea and Coffee Maker Bottom Dispensing Teapot Wholesale BPA Free food safe ecofriendly\u00a0 materials. scratching resistance. Good for our healthy. Wide mouth for water pouring. Okay to put ice tube inside. Also good for ice tea. Big handle at side, easy to take away. With infuser at bottom to release water to&hellip;","_links":{"self":[{"href":"https:\/\/eco-drinkware.com\/es\/wp-json\/wp\/v2\/product\/2735","targetHints":{"allow":["GET"]}}],"collection":[{"href":"https:\/\/eco-drinkware.com\/es\/wp-json\/wp\/v2\/product"}],"about":[{"href":"https:\/\/eco-drinkware.com\/es\/wp-json\/wp\/v2\/types\/product"}],"wp:featuredmedia":[{"embeddable":true,"href":"https:\/\/eco-drinkware.com\/es\/wp-json\/wp\/v2\/media\/2736"}],"wp:attachment":[{"href":"https:\/\/eco-drinkware.com\/es\/wp-json\/wp\/v2\/media?parent=2735"}],"wp:term":[{"taxonomy":"product_brand","embeddable":true,"href":"https:\/\/eco-drinkware.com\/es\/wp-json\/wp\/v2\/product_brand?post=2735"},{"taxonomy":"product_cat","embeddable":true,"href":"https:\/\/eco-drinkware.com\/es\/wp-json\/wp\/v2\/product_cat?post=2735"},{"taxonomy":"product_tag","embeddable":true,"href":"https:\/\/eco-drinkware.com\/es\/wp-json\/wp\/v2\/product_tag?post=2735"}],"curies":[{"name":"wp","href":"https:\/\/api.w.org\/{rel}","templated":true}]}}